{"id":11651,"date":"2019-08-22T13:51:48","date_gmt":"2019-08-22T11:51:48","guid":{"rendered":"http:\/\/japper02.webfactional.com\/city-tours\/"},"modified":"2025-10-23T12:33:40","modified_gmt":"2025-10-23T10:33:40","slug":"city-tours","status":"publish","type":"page","link":"https:\/\/www.drivemebarcelona.com\/es\/city-tours\/","title":{"rendered":"City Tours"},"content":{"rendered":"<div class=\"wpb-content-wrapper\">[vc_row content_placement=\u00bbmiddle\u00bb fullwidth=\u00bbyes\u00bb el_class=\u00bb.header-intro\u00bb css=\u00bb.vc_custom_1574780917773{background-image: url(\/wp-content\/uploads\/2019\/11\/City-Tours-header-11.jpg?id=12640) !important;background-position: center !important;background-repeat: no-repeat !important;background-size: cover !important;}\u00bb][vc_column][vc_column_text]\n<h1 style=\"text-align: center; color: #ffffff;\">City Tours<\/h1>\n[\/vc_column_text][\/vc_column][\/vc_row][vc_row el_class=\u00bbcontainer-breadcrumbs\u00bb][vc_column][vc_raw_html el_id=\u00bbwpseo_breadcrumb\u00bb]JTVCd3BzZW9fYnJlYWRjcnVtYiU1RA==[\/vc_raw_html][\/vc_column][\/vc_row][vc_row el_class=\u00bb.section-intro-cat\u00bb][vc_column][vc_column_text el_class=\u00bbtitulares mb-70-r\u00bb]\n<h2 style=\"text-align: center;\">Descubre Barcelona conduciendo un superdeportivo<\/h2>\n[\/vc_column_text][vc_column_text el_class=\u00bbtitulares mb-0-xs\u00bb]\n<p class=\"text-intro\" style=\"text-align: center;\">\u00bfEst\u00e1s intentando decidir qu\u00e9 hacer en Barcelona?<br \/>\nDescubre los imprescindibles de la ciudad de la mejor manera:<br \/>\nal volante de un superdeportivo con un gu\u00eda experto a tu lado.[\/vc_column_text][\/vc_column][\/vc_row][vc_row full_width=\u00bbstretch_row\u00bb gap=\u00bb25&#8243; equal_height=\u00bbyes\u00bb content_placement=\u00bbtop\u00bb animation_delay=\u00bbcity-tours-items\u00bb css=\u00bb.vc_custom_1568025456004{margin-bottom: 60px !important;}\u00bb][vc_column width=\u00bb1\/4&#8243; animation=\u00bbbottom-to-top\u00bb css=\u00bb.vc_custom_1705577560329{background-color: #f5f5f5 !important;}\u00bb el_class=\u00bbcity-tours-col\u00bb][vc_row_inner equal_height=\u00bbyes\u00bb content_placement=\u00bbtop\u00bb css=\u00bb.vc_custom_1705578368384{margin-bottom: 0px !important;background-image: url(https:\/\/www.drivemebarcelona.com\/wp-content\/uploads\/2024\/01\/DRIVE-ME-BARCELONA-Driving-Experiences-Road-City-Tours-Barceloneta-08.jpg?id=16894) !important;background-position: center !important;background-repeat: no-repeat !important;background-size: cover !important;}\u00bb el_class=\u00bbcity-tours-bg\u00bb][vc_column_inner][vc_column_text]\n<h2>Test drive en Barcelona<\/h2>\n<p class=\"h3 p-time\">10 minutos<\/p>\n[\/vc_column_text][\/vc_column_inner][\/vc_row_inner][vc_row_inner css=\u00bb.vc_custom_1568025185795{margin-bottom: 0px !important;background-color: #f5f5f5 !important;background-position: center !important;background-repeat: no-repeat !important;background-size: cover !important;}\u00bb][vc_column_inner][vc_column_text css=\u00bb\u00bb el_class=\u00bbmb-20&#8243;]\n<p class=\"p-intro\">La ocasi\u00f3n perfecta para ponerte al volante de un superdeportivo por primera vez. \u00a1Vive una experiencia \u00fanica, emocionante e inigualable!<\/p>\n<p class=\"p-price\">desde 68\u20ac<\/p>\n[\/vc_column_text][\/vc_column_inner][\/vc_row_inner][vc_btn title=\u00bbRESERVAR\u00bb style=\u00bbcustom\u00bb custom_background=\u00bb#e4231e\u00bb custom_text=\u00bb#ffffff\u00bb shape=\u00bbsquare\u00bb align=\u00bbcenter\u00bb css=\u00bb.vc_custom_1705577468172{margin-bottom: 0px !important;}\u00bb el_class=\u00bbbtn-170&#8243; link=\u00bburl:%2Fes%2Ftest-drive-barcelona-sp%2F|title:Reservar\u00bb][\/vc_column][vc_column width=\u00bb1\/4&#8243; animation=\u00bbbottom-to-top\u00bb offset=\u00bbvc_col-xs-12&#8243; css=\u00bb.vc_custom_1566903192217{background-color: #f5f5f5 !important;}\u00bb el_class=\u00bbcity-tours-col\u00bb][vc_row_inner equal_height=\u00bbyes\u00bb content_placement=\u00bbtop\u00bb css=\u00bb.vc_custom_1569401573891{margin-bottom: 0px !important;background-image: url(\/wp-content\/uploads\/2019\/09\/City-Tour-Barceloneta.jpg?id=10949) !important;background-position: center !important;background-repeat: no-repeat !important;background-size: cover !important;}\u00bb el_class=\u00bbcity-tours-bg\u00bb][vc_column_inner][vc_column_text]\n<h2><span class=\"inline-block\">Barceloneta<\/span> y la playa<\/h2>\n<p class=\"h3 p-time\">20 minutos<\/p>\n[\/vc_column_text][\/vc_column_inner][\/vc_row_inner][vc_row_inner css=\u00bb.vc_custom_1568025185795{margin-bottom: 0px !important;background-color: #f5f5f5 !important;background-position: center !important;background-repeat: no-repeat !important;background-size: cover !important;}\u00bb][vc_column_inner][vc_column_text css=\u00bb\u00bb el_class=\u00bbmb-20&#8243;]\n<p class=\"p-intro\">Un recorrido por la vibrante playa de la Barceloneta, donde vivir\u00e1s la emoci\u00f3n de conducir ese superdeportivo con el que siempre has so\u00f1ado.<\/p>\n<p class=\"p-price\">desde 98\u20ac<\/p>\n[\/vc_column_text][\/vc_column_inner][\/vc_row_inner][vc_btn title=\u00bbRESERVAR\u00bb style=\u00bbcustom\u00bb custom_background=\u00bb#e4231e\u00bb custom_text=\u00bb#ffffff\u00bb shape=\u00bbsquare\u00bb align=\u00bbcenter\u00bb css=\u00bb.vc_custom_1574263726660{margin-bottom: 0px !important;}\u00bb el_class=\u00bbbtn-170&#8243; link=\u00bburl:%2Fes%2Fbarceloneta-la-playa%2F|title:Reservar||\u00bb][\/vc_column][vc_column width=\u00bb1\/4&#8243; animation=\u00bbbottom-to-top\u00bb offset=\u00bbvc_col-xs-12&#8243; el_class=\u00bbcity-tours-col\u00bb css=\u00bb.vc_custom_1566903201046{background-color: #f5f5f5 !important;}\u00bb][vc_row_inner equal_height=\u00bbyes\u00bb content_placement=\u00bbtop\u00bb css=\u00bb.vc_custom_1705578406652{margin-bottom: 0px !important;background-image: url(https:\/\/www.drivemebarcelona.com\/wp-content\/uploads\/2024\/01\/DRIVE-ME-BARCELONA-Driving-Experiences-Road-City-Tours-Montjuic-01-scaled.jpg?id=16904) !important;background-position: center !important;background-repeat: no-repeat !important;background-size: cover !important;}\u00bb el_class=\u00bbcity-tours-bg\u00bb][vc_column_inner][vc_column_text]\n<h2><span class=\"inline-block\">Montju\u00efc y el<\/span> circuito F1 urbano<\/h2>\n<p class=\"h3 p-time\">40 minutos<\/p>\n[\/vc_column_text][\/vc_column_inner][\/vc_row_inner][vc_row_inner css=\u00bb.vc_custom_1568025217521{margin-bottom: 0px !important;background-color: #f5f5f5 !important;background-position: center !important;background-repeat: no-repeat !important;background-size: cover !important;}\u00bb][vc_column_inner][vc_column_text css=\u00bb\u00bb el_class=\u00bbmb-20&#8243;]\n<p class=\"p-intro\">Recorre las mismas calles que en su d\u00eda formaron el hist\u00f3rico circuito urbano de F\u00f3rmula 1 de Montju\u00efc, donde las grandes leyendas dejaron su huella.<\/p>\n<p class=\"p-price\">desde 188\u20ac<\/p>\n[\/vc_column_text][\/vc_column_inner][\/vc_row_inner][vc_btn title=\u00bbRESERVAR\u00bb style=\u00bbcustom\u00bb custom_background=\u00bb#e4231e\u00bb custom_text=\u00bb#ffffff\u00bb shape=\u00bbsquare\u00bb align=\u00bbcenter\u00bb css=\u00bb.vc_custom_1574263745746{margin-bottom: 0px !important;}\u00bb el_class=\u00bbbtn-170&#8243; link=\u00bburl:%2Fes%2Fmontjuic-circuito-urbano-f1%2F|title:Montjuic%20y%20El%20Circuito%20Urbano%20de%20F1||\u00bb][\/vc_column][vc_column width=\u00bb1\/4&#8243; animation=\u00bbbottom-to-top\u00bb offset=\u00bbvc_col-xs-12&#8243; el_class=\u00bbcity-tours-col\u00bb css=\u00bb.vc_custom_1566903114060{background-color: #f5f5f5 !important;}\u00bb][vc_row_inner equal_height=\u00bbyes\u00bb content_placement=\u00bbtop\u00bb css=\u00bb.vc_custom_1568025204392{margin-bottom: 0px !important;background-image: url(\/wp-content\/uploads\/2019\/08\/City-Tour-Tibidabo.jpg?id=10432) !important;background-position: center !important;background-repeat: no-repeat !important;background-size: cover !important;}\u00bb el_class=\u00bbcity-tours-bg\u00bb][vc_column_inner][vc_column_text]\n<h2><span class=\"inline-block\">Tibidabo<\/span> y el<br \/>\nSkyline<\/h2>\n<p class=\"h3 p-time\">90 minutos<\/p>\n[\/vc_column_text][\/vc_column_inner][\/vc_row_inner][vc_row_inner css=\u00bb.vc_custom_1568025210614{margin-bottom: 0px !important;background-color: #f5f5f5 !important;background-position: center !important;background-repeat: no-repeat !important;background-size: cover !important;}\u00bb][vc_column_inner][vc_column_text css=\u00bb\u00bb el_class=\u00bbmb-20&#8243;]\n<p class=\"p-intro\">Un emocionante recorrido repleto de curvas y naturaleza hasta la cima de Barcelona, donde unas vistas espectaculares te dejar\u00e1n sin aliento.<\/p>\n<p class=\"p-price\">desde 368\u20ac<\/p>\n[\/vc_column_text][\/vc_column_inner][\/vc_row_inner][vc_btn title=\u00bbRESERVAR\u00bb style=\u00bbcustom\u00bb custom_background=\u00bb#e4231e\u00bb custom_text=\u00bb#ffffff\u00bb shape=\u00bbsquare\u00bb align=\u00bbcenter\u00bb css=\u00bb.vc_custom_1574263756765{margin-bottom: 0px !important;}\u00bb el_class=\u00bbbtn-170&#8243; link=\u00bburl:%2Fes%2Ftibidabo-y-skyline%2F|title:Tibidabo%20y%20El%20Skyline||\u00bb][\/vc_column][\/vc_row]\n<\/div>","protected":false},"excerpt":{"rendered":"<p>[vc_row content_placement=\u00bbmiddle\u00bb fullwidth=\u00bbyes\u00bb el_class=\u00bb.header-intro\u00bb css=\u00bb.vc_custom_1574780917773{background-image: url(\/wp-content\/uploads\/2019\/11\/City-Tours-header-11.jpg?id=12640) !important;background-position: center !important;background-repeat: no-repeat !important;background-size: cover !important;}\u00bb][vc_column][vc_column_text] City Tours [\/vc_column_text][\/vc_column][\/vc_row][vc_row el_class=\u00bbcontainer-breadcrumbs\u00bb][vc_column][vc_raw_html el_id=\u00bbwpseo_breadcrumb\u00bb]JTVCd3BzZW9fYnJlYWRjcnVtYiU1RA==[\/vc_raw_html][\/vc_column][\/vc_row][vc_row el_class=\u00bb.section-intro-cat\u00bb][vc_column][vc_column_text el_class=\u00bbtitulares mb-70-r\u00bb] Descubre Barcelona conduciendo un [&hellip;]<\/p>\n","protected":false},"author":2,"featured_media":0,"parent":0,"menu_order":0,"comment_status":"closed","ping_status":"closed","template":"","meta":{"_acf_changed":false,"footnotes":""},"acf":[],"yoast_head":"<!-- This site is optimized with the Yoast SEO plugin v24.2 - https:\/\/yoast.com\/wordpress\/plugins\/seo\/ -->\n<title>City Tours - Drive Me Barcelona<\/title>\n<meta name=\"description\" content=\"Descubre Barcelona a trav\u00e9s de nuestros tours de ciudad. Explora la rica historia, la cultura vibrante y los puntos emblem\u00e1ticos de esta ciudad fascinante.\" \/>\n<meta name=\"robots\" content=\"index, follow, max-snippet:-1, max-image-preview:large, max-video-preview:-1\" \/>\n<link rel=\"canonical\" href=\"https:\/\/www.drivemebarcelona.com\/es\/city-tours\/\" \/>\n<meta property=\"og:locale\" content=\"es_ES\" \/>\n<meta property=\"og:type\" content=\"article\" \/>\n<meta property=\"og:title\" content=\"City Tours - Drive Me Barcelona\" \/>\n<meta property=\"og:description\" content=\"Descubre Barcelona a trav\u00e9s de nuestros tours de ciudad. Explora la rica historia, la cultura vibrante y los puntos emblem\u00e1ticos de esta ciudad fascinante.\" \/>\n<meta property=\"og:url\" content=\"https:\/\/www.drivemebarcelona.com\/es\/city-tours\/\" \/>\n<meta property=\"og:site_name\" content=\"Drive Me Barcelona\" \/>\n<meta property=\"article:publisher\" content=\"https:\/\/www.facebook.com\/drivemebarcelona\" \/>\n<meta property=\"article:modified_time\" content=\"2025-10-23T10:33:40+00:00\" \/>\n<script type=\"application\/ld+json\" class=\"yoast-schema-graph\">{\"@context\":\"https:\/\/schema.org\",\"@graph\":[{\"@type\":\"WebPage\",\"@id\":\"https:\/\/www.drivemebarcelona.com\/es\/city-tours\/\",\"url\":\"https:\/\/www.drivemebarcelona.com\/es\/city-tours\/\",\"name\":\"City Tours - Drive Me Barcelona\",\"isPartOf\":{\"@id\":\"https:\/\/www.drivemebarcelona.com\/#website\"},\"datePublished\":\"2019-08-22T11:51:48+00:00\",\"dateModified\":\"2025-10-23T10:33:40+00:00\",\"description\":\"Descubre Barcelona a trav\u00e9s de nuestros tours de ciudad. Explora la rica historia, la cultura vibrante y los puntos emblem\u00e1ticos de esta ciudad fascinante.\",\"breadcrumb\":{\"@id\":\"https:\/\/www.drivemebarcelona.com\/es\/city-tours\/#breadcrumb\"},\"inLanguage\":\"es\",\"potentialAction\":[{\"@type\":\"ReadAction\",\"target\":[\"https:\/\/www.drivemebarcelona.com\/es\/city-tours\/\"]}]},{\"@type\":\"BreadcrumbList\",\"@id\":\"https:\/\/www.drivemebarcelona.com\/es\/city-tours\/#breadcrumb\",\"itemListElement\":[{\"@type\":\"ListItem\",\"position\":1,\"name\":\"Home\",\"item\":\"https:\/\/www.drivemebarcelona.com\/es\/\"},{\"@type\":\"ListItem\",\"position\":2,\"name\":\"City Tours\"}]},{\"@type\":\"WebSite\",\"@id\":\"https:\/\/www.drivemebarcelona.com\/#website\",\"url\":\"https:\/\/www.drivemebarcelona.com\/\",\"name\":\"Drive Me Barcelona\",\"description\":\"Conduce un Ferrari en Barcelona\",\"publisher\":{\"@id\":\"https:\/\/www.drivemebarcelona.com\/#organization\"},\"potentialAction\":[{\"@type\":\"SearchAction\",\"target\":{\"@type\":\"EntryPoint\",\"urlTemplate\":\"https:\/\/www.drivemebarcelona.com\/?s={search_term_string}\"},\"query-input\":{\"@type\":\"PropertyValueSpecification\",\"valueRequired\":true,\"valueName\":\"search_term_string\"}}],\"inLanguage\":\"es\"},{\"@type\":\"Organization\",\"@id\":\"https:\/\/www.drivemebarcelona.com\/#organization\",\"name\":\"Drive Me Barcelona S.L.\",\"url\":\"https:\/\/www.drivemebarcelona.com\/\",\"logo\":{\"@type\":\"ImageObject\",\"inLanguage\":\"es\",\"@id\":\"https:\/\/www.drivemebarcelona.com\/#\/schema\/logo\/image\/\",\"url\":\"https:\/\/www.drivemebarcelona.com\/wp-content\/uploads\/2015\/01\/LOGO-maintenance\u00ae.png\",\"contentUrl\":\"https:\/\/www.drivemebarcelona.com\/wp-content\/uploads\/2015\/01\/LOGO-maintenance\u00ae.png\",\"width\":600,\"height\":145,\"caption\":\"Drive Me Barcelona S.L.\"},\"image\":{\"@id\":\"https:\/\/www.drivemebarcelona.com\/#\/schema\/logo\/image\/\"},\"sameAs\":[\"https:\/\/www.facebook.com\/drivemebarcelona\",\"https:\/\/x.com\/DriveMeBarcelon\",\"https:\/\/instagram.com\/drivemebarcelona\/\",\"https:\/\/es.pinterest.com\/drivemebarca\/\",\"https:\/\/www.youtube.com\/channel\/UCTBEtyrPd6HQ-QlERO84rxQ\"]}]}<\/script>\n<!-- \/ Yoast SEO plugin. -->","yoast_head_json":{"title":"City Tours - Drive Me Barcelona","description":"Descubre Barcelona a trav\u00e9s de nuestros tours de ciudad. Explora la rica historia, la cultura vibrante y los puntos emblem\u00e1ticos de esta ciudad fascinante.","robots":{"index":"index","follow":"follow","max-snippet":"max-snippet:-1","max-image-preview":"max-image-preview:large","max-video-preview":"max-video-preview:-1"},"canonical":"https:\/\/www.drivemebarcelona.com\/es\/city-tours\/","og_locale":"es_ES","og_type":"article","og_title":"City Tours - Drive Me Barcelona","og_description":"Descubre Barcelona a trav\u00e9s de nuestros tours de ciudad. Explora la rica historia, la cultura vibrante y los puntos emblem\u00e1ticos de esta ciudad fascinante.","og_url":"https:\/\/www.drivemebarcelona.com\/es\/city-tours\/","og_site_name":"Drive Me Barcelona","article_publisher":"https:\/\/www.facebook.com\/drivemebarcelona","article_modified_time":"2025-10-23T10:33:40+00:00","schema":{"@context":"https:\/\/schema.org","@graph":[{"@type":"WebPage","@id":"https:\/\/www.drivemebarcelona.com\/es\/city-tours\/","url":"https:\/\/www.drivemebarcelona.com\/es\/city-tours\/","name":"City Tours - Drive Me Barcelona","isPartOf":{"@id":"https:\/\/www.drivemebarcelona.com\/#website"},"datePublished":"2019-08-22T11:51:48+00:00","dateModified":"2025-10-23T10:33:40+00:00","description":"Descubre Barcelona a trav\u00e9s de nuestros tours de ciudad. Explora la rica historia, la cultura vibrante y los puntos emblem\u00e1ticos de esta ciudad fascinante.","breadcrumb":{"@id":"https:\/\/www.drivemebarcelona.com\/es\/city-tours\/#breadcrumb"},"inLanguage":"es","potentialAction":[{"@type":"ReadAction","target":["https:\/\/www.drivemebarcelona.com\/es\/city-tours\/"]}]},{"@type":"BreadcrumbList","@id":"https:\/\/www.drivemebarcelona.com\/es\/city-tours\/#breadcrumb","itemListElement":[{"@type":"ListItem","position":1,"name":"Home","item":"https:\/\/www.drivemebarcelona.com\/es\/"},{"@type":"ListItem","position":2,"name":"City Tours"}]},{"@type":"WebSite","@id":"https:\/\/www.drivemebarcelona.com\/#website","url":"https:\/\/www.drivemebarcelona.com\/","name":"Drive Me Barcelona","description":"Conduce un Ferrari en Barcelona","publisher":{"@id":"https:\/\/www.drivemebarcelona.com\/#organization"},"potentialAction":[{"@type":"SearchAction","target":{"@type":"EntryPoint","urlTemplate":"https:\/\/www.drivemebarcelona.com\/?s={search_term_string}"},"query-input":{"@type":"PropertyValueSpecification","valueRequired":true,"valueName":"search_term_string"}}],"inLanguage":"es"},{"@type":"Organization","@id":"https:\/\/www.drivemebarcelona.com\/#organization","name":"Drive Me Barcelona S.L.","url":"https:\/\/www.drivemebarcelona.com\/","logo":{"@type":"ImageObject","inLanguage":"es","@id":"https:\/\/www.drivemebarcelona.com\/#\/schema\/logo\/image\/","url":"https:\/\/www.drivemebarcelona.com\/wp-content\/uploads\/2015\/01\/LOGO-maintenance\u00ae.png","contentUrl":"https:\/\/www.drivemebarcelona.com\/wp-content\/uploads\/2015\/01\/LOGO-maintenance\u00ae.png","width":600,"height":145,"caption":"Drive Me Barcelona S.L."},"image":{"@id":"https:\/\/www.drivemebarcelona.com\/#\/schema\/logo\/image\/"},"sameAs":["https:\/\/www.facebook.com\/drivemebarcelona","https:\/\/x.com\/DriveMeBarcelon","https:\/\/instagram.com\/drivemebarcelona\/","https:\/\/es.pinterest.com\/drivemebarca\/","https:\/\/www.youtube.com\/channel\/UCTBEtyrPd6HQ-QlERO84rxQ"]}]}},"_links":{"self":[{"href":"https:\/\/www.drivemebarcelona.com\/es\/wp-json\/wp\/v2\/pages\/11651"}],"collection":[{"href":"https:\/\/www.drivemebarcelona.com\/es\/wp-json\/wp\/v2\/pages"}],"about":[{"href":"https:\/\/www.drivemebarcelona.com\/es\/wp-json\/wp\/v2\/types\/page"}],"author":[{"embeddable":true,"href":"https:\/\/www.drivemebarcelona.com\/es\/wp-json\/wp\/v2\/users\/2"}],"replies":[{"embeddable":true,"href":"https:\/\/www.drivemebarcelona.com\/es\/wp-json\/wp\/v2\/comments?post=11651"}],"version-history":[{"count":3,"href":"https:\/\/www.drivemebarcelona.com\/es\/wp-json\/wp\/v2\/pages\/11651\/revisions"}],"predecessor-version":[{"id":23968,"href":"https:\/\/www.drivemebarcelona.com\/es\/wp-json\/wp\/v2\/pages\/11651\/revisions\/23968"}],"wp:attachment":[{"href":"https:\/\/www.drivemebarcelona.com\/es\/wp-json\/wp\/v2\/media?parent=11651"}],"curies":[{"name":"wp","href":"https:\/\/api.w.org\/{rel}","templated":true}]}}