{"id":11661,"date":"2019-10-03T13:35:00","date_gmt":"2019-10-03T11:35:00","guid":{"rendered":"http:\/\/japper02.webfactional.com\/experience-packs\/"},"modified":"2025-05-19T11:47:25","modified_gmt":"2025-05-19T09:47:25","slug":"packs-experiencias-2","status":"publish","type":"page","link":"https:\/\/www.drivemebarcelona.com\/es\/packs-experiencias-2\/","title":{"rendered":"Packs de experiencias"},"content":{"rendered":"<div class=\"wpb-content-wrapper\">[vc_row content_placement=\u00bbmiddle\u00bb fullwidth=\u00bbyes\u00bb el_class=\u00bb.header-intro\u00bb css=\u00bb.vc_custom_1667230685064{background-image: url(\/wp-content\/uploads\/2019\/11\/Drive-Helicopter-10.jpg?id=12637) !important;background-position: center !important;background-repeat: no-repeat !important;background-size: cover !important;}\u00bb][vc_column][vc_column_text]\n<h1 style=\"text-align: center; color: #ffffff;\">Packs de experiencias<\/h1>\n[\/vc_column_text][\/vc_column][\/vc_row][vc_row el_class=\u00bbcontainer-breadcrumbs\u00bb][vc_column][vc_raw_html el_id=\u00bbwpseo_breadcrumb\u00bb]JTVCd3BzZW9fYnJlYWRjcnVtYiU1RA==[\/vc_raw_html][\/vc_column][\/vc_row][vc_row el_class=\u00bb.section-intro-cat\u00bb][vc_column][vc_column_text el_class=\u00bbtitulares mb-70-r\u00bb]\n<h2 style=\"text-align: center;\">Combina el placer de conducir un superdeportivo con otro imprescindible en la ciudad<\/h2>\n[\/vc_column_text][vc_column_text el_class=\u00bbtitulares mb-0-xs\u00bb]\n<p class=\"text-intro\" style=\"text-align: center;\">Estos packs est\u00e1n dise\u00f1ados para dos personas, para que puedas compartir la diversi\u00f3n mientras disfrutas de \u00a1las mejores cosas que hacer en Barcelona!<\/p>\n[\/vc_column_text][\/vc_column][\/vc_row][vc_row full_width=\u00bbstretch_row\u00bb gap=\u00bb25&#8243; equal_height=\u00bbyes\u00bb content_placement=\u00bbtop\u00bb animation_delay=\u00bbcity-tours-items\u00bb css=\u00bb.vc_custom_1568025456004{margin-bottom: 60px !important;}\u00bb][vc_column width=\u00bb1\/3&#8243; animation=\u00bbbottom-to-top\u00bb offset=\u00bbvc_col-xs-12&#8243; css=\u00bb.vc_custom_1566903192217{background-color: #f5f5f5 !important;}\u00bb el_class=\u00bbcity-tours-col\u00bb][vc_row_inner equal_height=\u00bbyes\u00bb content_placement=\u00bbtop\u00bb css=\u00bb.vc_custom_1747648012618{margin-bottom: 0px !important;background-image: url(https:\/\/www.drivemebarcelona.com\/wp-content\/uploads\/2025\/05\/foto-1.png?id=23157) !important;background-position: center !important;background-repeat: no-repeat !important;background-size: cover !important;}\u00bb el_class=\u00bbcity-tours-bg\u00bb][vc_column_inner][vc_column_text]\n<h2><span class=\"inline-block\">Superdeportivo &amp; <\/span>Navegar<\/h2>\n<p class=\"h3 p-time\">20+90 minutos<\/p>\n[\/vc_column_text][\/vc_column_inner][\/vc_row_inner][vc_row_inner css=\u00bb.vc_custom_1568025185795{margin-bottom: 0px !important;background-color: #f5f5f5 !important;background-position: center !important;background-repeat: no-repeat !important;background-size: cover !important;}\u00bb][vc_column_inner][vc_column_text css=\u00bb\u00bb el_class=\u00bbmb-20&#8243;]\n<p class=\"p-intro\">Haz tu visita por Barcelona en una experiencia memorable, combinando la potencia de un superdeportivo con la calma de un crucero por el mediterr\u00e1neo barcelon\u00e9s.<\/p>\n<p class=\"p-price\">desde 198 \u20ac<\/p>\n[\/vc_column_text][\/vc_column_inner][\/vc_row_inner][vc_btn title=\u00bbRESERVAR\u00bb style=\u00bbcustom\u00bb custom_background=\u00bb#e4231e\u00bb custom_text=\u00bb#ffffff\u00bb shape=\u00bbsquare\u00bb align=\u00bbcenter\u00bb css=\u00bb.vc_custom_1574263916359{margin-bottom: 0px !important;}\u00bb el_class=\u00bbbtn-170&#8243; link=\u00bburl:%2Fes%2Fsuperdeportivo-navegar%2F|title:Superdeportivo%20y%20Navegar||\u00bb][\/vc_column][vc_column width=\u00bb1\/3&#8243; animation=\u00bbbottom-to-top\u00bb offset=\u00bbvc_col-xs-12&#8243; el_class=\u00bbcity-tours-col\u00bb css=\u00bb.vc_custom_1566903201046{background-color: #f5f5f5 !important;}\u00bb][vc_row_inner equal_height=\u00bbyes\u00bb content_placement=\u00bbtop\u00bb css=\u00bb.vc_custom_1570102676729{margin-bottom: 0px !important;background-image: url(\/wp-content\/uploads\/2019\/10\/Experience-Packs-Drive-Helicopter.jpg?id=11285) !important;background-position: center !important;background-repeat: no-repeat !important;background-size: cover !important;}\u00bb el_class=\u00bbcity-tours-bg\u00bb][vc_column_inner][vc_column_text css=\u00bb\u00bb]\n<h2><span class=\"inline-block\">Superdeportivo &amp;<\/span> Helic\u00f3ptero<\/h2>\n<p class=\"h3 p-time\">20+6 minutos<\/p>\n[\/vc_column_text][\/vc_column_inner][\/vc_row_inner][vc_row_inner css=\u00bb.vc_custom_1568025217521{margin-bottom: 0px !important;background-color: #f5f5f5 !important;background-position: center !important;background-repeat: no-repeat !important;background-size: cover !important;}\u00bb][vc_column_inner][vc_column_text css=\u00bb\u00bb el_class=\u00bbmb-20&#8243;]\n<p class=\"p-intro\">Descubre la costa de Barcelona con intensidad y altura, combinando la adrenalina de conducir un superdeportivo con la serenidad de un vuelo en helic\u00f3ptero.<\/p>\n<p class=\"p-price\">desde 387 \u20ac<\/p>\n[\/vc_column_text][\/vc_column_inner][\/vc_row_inner][vc_btn title=\u00bbRESERVAR\u00bb style=\u00bbcustom\u00bb custom_background=\u00bb#e4231e\u00bb custom_text=\u00bb#ffffff\u00bb shape=\u00bbsquare\u00bb align=\u00bbcenter\u00bb css=\u00bb.vc_custom_1574263927188{margin-bottom: 0px !important;}\u00bb el_class=\u00bbbtn-170&#8243; link=\u00bburl:%2Fes%2Fsuperdeportivo-helicoptero%2F|title:Superdsepaortivo%20y%20Helic%C3%B3ptero||\u00bb][\/vc_column][vc_column width=\u00bb1\/3&#8243; animation=\u00bbbottom-to-top\u00bb offset=\u00bbvc_col-xs-12&#8243; el_class=\u00bbcity-tours-col\u00bb css=\u00bb.vc_custom_1566903114060{background-color: #f5f5f5 !important;}\u00bb][vc_row_inner equal_height=\u00bbyes\u00bb content_placement=\u00bbtop\u00bb css=\u00bb.vc_custom_1570440152539{margin-bottom: 0px !important;background-image: url(\/wp-content\/uploads\/2019\/10\/Experience-Packs-Drive-JetSki-4.jpg?id=11438) !important;background-position: center !important;background-repeat: no-repeat !important;background-size: cover !important;}\u00bb el_class=\u00bbcity-tours-bg\u00bb][vc_column_inner][vc_column_text]\n<h2><span class=\"inline-block\">Superdeportivo &amp; <\/span>Moto de agua<\/h2>\n<p class=\"h3 p-time\">20+20 minutos<\/p>\n[\/vc_column_text][\/vc_column_inner][\/vc_row_inner][vc_row_inner css=\u00bb.vc_custom_1568025210614{margin-bottom: 0px !important;background-color: #f5f5f5 !important;background-position: center !important;background-repeat: no-repeat !important;background-size: cover !important;}\u00bb][vc_column_inner][vc_column_text css=\u00bb\u00bb el_class=\u00bbmb-20&#8243;]\n<p class=\"p-intro\">D\u00e9jate llevar por el encanto costero de Barcelona, conduciendo un superdeportivo y disfrutando de la libertad de las olas del Mediterr\u00e1neo en una moto de agua.<\/p>\n<p class=\"p-price\">desde 218 \u20ac<\/p>\n[\/vc_column_text][\/vc_column_inner][\/vc_row_inner][vc_btn title=\u00bbRESERVAR\u00bb style=\u00bbcustom\u00bb custom_background=\u00bb#e4231e\u00bb custom_text=\u00bb#ffffff\u00bb shape=\u00bbsquare\u00bb align=\u00bbcenter\u00bb css=\u00bb.vc_custom_1574263937825{margin-bottom: 0px !important;}\u00bb el_class=\u00bbbtn-170&#8243; link=\u00bburl:%2Fes%2Fsuperdeportivo-moto-agua%2F|title:Superdeportivo%20y%20Moto%20de%20Agua||\u00bb][\/vc_column][\/vc_row]\n<\/div>","protected":false},"excerpt":{"rendered":"<p>[vc_row content_placement=\u00bbmiddle\u00bb fullwidth=\u00bbyes\u00bb el_class=\u00bb.header-intro\u00bb css=\u00bb.vc_custom_1667230685064{background-image: url(\/wp-content\/uploads\/2019\/11\/Drive-Helicopter-10.jpg?id=12637) !important;background-position: center !important;background-repeat: no-repeat !important;background-size: cover !important;}\u00bb][vc_column][vc_column_text] Packs de experiencias [\/vc_column_text][\/vc_column][\/vc_row][vc_row el_class=\u00bbcontainer-breadcrumbs\u00bb][vc_column][vc_raw_html el_id=\u00bbwpseo_breadcrumb\u00bb]JTVCd3BzZW9fYnJlYWRjcnVtYiU1RA==[\/vc_raw_html][\/vc_column][\/vc_row][vc_row el_class=\u00bb.section-intro-cat\u00bb][vc_column][vc_column_text el_class=\u00bbtitulares mb-70-r\u00bb] Combina el placer [&hellip;]<\/p>\n","protected":false},"author":2,"featured_media":0,"parent":0,"menu_order":0,"comment_status":"closed","ping_status":"closed","template":"","meta":{"_acf_changed":false,"footnotes":""},"acf":[],"yoast_head":"<!-- This site is optimized with the Yoast SEO plugin v24.2 - https:\/\/yoast.com\/wordpress\/plugins\/seo\/ -->\n<title>Packs de experiencias - Drive Me Barcelona<\/title>\n<meta name=\"description\" content=\"Transforma tus viajes con nuestras experiencias de alquiler de coches. Descubre la libertad, la flexibilidad y la aventura al explorar nuevos destinos a tu propio ritmo.\" \/>\n<meta name=\"robots\" content=\"index, follow, max-snippet:-1, max-image-preview:large, max-video-preview:-1\" \/>\n<link rel=\"canonical\" href=\"https:\/\/www.drivemebarcelona.com\/es\/packs-experiencias-2\/\" \/>\n<meta property=\"og:locale\" content=\"es_ES\" \/>\n<meta property=\"og:type\" content=\"article\" \/>\n<meta property=\"og:title\" content=\"Packs de experiencias - Drive Me Barcelona\" \/>\n<meta property=\"og:description\" content=\"Transforma tus viajes con nuestras experiencias de alquiler de coches. Descubre la libertad, la flexibilidad y la aventura al explorar nuevos destinos a tu propio ritmo.\" \/>\n<meta property=\"og:url\" content=\"https:\/\/www.drivemebarcelona.com\/es\/packs-experiencias-2\/\" \/>\n<meta property=\"og:site_name\" content=\"Drive Me Barcelona\" \/>\n<meta property=\"article:publisher\" content=\"https:\/\/www.facebook.com\/drivemebarcelona\" \/>\n<meta property=\"article:modified_time\" content=\"2025-05-19T09:47:25+00:00\" \/>\n<script type=\"application\/ld+json\" class=\"yoast-schema-graph\">{\"@context\":\"https:\/\/schema.org\",\"@graph\":[{\"@type\":\"WebPage\",\"@id\":\"https:\/\/www.drivemebarcelona.com\/es\/packs-experiencias-2\/\",\"url\":\"https:\/\/www.drivemebarcelona.com\/es\/packs-experiencias-2\/\",\"name\":\"Packs de experiencias - Drive Me Barcelona\",\"isPartOf\":{\"@id\":\"https:\/\/www.drivemebarcelona.com\/#website\"},\"datePublished\":\"2019-10-03T11:35:00+00:00\",\"dateModified\":\"2025-05-19T09:47:25+00:00\",\"description\":\"Transforma tus viajes con nuestras experiencias de alquiler de coches. Descubre la libertad, la flexibilidad y la aventura al explorar nuevos destinos a tu propio ritmo.\",\"breadcrumb\":{\"@id\":\"https:\/\/www.drivemebarcelona.com\/es\/packs-experiencias-2\/#breadcrumb\"},\"inLanguage\":\"es\",\"potentialAction\":[{\"@type\":\"ReadAction\",\"target\":[\"https:\/\/www.drivemebarcelona.com\/es\/packs-experiencias-2\/\"]}]},{\"@type\":\"BreadcrumbList\",\"@id\":\"https:\/\/www.drivemebarcelona.com\/es\/packs-experiencias-2\/#breadcrumb\",\"itemListElement\":[{\"@type\":\"ListItem\",\"position\":1,\"name\":\"Home\",\"item\":\"https:\/\/www.drivemebarcelona.com\/es\/\"},{\"@type\":\"ListItem\",\"position\":2,\"name\":\"Packs de experiencias\"}]},{\"@type\":\"WebSite\",\"@id\":\"https:\/\/www.drivemebarcelona.com\/#website\",\"url\":\"https:\/\/www.drivemebarcelona.com\/\",\"name\":\"Drive Me Barcelona\",\"description\":\"Conduce un Ferrari en Barcelona\",\"publisher\":{\"@id\":\"https:\/\/www.drivemebarcelona.com\/#organization\"},\"potentialAction\":[{\"@type\":\"SearchAction\",\"target\":{\"@type\":\"EntryPoint\",\"urlTemplate\":\"https:\/\/www.drivemebarcelona.com\/?s={search_term_string}\"},\"query-input\":{\"@type\":\"PropertyValueSpecification\",\"valueRequired\":true,\"valueName\":\"search_term_string\"}}],\"inLanguage\":\"es\"},{\"@type\":\"Organization\",\"@id\":\"https:\/\/www.drivemebarcelona.com\/#organization\",\"name\":\"Drive Me Barcelona S.L.\",\"url\":\"https:\/\/www.drivemebarcelona.com\/\",\"logo\":{\"@type\":\"ImageObject\",\"inLanguage\":\"es\",\"@id\":\"https:\/\/www.drivemebarcelona.com\/#\/schema\/logo\/image\/\",\"url\":\"https:\/\/www.drivemebarcelona.com\/wp-content\/uploads\/2015\/01\/LOGO-maintenance\u00ae.png\",\"contentUrl\":\"https:\/\/www.drivemebarcelona.com\/wp-content\/uploads\/2015\/01\/LOGO-maintenance\u00ae.png\",\"width\":600,\"height\":145,\"caption\":\"Drive Me Barcelona S.L.\"},\"image\":{\"@id\":\"https:\/\/www.drivemebarcelona.com\/#\/schema\/logo\/image\/\"},\"sameAs\":[\"https:\/\/www.facebook.com\/drivemebarcelona\",\"https:\/\/x.com\/DriveMeBarcelon\",\"https:\/\/instagram.com\/drivemebarcelona\/\",\"https:\/\/es.pinterest.com\/drivemebarca\/\",\"https:\/\/www.youtube.com\/channel\/UCTBEtyrPd6HQ-QlERO84rxQ\"]}]}<\/script>\n<!-- \/ Yoast SEO plugin. -->","yoast_head_json":{"title":"Packs de experiencias - Drive Me Barcelona","description":"Transforma tus viajes con nuestras experiencias de alquiler de coches. Descubre la libertad, la flexibilidad y la aventura al explorar nuevos destinos a tu propio ritmo.","robots":{"index":"index","follow":"follow","max-snippet":"max-snippet:-1","max-image-preview":"max-image-preview:large","max-video-preview":"max-video-preview:-1"},"canonical":"https:\/\/www.drivemebarcelona.com\/es\/packs-experiencias-2\/","og_locale":"es_ES","og_type":"article","og_title":"Packs de experiencias - Drive Me Barcelona","og_description":"Transforma tus viajes con nuestras experiencias de alquiler de coches. Descubre la libertad, la flexibilidad y la aventura al explorar nuevos destinos a tu propio ritmo.","og_url":"https:\/\/www.drivemebarcelona.com\/es\/packs-experiencias-2\/","og_site_name":"Drive Me Barcelona","article_publisher":"https:\/\/www.facebook.com\/drivemebarcelona","article_modified_time":"2025-05-19T09:47:25+00:00","schema":{"@context":"https:\/\/schema.org","@graph":[{"@type":"WebPage","@id":"https:\/\/www.drivemebarcelona.com\/es\/packs-experiencias-2\/","url":"https:\/\/www.drivemebarcelona.com\/es\/packs-experiencias-2\/","name":"Packs de experiencias - Drive Me Barcelona","isPartOf":{"@id":"https:\/\/www.drivemebarcelona.com\/#website"},"datePublished":"2019-10-03T11:35:00+00:00","dateModified":"2025-05-19T09:47:25+00:00","description":"Transforma tus viajes con nuestras experiencias de alquiler de coches. Descubre la libertad, la flexibilidad y la aventura al explorar nuevos destinos a tu propio ritmo.","breadcrumb":{"@id":"https:\/\/www.drivemebarcelona.com\/es\/packs-experiencias-2\/#breadcrumb"},"inLanguage":"es","potentialAction":[{"@type":"ReadAction","target":["https:\/\/www.drivemebarcelona.com\/es\/packs-experiencias-2\/"]}]},{"@type":"BreadcrumbList","@id":"https:\/\/www.drivemebarcelona.com\/es\/packs-experiencias-2\/#breadcrumb","itemListElement":[{"@type":"ListItem","position":1,"name":"Home","item":"https:\/\/www.drivemebarcelona.com\/es\/"},{"@type":"ListItem","position":2,"name":"Packs de experiencias"}]},{"@type":"WebSite","@id":"https:\/\/www.drivemebarcelona.com\/#website","url":"https:\/\/www.drivemebarcelona.com\/","name":"Drive Me Barcelona","description":"Conduce un Ferrari en Barcelona","publisher":{"@id":"https:\/\/www.drivemebarcelona.com\/#organization"},"potentialAction":[{"@type":"SearchAction","target":{"@type":"EntryPoint","urlTemplate":"https:\/\/www.drivemebarcelona.com\/?s={search_term_string}"},"query-input":{"@type":"PropertyValueSpecification","valueRequired":true,"valueName":"search_term_string"}}],"inLanguage":"es"},{"@type":"Organization","@id":"https:\/\/www.drivemebarcelona.com\/#organization","name":"Drive Me Barcelona S.L.","url":"https:\/\/www.drivemebarcelona.com\/","logo":{"@type":"ImageObject","inLanguage":"es","@id":"https:\/\/www.drivemebarcelona.com\/#\/schema\/logo\/image\/","url":"https:\/\/www.drivemebarcelona.com\/wp-content\/uploads\/2015\/01\/LOGO-maintenance\u00ae.png","contentUrl":"https:\/\/www.drivemebarcelona.com\/wp-content\/uploads\/2015\/01\/LOGO-maintenance\u00ae.png","width":600,"height":145,"caption":"Drive Me Barcelona S.L."},"image":{"@id":"https:\/\/www.drivemebarcelona.com\/#\/schema\/logo\/image\/"},"sameAs":["https:\/\/www.facebook.com\/drivemebarcelona","https:\/\/x.com\/DriveMeBarcelon","https:\/\/instagram.com\/drivemebarcelona\/","https:\/\/es.pinterest.com\/drivemebarca\/","https:\/\/www.youtube.com\/channel\/UCTBEtyrPd6HQ-QlERO84rxQ"]}]}},"_links":{"self":[{"href":"https:\/\/www.drivemebarcelona.com\/es\/wp-json\/wp\/v2\/pages\/11661"}],"collection":[{"href":"https:\/\/www.drivemebarcelona.com\/es\/wp-json\/wp\/v2\/pages"}],"about":[{"href":"https:\/\/www.drivemebarcelona.com\/es\/wp-json\/wp\/v2\/types\/page"}],"author":[{"embeddable":true,"href":"https:\/\/www.drivemebarcelona.com\/es\/wp-json\/wp\/v2\/users\/2"}],"replies":[{"embeddable":true,"href":"https:\/\/www.drivemebarcelona.com\/es\/wp-json\/wp\/v2\/comments?post=11661"}],"version-history":[{"count":3,"href":"https:\/\/www.drivemebarcelona.com\/es\/wp-json\/wp\/v2\/pages\/11661\/revisions"}],"predecessor-version":[{"id":23160,"href":"https:\/\/www.drivemebarcelona.com\/es\/wp-json\/wp\/v2\/pages\/11661\/revisions\/23160"}],"wp:attachment":[{"href":"https:\/\/www.drivemebarcelona.com\/es\/wp-json\/wp\/v2\/media?parent=11661"}],"curies":[{"name":"wp","href":"https:\/\/api.w.org\/{rel}","templated":true}]}}