{"id":11666,"date":"2019-10-03T13:50:38","date_gmt":"2019-10-03T11:50:38","guid":{"rendered":"http:\/\/japper02.webfactional.com\/road-routes\/"},"modified":"2026-03-17T14:55:05","modified_gmt":"2026-03-17T13:55:05","slug":"road-routes","status":"publish","type":"page","link":"https:\/\/www.drivemebarcelona.com\/es\/road-routes\/","title":{"rendered":"Road Routes"},"content":{"rendered":"<div class=\"wpb-content-wrapper\">[vc_row content_placement=\u00bbmiddle\u00bb fullwidth=\u00bbyes\u00bb el_class=\u00bb.header-intro\u00bb css=\u00bb.vc_custom_1574780794116{background-image: url(\/wp-content\/uploads\/2019\/11\/Drive-Me-Barcelona-Sitges-The-Coast-0211.jpg?id=12643) !important;background-position: center !important;background-repeat: no-repeat !important;background-size: cover !important;}\u00bb][vc_column][vc_column_text]\n<h1 style=\"text-align: center; color: #ffffff;\">Road Routes<\/h1>\n[\/vc_column_text][\/vc_column][\/vc_row][vc_row el_class=\u00bbcontainer-breadcrumbs\u00bb][vc_column][vc_raw_html el_id=\u00bbwpseo_breadcrumb\u00bb]JTVCd3BzZW9fYnJlYWRjcnVtYiU1RA==[\/vc_raw_html][\/vc_column][\/vc_row][vc_row el_class=\u00bb.section-intro-cat\u00bb][vc_column][vc_column_text el_class=\u00bbtitulares mb-70-r\u00bb]\n<h2 style=\"text-align: center;\">Descubre las carreteras m\u00e1s bonitas de Catalu\u00f1a<\/h2>\n[\/vc_column_text][vc_column_text el_class=\u00bbtitulares mb-0-xs\u00bb]\n<p class=\"text-intro\" style=\"text-align: center;\">Enam\u00f3rate de los mejores lugares que visitar de los alrededores de Barcelona durante uno de nuestros exclusivas experiencias de medio d\u00eda para los que conducen por placer.<\/p>\n[\/vc_column_text][\/vc_column][\/vc_row][vc_row full_width=\u00bbstretch_row\u00bb gap=\u00bb25&#8243; equal_height=\u00bbyes\u00bb content_placement=\u00bbtop\u00bb animation_delay=\u00bbcity-tours-items\u00bb css=\u00bb.vc_custom_1568025456004{margin-bottom: 60px !important;}\u00bb][vc_column width=\u00bb1\/3&#8243; animation=\u00bbbottom-to-top\u00bb offset=\u00bbvc_col-xs-12&#8243; css=\u00bb.vc_custom_1566903192217{background-color: #f5f5f5 !important;}\u00bb el_class=\u00bbcity-tours-col\u00bb][vc_row_inner equal_height=\u00bbyes\u00bb content_placement=\u00bbtop\u00bb css=\u00bb.vc_custom_1570109332565{margin-bottom: 0px !important;background-image: url(\/wp-content\/uploads\/2019\/10\/Road-Routes-Penedes-1.jpg?id=11321) !important;background-position: center !important;background-repeat: no-repeat !important;background-size: cover !important;}\u00bb el_class=\u00bbcity-tours-bg\u00bb][vc_column_inner][vc_column_text]\n<h2><span class=\"inline-block\">Pened\u00e8s y<\/span> Los Vi\u00f1edos<\/h2>\n<p class=\"h3 p-time\">4 horas<\/p>\n[\/vc_column_text][\/vc_column_inner][\/vc_row_inner][vc_row_inner css=\u00bb.vc_custom_1568025185795{margin-bottom: 0px !important;background-color: #f5f5f5 !important;background-position: center !important;background-repeat: no-repeat !important;background-size: cover !important;}\u00bb][vc_column_inner][vc_column_text css=\u00bb\u00bb el_class=\u00bbmb-20&#8243;]\n<p class=\"p-intro\">Emb\u00e1rcate en un viaje al coraz\u00f3n vin\u00edcola de Catalu\u00f1a, donde la rica tradici\u00f3n de sus vinos y cavas se une a la emoci\u00f3n de conducir un superdeportivo.<\/p>\n<p class=\"p-price\">desde 799 \u20ac<\/p>\n[\/vc_column_text][\/vc_column_inner][\/vc_row_inner][vc_btn title=\u00bbRESERVAR\u00bb style=\u00bbcustom\u00bb custom_background=\u00bb#e4231e\u00bb custom_text=\u00bb#ffffff\u00bb shape=\u00bbsquare\u00bb align=\u00bbcenter\u00bb css=\u00bb.vc_custom_1574265127285{margin-bottom: 0px !important;}\u00bb el_class=\u00bbbtn-170&#8243; link=\u00bburl:%2Fes%2Fpenedes-y-vinedos%2F|title:Pened%C3%A8s%20y%20Los%20Vi%C3%B1edos||\u00bb][\/vc_column][vc_column width=\u00bb1\/3&#8243; animation=\u00bbbottom-to-top\u00bb offset=\u00bbvc_col-xs-12&#8243; el_class=\u00bbcity-tours-col\u00bb css=\u00bb.vc_custom_1566903201046{background-color: #f5f5f5 !important;}\u00bb][vc_row_inner equal_height=\u00bbyes\u00bb content_placement=\u00bbtop\u00bb css=\u00bb.vc_custom_1570107432398{margin-bottom: 0px !important;background-image: url(\/wp-content\/uploads\/2019\/10\/Road-Routes-Sitges.jpg?id=11295) !important;background-position: center !important;background-repeat: no-repeat !important;background-size: cover !important;}\u00bb el_class=\u00bbcity-tours-bg\u00bb][vc_column_inner][vc_column_text]\n<h2><span class=\"inline-block\">Sitges y<\/span><br \/>\nla costa<\/h2>\n<p class=\"h3 p-time\">4 horas<\/p>\n[\/vc_column_text][\/vc_column_inner][\/vc_row_inner][vc_row_inner css=\u00bb.vc_custom_1568025217521{margin-bottom: 0px !important;background-color: #f5f5f5 !important;background-position: center !important;background-repeat: no-repeat !important;background-size: cover !important;}\u00bb][vc_column_inner][vc_column_text css=\u00bb\u00bb el_class=\u00bbmb-20&#8243;]\n<p class=\"p-intro\">Una ruta esc\u00e9nica por la costa mediterr\u00e1nea, donde el mar resplandeciente y los paisajes llenos de vida te llevar\u00e1n a un destino vibrante y lleno de encanto.<\/p>\n<p class=\"p-price\">desde 799 \u20ac<\/p>\n[\/vc_column_text][\/vc_column_inner][\/vc_row_inner][vc_btn title=\u00bbRESERVAR\u00bb style=\u00bbcustom\u00bb custom_background=\u00bb#e4231e\u00bb custom_text=\u00bb#ffffff\u00bb shape=\u00bbsquare\u00bb align=\u00bbcenter\u00bb css=\u00bb.vc_custom_1574265141229{margin-bottom: 0px !important;}\u00bb el_class=\u00bbbtn-170&#8243; link=\u00bburl:%2Fes%2Fsitges-y-la-costa%2F|title:Sitges%20y%20La%20Costa||\u00bb][\/vc_column][vc_column width=\u00bb1\/3&#8243; animation=\u00bbbottom-to-top\u00bb offset=\u00bbvc_col-xs-12&#8243; el_class=\u00bbcity-tours-col\u00bb css=\u00bb.vc_custom_1566903114060{background-color: #f5f5f5 !important;}\u00bb][vc_row_inner equal_height=\u00bbyes\u00bb content_placement=\u00bbtop\u00bb css=\u00bb.vc_custom_1570109343740{margin-bottom: 0px !important;background-image: url(\/wp-content\/uploads\/2019\/10\/Road-Routes-Montserrat-1.jpg?id=11319) !important;background-position: center !important;background-repeat: no-repeat !important;background-size: cover !important;}\u00bb el_class=\u00bbcity-tours-bg\u00bb][vc_column_inner][vc_column_text]\n<h2><span class=\"inline-block\">Montserrat y<\/span> la monta\u00f1a<\/h2>\n<p class=\"h3 p-time\">4 horas<\/p>\n[\/vc_column_text][\/vc_column_inner][\/vc_row_inner][vc_row_inner css=\u00bb.vc_custom_1568025210614{margin-bottom: 0px !important;background-color: #f5f5f5 !important;background-position: center !important;background-repeat: no-repeat !important;background-size: cover !important;}\u00bb][vc_column_inner][vc_column_text css=\u00bb\u00bb el_class=\u00bbmb-20&#8243;]\n<p class=\"p-intro\">Mucho m\u00e1s que una simple ruta. Una inmersi\u00f3n en la belleza natural y el patrimonio cultural de Catalu\u00f1a en un entorno \u00fanico, cargado de historia y tradici\u00f3n.<\/p>\n<p class=\"p-price\">desde 799 \u20ac<\/p>\n[\/vc_column_text][\/vc_column_inner][\/vc_row_inner][vc_btn title=\u00bbRESERVAR\u00bb style=\u00bbcustom\u00bb custom_background=\u00bb#e4231e\u00bb custom_text=\u00bb#ffffff\u00bb shape=\u00bbsquare\u00bb align=\u00bbcenter\u00bb css=\u00bb.vc_custom_1574265150284{margin-bottom: 0px !important;}\u00bb el_class=\u00bbbtn-170&#8243; link=\u00bburl:%2Fes%2Fmontserrat-y-la-montana%2F|title:Montserrat%20y%20La%20Monta%C3%B1a||\u00bb][\/vc_column][\/vc_row]\n<\/div>","protected":false},"excerpt":{"rendered":"<p>[vc_row content_placement=\u00bbmiddle\u00bb fullwidth=\u00bbyes\u00bb el_class=\u00bb.header-intro\u00bb css=\u00bb.vc_custom_1574780794116{background-image: url(\/wp-content\/uploads\/2019\/11\/Drive-Me-Barcelona-Sitges-The-Coast-0211.jpg?id=12643) !important;background-position: center !important;background-repeat: no-repeat !important;background-size: cover !important;}\u00bb][vc_column][vc_column_text] Road Routes [\/vc_column_text][\/vc_column][\/vc_row][vc_row el_class=\u00bbcontainer-breadcrumbs\u00bb][vc_column][vc_raw_html el_id=\u00bbwpseo_breadcrumb\u00bb]JTVCd3BzZW9fYnJlYWRjcnVtYiU1RA==[\/vc_raw_html][\/vc_column][\/vc_row][vc_row el_class=\u00bb.section-intro-cat\u00bb][vc_column][vc_column_text el_class=\u00bbtitulares mb-70-r\u00bb] Descubre las carreteras m\u00e1s [&hellip;]<\/p>\n","protected":false},"author":2,"featured_media":0,"parent":0,"menu_order":0,"comment_status":"closed","ping_status":"closed","template":"","meta":{"_acf_changed":false,"footnotes":""},"acf":[],"yoast_head":"<!-- This site is optimized with the Yoast SEO plugin v24.2 - https:\/\/yoast.com\/wordpress\/plugins\/seo\/ -->\n<title>Road Routes - Drive Me Barcelona<\/title>\n<meta name=\"description\" content=\"Emb\u00e1rcate en aventuras inolvidables con nuestras rutas por carretera. Explora los viajes por carretera m\u00e1s emocionantes del mundo.\" \/>\n<meta name=\"robots\" content=\"index, follow, max-snippet:-1, max-image-preview:large, max-video-preview:-1\" \/>\n<link rel=\"canonical\" href=\"https:\/\/www.drivemebarcelona.com\/es\/road-routes\/\" \/>\n<meta property=\"og:locale\" content=\"es_ES\" \/>\n<meta property=\"og:type\" content=\"article\" \/>\n<meta property=\"og:title\" content=\"Road Routes - Drive Me Barcelona\" \/>\n<meta property=\"og:description\" content=\"Emb\u00e1rcate en aventuras inolvidables con nuestras rutas por carretera. Explora los viajes por carretera m\u00e1s emocionantes del mundo.\" \/>\n<meta property=\"og:url\" content=\"https:\/\/www.drivemebarcelona.com\/es\/road-routes\/\" \/>\n<meta property=\"og:site_name\" content=\"Drive Me Barcelona\" \/>\n<meta property=\"article:publisher\" content=\"https:\/\/www.facebook.com\/drivemebarcelona\" \/>\n<meta property=\"article:modified_time\" content=\"2026-03-17T13:55:05+00:00\" \/>\n<script type=\"application\/ld+json\" class=\"yoast-schema-graph\">{\"@context\":\"https:\/\/schema.org\",\"@graph\":[{\"@type\":\"WebPage\",\"@id\":\"https:\/\/www.drivemebarcelona.com\/es\/road-routes\/\",\"url\":\"https:\/\/www.drivemebarcelona.com\/es\/road-routes\/\",\"name\":\"Road Routes - Drive Me Barcelona\",\"isPartOf\":{\"@id\":\"https:\/\/www.drivemebarcelona.com\/#website\"},\"datePublished\":\"2019-10-03T11:50:38+00:00\",\"dateModified\":\"2026-03-17T13:55:05+00:00\",\"description\":\"Emb\u00e1rcate en aventuras inolvidables con nuestras rutas por carretera. Explora los viajes por carretera m\u00e1s emocionantes del mundo.\",\"breadcrumb\":{\"@id\":\"https:\/\/www.drivemebarcelona.com\/es\/road-routes\/#breadcrumb\"},\"inLanguage\":\"es\",\"potentialAction\":[{\"@type\":\"ReadAction\",\"target\":[\"https:\/\/www.drivemebarcelona.com\/es\/road-routes\/\"]}]},{\"@type\":\"BreadcrumbList\",\"@id\":\"https:\/\/www.drivemebarcelona.com\/es\/road-routes\/#breadcrumb\",\"itemListElement\":[{\"@type\":\"ListItem\",\"position\":1,\"name\":\"Home\",\"item\":\"https:\/\/www.drivemebarcelona.com\/es\/\"},{\"@type\":\"ListItem\",\"position\":2,\"name\":\"Road Routes\"}]},{\"@type\":\"WebSite\",\"@id\":\"https:\/\/www.drivemebarcelona.com\/#website\",\"url\":\"https:\/\/www.drivemebarcelona.com\/\",\"name\":\"Drive Me Barcelona\",\"description\":\"Conduce un Ferrari en Barcelona\",\"publisher\":{\"@id\":\"https:\/\/www.drivemebarcelona.com\/#organization\"},\"potentialAction\":[{\"@type\":\"SearchAction\",\"target\":{\"@type\":\"EntryPoint\",\"urlTemplate\":\"https:\/\/www.drivemebarcelona.com\/?s={search_term_string}\"},\"query-input\":{\"@type\":\"PropertyValueSpecification\",\"valueRequired\":true,\"valueName\":\"search_term_string\"}}],\"inLanguage\":\"es\"},{\"@type\":\"Organization\",\"@id\":\"https:\/\/www.drivemebarcelona.com\/#organization\",\"name\":\"Drive Me Barcelona S.L.\",\"url\":\"https:\/\/www.drivemebarcelona.com\/\",\"logo\":{\"@type\":\"ImageObject\",\"inLanguage\":\"es\",\"@id\":\"https:\/\/www.drivemebarcelona.com\/#\/schema\/logo\/image\/\",\"url\":\"https:\/\/www.drivemebarcelona.com\/wp-content\/uploads\/2015\/01\/LOGO-maintenance\u00ae.png\",\"contentUrl\":\"https:\/\/www.drivemebarcelona.com\/wp-content\/uploads\/2015\/01\/LOGO-maintenance\u00ae.png\",\"width\":600,\"height\":145,\"caption\":\"Drive Me Barcelona S.L.\"},\"image\":{\"@id\":\"https:\/\/www.drivemebarcelona.com\/#\/schema\/logo\/image\/\"},\"sameAs\":[\"https:\/\/www.facebook.com\/drivemebarcelona\",\"https:\/\/x.com\/DriveMeBarcelon\",\"https:\/\/instagram.com\/drivemebarcelona\/\",\"https:\/\/es.pinterest.com\/drivemebarca\/\",\"https:\/\/www.youtube.com\/channel\/UCTBEtyrPd6HQ-QlERO84rxQ\"]}]}<\/script>\n<!-- \/ Yoast SEO plugin. -->","yoast_head_json":{"title":"Road Routes - Drive Me Barcelona","description":"Emb\u00e1rcate en aventuras inolvidables con nuestras rutas por carretera. Explora los viajes por carretera m\u00e1s emocionantes del mundo.","robots":{"index":"index","follow":"follow","max-snippet":"max-snippet:-1","max-image-preview":"max-image-preview:large","max-video-preview":"max-video-preview:-1"},"canonical":"https:\/\/www.drivemebarcelona.com\/es\/road-routes\/","og_locale":"es_ES","og_type":"article","og_title":"Road Routes - Drive Me Barcelona","og_description":"Emb\u00e1rcate en aventuras inolvidables con nuestras rutas por carretera. Explora los viajes por carretera m\u00e1s emocionantes del mundo.","og_url":"https:\/\/www.drivemebarcelona.com\/es\/road-routes\/","og_site_name":"Drive Me Barcelona","article_publisher":"https:\/\/www.facebook.com\/drivemebarcelona","article_modified_time":"2026-03-17T13:55:05+00:00","schema":{"@context":"https:\/\/schema.org","@graph":[{"@type":"WebPage","@id":"https:\/\/www.drivemebarcelona.com\/es\/road-routes\/","url":"https:\/\/www.drivemebarcelona.com\/es\/road-routes\/","name":"Road Routes - Drive Me Barcelona","isPartOf":{"@id":"https:\/\/www.drivemebarcelona.com\/#website"},"datePublished":"2019-10-03T11:50:38+00:00","dateModified":"2026-03-17T13:55:05+00:00","description":"Emb\u00e1rcate en aventuras inolvidables con nuestras rutas por carretera. Explora los viajes por carretera m\u00e1s emocionantes del mundo.","breadcrumb":{"@id":"https:\/\/www.drivemebarcelona.com\/es\/road-routes\/#breadcrumb"},"inLanguage":"es","potentialAction":[{"@type":"ReadAction","target":["https:\/\/www.drivemebarcelona.com\/es\/road-routes\/"]}]},{"@type":"BreadcrumbList","@id":"https:\/\/www.drivemebarcelona.com\/es\/road-routes\/#breadcrumb","itemListElement":[{"@type":"ListItem","position":1,"name":"Home","item":"https:\/\/www.drivemebarcelona.com\/es\/"},{"@type":"ListItem","position":2,"name":"Road Routes"}]},{"@type":"WebSite","@id":"https:\/\/www.drivemebarcelona.com\/#website","url":"https:\/\/www.drivemebarcelona.com\/","name":"Drive Me Barcelona","description":"Conduce un Ferrari en Barcelona","publisher":{"@id":"https:\/\/www.drivemebarcelona.com\/#organization"},"potentialAction":[{"@type":"SearchAction","target":{"@type":"EntryPoint","urlTemplate":"https:\/\/www.drivemebarcelona.com\/?s={search_term_string}"},"query-input":{"@type":"PropertyValueSpecification","valueRequired":true,"valueName":"search_term_string"}}],"inLanguage":"es"},{"@type":"Organization","@id":"https:\/\/www.drivemebarcelona.com\/#organization","name":"Drive Me Barcelona S.L.","url":"https:\/\/www.drivemebarcelona.com\/","logo":{"@type":"ImageObject","inLanguage":"es","@id":"https:\/\/www.drivemebarcelona.com\/#\/schema\/logo\/image\/","url":"https:\/\/www.drivemebarcelona.com\/wp-content\/uploads\/2015\/01\/LOGO-maintenance\u00ae.png","contentUrl":"https:\/\/www.drivemebarcelona.com\/wp-content\/uploads\/2015\/01\/LOGO-maintenance\u00ae.png","width":600,"height":145,"caption":"Drive Me Barcelona S.L."},"image":{"@id":"https:\/\/www.drivemebarcelona.com\/#\/schema\/logo\/image\/"},"sameAs":["https:\/\/www.facebook.com\/drivemebarcelona","https:\/\/x.com\/DriveMeBarcelon","https:\/\/instagram.com\/drivemebarcelona\/","https:\/\/es.pinterest.com\/drivemebarca\/","https:\/\/www.youtube.com\/channel\/UCTBEtyrPd6HQ-QlERO84rxQ"]}]}},"_links":{"self":[{"href":"https:\/\/www.drivemebarcelona.com\/es\/wp-json\/wp\/v2\/pages\/11666"}],"collection":[{"href":"https:\/\/www.drivemebarcelona.com\/es\/wp-json\/wp\/v2\/pages"}],"about":[{"href":"https:\/\/www.drivemebarcelona.com\/es\/wp-json\/wp\/v2\/types\/page"}],"author":[{"embeddable":true,"href":"https:\/\/www.drivemebarcelona.com\/es\/wp-json\/wp\/v2\/users\/2"}],"replies":[{"embeddable":true,"href":"https:\/\/www.drivemebarcelona.com\/es\/wp-json\/wp\/v2\/comments?post=11666"}],"version-history":[{"count":3,"href":"https:\/\/www.drivemebarcelona.com\/es\/wp-json\/wp\/v2\/pages\/11666\/revisions"}],"predecessor-version":[{"id":25321,"href":"https:\/\/www.drivemebarcelona.com\/es\/wp-json\/wp\/v2\/pages\/11666\/revisions\/25321"}],"wp:attachment":[{"href":"https:\/\/www.drivemebarcelona.com\/es\/wp-json\/wp\/v2\/media?parent=11666"}],"curies":[{"name":"wp","href":"https:\/\/api.w.org\/{rel}","templated":true}]}}