{"id":11808,"date":"2019-10-07T13:22:46","date_gmt":"2019-10-07T11:22:46","guid":{"rendered":"http:\/\/japper02.webfactional.com\/gymkhana-experience\/"},"modified":"2025-05-15T15:17:33","modified_gmt":"2025-05-15T13:17:33","slug":"experiencia-gymkhana","status":"publish","type":"page","link":"https:\/\/www.drivemebarcelona.com\/es\/experiencia-gymkhana\/","title":{"rendered":"Experiencia Gymkhana"},"content":{"rendered":"<div class=\"wpb-content-wrapper\">[vc_row full_width=\u00bbstretch_row_content_no_spaces\u00bb fullwidth=\u00bbyes\u00bb el_class=\u00bbheader-experience\u00bb css=\u00bb.vc_custom_1574779141904{margin-bottom: 0px !important;background-image: url(\/wp-content\/uploads\/2019\/11\/00-Gymkhana-header-1.jpg?id=12724) !important;background-position: center !important;background-repeat: no-repeat !important;background-size: cover !important;}\u00bb][vc_column][\/vc_column][\/vc_row][vc_row el_class=\u00bbcontainer-breadcrumbs\u00bb][vc_column][vc_raw_html el_id=\u00bbwpseo_breadcrumb\u00bb]JTVCd3BzZW9fYnJlYWRjcnVtYiU1RA==[\/vc_raw_html][\/vc_column][\/vc_row][vc_row el_class=\u00bb.m-intro\u00bb][vc_column][vc_column_text css=\u00bb\u00bb el_class=\u00bbtitulares\u00bb]\n<h1 style=\"text-align: center;\">Experiencia Gymkhana<\/h1>\n<p class=\"h3 sub-title\" style=\"text-align: center;\">2 horas<\/p>\n[\/vc_column_text][vc_column_text css=\u00bb\u00bb]\n<p class=\"text-intro\" style=\"text-align: center;\">\u00bfEst\u00e1s listo para llevar tus habilidades al l\u00edmite? Compite en emocionantes etapas de rally junto a tus amigos, enfrent\u00e1ndote a desaf\u00edos de velocidad y control para descubrir qui\u00e9n es el mejor.<\/p>\n[\/vc_column_text][vc_btn title=\u00bbRESERVAR\u00bb style=\u00bbcustom\u00bb custom_background=\u00bb#e4231e\u00bb custom_text=\u00bb#ffffff\u00bb shape=\u00bbsquare\u00bb size=\u00bbxs\u00bb align=\u00bbcenter\u00bb css=\u00bb\u00bb el_class=\u00bbbtn-170 mb-30&#8243; link=\u00bburl:https%3A%2F%2Fwww.drivemebarcelona.com%2Fes%2Fcontactanos%2F|\u00bb][\/vc_column][\/vc_row][vc_row full_width=\u00bbstretch_row\u00bb css=\u00bb.vc_custom_1568045229374{background-color: #f5f5f5 !important;}\u00bb el_class=\u00bb.items-container\u00bb][vc_column][vc_row_inner][vc_column_inner width=\u00bb1\/3&#8243;][vc_column_text css=\u00bb\u00bb el_class=\u00bb.check-bullet\u00bb]\n<p class=\"p-check\"><strong>Aprende a dominar <\/strong><br \/>\nun veh\u00edculo de alto rendimiento como un piloto de rally.<\/p>\n<p>&nbsp;[\/vc_column_text][\/vc_column_inner][vc_column_inner width=\u00bb1\/3&#8243;][vc_column_text css=\u00bb\u00bb el_class=\u00bb.check-bullet\u00bb]\n<p class=\"p-check\"><strong>Pon a prueba tus habilidades <\/strong><br \/>\ncon curvas a alta velocidad y desafiantes obst\u00e1culos.[\/vc_column_text][\/vc_column_inner][vc_column_inner width=\u00bb1\/3&#8243;][vc_column_text css=\u00bb\u00bb el_class=\u00bb.check-bullet\u00bb]\n<p class=\"p-check\"><strong>La actividad perfecta,<\/strong><br \/>\nllena de adrenalina, para disfrutar en grupo o con amigos.[\/vc_column_text][\/vc_column_inner][\/vc_row_inner][\/vc_column][\/vc_row][vc_row][vc_column]\n\t\t\t<!-- START Gymkhanaslider REVOLUTION SLIDER 6.7.12 --><p class=\"rs-p-wp-fix\"><\/p>\n\t\t\t<rs-module-wrap id=\"rev_slider_70_1_wrapper\" data-source=\"gallery\" style=\"visibility:hidden;background:transparent;padding:0;margin:0px auto;margin-top:0;margin-bottom:0;\">\n\t\t\t\t<rs-module id=\"rev_slider_70_1\" style=\"\" data-version=\"6.7.12\">\n\t\t\t\t\t<rs-slides style=\"overflow: hidden; position: absolute;\">\n\t\t\t\t\t\t<rs-slide style=\"position: absolute;\" data-key=\"rs-520\" data-title=\"Slide\" data-thumb=\"\/\/www.drivemebarcelona.com\/wp-content\/uploads\/2019\/11\/01-Gymkhana-slider3-21-100x50.jpg\" data-anim=\"adpr:false;\">\n\t\t\t\t\t\t\t<img decoding=\"async\" src=\"\/\/www.drivemebarcelona.com\/wp-content\/plugins\/revslider\/sr6\/assets\/assets\/dummy.png\" alt=\"\" title=\"Gymkhana Experience\" class=\"rev-slidebg tp-rs-img rs-lazyload\" data-lazyload=\"\/\/www.drivemebarcelona.com\/wp-content\/uploads\/2019\/11\/01-Gymkhana-slider3-21.jpg\" data-no-retina>\n<!---->\t\t\t\t\t<\/rs-slide>\n\t\t\t\t\t\t<rs-slide style=\"position: absolute;\" data-key=\"rs-519\" data-title=\"Slide\" data-thumb=\"\/\/www.drivemebarcelona.com\/wp-content\/uploads\/2019\/11\/01-Gymkhana-slider2-11-100x50.jpg\" data-anim=\"adpr:false;\">\n\t\t\t\t\t\t\t<img decoding=\"async\" src=\"\/\/www.drivemebarcelona.com\/wp-content\/plugins\/revslider\/sr6\/assets\/assets\/dummy.png\" alt=\"\" title=\"Gymkhana Experience\" class=\"rev-slidebg tp-rs-img rs-lazyload\" data-lazyload=\"\/\/www.drivemebarcelona.com\/wp-content\/uploads\/2019\/11\/01-Gymkhana-slider2-11.jpg\" data-no-retina>\n<!---->\t\t\t\t\t<\/rs-slide>\n\t\t\t\t\t\t<rs-slide style=\"position: absolute;\" data-key=\"rs-521\" data-title=\"Slide\" data-thumb=\"\/\/www.drivemebarcelona.com\/wp-content\/uploads\/2019\/11\/01-Gymkhana-slider4-21-100x50.jpg\" data-anim=\"adpr:false;\">\n\t\t\t\t\t\t\t<img decoding=\"async\" src=\"\/\/www.drivemebarcelona.com\/wp-content\/plugins\/revslider\/sr6\/assets\/assets\/dummy.png\" alt=\"\" title=\"Gymkhana Experience\" class=\"rev-slidebg tp-rs-img rs-lazyload\" data-lazyload=\"\/\/www.drivemebarcelona.com\/wp-content\/uploads\/2019\/11\/01-Gymkhana-slider4-21.jpg\" data-no-retina>\n<!---->\t\t\t\t\t<\/rs-slide>\n\t\t\t\t\t<\/rs-slides>\n\t\t\t\t<\/rs-module>\n\t\t\t\t<script>\n\t\t\t\t\tsetREVStartSize({c: 'rev_slider_70_1',rl:[1240,1024,778,480],el:[500],gw:[1240],gh:[500],type:'standard',justify:'',layout:'fullwidth',mh:\"0\"});if (window.RS_MODULES!==undefined && window.RS_MODULES.modules!==undefined && window.RS_MODULES.modules[\"revslider701\"]!==undefined) {window.RS_MODULES.modules[\"revslider701\"].once = false;window.revapi70 = undefined;if (window.RS_MODULES.checkMinimal!==undefined) window.RS_MODULES.checkMinimal()}\n\t\t\t\t<\/script>\n\t\t\t<\/rs-module-wrap>\n\t\t\t<!-- END REVOLUTION SLIDER -->\n[\/vc_column][\/vc_row][vc_row full_width=\u00bbstretch_row\u00bb equal_height=\u00bbyes\u00bb content_placement=\u00bbtop\u00bb css=\u00bb.vc_custom_1568294523872{background-position: center !important;background-repeat: no-repeat !important;background-size: cover !important;}\u00bb el_class=\u00bb.m-section\u00bb][vc_column width=\u00bb1\/2&#8243; el_class=\u00bb.col-experience\u00bb css=\u00bb.vc_custom_1568294317484{margin-top: 0px !important;padding-top: 0px !important;}\u00bb][vc_column_text css=\u00bb\u00bb]\n<h2>La Experiencia<\/h2>\n[\/vc_column_text][vc_row_inner][vc_column_inner css=\u00bb.vc_custom_1568295379616{margin-bottom: 0px !important;}\u00bb][vc_column_text css=\u00bb\u00bb]Compite con tus amigos para descubrir qui\u00e9n tiene la mayor destreza al volante. En esta emocionante experiencia, conducir\u00e1s superdeportivos y coches de carreras modificados a trav\u00e9s de <strong>desafiantes etapas de rally<\/strong>, enfrent\u00e1ndote a curvas de alta velocidad, derrapes controlados y tramos sobre superficies mixtas.<\/p>\n<p>Cada etapa ha sido dise\u00f1ada para poner a prueba tus habilidades de conducci\u00f3n,<strong> combinando t\u00e9cnica y velocidad para alcanzar el mejor tiempo<\/strong>. Un instructor profesional te acompa\u00f1ar\u00e1 durante toda la experiencia para ense\u00f1arte las mejores t\u00e9cnicas y ayudarte a superar cada obst\u00e1culo con \u00e9xito.<\/p>\n<p>Siente c\u00f3mo la adrenalina se dispara con cada maniobra, llevando<strong> tus l\u00edmites al m\u00e1ximo<\/strong> y creando recuerdos inolvidables llenos de emoci\u00f3n y acci\u00f3n junto a tus amigos.<\/p>\n<p>Esta actividad requiere un <strong>m\u00ednimo de 15 participantes<\/strong>.[\/vc_column_text][\/vc_column_inner][\/vc_row_inner][\/vc_column][vc_column width=\u00bb1\/2&#8243; css=\u00bb.vc_custom_1566815606644{padding-top: 0px !important;padding-bottom: 0px !important;}\u00bb el_class=\u00bb.full-col-res\u00bb][vc_single_image image=\u00bb11559&#8243; img_size=\u00bbfull\u00bb css=\u00bb.vc_custom_1570447169772{margin-bottom: 0px !important;}\u00bb][\/vc_column][\/vc_row][vc_row full_width=\u00bbstretch_row\u00bb equal_height=\u00bbyes\u00bb content_placement=\u00bbmiddle\u00bb disable_element=\u00bbyes\u00bb css=\u00bb.vc_custom_1595398024958{background-color: #f5f5f5 !important;}\u00bb el_class=\u00bb.call-booknow\u00bb][vc_column css=\u00bb.vc_custom_1566470094010{margin-top: 0px !important;margin-bottom: 0px !important;padding-top: 0px !important;padding-bottom: 0px !important;}\u00bb][vc_row_inner content_placement=\u00bbmiddle\u00bb css=\u00bb.vc_custom_1566487487380{margin-top: 0px !important;margin-bottom: 0px !important;padding-top: 0px !important;padding-bottom: 0px !important;}\u00bb][vc_column_inner width=\u00bb3\/4&#8243; css=\u00bb.vc_custom_1568044641958{margin-top: 0px !important;margin-bottom: 0px !important;}\u00bb offset=\u00bbvc_col-lg-9&#8243;][vc_column_text]\n<p class=\"call-text\">Book your Gymkhana Experience experience paying just 10% now<\/p>\n[\/vc_column_text][\/vc_column_inner][vc_column_inner width=\u00bb1\/4&#8243; css=\u00bb.vc_custom_1568044648321{margin-top: 0px !important;margin-bottom: 0px !important;}\u00bb offset=\u00bbvc_col-lg-3&#8243;][vc_btn title=\u00bbBOOK NOW\u00bb style=\u00bbcustom\u00bb custom_background=\u00bb#e4231e\u00bb custom_text=\u00bb#ffffff\u00bb shape=\u00bbsquare\u00bb size=\u00bbxs\u00bb align=\u00bbcenter\u00bb css=\u00bb.vc_custom_1570003515703{margin-bottom: 0px !important;}\u00bb el_class=\u00bbbtn-170&#8243; link=\u00bburl:%23reservation|\u00bb][\/vc_column_inner][\/vc_row_inner][\/vc_column][\/vc_row][vc_row el_class=\u00bbmb-100-r display-none\u00bb][vc_column css=\u00bb.vc_custom_1566471679311{border-bottom-width: 0px !important;padding-top: 0px !important;}\u00bb][vc_column_text el_class=\u00bb.testimonial-titular\u00bb]\n<p class=\"text-intro\" style=\"text-align: center;\">It is time for you to say<\/p>\n<h2 style=\"text-align: center;\">\u00abI&#8217;ve driven a Supercar\u00bb<\/h2>\n[\/vc_column_text][\/vc_column][\/vc_row][vc_row full_width=\u00bbstretch_row\u00bb css=\u00bb.vc_custom_1568296108701{margin-bottom: 0px !important;background-image: url(\/wp-content\/uploads\/2019\/08\/03-Barceloneta-enhance.jpg?id=10239) !important;background-position: center !important;background-repeat: no-repeat !important;background-size: cover !important;}\u00bb el_class=\u00bb.row-enhance\u00bb][vc_column css=\u00bb.vc_custom_1566472810144{margin-bottom: 35px !important;}\u00bb][vc_column_text css=\u00bb.vc_custom_1747214439359{padding-top: 32px !important;}\u00bb]\n<h2 style=\"text-align: center; color: #ffffff;\">Mejora tu Experiencia<\/h2>\n[\/vc_column_text][vc_row_inner el_class=\u00bb.icons-experience .icons-category\u00bb][vc_column_inner width=\u00bb1\/4&#8243; offset=\u00bbvc_col-xs-6&#8243;][vc_icon icon_fontawesome=\u00bbfa fa-video-camera\u00bb color=\u00bbwhite\u00bb size=\u00bblg\u00bb align=\u00bbcenter\u00bb][vc_column_text]\n<p style=\"text-align: center; color: #ffffff;\">VIDEO<\/p>\n[\/vc_column_text][\/vc_column_inner][vc_column_inner width=\u00bb1\/4&#8243; offset=\u00bbvc_col-xs-6&#8243;][vc_icon icon_fontawesome=\u00bbfa fa-users\u00bb color=\u00bbwhite\u00bb size=\u00bblg\u00bb align=\u00bbcenter\u00bb][vc_column_text css=\u00bb\u00bb]\n<p style=\"text-align: center; color: #ffffff;\">PASAJEROS EXTRA<\/p>\n[\/vc_column_text][\/vc_column_inner][vc_column_inner width=\u00bb1\/4&#8243; offset=\u00bbvc_col-xs-6&#8243;][vc_icon icon_fontawesome=\u00bbfa fa-cutlery\u00bb color=\u00bbwhite\u00bb size=\u00bblg\u00bb align=\u00bbcenter\u00bb][vc_column_text css=\u00bb\u00bb]\n<p style=\"text-align: center; color: #ffffff;\">COMIDA<\/p>\n[\/vc_column_text][\/vc_column_inner][vc_column_inner width=\u00bb1\/4&#8243;][vc_icon icon_fontawesome=\u00bbfa fa-h-square\u00bb color=\u00bbwhite\u00bb size=\u00bblg\u00bb align=\u00bbcenter\u00bb][vc_column_text css=\u00bb\u00bb]\n<p style=\"text-align: center; color: #ffffff;\">RECOGIDA EN EL HOTEL<\/p>\n[\/vc_column_text][\/vc_column_inner][\/vc_row_inner][\/vc_column][\/vc_row][vc_row full_width=\u00bbstretch_row_content_no_spaces\u00bb equal_height=\u00bbyes\u00bb css=\u00bb.vc_custom_1566472110053{margin-bottom: 0px !important;}\u00bb][vc_column width=\u00bb2\/3&#8243; el_class=\u00bb.check-column .column-requirements\u00bb][vc_column_text css=\u00bb\u00bb]\n<h2>Requerimientos<\/h2>\n[\/vc_column_text][vc_row_inner][vc_column_inner width=\u00bb1\/2&#8243;][vc_column_text css=\u00bb\u00bb el_class=\u00bb.check-bullet\u00bb]\n<p class=\"p1\">Debes tener m\u00e1s de 18 a\u00f1os. Si tienes menos de 18 a\u00f1os, puedes disfrutar de la experiencia como copiloto.<\/p>\n[\/vc_column_text][\/vc_column_inner][vc_column_inner width=\u00bb1\/2&#8243;][vc_column_text css=\u00bb\u00bb el_class=\u00bb.check-bullet\u00bb]\n<p class=\"p1\">Debes tener un permiso de conducir con m\u00e1s de 1 a\u00f1o de validez.<\/p>\n[\/vc_column_text][\/vc_column_inner][\/vc_row_inner][vc_row_inner][vc_column_inner width=\u00bb1\/2&#8243;][vc_column_text css=\u00bb\u00bb el_class=\u00bb.check-bullet\u00bb]\n<p class=\"p1\">Debe llevar consigo al menos dos documentos de identidad (permiso de conducir + pasaporte o documento de identidad).<\/p>\n[\/vc_column_text][\/vc_column_inner][vc_column_inner width=\u00bb1\/2&#8243;][\/vc_column_inner][\/vc_row_inner][\/vc_column][vc_column width=\u00bb1\/3&#8243; css=\u00bb.vc_custom_1566471965898{background-color: #f5f5f5 !important;}\u00bb el_class=\u00bb.check-column .column-included\u00bb][vc_column_text css=\u00bb\u00bb]\n<h2>Incluye<\/h2>\n[\/vc_column_text][vc_row_inner][vc_column_inner width=\u00bb1\/2&#8243;][vc_column_text css=\u00bb\u00bb]\n<p class=\"p1\">Experiencia Gymkhana 2 horas<\/p>\n[\/vc_column_text][\/vc_column_inner][vc_column_inner width=\u00bb1\/2&#8243;][vc_column_text css=\u00bb\u00bb]\n<p class=\"p1\">Instructor profesional<\/p>\n[\/vc_column_text][\/vc_column_inner][\/vc_row_inner][vc_row_inner][vc_column_inner width=\u00bb1\/2&#8243;][vc_column_text css=\u00bb\u00bb]\n<p class=\"p1\">Cascos de protecci\u00f3n<\/p>\n[\/vc_column_text][\/vc_column_inner][vc_column_inner width=\u00bb1\/2&#8243;][vc_column_text css=\u00bb\u00bb]\n<p class=\"p1\">Combustible<\/p>\n[\/vc_column_text][\/vc_column_inner][\/vc_row_inner][\/vc_column][\/vc_row][vc_row full_width=\u00bbstretch_row_content_no_spaces\u00bb equal_height=\u00bbyes\u00bb][vc_column width=\u00bb1\/3&#8243; css=\u00bb.vc_custom_1566558696220{margin-right: 0px !important;background-color: #f5f5f5 !important;}\u00bb el_class=\u00bb.col-address\u00bb][vc_column_text css=\u00bb\u00bb]\n<h2><span class=\"block-br\">Punto de partida <\/span><\/h2>\n<h2>y llegada<\/h2>\n[\/vc_column_text][vc_column_text]\n<h4>Drive Me Barcelona<\/h4>\n<p>C\/ del Dr. Aiguader 5-7,<br \/>\n08003, Barcelona[\/vc_column_text][\/vc_column][vc_column width=\u00bb2\/3&#8243; css=\u00bb.vc_custom_1566472357504{margin-right: 0px !important;margin-left: 0px !important;padding-left: 0px !important;}\u00bb el_class=\u00bb.column-map\u00bb]<div class=\"shortcode-wrapper shortcode-map-embed clearfix\"><div class=\"map-wrapper shadow\"><div class=\"hb-gmap-map\" data-api-key=\"AIzaSyCHWt5xAB624-USPC2jOHIw-ue2hEMQHUw\" data-show-location=\"0\" data-map-level=\"16\" data-map-lat=\"41.38262500067515\" data-map-lng=\"2.1860452011327145\" data-map-img=\"\/wp-content\/uploads\/2015\/03\/drop-pin.png\" data-overlay-color=\"none\" style=\"height:350px;\"><\/div><\/div><\/div>[\/vc_column][\/vc_row]\n<\/div>","protected":false},"excerpt":{"rendered":"<p>[vc_row full_width=\u00bbstretch_row_content_no_spaces\u00bb fullwidth=\u00bbyes\u00bb el_class=\u00bbheader-experience\u00bb css=\u00bb.vc_custom_1574779141904{margin-bottom: 0px !important;background-image: url(\/wp-content\/uploads\/2019\/11\/00-Gymkhana-header-1.jpg?id=12724) !important;background-position: center !important;background-repeat: no-repeat !important;background-size: cover !important;}\u00bb][vc_column][\/vc_column][\/vc_row][vc_row el_class=\u00bbcontainer-breadcrumbs\u00bb][vc_column][vc_raw_html el_id=\u00bbwpseo_breadcrumb\u00bb]JTVCd3BzZW9fYnJlYWRjcnVtYiU1RA==[\/vc_raw_html][\/vc_column][\/vc_row][vc_row el_class=\u00bb.m-intro\u00bb][vc_column][vc_column_text css=\u00bb\u00bb el_class=\u00bbtitulares\u00bb] Experiencia Gymkhana 2 horas [\/vc_column_text][vc_column_text [&hellip;]<\/p>\n","protected":false},"author":2,"featured_media":0,"parent":0,"menu_order":0,"comment_status":"closed","ping_status":"closed","template":"","meta":{"_acf_changed":false,"footnotes":""},"acf":[],"yoast_head":"<!-- This site is optimized with the Yoast SEO plugin v24.2 - https:\/\/yoast.com\/wordpress\/plugins\/seo\/ -->\n<title>Experiencia Gymkhana - Drive Me Barcelona<\/title>\n<meta name=\"description\" content=\"Domina la conducci\u00f3n de precisi\u00f3n con nuestros eventos de Gymkhana en coche. Pon a prueba tus habilidades y experimenta la emoci\u00f3n\" \/>\n<meta name=\"robots\" content=\"index, follow, max-snippet:-1, max-image-preview:large, max-video-preview:-1\" \/>\n<link rel=\"canonical\" href=\"https:\/\/www.drivemebarcelona.com\/es\/experiencia-gymkhana\/\" \/>\n<meta property=\"og:locale\" content=\"es_ES\" \/>\n<meta property=\"og:type\" content=\"article\" \/>\n<meta property=\"og:title\" content=\"Experiencia Gymkhana - Drive Me Barcelona\" \/>\n<meta property=\"og:description\" content=\"Domina la conducci\u00f3n de precisi\u00f3n con nuestros eventos de Gymkhana en coche. Pon a prueba tus habilidades y experimenta la emoci\u00f3n\" \/>\n<meta property=\"og:url\" content=\"https:\/\/www.drivemebarcelona.com\/es\/experiencia-gymkhana\/\" \/>\n<meta property=\"og:site_name\" content=\"Drive Me Barcelona\" \/>\n<meta property=\"article:publisher\" content=\"https:\/\/www.facebook.com\/drivemebarcelona\" \/>\n<meta property=\"article:modified_time\" content=\"2025-05-15T13:17:33+00:00\" \/>\n<script type=\"application\/ld+json\" class=\"yoast-schema-graph\">{\"@context\":\"https:\/\/schema.org\",\"@graph\":[{\"@type\":\"WebPage\",\"@id\":\"https:\/\/www.drivemebarcelona.com\/es\/experiencia-gymkhana\/\",\"url\":\"https:\/\/www.drivemebarcelona.com\/es\/experiencia-gymkhana\/\",\"name\":\"Experiencia Gymkhana - Drive Me Barcelona\",\"isPartOf\":{\"@id\":\"https:\/\/www.drivemebarcelona.com\/#website\"},\"datePublished\":\"2019-10-07T11:22:46+00:00\",\"dateModified\":\"2025-05-15T13:17:33+00:00\",\"description\":\"Domina la conducci\u00f3n de precisi\u00f3n con nuestros eventos de Gymkhana en coche. Pon a prueba tus habilidades y experimenta la emoci\u00f3n\",\"breadcrumb\":{\"@id\":\"https:\/\/www.drivemebarcelona.com\/es\/experiencia-gymkhana\/#breadcrumb\"},\"inLanguage\":\"es\",\"potentialAction\":[{\"@type\":\"ReadAction\",\"target\":[\"https:\/\/www.drivemebarcelona.com\/es\/experiencia-gymkhana\/\"]}]},{\"@type\":\"BreadcrumbList\",\"@id\":\"https:\/\/www.drivemebarcelona.com\/es\/experiencia-gymkhana\/#breadcrumb\",\"itemListElement\":[{\"@type\":\"ListItem\",\"position\":1,\"name\":\"Home\",\"item\":\"https:\/\/www.drivemebarcelona.com\/es\/\"},{\"@type\":\"ListItem\",\"position\":2,\"name\":\"Experiencia Gymkhana\"}]},{\"@type\":\"WebSite\",\"@id\":\"https:\/\/www.drivemebarcelona.com\/#website\",\"url\":\"https:\/\/www.drivemebarcelona.com\/\",\"name\":\"Drive Me Barcelona\",\"description\":\"Conduce un Ferrari en Barcelona\",\"publisher\":{\"@id\":\"https:\/\/www.drivemebarcelona.com\/#organization\"},\"potentialAction\":[{\"@type\":\"SearchAction\",\"target\":{\"@type\":\"EntryPoint\",\"urlTemplate\":\"https:\/\/www.drivemebarcelona.com\/?s={search_term_string}\"},\"query-input\":{\"@type\":\"PropertyValueSpecification\",\"valueRequired\":true,\"valueName\":\"search_term_string\"}}],\"inLanguage\":\"es\"},{\"@type\":\"Organization\",\"@id\":\"https:\/\/www.drivemebarcelona.com\/#organization\",\"name\":\"Drive Me Barcelona S.L.\",\"url\":\"https:\/\/www.drivemebarcelona.com\/\",\"logo\":{\"@type\":\"ImageObject\",\"inLanguage\":\"es\",\"@id\":\"https:\/\/www.drivemebarcelona.com\/#\/schema\/logo\/image\/\",\"url\":\"https:\/\/www.drivemebarcelona.com\/wp-content\/uploads\/2015\/01\/LOGO-maintenance\u00ae.png\",\"contentUrl\":\"https:\/\/www.drivemebarcelona.com\/wp-content\/uploads\/2015\/01\/LOGO-maintenance\u00ae.png\",\"width\":600,\"height\":145,\"caption\":\"Drive Me Barcelona S.L.\"},\"image\":{\"@id\":\"https:\/\/www.drivemebarcelona.com\/#\/schema\/logo\/image\/\"},\"sameAs\":[\"https:\/\/www.facebook.com\/drivemebarcelona\",\"https:\/\/x.com\/DriveMeBarcelon\",\"https:\/\/instagram.com\/drivemebarcelona\/\",\"https:\/\/es.pinterest.com\/drivemebarca\/\",\"https:\/\/www.youtube.com\/channel\/UCTBEtyrPd6HQ-QlERO84rxQ\"]}]}<\/script>\n<!-- \/ Yoast SEO plugin. -->","yoast_head_json":{"title":"Experiencia Gymkhana - Drive Me Barcelona","description":"Domina la conducci\u00f3n de precisi\u00f3n con nuestros eventos de Gymkhana en coche. Pon a prueba tus habilidades y experimenta la emoci\u00f3n","robots":{"index":"index","follow":"follow","max-snippet":"max-snippet:-1","max-image-preview":"max-image-preview:large","max-video-preview":"max-video-preview:-1"},"canonical":"https:\/\/www.drivemebarcelona.com\/es\/experiencia-gymkhana\/","og_locale":"es_ES","og_type":"article","og_title":"Experiencia Gymkhana - Drive Me Barcelona","og_description":"Domina la conducci\u00f3n de precisi\u00f3n con nuestros eventos de Gymkhana en coche. Pon a prueba tus habilidades y experimenta la emoci\u00f3n","og_url":"https:\/\/www.drivemebarcelona.com\/es\/experiencia-gymkhana\/","og_site_name":"Drive Me Barcelona","article_publisher":"https:\/\/www.facebook.com\/drivemebarcelona","article_modified_time":"2025-05-15T13:17:33+00:00","schema":{"@context":"https:\/\/schema.org","@graph":[{"@type":"WebPage","@id":"https:\/\/www.drivemebarcelona.com\/es\/experiencia-gymkhana\/","url":"https:\/\/www.drivemebarcelona.com\/es\/experiencia-gymkhana\/","name":"Experiencia Gymkhana - Drive Me Barcelona","isPartOf":{"@id":"https:\/\/www.drivemebarcelona.com\/#website"},"datePublished":"2019-10-07T11:22:46+00:00","dateModified":"2025-05-15T13:17:33+00:00","description":"Domina la conducci\u00f3n de precisi\u00f3n con nuestros eventos de Gymkhana en coche. Pon a prueba tus habilidades y experimenta la emoci\u00f3n","breadcrumb":{"@id":"https:\/\/www.drivemebarcelona.com\/es\/experiencia-gymkhana\/#breadcrumb"},"inLanguage":"es","potentialAction":[{"@type":"ReadAction","target":["https:\/\/www.drivemebarcelona.com\/es\/experiencia-gymkhana\/"]}]},{"@type":"BreadcrumbList","@id":"https:\/\/www.drivemebarcelona.com\/es\/experiencia-gymkhana\/#breadcrumb","itemListElement":[{"@type":"ListItem","position":1,"name":"Home","item":"https:\/\/www.drivemebarcelona.com\/es\/"},{"@type":"ListItem","position":2,"name":"Experiencia Gymkhana"}]},{"@type":"WebSite","@id":"https:\/\/www.drivemebarcelona.com\/#website","url":"https:\/\/www.drivemebarcelona.com\/","name":"Drive Me Barcelona","description":"Conduce un Ferrari en Barcelona","publisher":{"@id":"https:\/\/www.drivemebarcelona.com\/#organization"},"potentialAction":[{"@type":"SearchAction","target":{"@type":"EntryPoint","urlTemplate":"https:\/\/www.drivemebarcelona.com\/?s={search_term_string}"},"query-input":{"@type":"PropertyValueSpecification","valueRequired":true,"valueName":"search_term_string"}}],"inLanguage":"es"},{"@type":"Organization","@id":"https:\/\/www.drivemebarcelona.com\/#organization","name":"Drive Me Barcelona S.L.","url":"https:\/\/www.drivemebarcelona.com\/","logo":{"@type":"ImageObject","inLanguage":"es","@id":"https:\/\/www.drivemebarcelona.com\/#\/schema\/logo\/image\/","url":"https:\/\/www.drivemebarcelona.com\/wp-content\/uploads\/2015\/01\/LOGO-maintenance\u00ae.png","contentUrl":"https:\/\/www.drivemebarcelona.com\/wp-content\/uploads\/2015\/01\/LOGO-maintenance\u00ae.png","width":600,"height":145,"caption":"Drive Me Barcelona S.L."},"image":{"@id":"https:\/\/www.drivemebarcelona.com\/#\/schema\/logo\/image\/"},"sameAs":["https:\/\/www.facebook.com\/drivemebarcelona","https:\/\/x.com\/DriveMeBarcelon","https:\/\/instagram.com\/drivemebarcelona\/","https:\/\/es.pinterest.com\/drivemebarca\/","https:\/\/www.youtube.com\/channel\/UCTBEtyrPd6HQ-QlERO84rxQ"]}]}},"_links":{"self":[{"href":"https:\/\/www.drivemebarcelona.com\/es\/wp-json\/wp\/v2\/pages\/11808"}],"collection":[{"href":"https:\/\/www.drivemebarcelona.com\/es\/wp-json\/wp\/v2\/pages"}],"about":[{"href":"https:\/\/www.drivemebarcelona.com\/es\/wp-json\/wp\/v2\/types\/page"}],"author":[{"embeddable":true,"href":"https:\/\/www.drivemebarcelona.com\/es\/wp-json\/wp\/v2\/users\/2"}],"replies":[{"embeddable":true,"href":"https:\/\/www.drivemebarcelona.com\/es\/wp-json\/wp\/v2\/comments?post=11808"}],"version-history":[{"count":4,"href":"https:\/\/www.drivemebarcelona.com\/es\/wp-json\/wp\/v2\/pages\/11808\/revisions"}],"predecessor-version":[{"id":23132,"href":"https:\/\/www.drivemebarcelona.com\/es\/wp-json\/wp\/v2\/pages\/11808\/revisions\/23132"}],"wp:attachment":[{"href":"https:\/\/www.drivemebarcelona.com\/es\/wp-json\/wp\/v2\/media?parent=11808"}],"curies":[{"name":"wp","href":"https:\/\/api.w.org\/{rel}","templated":true}]}}