{"id":11821,"date":"2019-10-07T13:31:06","date_gmt":"2019-10-07T11:31:06","guid":{"rendered":"http:\/\/japper02.webfactional.com\/vr-racing-experience\/"},"modified":"2025-12-05T13:36:24","modified_gmt":"2025-12-05T12:36:24","slug":"experiencia-sim-racing","status":"publish","type":"page","link":"https:\/\/www.drivemebarcelona.com\/es\/experiencia-sim-racing\/","title":{"rendered":"Experiencia SIM Racing"},"content":{"rendered":"<div class=\"wpb-content-wrapper\">[vc_row full_width=\u00bbstretch_row_content_no_spaces\u00bb fullwidth=\u00bbyes\u00bb el_class=\u00bbheader-experience\u00bb css=\u00bb.vc_custom_1747302135713{margin-bottom: 0px !important;background-image: url(https:\/\/www.drivemebarcelona.com\/wp-content\/uploads\/2025\/05\/Photographygisel-5-1.jpg?id=23097) !important;background-position: center !important;background-repeat: no-repeat !important;background-size: cover !important;}\u00bb el_id=\u00bbfoto_top\u00bb][vc_column][\/vc_column][\/vc_row][vc_row el_class=\u00bbcontainer-breadcrumbs\u00bb][vc_column][vc_raw_html el_id=\u00bbwpseo_breadcrumb\u00bb]JTVCd3BzZW9fYnJlYWRjcnVtYiU1RA==[\/vc_raw_html][\/vc_column][\/vc_row][vc_row el_class=\u00bb.m-intro\u00bb][vc_column][vc_column_text css=\u00bb\u00bb el_class=\u00bbtitulares\u00bb]\n<h1 style=\"text-align: center;\">Experiencia SIM Racing<\/h1>\n<p class=\"h3 sub-title\" style=\"text-align: center;\">A partir de 3 vueltas<\/p>\n[\/vc_column_text][vc_column_text]\n<p class=\"text-intro\" style=\"text-align: center;\">Transp\u00f3rtate a un monoplaza F1 y deja que la energ\u00eda te invada mientras corres hacia la l\u00ednea de meta del Circuit de Barcelona-Catalunya.<\/p>\n[\/vc_column_text][\/vc_column][\/vc_row][vc_row el_class=\u00bbmb-100-r-0&#8243;][vc_column][vc_column_text el_class=\u00bb.mb-40-r\u00bb]\n<h3 style=\"text-align: center;\">Selecciona tu paquete<\/h3>\n[\/vc_column_text][vc_row_inner equal_height=\u00bbyes\u00bb el_class=\u00bbmb-0 row-columns-racing\u00bb][vc_column_inner width=\u00bb1\/3&#8243; offset=\u00bbvc_col-xs-12&#8243;][vc_column_text el_class=\u00bbmb-20&#8243;]\n<h3 style=\"text-align: center;\">Bronze<\/h3>\n[\/vc_column_text][vc_separator color=\u00bbcustom\u00bb border_width=\u00bb3&#8243; accent_color=\u00bb#dadad9&#8243;][vc_column_text css=\u00bb\u00bb el_class=\u00bbmb-30&#8243;]\n<p style=\"text-align: center;\">3 vueltas\u00a0 \u00a0 <strong>15\u20ac<\/strong><\/p>\n[\/vc_column_text][vc_raw_html el_class=\u00bbtext-center\u00bb]JTNDYSUyMGNsYXNzJTNEJTIyYnV0dG9uLWFjb3JkaW9uJTIyJTIwaHJlZiUzRCUyMiUyRmVzJTJGcmVzZXJ2YXIlMkYlM0ZwaWQlM0RQMjVWMFMlMjIlM0VSZXNlcnZhciUzQyUyRmElM0UlMEElM0MlMjEtLSUzQ2ElMjBjbGFzcyUzRCUyMmJ1dHRvbi1hY29yZGlvbiUyMiUyMGhyZWYlM0QlMjIlMjMlMjIlM0VSZXNlcnZhciUzQyUyRmElM0UtLSUzRQ==[\/vc_raw_html][\/vc_column_inner][vc_column_inner width=\u00bb1\/3&#8243; offset=\u00bbvc_col-xs-12&#8243;][vc_column_text el_class=\u00bbmb-20&#8243;]\n<h3 style=\"text-align: center;\">Silver<\/h3>\n[\/vc_column_text][vc_separator color=\u00bbcustom\u00bb border_width=\u00bb3&#8243; accent_color=\u00bb#dadad9&#8243;][vc_column_text css=\u00bb\u00bb el_class=\u00bbmb-30&#8243;]\n<p style=\"text-align: center;\">6 vueltas\u00a0 \u00a0 <strong>25\u20ac<\/strong><\/p>\n[\/vc_column_text][vc_raw_html el_class=\u00bbtext-center\u00bb]JTNDYSUyMGNsYXNzJTNEJTIyYnV0dG9uLWFjb3JkaW9uJTIyJTIwaHJlZiUzRCUyMiUyRmVzJTJGcmVzZXJ2YXIlMkYlM0ZwaWQlM0RQMjVWMFMlMjIlM0VSZXNlcnZhciUzQyUyRmElM0UlMEElM0MlMjEtLSUzQ2ElMjBjbGFzcyUzRCUyMmJ1dHRvbi1hY29yZGlvbiUyMiUyMGhyZWYlM0QlMjIlMjMlMjIlM0VSZXNlcnZhciUzQyUyRmElM0UtLSUzRQ==[\/vc_raw_html][\/vc_column_inner][vc_column_inner width=\u00bb1\/3&#8243; offset=\u00bbvc_col-xs-12&#8243;][vc_column_text el_class=\u00bbmb-20&#8243;]\n<h3 style=\"text-align: center;\">Gold<\/h3>\n[\/vc_column_text][vc_separator color=\u00bbcustom\u00bb border_width=\u00bb3&#8243; accent_color=\u00bb#dadad9&#8243;][vc_column_text css=\u00bb\u00bb el_class=\u00bbmb-30&#8243;]\n<p style=\"text-align: center;\">9 vueltas\u00a0 \u00a0 <strong>30\u20ac<\/strong><\/p>\n[\/vc_column_text][vc_raw_html el_class=\u00bbtext-center\u00bb]JTNDYSUyMGNsYXNzJTNEJTIyYnV0dG9uLWFjb3JkaW9uJTIyJTIwaHJlZiUzRCUyMiUyRmVzJTJGcmVzZXJ2YXIlMkYlM0ZwaWQlM0RQMjVWMFMlMjIlM0VSZXNlcnZhciUzQyUyRmElM0UlMEElM0MlMjEtLSUzQ2ElMjBjbGFzcyUzRCUyMmJ1dHRvbi1hY29yZGlvbiUyMiUyMGhyZWYlM0QlMjIlMjMlMjIlM0VSZXNlcnZhciUzQyUyRmElM0UtLSUzRQ==[\/vc_raw_html][\/vc_column_inner][\/vc_row_inner][\/vc_column][\/vc_row][vc_row full_width=\u00bbstretch_row\u00bb css=\u00bb.vc_custom_1570451805076{background-color: #f5f5f5 !important;}\u00bb el_class=\u00bb.items-container\u00bb][vc_column][vc_row_inner][vc_column_inner width=\u00bb1\/3&#8243;][vc_column_text css=\u00bb\u00bb el_class=\u00bb.check-bullet\u00bb]\n<p class=\"p-check\"><strong class=\"line-block\">Prueba los simuladores de<\/strong> conducci\u00f3n m\u00e1s avanzados del mercado<\/p>\n[\/vc_column_text][\/vc_column_inner][vc_column_inner width=\u00bb1\/3&#8243;][vc_column_text css=\u00bb\u00bb el_class=\u00bb.check-bullet\u00bb]\n<p class=\"p-check\"><strong class=\"line-block\">Elige tu coche y circuito <\/strong>favoritos y l\u00e1nzate directo a la acci\u00f3n.<\/p>\n[\/vc_column_text][\/vc_column_inner][vc_column_inner width=\u00bb1\/3&#8243;][vc_column_text el_class=\u00bb.check-bullet\u00bb]\n<p class=\"p-check\"><strong class=\"line-block\">Experimenta carreras <\/strong> hiperrealistas con sonido envolvente y controles precisos<\/p>\n[\/vc_column_text][\/vc_column_inner][\/vc_row_inner][\/vc_column][\/vc_row][vc_row full_width=\u00bbstretch_row_content_no_spaces\u00bb equal_height=\u00bbyes\u00bb css=\u00bb.vc_custom_1569579886866{margin-top: 0px !important;background-position: center !important;background-repeat: no-repeat !important;background-size: cover !important;}\u00bb el_class=\u00bbmb-40-r\u00bb][vc_column css=\u00bb.vc_custom_1566563505556{margin-top: 0px !important;margin-right: 0px !important;margin-bottom: 0px !important;margin-left: 0px !important;padding-top: 0px !important;padding-right: 40px !important;padding-bottom: 0px !important;padding-left: 40px !important;}\u00bb el_class=\u00bb.text-center-md\u00bb]\n\t\t\t<!-- START VRRacingExperienceslider REVOLUTION SLIDER 6.7.12 --><p class=\"rs-p-wp-fix\"><\/p>\n\t\t\t<rs-module-wrap id=\"rev_slider_71_1_wrapper\" data-source=\"gallery\" style=\"visibility:hidden;background:transparent;padding:0;margin:0px auto;margin-top:0;margin-bottom:0;\">\n\t\t\t\t<rs-module id=\"rev_slider_71_1\" style=\"\" data-version=\"6.7.12\">\n\t\t\t\t\t<rs-slides style=\"overflow: hidden; position: absolute;\">\n\t\t\t\t\t\t<rs-slide style=\"position: absolute;\" data-key=\"rs-522\" data-title=\"Slide\" data-thumb=\"\/\/www.drivemebarcelona.com\/wp-content\/uploads\/2025\/05\/Photographygisel-18-100x50.jpg\" data-anim=\"adpr:false;\" data-in=\"o:0;\" data-out=\"a:false;\">\n\t\t\t\t\t\t\t<img decoding=\"async\" src=\"\/\/www.drivemebarcelona.com\/wp-content\/plugins\/revslider\/sr6\/assets\/assets\/dummy.png\" alt=\"\" title=\"Sim Racing\" width=\"2048\" height=\"997\" class=\"rev-slidebg tp-rs-img rs-lazyload\" data-lazyload=\"\/\/www.drivemebarcelona.com\/wp-content\/uploads\/2025\/05\/Photographygisel-18.jpg\" data-bg=\"p:0% 25%;\" data-no-retina>\n<!---->\t\t\t\t\t<\/rs-slide>\n\t\t\t\t\t\t<rs-slide style=\"position: absolute;\" data-key=\"rs-613\" data-title=\"Slide\" data-thumb=\"\/\/www.drivemebarcelona.com\/wp-content\/uploads\/2025\/05\/Photographygisel-2-1-100x50.jpg\" data-anim=\"adpr:false;\" data-in=\"o:0;\" data-out=\"a:false;\">\n\t\t\t\t\t\t\t<img decoding=\"async\" src=\"\/\/www.drivemebarcelona.com\/wp-content\/plugins\/revslider\/sr6\/assets\/assets\/dummy.png\" alt=\"\" title=\"Sim Racing\" width=\"2048\" height=\"1134\" class=\"rev-slidebg tp-rs-img rs-lazyload\" data-lazyload=\"\/\/www.drivemebarcelona.com\/wp-content\/uploads\/2025\/05\/Photographygisel-2-1.jpg\" data-bg=\"p:0% 25%;\" data-no-retina>\n<!---->\t\t\t\t\t<\/rs-slide>\n\t\t\t\t\t\t<rs-slide style=\"position: absolute;\" data-key=\"rs-616\" data-title=\"Slide\" data-thumb=\"\/\/www.drivemebarcelona.com\/wp-content\/uploads\/2025\/05\/Photographygisel-2-2-100x50.jpg\" data-in=\"o:0;\" data-out=\"a:false;\">\n\t\t\t\t\t\t\t<img decoding=\"async\" src=\"\/\/www.drivemebarcelona.com\/wp-content\/plugins\/revslider\/sr6\/assets\/assets\/dummy.png\" alt=\"\" title=\"SIM Racing\" width=\"2048\" height=\"1136\" class=\"rev-slidebg tp-rs-img rs-lazyload\" data-lazyload=\"\/\/www.drivemebarcelona.com\/wp-content\/uploads\/2025\/05\/Photographygisel-2-2.jpg\" data-no-retina>\n<!---->\t\t\t\t\t<\/rs-slide>\n\t\t\t\t\t<\/rs-slides>\n\t\t\t\t\t<rs-static-layers><!--\n\t\t\t\t\t--><\/rs-static-layers>\n\t\t\t\t<\/rs-module>\n\t\t\t\t<script>\n\t\t\t\t\tsetREVStartSize({c: 'rev_slider_71_1',rl:[1240,1024,778,480],el:[450],gw:[1240],gh:[450],type:'standard',justify:'',layout:'fullwidth',mh:\"0\"});if (window.RS_MODULES!==undefined && window.RS_MODULES.modules!==undefined && window.RS_MODULES.modules[\"revslider711\"]!==undefined) {window.RS_MODULES.modules[\"revslider711\"].once = false;window.revapi71 = undefined;if (window.RS_MODULES.checkMinimal!==undefined) window.RS_MODULES.checkMinimal()}\n\t\t\t\t<\/script>\n\t\t\t<\/rs-module-wrap>\n\t\t\t<!-- END REVOLUTION SLIDER -->\n[\/vc_column][\/vc_row][vc_row full_width=\u00bbstretch_row\u00bb equal_height=\u00bbyes\u00bb content_placement=\u00bbtop\u00bb css=\u00bb.vc_custom_1569613900245{background-position: center !important;background-repeat: no-repeat !important;background-size: cover !important;}\u00bb el_class=\u00bbm-section mt-30&#8243;][vc_column width=\u00bb1\/2&#8243; el_class=\u00bb.col-experience\u00bb css=\u00bb.vc_custom_1568294317484{margin-top: 0px !important;padding-top: 0px !important;}\u00bb][vc_column_text]\n<h2>La experiencia<\/h2>\n[\/vc_column_text][vc_row_inner][vc_column_inner css=\u00bb.vc_custom_1568295379616{margin-bottom: 0px !important;}\u00bb][vc_column_text css=\u00bb\u00bb]Ponte al volante y prep\u00e1rate para una experiencia cargada de adrenalina que <strong>te pone en el centro de la acci\u00f3n<\/strong>.<\/p>\n<p>Disfruta de un entorno totalmente inmersivo donde cada giro, aceleraci\u00f3n y frenada se sienten como en una pista real. Con una <strong>amplia variedad de coches y circuitos para elegir<\/strong>, vivir\u00e1s toda la emoci\u00f3n de las carreras sin moverte de tu asiento. Elige tu coche, selecciona el circuito y pon a prueba tus reflejos y precisi\u00f3n.<\/p>\n<p>Contamos con <strong>diferentes opciones de sesi\u00f3n<\/strong> para que elijas la que mejor se adapte a ti. La <strong>opci\u00f3n Bronze<\/strong> ofrece 7 minutos de conducci\u00f3n din\u00e1mica, ideal para una experiencia r\u00e1pida. La <strong>opci\u00f3n Silver<\/strong> te permite disfrutar de 15 minutos m\u00e1s completos, mientras que la <strong>opci\u00f3n Gold<\/strong> proporciona 25 minutos para quienes buscan una experiencia m\u00e1s prolongada y envolvente.<\/p>\n<p>\u00a1Elijas la opci\u00f3n que elijas, <strong>la diversi\u00f3n y la emoci\u00f3n est\u00e1n garantizadas<\/strong>![\/vc_column_text][\/vc_column_inner][\/vc_row_inner][\/vc_column][vc_column width=\u00bb1\/2&#8243; css=\u00bb.vc_custom_1566815606644{padding-top: 0px !important;padding-bottom: 0px !important;}\u00bb el_class=\u00bb.full-col-res\u00bb][vc_single_image image=\u00bb23106&#8243; img_size=\u00bb450&#215;500&#8243; css=\u00bb.vc_custom_1749025247876{margin-bottom: 0px !important;padding-left: 50px !important;}\u00bb][\/vc_column][\/vc_row][vc_row][vc_column][vc_column_text]\n<p class=\"text-intro\" style=\"text-align: center;\">Es el momento de poder decir:<\/p>\n<h2 style=\"text-align: center;\">\u201cHe conducido un superdeportivo\u201d<\/h2>\n[\/vc_column_text][vc_raw_html el_class=\u00bbtestimonials-container\u00bb]JTVCdGVzdGltb25pYWxfdmlldyUyMGlkJTNEJTIyMTIlMjIlNUQ=[\/vc_raw_html][\/vc_column][\/vc_row][vc_row full_width=\u00bbstretch_row\u00bb equal_height=\u00bbyes\u00bb content_placement=\u00bbmiddle\u00bb disable_element=\u00bbyes\u00bb css=\u00bb.vc_custom_1595398622691{background-color: #f5f5f5 !important;}\u00bb el_class=\u00bb.call-booknow\u00bb][vc_column css=\u00bb.vc_custom_1566470094010{margin-top: 0px !important;margin-bottom: 0px !important;padding-top: 0px !important;padding-bottom: 0px !important;}\u00bb][vc_row_inner content_placement=\u00bbmiddle\u00bb css=\u00bb.vc_custom_1566487487380{margin-top: 0px !important;margin-bottom: 0px !important;padding-top: 0px !important;padding-bottom: 0px !important;}\u00bb][vc_column_inner width=\u00bb3\/4&#8243; css=\u00bb.vc_custom_1568044641958{margin-top: 0px !important;margin-bottom: 0px !important;}\u00bb offset=\u00bbvc_col-lg-9&#8243;][vc_column_text]\n<p class=\"call-text\">Reserva tu Experiencia VR Racing pagando solo 10% ahora<\/p>\n[\/vc_column_text][\/vc_column_inner][vc_column_inner width=\u00bb1\/4&#8243; css=\u00bb.vc_custom_1568044648321{margin-top: 0px !important;margin-bottom: 0px !important;}\u00bb offset=\u00bbvc_col-lg-3&#8243;][vc_btn title=\u00bbRESERVAR\u00bb style=\u00bbcustom\u00bb custom_background=\u00bb#e4231e\u00bb custom_text=\u00bb#ffffff\u00bb shape=\u00bbsquare\u00bb size=\u00bbxs\u00bb align=\u00bbcenter\u00bb css=\u00bb.vc_custom_1571138190869{margin-bottom: 0px !important;}\u00bb el_class=\u00bbbtn-170&#8243;][\/vc_column_inner][\/vc_row_inner][\/vc_column][\/vc_row][vc_row full_width=\u00bbstretch_row_content_no_spaces\u00bb equal_height=\u00bbyes\u00bb css=\u00bb.vc_custom_1566472110053{margin-bottom: 0px !important;}\u00bb][vc_column width=\u00bb1\/2&#8243; el_class=\u00bb.check-column .column-requirements\u00bb][vc_column_text]\n<h2>Requerimientos<\/h2>\n[\/vc_column_text][vc_row_inner][vc_column_inner][vc_column_text css=\u00bb\u00bb]\n<p class=\"p1\">Los jugadores deber\u00e1n ser mayores de 8 a\u00f1os.<\/p>\n[\/vc_column_text][\/vc_column_inner][\/vc_row_inner][\/vc_column][vc_column width=\u00bb1\/2&#8243; css=\u00bb.vc_custom_1566471965898{background-color: #f5f5f5 !important;}\u00bb el_class=\u00bb.check-column .column-included\u00bb][vc_column_text]\n<h2>Incluye<\/h2>\n[\/vc_column_text][vc_row_inner][vc_column_inner][vc_column_text css=\u00bb\u00bb]\n<p class=\"p1\">Experiencia SIM Racing de la duraci\u00f3n elegida<\/p>\n[\/vc_column_text][\/vc_column_inner][\/vc_row_inner][\/vc_column][\/vc_row][vc_row full_width=\u00bbstretch_row_content_no_spaces\u00bb equal_height=\u00bbyes\u00bb][vc_column width=\u00bb1\/3&#8243; css=\u00bb.vc_custom_1566558696220{margin-right: 0px !important;background-color: #f5f5f5 !important;}\u00bb el_class=\u00bb.col-address\u00bb][vc_column_text css=\u00bb\u00bb]\n<h2><span class=\"block-br\">Ubicaci\u00f3n de la experiencia<\/span><\/h2>\n[\/vc_column_text][vc_column_text css=\u00bb\u00bb]\n<h4>Drive Me Barcelona<\/h4>\n<p>C\/ del Dr. Aiguader 5-7, 08003, Barcelona[\/vc_column_text][\/vc_column][vc_column width=\u00bb2\/3&#8243; css=\u00bb.vc_custom_1566472357504{margin-right: 0px !important;margin-left: 0px !important;padding-left: 0px !important;}\u00bb el_class=\u00bb.column-map\u00bb]<div class=\"shortcode-wrapper shortcode-map-embed clearfix\"><div class=\"map-wrapper shadow\"><div class=\"hb-gmap-map\" data-api-key=\"AIzaSyCHWt5xAB624-USPC2jOHIw-ue2hEMQHUw\" data-show-location=\"0\" data-map-level=\"16\" data-map-lat=\"41.38262500067515\" data-map-lng=\"2.1860452011327145\" data-map-img=\"\/wp-content\/uploads\/2015\/03\/drop-pin.png\" data-overlay-color=\"none\" style=\"height:350px;\"><\/div><\/div><\/div>[\/vc_column][\/vc_row]\n<\/div>","protected":false},"excerpt":{"rendered":"<p>[vc_row full_width=\u00bbstretch_row_content_no_spaces\u00bb fullwidth=\u00bbyes\u00bb el_class=\u00bbheader-experience\u00bb css=\u00bb.vc_custom_1747302135713{margin-bottom: 0px !important;background-image: url(https:\/\/www.drivemebarcelona.com\/wp-content\/uploads\/2025\/05\/Photographygisel-5-1.jpg?id=23097) !important;background-position: center !important;background-repeat: no-repeat !important;background-size: cover !important;}\u00bb el_id=\u00bbfoto_top\u00bb][vc_column][\/vc_column][\/vc_row][vc_row el_class=\u00bbcontainer-breadcrumbs\u00bb][vc_column][vc_raw_html el_id=\u00bbwpseo_breadcrumb\u00bb]JTVCd3BzZW9fYnJlYWRjcnVtYiU1RA==[\/vc_raw_html][\/vc_column][\/vc_row][vc_row el_class=\u00bb.m-intro\u00bb][vc_column][vc_column_text css=\u00bb\u00bb el_class=\u00bbtitulares\u00bb] Experiencia SIM Racing A [&hellip;]<\/p>\n","protected":false},"author":2,"featured_media":23112,"parent":0,"menu_order":0,"comment_status":"closed","ping_status":"closed","template":"","meta":{"_acf_changed":false,"footnotes":""},"acf":[],"yoast_head":"<!-- This site is optimized with the Yoast SEO plugin v24.2 - https:\/\/yoast.com\/wordpress\/plugins\/seo\/ -->\n<title>Experiencia SIM Racing - Drive Me Barcelona<\/title>\n<meta name=\"description\" content=\"Experimenta la emoci\u00f3n de los SIM Racing. Sum\u00e9rgete en simulaciones virtuales hiperrealistas, \u00a1donde podr\u00e1s sentir la velocidad!\" \/>\n<meta name=\"robots\" content=\"index, follow, max-snippet:-1, max-image-preview:large, max-video-preview:-1\" \/>\n<link rel=\"canonical\" href=\"https:\/\/www.drivemebarcelona.com\/es\/experiencia-sim-racing\/\" \/>\n<meta property=\"og:locale\" content=\"es_ES\" \/>\n<meta property=\"og:type\" content=\"article\" \/>\n<meta property=\"og:title\" content=\"Experiencia SIM Racing - Drive Me Barcelona\" \/>\n<meta property=\"og:description\" content=\"Experimenta la emoci\u00f3n de los SIM Racing. Sum\u00e9rgete en simulaciones virtuales hiperrealistas, \u00a1donde podr\u00e1s sentir la velocidad!\" \/>\n<meta property=\"og:url\" content=\"https:\/\/www.drivemebarcelona.com\/es\/experiencia-sim-racing\/\" \/>\n<meta property=\"og:site_name\" content=\"Drive Me Barcelona\" \/>\n<meta property=\"article:publisher\" content=\"https:\/\/www.facebook.com\/drivemebarcelona\" \/>\n<meta property=\"article:modified_time\" content=\"2025-12-05T12:36:24+00:00\" \/>\n<meta property=\"og:image\" content=\"https:\/\/www.drivemebarcelona.com\/wp-content\/uploads\/2025\/05\/Photographygisel-2-1.jpg\" \/>\n\t<meta property=\"og:image:width\" content=\"2048\" \/>\n\t<meta property=\"og:image:height\" content=\"1134\" \/>\n\t<meta property=\"og:image:type\" content=\"image\/jpeg\" \/>\n<script type=\"application\/ld+json\" class=\"yoast-schema-graph\">{\"@context\":\"https:\/\/schema.org\",\"@graph\":[{\"@type\":\"WebPage\",\"@id\":\"https:\/\/www.drivemebarcelona.com\/es\/experiencia-sim-racing\/\",\"url\":\"https:\/\/www.drivemebarcelona.com\/es\/experiencia-sim-racing\/\",\"name\":\"Experiencia SIM Racing - Drive Me Barcelona\",\"isPartOf\":{\"@id\":\"https:\/\/www.drivemebarcelona.com\/#website\"},\"primaryImageOfPage\":{\"@id\":\"https:\/\/www.drivemebarcelona.com\/es\/experiencia-sim-racing\/#primaryimage\"},\"image\":{\"@id\":\"https:\/\/www.drivemebarcelona.com\/es\/experiencia-sim-racing\/#primaryimage\"},\"thumbnailUrl\":\"https:\/\/www.drivemebarcelona.com\/wp-content\/uploads\/2025\/05\/Photographygisel-2-1.jpg\",\"datePublished\":\"2019-10-07T11:31:06+00:00\",\"dateModified\":\"2025-12-05T12:36:24+00:00\",\"description\":\"Experimenta la emoci\u00f3n de los SIM Racing. Sum\u00e9rgete en simulaciones virtuales hiperrealistas, \u00a1donde podr\u00e1s sentir la velocidad!\",\"breadcrumb\":{\"@id\":\"https:\/\/www.drivemebarcelona.com\/es\/experiencia-sim-racing\/#breadcrumb\"},\"inLanguage\":\"es\",\"potentialAction\":[{\"@type\":\"ReadAction\",\"target\":[\"https:\/\/www.drivemebarcelona.com\/es\/experiencia-sim-racing\/\"]}]},{\"@type\":\"ImageObject\",\"inLanguage\":\"es\",\"@id\":\"https:\/\/www.drivemebarcelona.com\/es\/experiencia-sim-racing\/#primaryimage\",\"url\":\"https:\/\/www.drivemebarcelona.com\/wp-content\/uploads\/2025\/05\/Photographygisel-2-1.jpg\",\"contentUrl\":\"https:\/\/www.drivemebarcelona.com\/wp-content\/uploads\/2025\/05\/Photographygisel-2-1.jpg\",\"width\":2048,\"height\":1134},{\"@type\":\"BreadcrumbList\",\"@id\":\"https:\/\/www.drivemebarcelona.com\/es\/experiencia-sim-racing\/#breadcrumb\",\"itemListElement\":[{\"@type\":\"ListItem\",\"position\":1,\"name\":\"Home\",\"item\":\"https:\/\/www.drivemebarcelona.com\/es\/\"},{\"@type\":\"ListItem\",\"position\":2,\"name\":\"Experiencia SIM Racing\"}]},{\"@type\":\"WebSite\",\"@id\":\"https:\/\/www.drivemebarcelona.com\/#website\",\"url\":\"https:\/\/www.drivemebarcelona.com\/\",\"name\":\"Drive Me Barcelona\",\"description\":\"Conduce un Ferrari en Barcelona\",\"publisher\":{\"@id\":\"https:\/\/www.drivemebarcelona.com\/#organization\"},\"potentialAction\":[{\"@type\":\"SearchAction\",\"target\":{\"@type\":\"EntryPoint\",\"urlTemplate\":\"https:\/\/www.drivemebarcelona.com\/?s={search_term_string}\"},\"query-input\":{\"@type\":\"PropertyValueSpecification\",\"valueRequired\":true,\"valueName\":\"search_term_string\"}}],\"inLanguage\":\"es\"},{\"@type\":\"Organization\",\"@id\":\"https:\/\/www.drivemebarcelona.com\/#organization\",\"name\":\"Drive Me Barcelona S.L.\",\"url\":\"https:\/\/www.drivemebarcelona.com\/\",\"logo\":{\"@type\":\"ImageObject\",\"inLanguage\":\"es\",\"@id\":\"https:\/\/www.drivemebarcelona.com\/#\/schema\/logo\/image\/\",\"url\":\"https:\/\/www.drivemebarcelona.com\/wp-content\/uploads\/2015\/01\/LOGO-maintenance\u00ae.png\",\"contentUrl\":\"https:\/\/www.drivemebarcelona.com\/wp-content\/uploads\/2015\/01\/LOGO-maintenance\u00ae.png\",\"width\":600,\"height\":145,\"caption\":\"Drive Me Barcelona S.L.\"},\"image\":{\"@id\":\"https:\/\/www.drivemebarcelona.com\/#\/schema\/logo\/image\/\"},\"sameAs\":[\"https:\/\/www.facebook.com\/drivemebarcelona\",\"https:\/\/x.com\/DriveMeBarcelon\",\"https:\/\/instagram.com\/drivemebarcelona\/\",\"https:\/\/es.pinterest.com\/drivemebarca\/\",\"https:\/\/www.youtube.com\/channel\/UCTBEtyrPd6HQ-QlERO84rxQ\"]}]}<\/script>\n<!-- \/ Yoast SEO plugin. -->","yoast_head_json":{"title":"Experiencia SIM Racing - Drive Me Barcelona","description":"Experimenta la emoci\u00f3n de los SIM Racing. Sum\u00e9rgete en simulaciones virtuales hiperrealistas, \u00a1donde podr\u00e1s sentir la velocidad!","robots":{"index":"index","follow":"follow","max-snippet":"max-snippet:-1","max-image-preview":"max-image-preview:large","max-video-preview":"max-video-preview:-1"},"canonical":"https:\/\/www.drivemebarcelona.com\/es\/experiencia-sim-racing\/","og_locale":"es_ES","og_type":"article","og_title":"Experiencia SIM Racing - Drive Me Barcelona","og_description":"Experimenta la emoci\u00f3n de los SIM Racing. Sum\u00e9rgete en simulaciones virtuales hiperrealistas, \u00a1donde podr\u00e1s sentir la velocidad!","og_url":"https:\/\/www.drivemebarcelona.com\/es\/experiencia-sim-racing\/","og_site_name":"Drive Me Barcelona","article_publisher":"https:\/\/www.facebook.com\/drivemebarcelona","article_modified_time":"2025-12-05T12:36:24+00:00","og_image":[{"width":2048,"height":1134,"url":"https:\/\/www.drivemebarcelona.com\/wp-content\/uploads\/2025\/05\/Photographygisel-2-1.jpg","type":"image\/jpeg"}],"schema":{"@context":"https:\/\/schema.org","@graph":[{"@type":"WebPage","@id":"https:\/\/www.drivemebarcelona.com\/es\/experiencia-sim-racing\/","url":"https:\/\/www.drivemebarcelona.com\/es\/experiencia-sim-racing\/","name":"Experiencia SIM Racing - Drive Me Barcelona","isPartOf":{"@id":"https:\/\/www.drivemebarcelona.com\/#website"},"primaryImageOfPage":{"@id":"https:\/\/www.drivemebarcelona.com\/es\/experiencia-sim-racing\/#primaryimage"},"image":{"@id":"https:\/\/www.drivemebarcelona.com\/es\/experiencia-sim-racing\/#primaryimage"},"thumbnailUrl":"https:\/\/www.drivemebarcelona.com\/wp-content\/uploads\/2025\/05\/Photographygisel-2-1.jpg","datePublished":"2019-10-07T11:31:06+00:00","dateModified":"2025-12-05T12:36:24+00:00","description":"Experimenta la emoci\u00f3n de los SIM Racing. Sum\u00e9rgete en simulaciones virtuales hiperrealistas, \u00a1donde podr\u00e1s sentir la velocidad!","breadcrumb":{"@id":"https:\/\/www.drivemebarcelona.com\/es\/experiencia-sim-racing\/#breadcrumb"},"inLanguage":"es","potentialAction":[{"@type":"ReadAction","target":["https:\/\/www.drivemebarcelona.com\/es\/experiencia-sim-racing\/"]}]},{"@type":"ImageObject","inLanguage":"es","@id":"https:\/\/www.drivemebarcelona.com\/es\/experiencia-sim-racing\/#primaryimage","url":"https:\/\/www.drivemebarcelona.com\/wp-content\/uploads\/2025\/05\/Photographygisel-2-1.jpg","contentUrl":"https:\/\/www.drivemebarcelona.com\/wp-content\/uploads\/2025\/05\/Photographygisel-2-1.jpg","width":2048,"height":1134},{"@type":"BreadcrumbList","@id":"https:\/\/www.drivemebarcelona.com\/es\/experiencia-sim-racing\/#breadcrumb","itemListElement":[{"@type":"ListItem","position":1,"name":"Home","item":"https:\/\/www.drivemebarcelona.com\/es\/"},{"@type":"ListItem","position":2,"name":"Experiencia SIM Racing"}]},{"@type":"WebSite","@id":"https:\/\/www.drivemebarcelona.com\/#website","url":"https:\/\/www.drivemebarcelona.com\/","name":"Drive Me Barcelona","description":"Conduce un Ferrari en Barcelona","publisher":{"@id":"https:\/\/www.drivemebarcelona.com\/#organization"},"potentialAction":[{"@type":"SearchAction","target":{"@type":"EntryPoint","urlTemplate":"https:\/\/www.drivemebarcelona.com\/?s={search_term_string}"},"query-input":{"@type":"PropertyValueSpecification","valueRequired":true,"valueName":"search_term_string"}}],"inLanguage":"es"},{"@type":"Organization","@id":"https:\/\/www.drivemebarcelona.com\/#organization","name":"Drive Me Barcelona S.L.","url":"https:\/\/www.drivemebarcelona.com\/","logo":{"@type":"ImageObject","inLanguage":"es","@id":"https:\/\/www.drivemebarcelona.com\/#\/schema\/logo\/image\/","url":"https:\/\/www.drivemebarcelona.com\/wp-content\/uploads\/2015\/01\/LOGO-maintenance\u00ae.png","contentUrl":"https:\/\/www.drivemebarcelona.com\/wp-content\/uploads\/2015\/01\/LOGO-maintenance\u00ae.png","width":600,"height":145,"caption":"Drive Me Barcelona S.L."},"image":{"@id":"https:\/\/www.drivemebarcelona.com\/#\/schema\/logo\/image\/"},"sameAs":["https:\/\/www.facebook.com\/drivemebarcelona","https:\/\/x.com\/DriveMeBarcelon","https:\/\/instagram.com\/drivemebarcelona\/","https:\/\/es.pinterest.com\/drivemebarca\/","https:\/\/www.youtube.com\/channel\/UCTBEtyrPd6HQ-QlERO84rxQ"]}]}},"_links":{"self":[{"href":"https:\/\/www.drivemebarcelona.com\/es\/wp-json\/wp\/v2\/pages\/11821"}],"collection":[{"href":"https:\/\/www.drivemebarcelona.com\/es\/wp-json\/wp\/v2\/pages"}],"about":[{"href":"https:\/\/www.drivemebarcelona.com\/es\/wp-json\/wp\/v2\/types\/page"}],"author":[{"embeddable":true,"href":"https:\/\/www.drivemebarcelona.com\/es\/wp-json\/wp\/v2\/users\/2"}],"replies":[{"embeddable":true,"href":"https:\/\/www.drivemebarcelona.com\/es\/wp-json\/wp\/v2\/comments?post=11821"}],"version-history":[{"count":6,"href":"https:\/\/www.drivemebarcelona.com\/es\/wp-json\/wp\/v2\/pages\/11821\/revisions"}],"predecessor-version":[{"id":24177,"href":"https:\/\/www.drivemebarcelona.com\/es\/wp-json\/wp\/v2\/pages\/11821\/revisions\/24177"}],"wp:featuredmedia":[{"embeddable":true,"href":"https:\/\/www.drivemebarcelona.com\/es\/wp-json\/wp\/v2\/media\/23112"}],"wp:attachment":[{"href":"https:\/\/www.drivemebarcelona.com\/es\/wp-json\/wp\/v2\/media?parent=11821"}],"curies":[{"name":"wp","href":"https:\/\/api.w.org\/{rel}","templated":true}]}}