{"id":12107,"date":"2019-10-24T10:42:13","date_gmt":"2019-10-24T08:42:13","guid":{"rendered":"http:\/\/japper02.webfactional.com\/ferrari-488-spider\/"},"modified":"2025-05-02T14:03:57","modified_gmt":"2025-05-02T12:03:57","slug":"ferrari-488-spider","status":"publish","type":"page","link":"https:\/\/www.drivemebarcelona.com\/es\/ferrari-488-spider\/","title":{"rendered":"Ferrari 488 Spider"},"content":{"rendered":"<div class=\"wpb-content-wrapper\">[vc_row full_width=\u00bbstretch_row_content_no_spaces\u00bb fullwidth=\u00bbyes\u00bb el_class=\u00bb.header-product\u00bb css=\u00bb.vc_custom_1574769965912{background-image: url(\/wp-content\/uploads\/2019\/11\/01-Ferrari-Spider-header-10.jpg?id=12679) !important;background-position: center !important;background-repeat: no-repeat !important;background-size: cover !important;}\u00bb][vc_column][\/vc_column][\/vc_row][vc_row el_class=\u00bbcontainer-breadcrumbs\u00bb][vc_column][vc_raw_html el_id=\u00bbwpseo_breadcrumb\u00bb]JTVCd3BzZW9fYnJlYWRjcnVtYiU1RA==[\/vc_raw_html][\/vc_column][\/vc_row][vc_row el_class=\u00bb.m-intro mb-70-r\u00bb][vc_column][vc_column_text css=\u00bb\u00bb el_class=\u00bbtitulares mb-20&#8243;]\n<h1 style=\"text-align: center;\">Ferrari 488 Spider<\/h1>\n[\/vc_column_text][vc_column_text el_class=\u00bbmb-70&#8243;]\n<h3 class=\"text-from\" style=\"text-align: center;\">2horas desde 622\u20ac<\/h3>\n[\/vc_column_text][vc_column_text el_class=\u00bbcontainer-block\u00bb]\n<p class=\"text-intro\" style=\"text-align: center;\">Majestuoso y exuberante. Solo con mirarlo te quita el aliento. Las sensaciones que es capaz de transmitir esta joya del dise\u00f1o y la mec\u00e1nica pueden llegar a agotar los calificativos. Y es que la espectacular belleza de este superdeportivo est\u00e1 al mismo nivel que su capacidad para imantar miradas.<\/p>\n[\/vc_column_text][vc_btn title=\u00bbALQUILAR AHORA\u00bb style=\u00bbcustom\u00bb custom_background=\u00bb#e4231e\u00bb custom_text=\u00bb#ffffff\u00bb shape=\u00bbsquare\u00bb size=\u00bbxs\u00bb align=\u00bbcenter\u00bb css=\u00bb.vc_custom_1571922380126{margin-bottom: 0px !important;}\u00bb el_class=\u00bbbtn-170&#8243; link=\u00bburl:%23reservation|title:%23reservation||\u00bb][\/vc_column][\/vc_row][vc_row full_width=\u00bbstretch_row\u00bb css=\u00bb.vc_custom_1570441669385{margin-top: 0px !important;background-color: #f5f5f5 !important;}\u00bb el_class=\u00bb.section-bg .section-info\u00bb][vc_column][vc_row_inner][vc_column_inner el_class=\u00bb.section-info-col\u00bb width=\u00bb1\/3&#8243; offset=\u00bbvc_col-xs-4&#8243;][vc_column_text el_class=\u00bb.check-bullet\u00bb]\n<p class=\"section-info-title\">ACCELERACI\u00d3N<\/p>\n<p class=\"section-info-data\">3,0 sec<\/p>\n<p class=\"section-info-subdata\">0-100 km\/h<\/p>\n[\/vc_column_text][\/vc_column_inner][vc_column_inner el_class=\u00bb.section-info-col\u00bb width=\u00bb1\/3&#8243; offset=\u00bbvc_col-xs-4&#8243;][vc_column_text el_class=\u00bb.check-bullet\u00bb]\n<p class=\"section-info-title\">POTENCIA<\/p>\n<p class=\"section-info-data\">670HP<\/p>\n<p class=\"section-info-subdata\">Motor V8 4.499cc<\/p>\n[\/vc_column_text][\/vc_column_inner][vc_column_inner el_class=\u00bb.section-info-col\u00bb width=\u00bb1\/3&#8243; offset=\u00bbvc_col-xs-4&#8243;][vc_column_text el_class=\u00bb.check-bullet\u00bb]\n<p class=\"section-info-title\">ASIENTOS<\/p>\n<p class=\"section-info-data\">2<\/p>\n<p class=\"section-info-subdata\">Standard<\/p>\n[\/vc_column_text][\/vc_column_inner][\/vc_row_inner][\/vc_column][\/vc_row][vc_row full_width=\u00bbstretch_row\u00bb equal_height=\u00bbyes\u00bb css=\u00bb.vc_custom_1566394773610{background-position: center !important;background-repeat: no-repeat !important;background-size: cover !important;}\u00bb][vc_column][vc_row_inner el_class=\u00bbmb-40-r\u00bb][vc_column_inner width=\u00bb1\/2&#8243;][vc_column_text]\n<h3>La esencia de la grandeza<\/h3>\n<p>Su esbelta l\u00ednea y sus ap\u00e9ndices aerodin\u00e1micos en la espalda bastan para hacer que, indiscutiblemente, sea uno de los cavallinos m\u00e1s bonitos y agresivos de los \u00faltimos tiempos. Algunos de los aspectos visuales m\u00e1s destacables son: un difusor trasero con aletas variables, el Aero Pilar central y un aler\u00f3n soplado brillantemente elegante, igual que en el GTB, para una carga aerodin\u00e1mica m\u00e1xima.[\/vc_column_text][\/vc_column_inner][vc_column_inner width=\u00bb1\/2&#8243;][vc_column_text]\n<h3>Una cabina como ninguna otra<\/h3>\n<p>Pi\u00e9rdete en la elegante y envolvente cabina, donde encontrar\u00e1s un volante inspirado en los coches de F\u00f3rmula 1 con el famoso manettino en el lado inferior derecho que eleva la experiencia de conducci\u00f3n a otro nivel.[\/vc_column_text][\/vc_column_inner][\/vc_row_inner][vc_row_inner][vc_column_inner width=\u00bb1\/2&#8243;][vc_column_text]\n<h3>El orgullo de un legado<\/h3>\n<p>Estamos delante de una definitivamente profunda actualizaci\u00f3n de su predecesor, el Ferrari 458 Italia. El 488 contin\u00faa una l\u00ednea de sangre que comenz\u00f3 con el 308 GTB de 1975, pero con este avance tecnol\u00f3gico despiadado se obtiene un resultado sobresaliente: su rendimiento colosal.[\/vc_column_text][\/vc_column_inner][vc_column_inner width=\u00bb1\/2&#8243;][vc_column_text]\n<h3>Si\u00e9ntete como un profesional<\/h3>\n<p>Sobre todo, la parte m\u00e1s impresionante es la conducci\u00f3n del 488 Spider. Los amortiguadores magn\u00e9ticos destacan por su trabajo, manteniendo todo atado mientras filtra las superficies rugosas. Definitivamente hace que cualquiera se sienta como un piloto profesional de F1.[\/vc_column_text][\/vc_column_inner][\/vc_row_inner][\/vc_column][\/vc_row][vc_row full_width=\u00bbstretch_row\u00bb content_placement=\u00bbmiddle\u00bb el_class=\u00bbrow-reservation mb-40&#8243;][vc_column css=\u00bb.vc_custom_1722005031586{padding-top: 35px !important;}\u00bb][vc_column_text css=\u00bb.vc_custom_1722004934263{margin-top: -10px !important;}\u00bb]\n<h2 style=\"text-align: center;\"><strong>Alquilar Ferrari 488 Spider<\/strong><\/h2>\n<p style=\"text-align: center;\"><em>Este modelo no se encuentra actualmente disponible.<\/em><\/p>\n<div id=\"texto\" style=\"text-align: center;\"><span style=\"color: #ff0000;\"><a style=\"color: #ff0000;\" href=\"\/es\/flota\">Ver flota de coches<\/a>\u00a0<\/span>|<span style=\"color: #ff0000;\"> <a style=\"color: #ff0000;\" href=\"https:\/\/www.drivemebarcelona.com\/es\/experiencias\/\">Ver experiencias de conducci\u00f3n<\/a><\/span><\/div>\n[\/vc_column_text][\/vc_column][\/vc_row][vc_row full_width=\u00bbstretch_row\u00bb equal_height=\u00bbyes\u00bb fullwidth=\u00bbyes\u00bb css=\u00bb.vc_custom_1570443780434{background-position: center !important;background-repeat: no-repeat !important;background-size: cover !important;}\u00bb el_class=\u00bbslider-full mb-70-r\u00bb][vc_column css=\u00bb.vc_custom_1566822548185{margin-bottom: 0px !important;}\u00bb el_class=\u00bb.text-center-md\u00bb][rev_slider_vc alias=\u00bbferrari-488-spider\u00bb][\/vc_column][\/vc_row][vc_row full_width=\u00bbstretch_row\u00bb content_placement=\u00bbmiddle\u00bb disable_element=\u00bbyes\u00bb css=\u00bb.vc_custom_1595396845849{background-color: #f5f5f5 !important;}\u00bb el_class=\u00bb.call-booknow\u00bb][vc_column][vc_row_inner content_placement=\u00bbmiddle\u00bb css=\u00bb.vc_custom_1568628819794{margin-top: 0px !important;margin-bottom: 0px !important;padding-top: 0px !important;padding-bottom: 0px !important;}\u00bb][vc_column_inner width=\u00bb2\/3&#8243; offset=\u00bbvc_col-lg-10 vc_col-md-8&#8243; css=\u00bb.vc_custom_1566824921568{margin-top: 0px !important;margin-bottom: 0px !important;}\u00bb][vc_column_text]\n<p class=\"call-text\">Alquila un Ferrari 488 Spider pagando solo el 10% ahora<\/p>\n[\/vc_column_text][\/vc_column_inner][vc_column_inner width=\u00bb1\/3&#8243; offset=\u00bbvc_col-lg-2 vc_col-md-4&#8243; css=\u00bb.vc_custom_1566824927299{margin-top: 0px !important;margin-bottom: 0px !important;}\u00bb][vc_btn title=\u00bbALQUILAR AHORA\u00bb style=\u00bbcustom\u00bb custom_background=\u00bb#e4231e\u00bb custom_text=\u00bb#ffffff\u00bb shape=\u00bbsquare\u00bb size=\u00bbxs\u00bb align=\u00bbcenter\u00bb css=\u00bb.vc_custom_1571922699574{margin-bottom: 0px !important;}\u00bb el_class=\u00bbbtn-170&#8243; link=\u00bburl:%23reservation|title:%23reservation||\u00bb][\/vc_column_inner][\/vc_row_inner][\/vc_column][\/vc_row][vc_row el_class=\u00bb.container-block mb-70-r\u00bb][vc_column width=\u00bb1\/2&#8243;][vc_column_text el_class=\u00bb.testimonial-titular\u00bb]\n<h3>M\u00fasica para tus o\u00eddos:<\/h3>\n<p>Nunca has o\u00eddo algo as\u00ed. Nuestro Ferrari 488 Spider viene con un sistema de escape Akrapovic completo que no solo aumenta el rendimiento, sino que ofrece una melod\u00eda intoxicante sin igual que infunde el profundo sonido del ya potente motor V8 con la inimitable nota Akrapovic.[\/vc_column_text][\/vc_column][vc_column width=\u00bb1\/2&#8243;][vc_single_image image=\u00bb12057&#8243; img_size=\u00bbfull\u00bb alignment=\u00bbcenter\u00bb][\/vc_column][\/vc_row]\n<\/div>","protected":false},"excerpt":{"rendered":"<p>[vc_row full_width=\u00bbstretch_row_content_no_spaces\u00bb fullwidth=\u00bbyes\u00bb el_class=\u00bb.header-product\u00bb css=\u00bb.vc_custom_1574769965912{background-image: url(\/wp-content\/uploads\/2019\/11\/01-Ferrari-Spider-header-10.jpg?id=12679) !important;background-position: center !important;background-repeat: no-repeat !important;background-size: cover !important;}\u00bb][vc_column][\/vc_column][\/vc_row][vc_row el_class=\u00bbcontainer-breadcrumbs\u00bb][vc_column][vc_raw_html el_id=\u00bbwpseo_breadcrumb\u00bb]JTVCd3BzZW9fYnJlYWRjcnVtYiU1RA==[\/vc_raw_html][\/vc_column][\/vc_row][vc_row el_class=\u00bb.m-intro mb-70-r\u00bb][vc_column][vc_column_text css=\u00bb\u00bb el_class=\u00bbtitulares mb-20&#8243;] Ferrari 488 Spider [\/vc_column_text][vc_column_text el_class=\u00bbmb-70&#8243;] [&hellip;]<\/p>\n","protected":false},"author":2,"featured_media":0,"parent":0,"menu_order":0,"comment_status":"closed","ping_status":"closed","template":"","meta":{"_acf_changed":false,"footnotes":""},"acf":[],"yoast_head":"<!-- This site is optimized with the Yoast SEO plugin v24.2 - https:\/\/yoast.com\/wordpress\/plugins\/seo\/ -->\n<title>Ferrari 488 Spider - Drive Me Barcelona<\/title>\n<meta name=\"description\" content=\"Descubre el Ferrari 488 Spider: un \u00edcono de velocidad y elegancia. Disfruta de la experiencia de conducci\u00f3n abierta con su motor potente, dise\u00f1o aerodin\u00e1mico y tecnolog\u00eda avanzada.\" \/>\n<meta name=\"robots\" content=\"index, follow, max-snippet:-1, max-image-preview:large, max-video-preview:-1\" \/>\n<link rel=\"canonical\" href=\"https:\/\/www.drivemebarcelona.com\/es\/ferrari-488-spider\/\" \/>\n<meta property=\"og:locale\" content=\"es_ES\" \/>\n<meta property=\"og:type\" content=\"article\" \/>\n<meta property=\"og:title\" content=\"Ferrari 488 Spider - Drive Me Barcelona\" \/>\n<meta property=\"og:description\" content=\"Descubre el Ferrari 488 Spider: un \u00edcono de velocidad y elegancia. Disfruta de la experiencia de conducci\u00f3n abierta con su motor potente, dise\u00f1o aerodin\u00e1mico y tecnolog\u00eda avanzada.\" \/>\n<meta property=\"og:url\" content=\"https:\/\/www.drivemebarcelona.com\/es\/ferrari-488-spider\/\" \/>\n<meta property=\"og:site_name\" content=\"Drive Me Barcelona\" \/>\n<meta property=\"article:publisher\" content=\"https:\/\/www.facebook.com\/drivemebarcelona\" \/>\n<meta property=\"article:modified_time\" content=\"2025-05-02T12:03:57+00:00\" \/>\n<script type=\"application\/ld+json\" class=\"yoast-schema-graph\">{\"@context\":\"https:\/\/schema.org\",\"@graph\":[{\"@type\":\"WebPage\",\"@id\":\"https:\/\/www.drivemebarcelona.com\/es\/ferrari-488-spider\/\",\"url\":\"https:\/\/www.drivemebarcelona.com\/es\/ferrari-488-spider\/\",\"name\":\"Ferrari 488 Spider - Drive Me Barcelona\",\"isPartOf\":{\"@id\":\"https:\/\/www.drivemebarcelona.com\/#website\"},\"datePublished\":\"2019-10-24T08:42:13+00:00\",\"dateModified\":\"2025-05-02T12:03:57+00:00\",\"description\":\"Descubre el Ferrari 488 Spider: un \u00edcono de velocidad y elegancia. Disfruta de la experiencia de conducci\u00f3n abierta con su motor potente, dise\u00f1o aerodin\u00e1mico y tecnolog\u00eda avanzada.\",\"breadcrumb\":{\"@id\":\"https:\/\/www.drivemebarcelona.com\/es\/ferrari-488-spider\/#breadcrumb\"},\"inLanguage\":\"es\",\"potentialAction\":[{\"@type\":\"ReadAction\",\"target\":[\"https:\/\/www.drivemebarcelona.com\/es\/ferrari-488-spider\/\"]}]},{\"@type\":\"BreadcrumbList\",\"@id\":\"https:\/\/www.drivemebarcelona.com\/es\/ferrari-488-spider\/#breadcrumb\",\"itemListElement\":[{\"@type\":\"ListItem\",\"position\":1,\"name\":\"Home\",\"item\":\"https:\/\/www.drivemebarcelona.com\/es\/\"},{\"@type\":\"ListItem\",\"position\":2,\"name\":\"Ferrari 488 Spider\"}]},{\"@type\":\"WebSite\",\"@id\":\"https:\/\/www.drivemebarcelona.com\/#website\",\"url\":\"https:\/\/www.drivemebarcelona.com\/\",\"name\":\"Drive Me Barcelona\",\"description\":\"Conduce un Ferrari en Barcelona\",\"publisher\":{\"@id\":\"https:\/\/www.drivemebarcelona.com\/#organization\"},\"potentialAction\":[{\"@type\":\"SearchAction\",\"target\":{\"@type\":\"EntryPoint\",\"urlTemplate\":\"https:\/\/www.drivemebarcelona.com\/?s={search_term_string}\"},\"query-input\":{\"@type\":\"PropertyValueSpecification\",\"valueRequired\":true,\"valueName\":\"search_term_string\"}}],\"inLanguage\":\"es\"},{\"@type\":\"Organization\",\"@id\":\"https:\/\/www.drivemebarcelona.com\/#organization\",\"name\":\"Drive Me Barcelona S.L.\",\"url\":\"https:\/\/www.drivemebarcelona.com\/\",\"logo\":{\"@type\":\"ImageObject\",\"inLanguage\":\"es\",\"@id\":\"https:\/\/www.drivemebarcelona.com\/#\/schema\/logo\/image\/\",\"url\":\"https:\/\/www.drivemebarcelona.com\/wp-content\/uploads\/2015\/01\/LOGO-maintenance\u00ae.png\",\"contentUrl\":\"https:\/\/www.drivemebarcelona.com\/wp-content\/uploads\/2015\/01\/LOGO-maintenance\u00ae.png\",\"width\":600,\"height\":145,\"caption\":\"Drive Me Barcelona S.L.\"},\"image\":{\"@id\":\"https:\/\/www.drivemebarcelona.com\/#\/schema\/logo\/image\/\"},\"sameAs\":[\"https:\/\/www.facebook.com\/drivemebarcelona\",\"https:\/\/x.com\/DriveMeBarcelon\",\"https:\/\/instagram.com\/drivemebarcelona\/\",\"https:\/\/es.pinterest.com\/drivemebarca\/\",\"https:\/\/www.youtube.com\/channel\/UCTBEtyrPd6HQ-QlERO84rxQ\"]}]}<\/script>\n<!-- \/ Yoast SEO plugin. -->","yoast_head_json":{"title":"Ferrari 488 Spider - Drive Me Barcelona","description":"Descubre el Ferrari 488 Spider: un \u00edcono de velocidad y elegancia. Disfruta de la experiencia de conducci\u00f3n abierta con su motor potente, dise\u00f1o aerodin\u00e1mico y tecnolog\u00eda avanzada.","robots":{"index":"index","follow":"follow","max-snippet":"max-snippet:-1","max-image-preview":"max-image-preview:large","max-video-preview":"max-video-preview:-1"},"canonical":"https:\/\/www.drivemebarcelona.com\/es\/ferrari-488-spider\/","og_locale":"es_ES","og_type":"article","og_title":"Ferrari 488 Spider - Drive Me Barcelona","og_description":"Descubre el Ferrari 488 Spider: un \u00edcono de velocidad y elegancia. Disfruta de la experiencia de conducci\u00f3n abierta con su motor potente, dise\u00f1o aerodin\u00e1mico y tecnolog\u00eda avanzada.","og_url":"https:\/\/www.drivemebarcelona.com\/es\/ferrari-488-spider\/","og_site_name":"Drive Me Barcelona","article_publisher":"https:\/\/www.facebook.com\/drivemebarcelona","article_modified_time":"2025-05-02T12:03:57+00:00","schema":{"@context":"https:\/\/schema.org","@graph":[{"@type":"WebPage","@id":"https:\/\/www.drivemebarcelona.com\/es\/ferrari-488-spider\/","url":"https:\/\/www.drivemebarcelona.com\/es\/ferrari-488-spider\/","name":"Ferrari 488 Spider - Drive Me Barcelona","isPartOf":{"@id":"https:\/\/www.drivemebarcelona.com\/#website"},"datePublished":"2019-10-24T08:42:13+00:00","dateModified":"2025-05-02T12:03:57+00:00","description":"Descubre el Ferrari 488 Spider: un \u00edcono de velocidad y elegancia. Disfruta de la experiencia de conducci\u00f3n abierta con su motor potente, dise\u00f1o aerodin\u00e1mico y tecnolog\u00eda avanzada.","breadcrumb":{"@id":"https:\/\/www.drivemebarcelona.com\/es\/ferrari-488-spider\/#breadcrumb"},"inLanguage":"es","potentialAction":[{"@type":"ReadAction","target":["https:\/\/www.drivemebarcelona.com\/es\/ferrari-488-spider\/"]}]},{"@type":"BreadcrumbList","@id":"https:\/\/www.drivemebarcelona.com\/es\/ferrari-488-spider\/#breadcrumb","itemListElement":[{"@type":"ListItem","position":1,"name":"Home","item":"https:\/\/www.drivemebarcelona.com\/es\/"},{"@type":"ListItem","position":2,"name":"Ferrari 488 Spider"}]},{"@type":"WebSite","@id":"https:\/\/www.drivemebarcelona.com\/#website","url":"https:\/\/www.drivemebarcelona.com\/","name":"Drive Me Barcelona","description":"Conduce un Ferrari en Barcelona","publisher":{"@id":"https:\/\/www.drivemebarcelona.com\/#organization"},"potentialAction":[{"@type":"SearchAction","target":{"@type":"EntryPoint","urlTemplate":"https:\/\/www.drivemebarcelona.com\/?s={search_term_string}"},"query-input":{"@type":"PropertyValueSpecification","valueRequired":true,"valueName":"search_term_string"}}],"inLanguage":"es"},{"@type":"Organization","@id":"https:\/\/www.drivemebarcelona.com\/#organization","name":"Drive Me Barcelona S.L.","url":"https:\/\/www.drivemebarcelona.com\/","logo":{"@type":"ImageObject","inLanguage":"es","@id":"https:\/\/www.drivemebarcelona.com\/#\/schema\/logo\/image\/","url":"https:\/\/www.drivemebarcelona.com\/wp-content\/uploads\/2015\/01\/LOGO-maintenance\u00ae.png","contentUrl":"https:\/\/www.drivemebarcelona.com\/wp-content\/uploads\/2015\/01\/LOGO-maintenance\u00ae.png","width":600,"height":145,"caption":"Drive Me Barcelona S.L."},"image":{"@id":"https:\/\/www.drivemebarcelona.com\/#\/schema\/logo\/image\/"},"sameAs":["https:\/\/www.facebook.com\/drivemebarcelona","https:\/\/x.com\/DriveMeBarcelon","https:\/\/instagram.com\/drivemebarcelona\/","https:\/\/es.pinterest.com\/drivemebarca\/","https:\/\/www.youtube.com\/channel\/UCTBEtyrPd6HQ-QlERO84rxQ"]}]}},"_links":{"self":[{"href":"https:\/\/www.drivemebarcelona.com\/es\/wp-json\/wp\/v2\/pages\/12107"}],"collection":[{"href":"https:\/\/www.drivemebarcelona.com\/es\/wp-json\/wp\/v2\/pages"}],"about":[{"href":"https:\/\/www.drivemebarcelona.com\/es\/wp-json\/wp\/v2\/types\/page"}],"author":[{"embeddable":true,"href":"https:\/\/www.drivemebarcelona.com\/es\/wp-json\/wp\/v2\/users\/2"}],"replies":[{"embeddable":true,"href":"https:\/\/www.drivemebarcelona.com\/es\/wp-json\/wp\/v2\/comments?post=12107"}],"version-history":[{"count":1,"href":"https:\/\/www.drivemebarcelona.com\/es\/wp-json\/wp\/v2\/pages\/12107\/revisions"}],"predecessor-version":[{"id":22761,"href":"https:\/\/www.drivemebarcelona.com\/es\/wp-json\/wp\/v2\/pages\/12107\/revisions\/22761"}],"wp:attachment":[{"href":"https:\/\/www.drivemebarcelona.com\/es\/wp-json\/wp\/v2\/media?parent=12107"}],"curies":[{"name":"wp","href":"https:\/\/api.w.org\/{rel}","templated":true}]}}