{"id":12109,"date":"2019-10-24T10:48:25","date_gmt":"2019-10-24T08:48:25","guid":{"rendered":"http:\/\/japper02.webfactional.com\/ferrari-protofino\/"},"modified":"2024-09-02T17:06:08","modified_gmt":"2024-09-02T15:06:08","slug":"ferrari-protofino-2","status":"publish","type":"page","link":"https:\/\/www.drivemebarcelona.com\/es\/ferrari-protofino-2\/","title":{"rendered":"Ferrari Portofino"},"content":{"rendered":"<div class=\"wpb-content-wrapper\">[vc_row full_width=\u00bbstretch_row_content_no_spaces\u00bb fullwidth=\u00bbyes\u00bb el_class=\u00bb.header-product\u00bb css=\u00bb.vc_custom_1574770197928{background-image: url(\/wp-content\/uploads\/2019\/11\/01-Ferrari-Portofino-Header-10.jpg?id=12687) !important;background-position: center !important;background-repeat: no-repeat !important;background-size: cover !important;}\u00bb][vc_column][\/vc_column][\/vc_row][vc_row el_class=\u00bbcontainer-breadcrumbs\u00bb][vc_column][vc_raw_html el_id=\u00bbwpseo_breadcrumb\u00bb]JTVCd3BzZW9fYnJlYWRjcnVtYiU1RA==[\/vc_raw_html][\/vc_column][\/vc_row][vc_row el_class=\u00bb.m-intro mb-70-r\u00bb][vc_column][vc_column_text el_class=\u00bbtitulares mb-20&#8243;]\n<h2 style=\"text-align: center;\">Ferrari Portofino<\/h2>\n[\/vc_column_text][vc_column_text el_class=\u00bbmb-70&#8243;]\n<h3 class=\"text-from\" style=\"text-align: center;\">2H desde 434\u20ac<\/h3>\n[\/vc_column_text][vc_column_text el_class=\u00bbcontainer-block\u00bb]\n<p class=\"text-intro\" style=\"text-align: center;\">El Ferrari Portofino es pura versatilidad y dise\u00f1o. Sentarse al volante de este coche es una dosis de adrenalina y dinamismo asegurada.<\/p>\n[\/vc_column_text][vc_btn title=\u00bbALQUILAR AHORA\u00bb style=\u00bbcustom\u00bb custom_background=\u00bb#e4231e\u00bb custom_text=\u00bb#ffffff\u00bb shape=\u00bbsquare\u00bb size=\u00bbxs\u00bb align=\u00bbcenter\u00bb css=\u00bb.vc_custom_1571993442124{margin-bottom: 0px !important;}\u00bb el_class=\u00bbbtn-170&#8243; link=\u00bburl:%23reservation|title:%23reservation||\u00bb][\/vc_column][\/vc_row][vc_row full_width=\u00bbstretch_row\u00bb css=\u00bb.vc_custom_1570441669385{margin-top: 0px !important;background-color: #f5f5f5 !important;}\u00bb el_class=\u00bb.section-bg .section-info\u00bb][vc_column][vc_row_inner][vc_column_inner el_class=\u00bb.section-info-col\u00bb width=\u00bb1\/3&#8243; offset=\u00bbvc_col-xs-4&#8243;][vc_column_text el_class=\u00bb.check-bullet\u00bb]\n<p class=\"section-info-title\">ACELERACI\u00d3N<\/p>\n<p class=\"section-info-data\">3,2 sec<\/p>\n<p class=\"section-info-subdata\">0-100 km\/h<\/p>\n[\/vc_column_text][\/vc_column_inner][vc_column_inner el_class=\u00bb.section-info-col\u00bb width=\u00bb1\/3&#8243; offset=\u00bbvc_col-xs-4&#8243;][vc_column_text el_class=\u00bb.check-bullet\u00bb]\n<p class=\"section-info-title\">POTENCIA<\/p>\n<p class=\"section-info-data\">590HP<\/p>\n<p class=\"section-info-subdata\">en un V8 Twin Turbo<\/p>\n[\/vc_column_text][\/vc_column_inner][vc_column_inner el_class=\u00bb.section-info-col\u00bb width=\u00bb1\/3&#8243; offset=\u00bbvc_col-xs-4&#8243;][vc_column_text el_class=\u00bb.check-bullet\u00bb]\n<p class=\"section-info-title\">ASIENTOS<\/p>\n<p class=\"section-info-data\">2<\/p>\n<p class=\"section-info-subdata\">Standard<\/p>\n[\/vc_column_text][\/vc_column_inner][\/vc_row_inner][\/vc_column][\/vc_row][vc_row full_width=\u00bbstretch_row\u00bb equal_height=\u00bbyes\u00bb css=\u00bb.vc_custom_1566394773610{background-position: center !important;background-repeat: no-repeat !important;background-size: cover !important;}\u00bb][vc_column][vc_row_inner el_class=\u00bbmb-40-r\u00bb][vc_column_inner width=\u00bb1\/2&#8243;][vc_column_text]\n<h3>De la Costa Oeste a la Riviera italiana<\/h3>\n<p>Es la nueva apuesta de Ferrari sustituyendo al California, con l\u00edneas m\u00e1s harmoniosas elegantes y musculosas que su predecesor. Hay un chasis de aluminio completamente nuevo, que usa 12 aleaciones diferentes, mientras que el de California consist\u00eda en 21 componentes separados, ahora es una sola pieza.[\/vc_column_text][\/vc_column_inner][vc_column_inner width=\u00bb1\/2&#8243;][vc_column_text]\n<h3>Tus deseos son \u00f3rdenes<\/h3>\n<p>Tiene un interior completamente renovado, distinguido y deportivo, construido como respuesta a todos los deseos y aspiraciones del usuario de Ferrari. Es el Ferrari con m\u00e1s investigaci\u00f3n de mercado previa que se haya fabricado.[\/vc_column_text][\/vc_column_inner][\/vc_row_inner][vc_row_inner][vc_column_inner width=\u00bb1\/2&#8243;][vc_column_text]\n<h3>Mejor, m\u00e1s robusto, m\u00e1s r\u00e1pido y m\u00e1s fuerte<\/h3>\n<p>Un coche robusto y vigoroso, el Portofino es un 35% m\u00e1s r\u00edgido que el California T, pero pesa 80 kg menos. El reelaborado motor V8 Twin Turbo tambi\u00e9n lo hace m\u00e1s r\u00e1pido que los modelos anteriores de la misma gama.[\/vc_column_text][\/vc_column_inner][vc_column_inner width=\u00bb1\/2&#8243;][vc_column_text]\n<h3>Placer sobre todo<\/h3>\n<p>Un autom\u00f3vil deportivo noble como pocos, este veh\u00edculo ofrece una calidad de conducci\u00f3n sublime, una usabilidad excelente y un sonido irresistible. Este superdeportivo puede proporcionar un placer de conducir digno de los mejores superdeportivos.[\/vc_column_text][\/vc_column_inner][\/vc_row_inner][\/vc_column][\/vc_row][vc_row full_width=\u00bbstretch_row\u00bb disable_element=\u00bbyes\u00bb el_class=\u00bbrow-reservation mb-40&#8243;][vc_column][vc_row_inner content_placement=\u00bbmiddle\u00bb el_class=\u00bbcontainer-block column-reverse\u00bb el_id=\u00bbreservation\u00bb][vc_column_inner width=\u00bb1\/2&#8243;][vc_column_text]\n<div class=\"iframe-block\">\n<style>.iframe-block{width:300px;margin:0 auto;text-align:center}#rzd-modal .rzd-modal__close{padding:0 0 0 14px!important;border-radius:0 0 0 3px!important;height:30px!important;width:20px!important}<\/style>\n<p><script defer=\"\" type=\"text\/javascript\" src=\"https:\/\/drivemebarcelona.rezdy.com\/pluginJs\"><\/script><iframe loading=\"lazy\" class=\"rezdy\" src=\"https:\/\/drivemebarcelona.rezdy.com\/calendarWidget\/288276?iframe=true&amp;lang=es\" width=\"260px\" height=\"320px\" frameborder=\"0\" seamless=\"\"><\/iframe><\/p>\n<\/div>\n[\/vc_column_text][\/vc_column_inner][vc_column_inner width=\u00bb1\/2&#8243;][vc_column_text]\n<h3>Alquila un Ferrari Portofino &#8211; por Horas o D\u00edas<\/h3>\n<p>Por favor selecciona tu fecha de recogida en el calendario[\/vc_column_text][\/vc_column_inner][\/vc_row_inner][\/vc_column][\/vc_row][vc_row full_width=\u00bbstretch_row\u00bb equal_height=\u00bbyes\u00bb fullwidth=\u00bbyes\u00bb css=\u00bb.vc_custom_1570443780434{background-position: center !important;background-repeat: no-repeat !important;background-size: cover !important;}\u00bb el_class=\u00bbslider-full mb-70-r\u00bb][vc_column css=\u00bb.vc_custom_1566822548185{margin-bottom: 0px !important;}\u00bb el_class=\u00bb.text-center-md\u00bb][rev_slider_vc alias=\u00bbferrari-portofino\u00bb][\/vc_column][\/vc_row][vc_row full_width=\u00bbstretch_row\u00bb content_placement=\u00bbmiddle\u00bb disable_element=\u00bbyes\u00bb css=\u00bb.vc_custom_1595397205859{background-color: #f5f5f5 !important;}\u00bb el_class=\u00bb.call-booknow\u00bb][vc_column][vc_row_inner content_placement=\u00bbmiddle\u00bb css=\u00bb.vc_custom_1568628819794{margin-top: 0px !important;margin-bottom: 0px !important;padding-top: 0px !important;padding-bottom: 0px !important;}\u00bb][vc_column_inner width=\u00bb2\/3&#8243; offset=\u00bbvc_col-lg-10 vc_col-md-8&#8243; css=\u00bb.vc_custom_1566824921568{margin-top: 0px !important;margin-bottom: 0px !important;}\u00bb][vc_column_text]\n<p class=\"call-text\">Alquila un Ferrari Portofino pagando solo el 10% ahora<\/p>\n[\/vc_column_text][\/vc_column_inner][vc_column_inner width=\u00bb1\/3&#8243; offset=\u00bbvc_col-lg-2 vc_col-md-4&#8243; css=\u00bb.vc_custom_1566824927299{margin-top: 0px !important;margin-bottom: 0px !important;}\u00bb][vc_btn title=\u00bbALQUILAR AHORA\u00bb style=\u00bbcustom\u00bb custom_background=\u00bb#e4231e\u00bb custom_text=\u00bb#ffffff\u00bb shape=\u00bbsquare\u00bb size=\u00bbxs\u00bb align=\u00bbcenter\u00bb css=\u00bb.vc_custom_1571993599168{margin-bottom: 0px !important;}\u00bb el_class=\u00bbbtn-170&#8243; link=\u00bburl:%23reservation|title:%23reservation||\u00bb][\/vc_column_inner][\/vc_row_inner][\/vc_column][\/vc_row][vc_row el_class=\u00bb.container-block mb-70-r\u00bb][vc_column width=\u00bb1\/2&#8243;][vc_column_text el_class=\u00bb.testimonial-titular\u00bb]\n<h3>Bajo el cap\u00f3:<\/h3>\n<p>Encontrar\u00e1s un galardonado motor V8 de doble turbo, montado en una posici\u00f3n central debajo del cap\u00f3. Sus 3.9 litros est\u00e1n sobrealimentados por dos turbos que declaran 590 CV a 7,500 rpm. Aunque es un motor turbo, ofrece una nota sonora para enmarcar, tan intoxicante que te pondr\u00e1 la piel de gallina.[\/vc_column_text][\/vc_column][vc_column width=\u00bb1\/2&#8243;][vc_single_image image=\u00bb12066&#8243; img_size=\u00bbfull\u00bb alignment=\u00bbcenter\u00bb][\/vc_column][\/vc_row][vc_row full_width=\u00bbstretch_row\u00bb css=\u00bb.vc_custom_1570446102748{margin-bottom: 0px !important;background-color: #f5f5f5 !important;}\u00bb el_class=\u00bbpt-30&#8243;][vc_column][vc_column_text]\n<h3 style=\"text-align: center;\"><b>Experiencias con el Ferrari Portofino<\/b><\/h3>\n[\/vc_column_text][\/vc_column][\/vc_row][vc_row full_width=\u00bbstretch_row\u00bb gap=\u00bb25&#8243; equal_height=\u00bbyes\u00bb el_class=\u00bb.section-experiences mb-70 pb-70-r\u00bb css=\u00bb.vc_custom_1570445928417{margin-top: 0px !important;background-color: #f5f5f5 !important;}\u00bb][vc_column width=\u00bb1\/3&#8243; css=\u00bb.vc_custom_1570442154424{background-image: url(\/wp-content\/uploads\/2019\/08\/Barceloneta-experience.jpg?id=10346) !important;background-position: center !important;background-repeat: no-repeat !important;background-size: cover !important;}\u00bb el_class=\u00bbexperience-column experiencias-block-link\u00bb][vc_column_text]\n<h3 class=\"experience-title\">Barceloneta<br \/>\ny La Playa<\/h3>\n<h5 class=\"experience-time\">20 minutos<\/h5>\n<h3 class=\"experience-price\">149\u20ac<\/h3>\n[\/vc_column_text][vc_raw_html]JTNDYSUyMGhyZWYlM0QlMjIlMkZiYXJjZWxvbmV0YS10aGUtYmVhY2glMkYlMjIlM0UlM0MlMkZhJTNF[\/vc_raw_html][\/vc_column][vc_column width=\u00bb1\/3&#8243; css=\u00bb.vc_custom_1568018291414{background-image: url(\/wp-content\/uploads\/2019\/08\/Montjuic-experience.jpg?id=10348) !important;background-position: center !important;background-repeat: no-repeat !important;background-size: cover !important;}\u00bb el_class=\u00bbexperience-column experiencias-block-link\u00bb][vc_column_text]\n<h3 class=\"experience-title\">Montjuic y El Circuito Urbano de F1<\/h3>\n<h5 class=\"experience-time\">40 minutos<\/h5>\n<h3 class=\"experience-price\">288\u20ac<\/h3>\n[\/vc_column_text][vc_raw_html]JTNDYSUyMGhyZWYlM0QlMjIlMkZtb250anVpYy11cmJhbi1mMS1jaXJjdWl0JTJGJTIyJTNFJTNDJTJGYSUzRQ==[\/vc_raw_html][\/vc_column][vc_column width=\u00bb1\/3&#8243; css=\u00bb.vc_custom_1568018285919{background-image: url(\/wp-content\/uploads\/2019\/08\/Tibidabo-experience.jpg?id=10350) !important;background-position: center !important;background-repeat: no-repeat !important;background-size: cover !important;}\u00bb el_class=\u00bbexperience-column experiencias-block-link\u00bb][vc_column_text]\n<h3 class=\"experience-title\">Tibidabo y El<br \/>\nSkyline<\/h3>\n<h5 class=\"experience-time\">90 minutos<\/h5>\n<h3 class=\"experience-price\">566\u20ac<\/h3>\n[\/vc_column_text][vc_raw_html]JTNDYSUyMGhyZWYlM0QlMjIlMkZ0aWJpZGFiby10aGUtc2t5bGluZSUyRiUyMiUzRSUzQyUyRmElM0U=[\/vc_raw_html][\/vc_column][\/vc_row]\n<\/div>","protected":false},"excerpt":{"rendered":"<p>[vc_row full_width=\u00bbstretch_row_content_no_spaces\u00bb fullwidth=\u00bbyes\u00bb el_class=\u00bb.header-product\u00bb css=\u00bb.vc_custom_1574770197928{background-image: url(\/wp-content\/uploads\/2019\/11\/01-Ferrari-Portofino-Header-10.jpg?id=12687) !important;background-position: center !important;background-repeat: no-repeat !important;background-size: cover !important;}\u00bb][vc_column][\/vc_column][\/vc_row][vc_row el_class=\u00bbcontainer-breadcrumbs\u00bb][vc_column][vc_raw_html el_id=\u00bbwpseo_breadcrumb\u00bb]JTVCd3BzZW9fYnJlYWRjcnVtYiU1RA==[\/vc_raw_html][\/vc_column][\/vc_row][vc_row el_class=\u00bb.m-intro mb-70-r\u00bb][vc_column][vc_column_text el_class=\u00bbtitulares mb-20&#8243;] Ferrari Portofino [\/vc_column_text][vc_column_text el_class=\u00bbmb-70&#8243;] 2H desde [&hellip;]<\/p>\n","protected":false},"author":2,"featured_media":0,"parent":0,"menu_order":0,"comment_status":"closed","ping_status":"closed","template":"","meta":{"_acf_changed":false,"footnotes":""},"acf":[],"yoast_head":"<!-- This site is optimized with the Yoast SEO plugin v24.2 - https:\/\/yoast.com\/wordpress\/plugins\/seo\/ -->\n<title>Ferrari Portofino - Drive Me Barcelona<\/title>\n<meta name=\"description\" content=\"Alquila una Ferrari Portofino y lleva la elegancia y el rendimiento italiano a tus manos. Experimenta la pasi\u00f3n y el lujo sobre ruedas. \u00a1Reserva ahora y haz realidad tus sue\u00f1os de conducir un icono de la velocidad!\" \/>\n<meta name=\"robots\" content=\"index, follow, max-snippet:-1, max-image-preview:large, max-video-preview:-1\" \/>\n<link rel=\"canonical\" href=\"https:\/\/www.drivemebarcelona.com\/es\/ferrari-protofino-2\/\" \/>\n<meta property=\"og:locale\" content=\"es_ES\" \/>\n<meta property=\"og:type\" content=\"article\" \/>\n<meta property=\"og:title\" content=\"Ferrari Portofino - Drive Me Barcelona\" \/>\n<meta property=\"og:description\" content=\"Alquila una Ferrari Portofino y lleva la elegancia y el rendimiento italiano a tus manos. Experimenta la pasi\u00f3n y el lujo sobre ruedas. \u00a1Reserva ahora y haz realidad tus sue\u00f1os de conducir un icono de la velocidad!\" \/>\n<meta property=\"og:url\" content=\"https:\/\/www.drivemebarcelona.com\/es\/ferrari-protofino-2\/\" \/>\n<meta property=\"og:site_name\" content=\"Drive Me Barcelona\" \/>\n<meta property=\"article:publisher\" content=\"https:\/\/www.facebook.com\/drivemebarcelona\" \/>\n<meta property=\"article:modified_time\" content=\"2024-09-02T15:06:08+00:00\" \/>\n<script type=\"application\/ld+json\" class=\"yoast-schema-graph\">{\"@context\":\"https:\/\/schema.org\",\"@graph\":[{\"@type\":\"WebPage\",\"@id\":\"https:\/\/www.drivemebarcelona.com\/es\/ferrari-protofino-2\/\",\"url\":\"https:\/\/www.drivemebarcelona.com\/es\/ferrari-protofino-2\/\",\"name\":\"Ferrari Portofino - Drive Me Barcelona\",\"isPartOf\":{\"@id\":\"https:\/\/www.drivemebarcelona.com\/#website\"},\"datePublished\":\"2019-10-24T08:48:25+00:00\",\"dateModified\":\"2024-09-02T15:06:08+00:00\",\"description\":\"Alquila una Ferrari Portofino y lleva la elegancia y el rendimiento italiano a tus manos. Experimenta la pasi\u00f3n y el lujo sobre ruedas. \u00a1Reserva ahora y haz realidad tus sue\u00f1os de conducir un icono de la velocidad!\",\"breadcrumb\":{\"@id\":\"https:\/\/www.drivemebarcelona.com\/es\/ferrari-protofino-2\/#breadcrumb\"},\"inLanguage\":\"es\",\"potentialAction\":[{\"@type\":\"ReadAction\",\"target\":[\"https:\/\/www.drivemebarcelona.com\/es\/ferrari-protofino-2\/\"]}]},{\"@type\":\"BreadcrumbList\",\"@id\":\"https:\/\/www.drivemebarcelona.com\/es\/ferrari-protofino-2\/#breadcrumb\",\"itemListElement\":[{\"@type\":\"ListItem\",\"position\":1,\"name\":\"Home\",\"item\":\"https:\/\/www.drivemebarcelona.com\/es\/\"},{\"@type\":\"ListItem\",\"position\":2,\"name\":\"Ferrari Portofino\"}]},{\"@type\":\"WebSite\",\"@id\":\"https:\/\/www.drivemebarcelona.com\/#website\",\"url\":\"https:\/\/www.drivemebarcelona.com\/\",\"name\":\"Drive Me Barcelona\",\"description\":\"Conduce un Ferrari en Barcelona\",\"publisher\":{\"@id\":\"https:\/\/www.drivemebarcelona.com\/#organization\"},\"potentialAction\":[{\"@type\":\"SearchAction\",\"target\":{\"@type\":\"EntryPoint\",\"urlTemplate\":\"https:\/\/www.drivemebarcelona.com\/?s={search_term_string}\"},\"query-input\":{\"@type\":\"PropertyValueSpecification\",\"valueRequired\":true,\"valueName\":\"search_term_string\"}}],\"inLanguage\":\"es\"},{\"@type\":\"Organization\",\"@id\":\"https:\/\/www.drivemebarcelona.com\/#organization\",\"name\":\"Drive Me Barcelona S.L.\",\"url\":\"https:\/\/www.drivemebarcelona.com\/\",\"logo\":{\"@type\":\"ImageObject\",\"inLanguage\":\"es\",\"@id\":\"https:\/\/www.drivemebarcelona.com\/#\/schema\/logo\/image\/\",\"url\":\"https:\/\/www.drivemebarcelona.com\/wp-content\/uploads\/2015\/01\/LOGO-maintenance\u00ae.png\",\"contentUrl\":\"https:\/\/www.drivemebarcelona.com\/wp-content\/uploads\/2015\/01\/LOGO-maintenance\u00ae.png\",\"width\":600,\"height\":145,\"caption\":\"Drive Me Barcelona S.L.\"},\"image\":{\"@id\":\"https:\/\/www.drivemebarcelona.com\/#\/schema\/logo\/image\/\"},\"sameAs\":[\"https:\/\/www.facebook.com\/drivemebarcelona\",\"https:\/\/x.com\/DriveMeBarcelon\",\"https:\/\/instagram.com\/drivemebarcelona\/\",\"https:\/\/es.pinterest.com\/drivemebarca\/\",\"https:\/\/www.youtube.com\/channel\/UCTBEtyrPd6HQ-QlERO84rxQ\"]}]}<\/script>\n<!-- \/ Yoast SEO plugin. -->","yoast_head_json":{"title":"Ferrari Portofino - Drive Me Barcelona","description":"Alquila una Ferrari Portofino y lleva la elegancia y el rendimiento italiano a tus manos. Experimenta la pasi\u00f3n y el lujo sobre ruedas. \u00a1Reserva ahora y haz realidad tus sue\u00f1os de conducir un icono de la velocidad!","robots":{"index":"index","follow":"follow","max-snippet":"max-snippet:-1","max-image-preview":"max-image-preview:large","max-video-preview":"max-video-preview:-1"},"canonical":"https:\/\/www.drivemebarcelona.com\/es\/ferrari-protofino-2\/","og_locale":"es_ES","og_type":"article","og_title":"Ferrari Portofino - Drive Me Barcelona","og_description":"Alquila una Ferrari Portofino y lleva la elegancia y el rendimiento italiano a tus manos. Experimenta la pasi\u00f3n y el lujo sobre ruedas. \u00a1Reserva ahora y haz realidad tus sue\u00f1os de conducir un icono de la velocidad!","og_url":"https:\/\/www.drivemebarcelona.com\/es\/ferrari-protofino-2\/","og_site_name":"Drive Me Barcelona","article_publisher":"https:\/\/www.facebook.com\/drivemebarcelona","article_modified_time":"2024-09-02T15:06:08+00:00","schema":{"@context":"https:\/\/schema.org","@graph":[{"@type":"WebPage","@id":"https:\/\/www.drivemebarcelona.com\/es\/ferrari-protofino-2\/","url":"https:\/\/www.drivemebarcelona.com\/es\/ferrari-protofino-2\/","name":"Ferrari Portofino - Drive Me Barcelona","isPartOf":{"@id":"https:\/\/www.drivemebarcelona.com\/#website"},"datePublished":"2019-10-24T08:48:25+00:00","dateModified":"2024-09-02T15:06:08+00:00","description":"Alquila una Ferrari Portofino y lleva la elegancia y el rendimiento italiano a tus manos. Experimenta la pasi\u00f3n y el lujo sobre ruedas. \u00a1Reserva ahora y haz realidad tus sue\u00f1os de conducir un icono de la velocidad!","breadcrumb":{"@id":"https:\/\/www.drivemebarcelona.com\/es\/ferrari-protofino-2\/#breadcrumb"},"inLanguage":"es","potentialAction":[{"@type":"ReadAction","target":["https:\/\/www.drivemebarcelona.com\/es\/ferrari-protofino-2\/"]}]},{"@type":"BreadcrumbList","@id":"https:\/\/www.drivemebarcelona.com\/es\/ferrari-protofino-2\/#breadcrumb","itemListElement":[{"@type":"ListItem","position":1,"name":"Home","item":"https:\/\/www.drivemebarcelona.com\/es\/"},{"@type":"ListItem","position":2,"name":"Ferrari Portofino"}]},{"@type":"WebSite","@id":"https:\/\/www.drivemebarcelona.com\/#website","url":"https:\/\/www.drivemebarcelona.com\/","name":"Drive Me Barcelona","description":"Conduce un Ferrari en Barcelona","publisher":{"@id":"https:\/\/www.drivemebarcelona.com\/#organization"},"potentialAction":[{"@type":"SearchAction","target":{"@type":"EntryPoint","urlTemplate":"https:\/\/www.drivemebarcelona.com\/?s={search_term_string}"},"query-input":{"@type":"PropertyValueSpecification","valueRequired":true,"valueName":"search_term_string"}}],"inLanguage":"es"},{"@type":"Organization","@id":"https:\/\/www.drivemebarcelona.com\/#organization","name":"Drive Me Barcelona S.L.","url":"https:\/\/www.drivemebarcelona.com\/","logo":{"@type":"ImageObject","inLanguage":"es","@id":"https:\/\/www.drivemebarcelona.com\/#\/schema\/logo\/image\/","url":"https:\/\/www.drivemebarcelona.com\/wp-content\/uploads\/2015\/01\/LOGO-maintenance\u00ae.png","contentUrl":"https:\/\/www.drivemebarcelona.com\/wp-content\/uploads\/2015\/01\/LOGO-maintenance\u00ae.png","width":600,"height":145,"caption":"Drive Me Barcelona S.L."},"image":{"@id":"https:\/\/www.drivemebarcelona.com\/#\/schema\/logo\/image\/"},"sameAs":["https:\/\/www.facebook.com\/drivemebarcelona","https:\/\/x.com\/DriveMeBarcelon","https:\/\/instagram.com\/drivemebarcelona\/","https:\/\/es.pinterest.com\/drivemebarca\/","https:\/\/www.youtube.com\/channel\/UCTBEtyrPd6HQ-QlERO84rxQ"]}]}},"_links":{"self":[{"href":"https:\/\/www.drivemebarcelona.com\/es\/wp-json\/wp\/v2\/pages\/12109"}],"collection":[{"href":"https:\/\/www.drivemebarcelona.com\/es\/wp-json\/wp\/v2\/pages"}],"about":[{"href":"https:\/\/www.drivemebarcelona.com\/es\/wp-json\/wp\/v2\/types\/page"}],"author":[{"embeddable":true,"href":"https:\/\/www.drivemebarcelona.com\/es\/wp-json\/wp\/v2\/users\/2"}],"replies":[{"embeddable":true,"href":"https:\/\/www.drivemebarcelona.com\/es\/wp-json\/wp\/v2\/comments?post=12109"}],"version-history":[{"count":0,"href":"https:\/\/www.drivemebarcelona.com\/es\/wp-json\/wp\/v2\/pages\/12109\/revisions"}],"wp:attachment":[{"href":"https:\/\/www.drivemebarcelona.com\/es\/wp-json\/wp\/v2\/media?parent=12109"}],"curies":[{"name":"wp","href":"https:\/\/api.w.org\/{rel}","templated":true}]}}