{"id":12110,"date":"2019-10-07T11:45:52","date_gmt":"2019-10-07T09:45:52","guid":{"rendered":"http:\/\/japper02.webfactional.com\/lamborghini-huracan\/"},"modified":"2025-05-02T14:02:58","modified_gmt":"2025-05-02T12:02:58","slug":"lamborghini-huracan","status":"publish","type":"page","link":"https:\/\/www.drivemebarcelona.com\/es\/lamborghini-huracan\/","title":{"rendered":"Lamborghini Huracan"},"content":{"rendered":"<div class=\"wpb-content-wrapper\">[vc_row full_width=\u00bbstretch_row_content_no_spaces\u00bb fullwidth=\u00bbyes\u00bb el_class=\u00bb.header-product\u00bb css=\u00bb.vc_custom_1574852081832{background-image: url(\/wp-content\/uploads\/2019\/11\/header-lamborghini-2-11.jpg?id=12738) !important;background-position: center !important;background-repeat: no-repeat !important;background-size: cover !important;}\u00bb][vc_column][\/vc_column][\/vc_row][vc_row el_class=\u00bbcontainer-breadcrumbs\u00bb][vc_column][vc_raw_html el_id=\u00bbwpseo_breadcrumb\u00bb]JTVCd3BzZW9fYnJlYWRjcnVtYiU1RA==[\/vc_raw_html][\/vc_column][\/vc_row][vc_row el_class=\u00bb.m-intro mb-70-r\u00bb][vc_column][vc_column_text css=\u00bb\u00bb el_class=\u00bbtitulares mb-20&#8243;]\n<h1 style=\"text-align: center;\">Lamborghini Huracan<\/h1>\n[\/vc_column_text][vc_column_text el_class=\u00bbmb-70&#8243;]\n<h3 class=\"text-from\" style=\"text-align: center;\">2H desde 491\u20ac<\/h3>\n[\/vc_column_text][vc_column_text el_class=\u00bbcontainer-block\u00bb]\n<p class=\"text-intro\" style=\"text-align: center;\"><span style=\"font-weight: 400;\">Es como una m\u00e1quina del tiempo solo que m\u00e1s r\u00e1pido. Con exuberancia y deportividad, el Huracan es simplemente el coche con el que todos sue\u00f1an.<\/span><\/p>\n[\/vc_column_text][vc_btn title=\u00bbALQUILAR AHORA\u00bb style=\u00bbcustom\u00bb custom_background=\u00bb#e4231e\u00bb custom_text=\u00bb#ffffff\u00bb shape=\u00bbsquare\u00bb size=\u00bbxs\u00bb align=\u00bbcenter\u00bb css=\u00bb.vc_custom_1571993776351{margin-bottom: 0px !important;}\u00bb el_class=\u00bbbtn-170&#8243; link=\u00bburl:%23reservation|title:%23reservation||\u00bb][\/vc_column][\/vc_row][vc_row full_width=\u00bbstretch_row\u00bb css=\u00bb.vc_custom_1570441669385{margin-top: 0px !important;background-color: #f5f5f5 !important;}\u00bb el_class=\u00bb.section-bg .section-info\u00bb][vc_column][vc_row_inner][vc_column_inner el_class=\u00bb.section-info-col\u00bb width=\u00bb1\/3&#8243; offset=\u00bbvc_col-xs-4&#8243;][vc_column_text el_class=\u00bb.check-bullet\u00bb]\n<p class=\"section-info-title\">ACELERACI\u00d3N<\/p>\n<p class=\"section-info-data\">3,2 sec<\/p>\n<p class=\"section-info-subdata\">0-100 km\/h<\/p>\n[\/vc_column_text][\/vc_column_inner][vc_column_inner el_class=\u00bb.section-info-col\u00bb width=\u00bb1\/3&#8243; offset=\u00bbvc_col-xs-4&#8243;][vc_column_text el_class=\u00bb.check-bullet\u00bb]\n<p class=\"section-info-title\">POTENCIA<\/p>\n<p class=\"section-info-data\">610VC<\/p>\n<p class=\"section-info-subdata\">En un motor V10 5.204cc<\/p>\n[\/vc_column_text][\/vc_column_inner][vc_column_inner el_class=\u00bb.section-info-col\u00bb width=\u00bb1\/3&#8243; offset=\u00bbvc_col-xs-4&#8243;][vc_column_text el_class=\u00bb.check-bullet\u00bb]\n<p class=\"section-info-title\">ASIENTOS<\/p>\n<p class=\"section-info-data\">2<\/p>\n<p class=\"section-info-subdata\">Standard<\/p>\n[\/vc_column_text][\/vc_column_inner][\/vc_row_inner][\/vc_column][\/vc_row][vc_row full_width=\u00bbstretch_row\u00bb equal_height=\u00bbyes\u00bb css=\u00bb.vc_custom_1566394773610{background-position: center !important;background-repeat: no-repeat !important;background-size: cover !important;}\u00bb][vc_column][vc_row_inner el_class=\u00bbmb-40-r\u00bb][vc_column_inner width=\u00bb1\/2&#8243;][vc_column_text]\n<h3>Una maquina de combate street-friendly<\/h3>\n<p>Sus agresivas l\u00edneas, a la vez que elegantes, est\u00e1n inspiradas en cazas de combate y hacen de este Lamborghini una pieza \u00fanica en dise\u00f1o capaz de asombrar a cualquiera que lo vea.[\/vc_column_text][\/vc_column_inner][vc_column_inner width=\u00bb1\/2&#8243;][vc_column_text]\n<h3>Calidad en cada detalle<\/h3>\n<p>Su lujoso acabado viene de las manos de la mejor artesan\u00eda italiana, provey\u00e9ndolo as\u00ed de un prestigio sin precedentes y la m\u00e1s alta calidad. Solamente mirarlo es toda una experiencia \u00fanica.[\/vc_column_text][\/vc_column_inner][\/vc_row_inner][vc_row_inner][vc_column_inner width=\u00bb1\/2&#8243;][vc_column_text]\n<h3>Honrando el esp\u00edritu italiano<\/h3>\n<p>Concebido para superar el complicado reto de producci\u00f3n del Gallardo, el Huracan presume, lo mires por donde lo mires, de esa exuberancia y deportividad caracter\u00edstica de los deportivos italianos.[\/vc_column_text][\/vc_column_inner][vc_column_inner width=\u00bb1\/2&#8243;][vc_column_text]\n<h3>Versatilidad en todos sus sentidos<\/h3>\n<p>Podr\u00e1s exprimir este coche en cualquier situaci\u00f3n, haci\u00e9ndolo perfecto para una conducci\u00f3n agresiva en circuito, un buen tramo de curvas o un viaje por autopista.[\/vc_column_text][\/vc_column_inner][\/vc_row_inner][\/vc_column][\/vc_row][vc_row full_width=\u00bbstretch_row\u00bb el_class=\u00bbrow-reservation mb-40&#8243;][vc_column css=\u00bb.vc_custom_1694588350287{padding-top: 35px !important;}\u00bb][vc_row_inner content_placement=\u00bbmiddle\u00bb el_id=\u00bbreservation\u00bb][vc_column_inner][vc_column_text css=\u00bb.vc_custom_1722005272782{margin-top: -10px !important;}\u00bb]\n<h2 style=\"text-align: center;\"><strong>Alquilar Lamborghini Huracan<\/strong><\/h2>\n<p style=\"text-align: center;\"><em>Este modelo no se encuentra actualmente disponible.<\/em><\/p>\n<div id=\"texto\" style=\"text-align: center;\"><span style=\"color: #ff0000;\"><a style=\"color: #ff0000;\" href=\"\/es\/flota\">Ver flota de coches<\/a>\u00a0<\/span>|<span style=\"color: #ff0000;\"> <a style=\"color: #ff0000;\" href=\"https:\/\/www.drivemebarcelona.com\/es\/experiencias\/\">Ver experiencias de conducci\u00f3n<\/a><\/span><\/div>\n[\/vc_column_text][\/vc_column_inner][\/vc_row_inner][\/vc_column][\/vc_row][vc_row full_width=\u00bbstretch_row\u00bb disable_element=\u00bbyes\u00bb el_class=\u00bbrow-reservation mb-40&#8243;][vc_column][vc_row_inner content_placement=\u00bbmiddle\u00bb el_class=\u00bbcontainer-block column-reverse\u00bb el_id=\u00bbreservation\u00bb][vc_column_inner width=\u00bb1\/2&#8243;][vc_column_text]\n<div class=\"iframe-block\">\n<style>.iframe-block{width:300px;margin:0 auto;text-align:center}#rzd-modal .rzd-modal__close{padding:0 0 0 14px!important;border-radius:0 0 0 3px!important;height:30px!important;width:20px!important}<\/style>\n<p><script defer=\"\" type=\"text\/javascript\" src=\"https:\/\/drivemebarcelona.rezdy.com\/pluginJs\"><\/script><iframe loading=\"lazy\" class=\"rezdy\" src=\"https:\/\/drivemebarcelona.rezdy.com\/calendarWidget\/267793?iframe=true&amp;lang=es\" width=\"260px\" height=\"320px\" frameborder=\"0\" seamless=\"\"><\/iframe><\/div>\n[\/vc_column_text][\/vc_column_inner][vc_column_inner width=\u00bb1\/2&#8243;][vc_column_text]\n<h3>Alquila un Lamborghini Huracan &#8211; por Horas o D\u00edas<\/h3>\n<p>Por favor selecciona tu fecha de recogida en el calendario[\/vc_column_text][\/vc_column_inner][\/vc_row_inner][\/vc_column][\/vc_row][vc_row full_width=\u00bbstretch_row\u00bb equal_height=\u00bbyes\u00bb fullwidth=\u00bbyes\u00bb css=\u00bb.vc_custom_1570443780434{background-position: center !important;background-repeat: no-repeat !important;background-size: cover !important;}\u00bb el_class=\u00bbslider-full mb-70-r\u00bb][vc_column css=\u00bb.vc_custom_1566822548185{margin-bottom: 0px !important;}\u00bb el_class=\u00bb.text-center-md\u00bb][rev_slider_vc alias=\u00bbLamborghini-huracan-coupe\u00bb][\/vc_column][\/vc_row][vc_row full_width=\u00bbstretch_row\u00bb content_placement=\u00bbmiddle\u00bb disable_element=\u00bbyes\u00bb css=\u00bb.vc_custom_1595397244227{background-color: #f5f5f5 !important;}\u00bb el_class=\u00bb.call-booknow\u00bb][vc_column][vc_row_inner content_placement=\u00bbmiddle\u00bb css=\u00bb.vc_custom_1568628819794{margin-top: 0px !important;margin-bottom: 0px !important;padding-top: 0px !important;padding-bottom: 0px !important;}\u00bb][vc_column_inner width=\u00bb2\/3&#8243; offset=\u00bbvc_col-lg-10 vc_col-md-8&#8243; css=\u00bb.vc_custom_1566824921568{margin-top: 0px !important;margin-bottom: 0px !important;}\u00bb][vc_column_text]\n<p class=\"call-text\">Alquila un Lamborghini Huracan pagando solo el 10% ahora<\/p>\n[\/vc_column_text][\/vc_column_inner][vc_column_inner width=\u00bb1\/3&#8243; offset=\u00bbvc_col-lg-2 vc_col-md-4&#8243; css=\u00bb.vc_custom_1566824927299{margin-top: 0px !important;margin-bottom: 0px !important;}\u00bb][vc_btn title=\u00bbALQUILAR AHORA\u00bb style=\u00bbcustom\u00bb custom_background=\u00bb#e4231e\u00bb custom_text=\u00bb#ffffff\u00bb shape=\u00bbsquare\u00bb size=\u00bbxs\u00bb align=\u00bbcenter\u00bb css=\u00bb.vc_custom_1571993986046{margin-bottom: 0px !important;}\u00bb el_class=\u00bbbtn-170&#8243; link=\u00bburl:%23reservation|title:%23reservation||\u00bb][\/vc_column_inner][\/vc_row_inner][\/vc_column][\/vc_row][vc_row el_class=\u00bb.container-block mb-70-r\u00bb][vc_column width=\u00bb1\/2&#8243;][vc_column_text el_class=\u00bb.testimonial-titular\u00bb]\n<h3>Sangre de toro:<\/h3>\n<p>Un color cl\u00e1sico de Rosso Andra ba\u00f1a el interior y los asientos de nuestro Lamborghini Huracan y le proporciona un acabado elegante y magn\u00e9tico que crea un contraste perfecto entre el aspecto sobrio y feroz del exterior negro.[\/vc_column_text][\/vc_column][vc_column width=\u00bb1\/2&#8243;][vc_single_image image=\u00bb10334&#8243; img_size=\u00bbfull\u00bb alignment=\u00bbcenter\u00bb][\/vc_column][\/vc_row][vc_row full_width=\u00bbstretch_row\u00bb css=\u00bb.vc_custom_1570446102748{margin-bottom: 0px !important;background-color: #f5f5f5 !important;}\u00bb el_class=\u00bbpt-30&#8243;][vc_column][vc_column_text]\n<h3 style=\"text-align: center;\"><b>Experiencias con el Lamborghini Huracan<\/b><\/h3>\n[\/vc_column_text][\/vc_column][\/vc_row][vc_row full_width=\u00bbstretch_row\u00bb gap=\u00bb25&#8243; equal_height=\u00bbyes\u00bb el_class=\u00bb.section-experiences mb-70 pb-70-r\u00bb css=\u00bb.vc_custom_1570445928417{margin-top: 0px !important;background-color: #f5f5f5 !important;}\u00bb][vc_column width=\u00bb1\/3&#8243; css=\u00bb.vc_custom_1570442154424{background-image: url(\/wp-content\/uploads\/2019\/08\/Barceloneta-experience.jpg?id=10346) !important;background-position: center !important;background-repeat: no-repeat !important;background-size: cover !important;}\u00bb el_class=\u00bbexperience-column experiencias-block-link\u00bb][vc_column_text]\n<h3 class=\"experience-title\">Barceloneta<br \/>\ny La Playa<\/h3>\n<h5 class=\"experience-time\">20 minutos<\/h5>\n<h3 class=\"experience-price\">149\u20ac<\/h3>\n[\/vc_column_text][vc_raw_html]JTNDYSUyMGhyZWYlM0QlMjIlMkZiYXJjZWxvbmV0YS10aGUtYmVhY2glMkYlMjIlM0UlM0MlMkZhJTNF[\/vc_raw_html][\/vc_column][vc_column width=\u00bb1\/3&#8243; css=\u00bb.vc_custom_1568018291414{background-image: url(\/wp-content\/uploads\/2019\/08\/Montjuic-experience.jpg?id=10348) !important;background-position: center !important;background-repeat: no-repeat !important;background-size: cover !important;}\u00bb el_class=\u00bbexperience-column experiencias-block-link\u00bb][vc_column_text]\n<h3 class=\"experience-title\">Montjuic y El Circuito Urbano de F1<\/h3>\n<h5 class=\"experience-time\">40 minutos<\/h5>\n<h3 class=\"experience-price\">288\u20ac<\/h3>\n[\/vc_column_text][vc_raw_html]JTNDYSUyMGhyZWYlM0QlMjIlMkZtb250anVpYy11cmJhbi1mMS1jaXJjdWl0JTJGJTIyJTNFJTNDJTJGYSUzRQ==[\/vc_raw_html][\/vc_column][vc_column width=\u00bb1\/3&#8243; css=\u00bb.vc_custom_1568018285919{background-image: url(\/wp-content\/uploads\/2019\/08\/Tibidabo-experience.jpg?id=10350) !important;background-position: center !important;background-repeat: no-repeat !important;background-size: cover !important;}\u00bb el_class=\u00bbexperience-column experiencias-block-link\u00bb][vc_column_text]\n<h3 class=\"experience-title\">Tibidabo y El<br \/>\nSkyline<\/h3>\n<h5 class=\"experience-time\">90 minutos<\/h5>\n<h3 class=\"experience-price\">566\u20ac<\/h3>\n[\/vc_column_text][vc_raw_html]JTNDYSUyMGhyZWYlM0QlMjIlMkZ0aWJpZGFiby10aGUtc2t5bGluZSUyRiUyMiUzRSUzQyUyRmElM0U=[\/vc_raw_html][\/vc_column][\/vc_row]\n<\/div>","protected":false},"excerpt":{"rendered":"<p>[vc_row full_width=\u00bbstretch_row_content_no_spaces\u00bb fullwidth=\u00bbyes\u00bb el_class=\u00bb.header-product\u00bb css=\u00bb.vc_custom_1574852081832{background-image: url(\/wp-content\/uploads\/2019\/11\/header-lamborghini-2-11.jpg?id=12738) !important;background-position: center !important;background-repeat: no-repeat !important;background-size: cover !important;}\u00bb][vc_column][\/vc_column][\/vc_row][vc_row el_class=\u00bbcontainer-breadcrumbs\u00bb][vc_column][vc_raw_html el_id=\u00bbwpseo_breadcrumb\u00bb]JTVCd3BzZW9fYnJlYWRjcnVtYiU1RA==[\/vc_raw_html][\/vc_column][\/vc_row][vc_row el_class=\u00bb.m-intro mb-70-r\u00bb][vc_column][vc_column_text css=\u00bb\u00bb el_class=\u00bbtitulares mb-20&#8243;] Lamborghini Huracan [\/vc_column_text][vc_column_text el_class=\u00bbmb-70&#8243;] 2H [&hellip;]<\/p>\n","protected":false},"author":2,"featured_media":0,"parent":0,"menu_order":0,"comment_status":"closed","ping_status":"closed","template":"","meta":{"_acf_changed":false,"footnotes":""},"acf":[],"yoast_head":"<!-- This site is optimized with the Yoast SEO plugin v24.2 - https:\/\/yoast.com\/wordpress\/plugins\/seo\/ -->\n<title>Lamborghini Huracan - Drive Me Barcelona<\/title>\n<meta name=\"description\" content=\"&quot;Experimenta la m\u00e1xima emoci\u00f3n con el Lamborghini Hurac\u00e1n. Sum\u00e9rgete en el mundo del lujo y el alto rendimiento con su velocidad impresionante, tecnolog\u00eda innovadora y dise\u00f1o ic\u00f3nico.&quot;\" \/>\n<meta name=\"robots\" content=\"index, follow, max-snippet:-1, max-image-preview:large, max-video-preview:-1\" \/>\n<link rel=\"canonical\" href=\"https:\/\/www.drivemebarcelona.com\/es\/lamborghini-huracan\/\" \/>\n<meta property=\"og:locale\" content=\"es_ES\" \/>\n<meta property=\"og:type\" content=\"article\" \/>\n<meta property=\"og:title\" content=\"Lamborghini Huracan - Drive Me Barcelona\" \/>\n<meta property=\"og:description\" content=\"&quot;Experimenta la m\u00e1xima emoci\u00f3n con el Lamborghini Hurac\u00e1n. Sum\u00e9rgete en el mundo del lujo y el alto rendimiento con su velocidad impresionante, tecnolog\u00eda innovadora y dise\u00f1o ic\u00f3nico.&quot;\" \/>\n<meta property=\"og:url\" content=\"https:\/\/www.drivemebarcelona.com\/es\/lamborghini-huracan\/\" \/>\n<meta property=\"og:site_name\" content=\"Drive Me Barcelona\" \/>\n<meta property=\"article:publisher\" content=\"https:\/\/www.facebook.com\/drivemebarcelona\" \/>\n<meta property=\"article:modified_time\" content=\"2025-05-02T12:02:58+00:00\" \/>\n<script type=\"application\/ld+json\" class=\"yoast-schema-graph\">{\"@context\":\"https:\/\/schema.org\",\"@graph\":[{\"@type\":\"WebPage\",\"@id\":\"https:\/\/www.drivemebarcelona.com\/es\/lamborghini-huracan\/\",\"url\":\"https:\/\/www.drivemebarcelona.com\/es\/lamborghini-huracan\/\",\"name\":\"Lamborghini Huracan - Drive Me Barcelona\",\"isPartOf\":{\"@id\":\"https:\/\/www.drivemebarcelona.com\/#website\"},\"datePublished\":\"2019-10-07T09:45:52+00:00\",\"dateModified\":\"2025-05-02T12:02:58+00:00\",\"description\":\"\\\"Experimenta la m\u00e1xima emoci\u00f3n con el Lamborghini Hurac\u00e1n. Sum\u00e9rgete en el mundo del lujo y el alto rendimiento con su velocidad impresionante, tecnolog\u00eda innovadora y dise\u00f1o ic\u00f3nico.\\\"\",\"breadcrumb\":{\"@id\":\"https:\/\/www.drivemebarcelona.com\/es\/lamborghini-huracan\/#breadcrumb\"},\"inLanguage\":\"es\",\"potentialAction\":[{\"@type\":\"ReadAction\",\"target\":[\"https:\/\/www.drivemebarcelona.com\/es\/lamborghini-huracan\/\"]}]},{\"@type\":\"BreadcrumbList\",\"@id\":\"https:\/\/www.drivemebarcelona.com\/es\/lamborghini-huracan\/#breadcrumb\",\"itemListElement\":[{\"@type\":\"ListItem\",\"position\":1,\"name\":\"Home\",\"item\":\"https:\/\/www.drivemebarcelona.com\/es\/\"},{\"@type\":\"ListItem\",\"position\":2,\"name\":\"Lamborghini Huracan\"}]},{\"@type\":\"WebSite\",\"@id\":\"https:\/\/www.drivemebarcelona.com\/#website\",\"url\":\"https:\/\/www.drivemebarcelona.com\/\",\"name\":\"Drive Me Barcelona\",\"description\":\"Conduce un Ferrari en Barcelona\",\"publisher\":{\"@id\":\"https:\/\/www.drivemebarcelona.com\/#organization\"},\"potentialAction\":[{\"@type\":\"SearchAction\",\"target\":{\"@type\":\"EntryPoint\",\"urlTemplate\":\"https:\/\/www.drivemebarcelona.com\/?s={search_term_string}\"},\"query-input\":{\"@type\":\"PropertyValueSpecification\",\"valueRequired\":true,\"valueName\":\"search_term_string\"}}],\"inLanguage\":\"es\"},{\"@type\":\"Organization\",\"@id\":\"https:\/\/www.drivemebarcelona.com\/#organization\",\"name\":\"Drive Me Barcelona S.L.\",\"url\":\"https:\/\/www.drivemebarcelona.com\/\",\"logo\":{\"@type\":\"ImageObject\",\"inLanguage\":\"es\",\"@id\":\"https:\/\/www.drivemebarcelona.com\/#\/schema\/logo\/image\/\",\"url\":\"https:\/\/www.drivemebarcelona.com\/wp-content\/uploads\/2015\/01\/LOGO-maintenance\u00ae.png\",\"contentUrl\":\"https:\/\/www.drivemebarcelona.com\/wp-content\/uploads\/2015\/01\/LOGO-maintenance\u00ae.png\",\"width\":600,\"height\":145,\"caption\":\"Drive Me Barcelona S.L.\"},\"image\":{\"@id\":\"https:\/\/www.drivemebarcelona.com\/#\/schema\/logo\/image\/\"},\"sameAs\":[\"https:\/\/www.facebook.com\/drivemebarcelona\",\"https:\/\/x.com\/DriveMeBarcelon\",\"https:\/\/instagram.com\/drivemebarcelona\/\",\"https:\/\/es.pinterest.com\/drivemebarca\/\",\"https:\/\/www.youtube.com\/channel\/UCTBEtyrPd6HQ-QlERO84rxQ\"]}]}<\/script>\n<!-- \/ Yoast SEO plugin. -->","yoast_head_json":{"title":"Lamborghini Huracan - Drive Me Barcelona","description":"\"Experimenta la m\u00e1xima emoci\u00f3n con el Lamborghini Hurac\u00e1n. Sum\u00e9rgete en el mundo del lujo y el alto rendimiento con su velocidad impresionante, tecnolog\u00eda innovadora y dise\u00f1o ic\u00f3nico.\"","robots":{"index":"index","follow":"follow","max-snippet":"max-snippet:-1","max-image-preview":"max-image-preview:large","max-video-preview":"max-video-preview:-1"},"canonical":"https:\/\/www.drivemebarcelona.com\/es\/lamborghini-huracan\/","og_locale":"es_ES","og_type":"article","og_title":"Lamborghini Huracan - Drive Me Barcelona","og_description":"\"Experimenta la m\u00e1xima emoci\u00f3n con el Lamborghini Hurac\u00e1n. Sum\u00e9rgete en el mundo del lujo y el alto rendimiento con su velocidad impresionante, tecnolog\u00eda innovadora y dise\u00f1o ic\u00f3nico.\"","og_url":"https:\/\/www.drivemebarcelona.com\/es\/lamborghini-huracan\/","og_site_name":"Drive Me Barcelona","article_publisher":"https:\/\/www.facebook.com\/drivemebarcelona","article_modified_time":"2025-05-02T12:02:58+00:00","schema":{"@context":"https:\/\/schema.org","@graph":[{"@type":"WebPage","@id":"https:\/\/www.drivemebarcelona.com\/es\/lamborghini-huracan\/","url":"https:\/\/www.drivemebarcelona.com\/es\/lamborghini-huracan\/","name":"Lamborghini Huracan - Drive Me Barcelona","isPartOf":{"@id":"https:\/\/www.drivemebarcelona.com\/#website"},"datePublished":"2019-10-07T09:45:52+00:00","dateModified":"2025-05-02T12:02:58+00:00","description":"\"Experimenta la m\u00e1xima emoci\u00f3n con el Lamborghini Hurac\u00e1n. Sum\u00e9rgete en el mundo del lujo y el alto rendimiento con su velocidad impresionante, tecnolog\u00eda innovadora y dise\u00f1o ic\u00f3nico.\"","breadcrumb":{"@id":"https:\/\/www.drivemebarcelona.com\/es\/lamborghini-huracan\/#breadcrumb"},"inLanguage":"es","potentialAction":[{"@type":"ReadAction","target":["https:\/\/www.drivemebarcelona.com\/es\/lamborghini-huracan\/"]}]},{"@type":"BreadcrumbList","@id":"https:\/\/www.drivemebarcelona.com\/es\/lamborghini-huracan\/#breadcrumb","itemListElement":[{"@type":"ListItem","position":1,"name":"Home","item":"https:\/\/www.drivemebarcelona.com\/es\/"},{"@type":"ListItem","position":2,"name":"Lamborghini Huracan"}]},{"@type":"WebSite","@id":"https:\/\/www.drivemebarcelona.com\/#website","url":"https:\/\/www.drivemebarcelona.com\/","name":"Drive Me Barcelona","description":"Conduce un Ferrari en Barcelona","publisher":{"@id":"https:\/\/www.drivemebarcelona.com\/#organization"},"potentialAction":[{"@type":"SearchAction","target":{"@type":"EntryPoint","urlTemplate":"https:\/\/www.drivemebarcelona.com\/?s={search_term_string}"},"query-input":{"@type":"PropertyValueSpecification","valueRequired":true,"valueName":"search_term_string"}}],"inLanguage":"es"},{"@type":"Organization","@id":"https:\/\/www.drivemebarcelona.com\/#organization","name":"Drive Me Barcelona S.L.","url":"https:\/\/www.drivemebarcelona.com\/","logo":{"@type":"ImageObject","inLanguage":"es","@id":"https:\/\/www.drivemebarcelona.com\/#\/schema\/logo\/image\/","url":"https:\/\/www.drivemebarcelona.com\/wp-content\/uploads\/2015\/01\/LOGO-maintenance\u00ae.png","contentUrl":"https:\/\/www.drivemebarcelona.com\/wp-content\/uploads\/2015\/01\/LOGO-maintenance\u00ae.png","width":600,"height":145,"caption":"Drive Me Barcelona S.L."},"image":{"@id":"https:\/\/www.drivemebarcelona.com\/#\/schema\/logo\/image\/"},"sameAs":["https:\/\/www.facebook.com\/drivemebarcelona","https:\/\/x.com\/DriveMeBarcelon","https:\/\/instagram.com\/drivemebarcelona\/","https:\/\/es.pinterest.com\/drivemebarca\/","https:\/\/www.youtube.com\/channel\/UCTBEtyrPd6HQ-QlERO84rxQ"]}]}},"_links":{"self":[{"href":"https:\/\/www.drivemebarcelona.com\/es\/wp-json\/wp\/v2\/pages\/12110"}],"collection":[{"href":"https:\/\/www.drivemebarcelona.com\/es\/wp-json\/wp\/v2\/pages"}],"about":[{"href":"https:\/\/www.drivemebarcelona.com\/es\/wp-json\/wp\/v2\/types\/page"}],"author":[{"embeddable":true,"href":"https:\/\/www.drivemebarcelona.com\/es\/wp-json\/wp\/v2\/users\/2"}],"replies":[{"embeddable":true,"href":"https:\/\/www.drivemebarcelona.com\/es\/wp-json\/wp\/v2\/comments?post=12110"}],"version-history":[{"count":1,"href":"https:\/\/www.drivemebarcelona.com\/es\/wp-json\/wp\/v2\/pages\/12110\/revisions"}],"predecessor-version":[{"id":22759,"href":"https:\/\/www.drivemebarcelona.com\/es\/wp-json\/wp\/v2\/pages\/12110\/revisions\/22759"}],"wp:attachment":[{"href":"https:\/\/www.drivemebarcelona.com\/es\/wp-json\/wp\/v2\/media?parent=12110"}],"curies":[{"name":"wp","href":"https:\/\/api.w.org\/{rel}","templated":true}]}}