{"id":12116,"date":"2019-10-02T12:03:34","date_gmt":"2019-10-02T10:03:34","guid":{"rendered":"http:\/\/japper02.webfactional.com\/experiences\/"},"modified":"2025-05-19T11:43:14","modified_gmt":"2025-05-19T09:43:14","slug":"experiencias","status":"publish","type":"page","link":"https:\/\/www.drivemebarcelona.com\/es\/experiencias\/","title":{"rendered":"Experiencias"},"content":{"rendered":"<div class=\"wpb-content-wrapper\">[vc_row full_width=\u00bbstretch_row_content_no_spaces\u00bb content_placement=\u00bbmiddle\u00bb fullwidth=\u00bbyes\u00bb el_class=\u00bb.header-intro\u00bb css=\u00bb.vc_custom_1722000091193{background-image: url(https:\/\/www.drivemebarcelona.com\/wp-content\/uploads\/2024\/07\/Frame-92-3.png?id=19830) !important;background-position: center !important;background-repeat: no-repeat !important;background-size: cover !important;}\u00bb][vc_column][vc_column_text]\n<h1 style=\"text-align: center; color: #ffffff;\">Experiencias<\/h1>\n[\/vc_column_text][\/vc_column][\/vc_row][vc_row el_class=\u00bbcontainer-breadcrumbs\u00bb][vc_column][vc_raw_html el_id=\u00bbwpseo_breadcrumb\u00bb]JTVCd3BzZW9fYnJlYWRjcnVtYiU1RA==[\/vc_raw_html][\/vc_column][\/vc_row][vc_row el_class=\u00bb.m-intro\u00bb][vc_column][vc_column_text el_class=\u00bbtitulares\u00bb]\n<h2 style=\"text-align: center;\">Seas un aficionado a los coches o alguien que busca experiencias \u00fanicas,<\/h2>\n[\/vc_column_text][vc_column_text el_class=\u00bb.container-block\u00bb]\n<p class=\"text-intro\" style=\"text-align: center;\">tenemos una experiencia de conducci\u00f3n que es perfecta para ti.<br \/>\nCoge el volante, si\u00e9ntate c\u00f3modo y deja que nuestros instructores profesionales te gu\u00eden por las mejores carreteras y circuitos de Catalu\u00f1a.[\/vc_column_text][\/vc_column][\/vc_row][vc_row][vc_column][vc_column_text css=\u00bb\u00bb el_class=\u00bbmb-20&#8243;]\n<h2 style=\"text-align: center;\">Descubre Barcelona conduciendo un superdeportivo<\/h2>\n[\/vc_column_text][vc_column_text el_class=\u00bbmb-20&#8243;]\n<p class=\"text-intro\" style=\"text-align: center;\">Dos siempre es mejor que uno. Conduce un Superdeportivo y disfruta de una segunda aventura en un helic\u00f3ptero, un velero o una moto de agua.<\/p>\n[\/vc_column_text][\/vc_column][\/vc_row][vc_row full_width=\u00bbstretch_row\u00bb gap=\u00bb25&#8243; equal_height=\u00bbyes\u00bb content_placement=\u00bbtop\u00bb animation_delay=\u00bbcity-tours-items\u00bb css=\u00bb.vc_custom_1568025456004{margin-bottom: 60px !important;}\u00bb][vc_column width=\u00bb1\/4&#8243; animation=\u00bbbottom-to-top\u00bb css=\u00bb.vc_custom_1705577560329{background-color: #f5f5f5 !important;}\u00bb el_class=\u00bbcity-tours-col\u00bb][vc_row_inner equal_height=\u00bbyes\u00bb content_placement=\u00bbtop\u00bb css=\u00bb.vc_custom_1705578368384{margin-bottom: 0px !important;background-image: url(https:\/\/www.drivemebarcelona.com\/wp-content\/uploads\/2024\/01\/DRIVE-ME-BARCELONA-Driving-Experiences-Road-City-Tours-Barceloneta-08.jpg?id=16894) !important;background-position: center !important;background-repeat: no-repeat !important;background-size: cover !important;}\u00bb el_class=\u00bbcity-tours-bg\u00bb][vc_column_inner][vc_column_text]\n<h2>Test drive en Barcelona<\/h2>\n<p class=\"h3 p-time\">10 minutos<\/p>\n[\/vc_column_text][\/vc_column_inner][\/vc_row_inner][vc_row_inner css=\u00bb.vc_custom_1568025185795{margin-bottom: 0px !important;background-color: #f5f5f5 !important;background-position: center !important;background-repeat: no-repeat !important;background-size: cover !important;}\u00bb][vc_column_inner][vc_column_text css=\u00bb\u00bb el_class=\u00bbmb-20&#8243;]\n<p class=\"p-intro\">La ocasi\u00f3n perfecta para ponerte al volante de un superdeportivo por primera vez. \u00a1Vive una experiencia \u00fanica, emocionante e inigualable!<\/p>\n<p class=\"p-price\">desde 48\u20ac<\/p>\n[\/vc_column_text][\/vc_column_inner][\/vc_row_inner][vc_btn title=\u00bbRESERVAR AHORA\u00bb style=\u00bbcustom\u00bb custom_background=\u00bb#e4231e\u00bb custom_text=\u00bb#ffffff\u00bb shape=\u00bbsquare\u00bb align=\u00bbcenter\u00bb css=\u00bb.vc_custom_1732880294178{margin-bottom: 0px !important;}\u00bb el_class=\u00bbbtn-170&#8243; link=\u00bburl:%2Fes%2Ftest-drive-barcelona-sp%2F|title:Reservar\u00bb][\/vc_column][vc_column width=\u00bb1\/4&#8243; animation=\u00bbbottom-to-top\u00bb offset=\u00bbvc_col-xs-12&#8243; css=\u00bb.vc_custom_1566903192217{background-color: #f5f5f5 !important;}\u00bb el_class=\u00bbcity-tours-col\u00bb][vc_row_inner equal_height=\u00bbyes\u00bb content_placement=\u00bbtop\u00bb css=\u00bb.vc_custom_1569401573891{margin-bottom: 0px !important;background-image: url(\/wp-content\/uploads\/2019\/09\/City-Tour-Barceloneta.jpg?id=10949) !important;background-position: center !important;background-repeat: no-repeat !important;background-size: cover !important;}\u00bb el_class=\u00bbcity-tours-bg\u00bb][vc_column_inner][vc_column_text]\n<h2><span class=\"inline-block\">Barceloneta<\/span> y la playa<\/h2>\n<p class=\"h3 p-time\">20 minutos<\/p>\n[\/vc_column_text][\/vc_column_inner][\/vc_row_inner][vc_row_inner css=\u00bb.vc_custom_1568025185795{margin-bottom: 0px !important;background-color: #f5f5f5 !important;background-position: center !important;background-repeat: no-repeat !important;background-size: cover !important;}\u00bb][vc_column_inner][vc_column_text css=\u00bb\u00bb el_class=\u00bbmb-20&#8243;]\n<p class=\"p-intro\">Un recorrido por la vibrante playa de la Barceloneta, donde vivir\u00e1s la emoci\u00f3n de conducir ese superdeportivo con el que siempre has so\u00f1ado.<\/p>\n<p class=\"p-price\">desde 78\u20ac<\/p>\n[\/vc_column_text][\/vc_column_inner][\/vc_row_inner][vc_btn title=\u00bbRESERVAR AHORA\u00bb style=\u00bbcustom\u00bb custom_background=\u00bb#e4231e\u00bb custom_text=\u00bb#ffffff\u00bb shape=\u00bbsquare\u00bb align=\u00bbcenter\u00bb css=\u00bb.vc_custom_1732880298838{margin-bottom: 0px !important;}\u00bb el_class=\u00bbbtn-170&#8243; link=\u00bburl:%2Fes%2Fbarceloneta-la-playa%2F|title:Reservar||\u00bb][\/vc_column][vc_column width=\u00bb1\/4&#8243; animation=\u00bbbottom-to-top\u00bb offset=\u00bbvc_col-xs-12&#8243; el_class=\u00bbcity-tours-col\u00bb css=\u00bb.vc_custom_1566903201046{background-color: #f5f5f5 !important;}\u00bb][vc_row_inner equal_height=\u00bbyes\u00bb content_placement=\u00bbtop\u00bb css=\u00bb.vc_custom_1705578406652{margin-bottom: 0px !important;background-image: url(https:\/\/www.drivemebarcelona.com\/wp-content\/uploads\/2024\/01\/DRIVE-ME-BARCELONA-Driving-Experiences-Road-City-Tours-Montjuic-01-scaled.jpg?id=16904) !important;background-position: center !important;background-repeat: no-repeat !important;background-size: cover !important;}\u00bb el_class=\u00bbcity-tours-bg\u00bb][vc_column_inner][vc_column_text]\n<h2><span class=\"inline-block\">Montju\u00efc y el<\/span> circuito F1 urbano<\/h2>\n<p class=\"h3 p-time\">40 minutos<\/p>\n[\/vc_column_text][\/vc_column_inner][\/vc_row_inner][vc_row_inner css=\u00bb.vc_custom_1568025217521{margin-bottom: 0px !important;background-color: #f5f5f5 !important;background-position: center !important;background-repeat: no-repeat !important;background-size: cover !important;}\u00bb][vc_column_inner][vc_column_text css=\u00bb\u00bb el_class=\u00bbmb-20&#8243;]\n<p class=\"p-intro\">Recorre las mismas calles que en su d\u00eda formaron el hist\u00f3rico circuito urbano de F\u00f3rmula 1 de Montju\u00efc, donde las grandes leyendas dejaron su huella.<\/p>\n<p class=\"p-price\">desde 148\u20ac<\/p>\n[\/vc_column_text][\/vc_column_inner][\/vc_row_inner][vc_btn title=\u00bbRESERVAR AHORA\u00bb style=\u00bbcustom\u00bb custom_background=\u00bb#e4231e\u00bb custom_text=\u00bb#ffffff\u00bb shape=\u00bbsquare\u00bb align=\u00bbcenter\u00bb css=\u00bb.vc_custom_1732880302797{margin-bottom: 0px !important;}\u00bb el_class=\u00bbbtn-170&#8243; link=\u00bburl:%2Fes%2Fmontjuic-circuito-urbano-f1%2F|title:Montjuic%20y%20El%20Circuito%20Urbano%20de%20F1||\u00bb][\/vc_column][vc_column width=\u00bb1\/4&#8243; animation=\u00bbbottom-to-top\u00bb offset=\u00bbvc_col-xs-12&#8243; el_class=\u00bbcity-tours-col\u00bb css=\u00bb.vc_custom_1566903114060{background-color: #f5f5f5 !important;}\u00bb][vc_row_inner equal_height=\u00bbyes\u00bb content_placement=\u00bbtop\u00bb css=\u00bb.vc_custom_1568025204392{margin-bottom: 0px !important;background-image: url(\/wp-content\/uploads\/2019\/08\/City-Tour-Tibidabo.jpg?id=10432) !important;background-position: center !important;background-repeat: no-repeat !important;background-size: cover !important;}\u00bb el_class=\u00bbcity-tours-bg\u00bb][vc_column_inner][vc_column_text]\n<h2><span class=\"inline-block\">Tibidabo<\/span> y el<br \/>\nSkyline<\/h2>\n<p class=\"h3 p-time\">90 minutos<\/p>\n[\/vc_column_text][\/vc_column_inner][\/vc_row_inner][vc_row_inner css=\u00bb.vc_custom_1568025210614{margin-bottom: 0px !important;background-color: #f5f5f5 !important;background-position: center !important;background-repeat: no-repeat !important;background-size: cover !important;}\u00bb][vc_column_inner][vc_column_text css=\u00bb\u00bb el_class=\u00bbmb-20&#8243;]\n<p class=\"p-intro\">Un emocionante recorrido repleto de curvas y naturaleza hasta la cima de Barcelona, donde unas vistas espectaculares te dejar\u00e1n sin aliento.<\/p>\n<p class=\"p-price\">desde 298\u20ac<\/p>\n[\/vc_column_text][\/vc_column_inner][\/vc_row_inner][vc_btn title=\u00bbRESERVAR AHORA\u00bb style=\u00bbcustom\u00bb custom_background=\u00bb#e4231e\u00bb custom_text=\u00bb#ffffff\u00bb shape=\u00bbsquare\u00bb align=\u00bbcenter\u00bb css=\u00bb.vc_custom_1732880307081{margin-bottom: 0px !important;}\u00bb el_class=\u00bbbtn-170&#8243; link=\u00bburl:%2Fes%2Ftibidabo-y-skyline%2F|title:Tibidabo%20y%20El%20Skyline||\u00bb][\/vc_column][\/vc_row][vc_row][vc_column][vc_column_text el_class=\u00bbmb-20&#8243;]\n<h2 style=\"text-align: center;\">Packs de Experiencias<\/h2>\n[\/vc_column_text][vc_column_text css=\u00bb\u00bb el_class=\u00bbmb-20&#8243;]\n<p class=\"text-intro\" style=\"text-align: center;\">\u00bfEst\u00e1s intentando decidir qu\u00e9 hacer en Barcelona?<br \/>\nDescubre los imprescindibles de la ciudad de la mejor manera:<br \/>\nal volante de un superdeportivo con un gu\u00eda experto a tu lado.[\/vc_column_text][\/vc_column][\/vc_row][vc_row full_width=\u00bbstretch_row\u00bb gap=\u00bb25&#8243; equal_height=\u00bbyes\u00bb el_class=\u00bbsection-experiences mb-70-r\u00bb][vc_column width=\u00bb1\/3&#8243; css=\u00bb.vc_custom_1747647778518{background-image: url(https:\/\/www.drivemebarcelona.com\/wp-content\/uploads\/2025\/05\/Frame-80.png?id=23154) !important;background-position: center !important;background-repeat: no-repeat !important;background-size: cover !important;}\u00bb el_class=\u00bbexperience-column experiencias-block-link\u00bb][vc_column_text]\n<h3 class=\"experience-title\">Superdeportivo<br \/>\ny Navegar<\/h3>\n<h5 class=\"experience-time\">20+90 minutes<\/h5>\n<h3 class=\"experience-price\">desde 198 \u20ac<\/h3>\n[\/vc_column_text][vc_raw_html]JTNDYSUyMGhyZWYlM0QlMjIlMkZlcyUyRnN1cGVyZGVwb3J0aXZvLW5hdmVnYXIlMkYlMjIlM0UlM0MlMkZhJTNF[\/vc_raw_html][\/vc_column][vc_column width=\u00bb1\/3&#8243; css=\u00bb.vc_custom_1721646361133{background-image: url(https:\/\/www.drivemebarcelona.com\/wp-content\/uploads\/2024\/07\/Frame-81.png?id=19206) !important;background-position: center !important;background-repeat: no-repeat !important;background-size: cover !important;}\u00bb el_class=\u00bbexperience-column experiencias-block-link\u00bb][vc_column_text css=\u00bb\u00bb]\n<h3 class=\"experience-title\">Superdeportivo<br \/>\ny Helic\u00f3ptero<\/h3>\n<h5 class=\"experience-time\">20+12 minutos<\/h5>\n<h3 class=\"experience-price\">desde 397 \u20ac<\/h3>\n[\/vc_column_text][vc_raw_html]JTNDYSUyMGhyZWYlM0QlMjIlMkZlcyUyRnN1cGVyZGVwb3J0aXZvLWhlbGljb3B0ZXJvJTJGJTIyJTNFJTNDJTJGYSUzRQ==[\/vc_raw_html][\/vc_column][vc_column width=\u00bb1\/3&#8243; css=\u00bb.vc_custom_1721646411771{background-image: url(https:\/\/www.drivemebarcelona.com\/wp-content\/uploads\/2024\/07\/Frame-82.png?id=19208) !important;background-position: center !important;background-repeat: no-repeat !important;background-size: cover !important;}\u00bb el_class=\u00bbexperience-column experiencias-block-link\u00bb][vc_column_text]\n<h3 class=\"experience-title\">Superdeportivo<br \/>\ny Moto de Agua<\/h3>\n<h5 class=\"experience-time\">20+20 minutos<\/h5>\n<h3 class=\"experience-price\">desde 218 \u20ac<\/h3>\n[\/vc_column_text][vc_raw_html]JTNDYSUyMGhyZWYlM0QlMjIlMkZlcyUyRnN1cGVyZGVwb3J0aXZvLW1vdG8tYWd1YSUyRiUyMiUzRSUzQyUyRmElM0U=[\/vc_raw_html][\/vc_column][\/vc_row][vc_row][vc_column][vc_column_text el_class=\u00bbmb-20&#8243;]\n<h2 style=\"text-align: center;\">Road Routes<\/h2>\n[\/vc_column_text][vc_column_text el_class=\u00bbmb-20&#8243;]\n<p class=\"text-intro\" style=\"text-align: center;\">Explora los lugares m\u00e1s hermosos de Catalu\u00f1a en nuestras experiencias premium de medio d\u00eda.<\/p>\n[\/vc_column_text][\/vc_column][\/vc_row][vc_row full_width=\u00bbstretch_row\u00bb gap=\u00bb25&#8243; equal_height=\u00bbyes\u00bb el_class=\u00bbsection-experiences mb-70-r experiences-custom\u00bb section_id=\u00bbexperiences-custom\u00bb][vc_column width=\u00bb1\/3&#8243; css=\u00bb.vc_custom_1721646498009{background-image: url(https:\/\/www.drivemebarcelona.com\/wp-content\/uploads\/2024\/07\/Frame-77.png?id=19212) !important;background-position: center !important;background-repeat: no-repeat !important;background-size: cover !important;}\u00bb el_class=\u00bbexperience-column experiencias-block-link\u00bb][vc_column_text]\n<h3 class=\"experience-title\">Pened\u00e8s y<br \/>\nLos Vi\u00f1edos<\/h3>\n<h5 class=\"experience-time\">4 horas<\/h5>\n<h3 class=\"experience-price\">desde 799 \u20ac<\/h3>\n[\/vc_column_text][vc_raw_html]JTNDYSUyMGhyZWYlM0QlMjIlMkZlcyUyRnBlbmVkZXMteS12aW5lZG9zJTJGJTIyJTNFJTNDJTJGYSUzRQ==[\/vc_raw_html][\/vc_column][vc_column width=\u00bb1\/3&#8243; css=\u00bb.vc_custom_1721648175575{background-image: url(https:\/\/www.drivemebarcelona.com\/wp-content\/uploads\/2024\/07\/Frame-78-1.png?id=19220) !important;background-position: center !important;background-repeat: no-repeat !important;background-size: cover !important;}\u00bb el_class=\u00bbexperience-column experiencias-block-link\u00bb][vc_column_text]\n<h3 class=\"experience-title\">Sitges y<br \/>\nLa Costa<\/h3>\n<h5 class=\"experience-time\">4 horas<\/h5>\n<h3 class=\"experience-price\">desde 799 \u20ac<\/h3>\n[\/vc_column_text][vc_raw_html]JTNDYSUyMGhyZWYlM0QlMjIlMkZlcyUyRnNpdGdlcy15LWxhLWNvc3RhJTJGJTIyJTNFJTNDJTJGYSUzRQ==[\/vc_raw_html][\/vc_column][vc_column width=\u00bb1\/3&#8243; css=\u00bb.vc_custom_1721647403559{background-image: url(https:\/\/www.drivemebarcelona.com\/wp-content\/uploads\/2024\/07\/Frame-79-2.png?id=19225) !important;background-position: center !important;background-repeat: no-repeat !important;background-size: cover !important;}\u00bb el_class=\u00bbexperience-column experiencias-block-link\u00bb][vc_column_text]\n<h3 class=\"experience-title\">Montserrat y<br \/>\nLa Monta\u00f1a<\/h3>\n<h5 class=\"experience-time\">4 horas<\/h5>\n<h3 class=\"experience-price\">desde 799 \u20ac<\/h3>\n[\/vc_column_text][vc_raw_html]JTNDYSUyMGhyZWYlM0QlMjIlMkZlcyUyRm1vbnRzZXJyYXQteS1sYS1tb250YW5hJTJGJTIyJTNFJTNDJTJGYSUzRQ==[\/vc_raw_html][\/vc_column][\/vc_row][vc_row][vc_column][vc_column_text el_class=\u00bbmb-20&#8243;]\n<h2 style=\"text-align: center;\">Circuitos<\/h2>\n[\/vc_column_text][vc_column_text el_class=\u00bbmb-20&#8243;]\n<p class=\"text-intro\" style=\"text-align: center;\">No sabr\u00e1s lo que es la velocidad hasta que no hayas conducido en un circuito real. Inscr\u00edbete a uno de nuestros Track Days en el circuito o reta a alg\u00fan amigo en una Gymkhana.<\/p>\n[\/vc_column_text][\/vc_column][\/vc_row][vc_row full_width=\u00bbstretch_row\u00bb gap=\u00bb25&#8243; equal_height=\u00bbyes\u00bb el_class=\u00bbsection-experiences mb-70-r\u00bb][vc_column width=\u00bb1\/3&#8243; css=\u00bb.vc_custom_1721388740399{background-image: url(https:\/\/www.drivemebarcelona.com\/wp-content\/uploads\/2024\/07\/Group-27.png?id=19055) !important;background-position: center !important;background-repeat: no-repeat !important;background-size: cover !important;}\u00bb el_class=\u00bbexperience-column experiencias-block-link\u00bb][vc_column_text css=\u00bb\u00bb]\n<h3 class=\"experience-title\">Experiencia<br \/>\nSIM Racing<\/h3>\n<h5 class=\"experience-time\">A partir de 7 minutos<\/h5>\n<h3 class=\"experience-price\">desde 15 \u20ac<\/h3>\n[\/vc_column_text][vc_raw_html]JTNDYSUyMGhyZWYlM0QlMjIlMkZlcyUyRmV4cGVyaWVuY2lhLXZyLXJhY2luZyUyRiUyMiUzRSUzQyUyRmElM0U=[\/vc_raw_html][\/vc_column][vc_column width=\u00bb1\/3&#8243; css=\u00bb.vc_custom_1721388835220{background-image: url(https:\/\/www.drivemebarcelona.com\/wp-content\/uploads\/2024\/07\/Group-25.png?id=19057) !important;background-position: center !important;background-repeat: no-repeat !important;background-size: cover !important;}\u00bb el_class=\u00bbexperience-column experiencias-block-link\u00bb][vc_column_text css=\u00bb\u00bb]\n<h3 class=\"experience-title\">Track<br \/>\nDays<\/h3>\n<h5 class=\"experience-time\">A partir de 2 horas<\/h5>\n<h3 class=\"experience-price\">Sujeto a disponibilidad<\/h3>\n[\/vc_column_text][vc_raw_html]JTNDYSUyMGhyZWYlM0QlMjIlMkZlcyUyRnRyYWNrLWRheXMlMkYlMjIlM0UlM0MlMkZhJTNF[\/vc_raw_html][\/vc_column][vc_column width=\u00bb1\/3&#8243; css=\u00bb.vc_custom_1721388950365{background-image: url(https:\/\/www.drivemebarcelona.com\/wp-content\/uploads\/2024\/07\/Group-26.png?id=19059) !important;background-position: center !important;background-repeat: no-repeat !important;background-size: cover !important;}\u00bb el_class=\u00bbexperience-column experiencias-block-link\u00bb][vc_column_text css=\u00bb\u00bb]\n<h3 class=\"experience-title\">Experiencia<br \/>\nGymkhana<\/h3>\n<h5 class=\"experience-time\">4 horas<\/h5>\n<h3 class=\"experience-price\">Sujeto a disponibilidad<\/h3>\n[\/vc_column_text][vc_raw_html]JTNDYSUyMGhyZWYlM0QlMjIlMkZlcyUyRmV4cGVyaWVuY2lhLWd5bWtoYW5hJTJGJTIyJTNFJTNDJTJGYSUzRQ==[\/vc_raw_html][\/vc_column][\/vc_row]\n<\/div>","protected":false},"excerpt":{"rendered":"<p>[vc_row full_width=\u00bbstretch_row_content_no_spaces\u00bb content_placement=\u00bbmiddle\u00bb fullwidth=\u00bbyes\u00bb el_class=\u00bb.header-intro\u00bb css=\u00bb.vc_custom_1722000091193{background-image: url(https:\/\/www.drivemebarcelona.com\/wp-content\/uploads\/2024\/07\/Frame-92-3.png?id=19830) !important;background-position: center !important;background-repeat: no-repeat !important;background-size: cover !important;}\u00bb][vc_column][vc_column_text] Experiencias [\/vc_column_text][\/vc_column][\/vc_row][vc_row el_class=\u00bbcontainer-breadcrumbs\u00bb][vc_column][vc_raw_html el_id=\u00bbwpseo_breadcrumb\u00bb]JTVCd3BzZW9fYnJlYWRjcnVtYiU1RA==[\/vc_raw_html][\/vc_column][\/vc_row][vc_row el_class=\u00bb.m-intro\u00bb][vc_column][vc_column_text el_class=\u00bbtitulares\u00bb] Seas un aficionado a los [&hellip;]<\/p>\n","protected":false},"author":2,"featured_media":0,"parent":0,"menu_order":0,"comment_status":"closed","ping_status":"closed","template":"","meta":{"_acf_changed":false,"footnotes":""},"acf":[],"yoast_head":"<!-- This site is optimized with the Yoast SEO plugin v24.2 - https:\/\/yoast.com\/wordpress\/plugins\/seo\/ -->\n<title>Experiencias - Drive Me Barcelona<\/title>\n<meta name=\"description\" content=\"Mejore sus aventuras de viaje con nuestras excepcionales experiencias de alquiler de autom\u00f3viles. Descubra un mundo de exploraci\u00f3n\" \/>\n<meta name=\"robots\" content=\"index, follow, max-snippet:-1, max-image-preview:large, max-video-preview:-1\" \/>\n<link rel=\"canonical\" href=\"https:\/\/www.drivemebarcelona.com\/es\/experiencias\/\" \/>\n<meta property=\"og:locale\" content=\"es_ES\" \/>\n<meta property=\"og:type\" content=\"article\" \/>\n<meta property=\"og:title\" content=\"Experiencias - Drive Me Barcelona\" \/>\n<meta property=\"og:description\" content=\"Mejore sus aventuras de viaje con nuestras excepcionales experiencias de alquiler de autom\u00f3viles. Descubra un mundo de exploraci\u00f3n\" \/>\n<meta property=\"og:url\" content=\"https:\/\/www.drivemebarcelona.com\/es\/experiencias\/\" \/>\n<meta property=\"og:site_name\" content=\"Drive Me Barcelona\" \/>\n<meta property=\"article:publisher\" content=\"https:\/\/www.facebook.com\/drivemebarcelona\" \/>\n<meta property=\"article:modified_time\" content=\"2025-05-19T09:43:14+00:00\" \/>\n<script type=\"application\/ld+json\" class=\"yoast-schema-graph\">{\"@context\":\"https:\/\/schema.org\",\"@graph\":[{\"@type\":\"WebPage\",\"@id\":\"https:\/\/www.drivemebarcelona.com\/es\/experiencias\/\",\"url\":\"https:\/\/www.drivemebarcelona.com\/es\/experiencias\/\",\"name\":\"Experiencias - Drive Me Barcelona\",\"isPartOf\":{\"@id\":\"https:\/\/www.drivemebarcelona.com\/#website\"},\"datePublished\":\"2019-10-02T10:03:34+00:00\",\"dateModified\":\"2025-05-19T09:43:14+00:00\",\"description\":\"Mejore sus aventuras de viaje con nuestras excepcionales experiencias de alquiler de autom\u00f3viles. Descubra un mundo de exploraci\u00f3n\",\"breadcrumb\":{\"@id\":\"https:\/\/www.drivemebarcelona.com\/es\/experiencias\/#breadcrumb\"},\"inLanguage\":\"es\",\"potentialAction\":[{\"@type\":\"ReadAction\",\"target\":[\"https:\/\/www.drivemebarcelona.com\/es\/experiencias\/\"]}]},{\"@type\":\"BreadcrumbList\",\"@id\":\"https:\/\/www.drivemebarcelona.com\/es\/experiencias\/#breadcrumb\",\"itemListElement\":[{\"@type\":\"ListItem\",\"position\":1,\"name\":\"Home\",\"item\":\"https:\/\/www.drivemebarcelona.com\/es\/\"},{\"@type\":\"ListItem\",\"position\":2,\"name\":\"Experiencias\"}]},{\"@type\":\"WebSite\",\"@id\":\"https:\/\/www.drivemebarcelona.com\/#website\",\"url\":\"https:\/\/www.drivemebarcelona.com\/\",\"name\":\"Drive Me Barcelona\",\"description\":\"Conduce un Ferrari en Barcelona\",\"publisher\":{\"@id\":\"https:\/\/www.drivemebarcelona.com\/#organization\"},\"potentialAction\":[{\"@type\":\"SearchAction\",\"target\":{\"@type\":\"EntryPoint\",\"urlTemplate\":\"https:\/\/www.drivemebarcelona.com\/?s={search_term_string}\"},\"query-input\":{\"@type\":\"PropertyValueSpecification\",\"valueRequired\":true,\"valueName\":\"search_term_string\"}}],\"inLanguage\":\"es\"},{\"@type\":\"Organization\",\"@id\":\"https:\/\/www.drivemebarcelona.com\/#organization\",\"name\":\"Drive Me Barcelona S.L.\",\"url\":\"https:\/\/www.drivemebarcelona.com\/\",\"logo\":{\"@type\":\"ImageObject\",\"inLanguage\":\"es\",\"@id\":\"https:\/\/www.drivemebarcelona.com\/#\/schema\/logo\/image\/\",\"url\":\"https:\/\/www.drivemebarcelona.com\/wp-content\/uploads\/2015\/01\/LOGO-maintenance\u00ae.png\",\"contentUrl\":\"https:\/\/www.drivemebarcelona.com\/wp-content\/uploads\/2015\/01\/LOGO-maintenance\u00ae.png\",\"width\":600,\"height\":145,\"caption\":\"Drive Me Barcelona S.L.\"},\"image\":{\"@id\":\"https:\/\/www.drivemebarcelona.com\/#\/schema\/logo\/image\/\"},\"sameAs\":[\"https:\/\/www.facebook.com\/drivemebarcelona\",\"https:\/\/x.com\/DriveMeBarcelon\",\"https:\/\/instagram.com\/drivemebarcelona\/\",\"https:\/\/es.pinterest.com\/drivemebarca\/\",\"https:\/\/www.youtube.com\/channel\/UCTBEtyrPd6HQ-QlERO84rxQ\"]}]}<\/script>\n<!-- \/ Yoast SEO plugin. -->","yoast_head_json":{"title":"Experiencias - Drive Me Barcelona","description":"Mejore sus aventuras de viaje con nuestras excepcionales experiencias de alquiler de autom\u00f3viles. Descubra un mundo de exploraci\u00f3n","robots":{"index":"index","follow":"follow","max-snippet":"max-snippet:-1","max-image-preview":"max-image-preview:large","max-video-preview":"max-video-preview:-1"},"canonical":"https:\/\/www.drivemebarcelona.com\/es\/experiencias\/","og_locale":"es_ES","og_type":"article","og_title":"Experiencias - Drive Me Barcelona","og_description":"Mejore sus aventuras de viaje con nuestras excepcionales experiencias de alquiler de autom\u00f3viles. Descubra un mundo de exploraci\u00f3n","og_url":"https:\/\/www.drivemebarcelona.com\/es\/experiencias\/","og_site_name":"Drive Me Barcelona","article_publisher":"https:\/\/www.facebook.com\/drivemebarcelona","article_modified_time":"2025-05-19T09:43:14+00:00","schema":{"@context":"https:\/\/schema.org","@graph":[{"@type":"WebPage","@id":"https:\/\/www.drivemebarcelona.com\/es\/experiencias\/","url":"https:\/\/www.drivemebarcelona.com\/es\/experiencias\/","name":"Experiencias - Drive Me Barcelona","isPartOf":{"@id":"https:\/\/www.drivemebarcelona.com\/#website"},"datePublished":"2019-10-02T10:03:34+00:00","dateModified":"2025-05-19T09:43:14+00:00","description":"Mejore sus aventuras de viaje con nuestras excepcionales experiencias de alquiler de autom\u00f3viles. Descubra un mundo de exploraci\u00f3n","breadcrumb":{"@id":"https:\/\/www.drivemebarcelona.com\/es\/experiencias\/#breadcrumb"},"inLanguage":"es","potentialAction":[{"@type":"ReadAction","target":["https:\/\/www.drivemebarcelona.com\/es\/experiencias\/"]}]},{"@type":"BreadcrumbList","@id":"https:\/\/www.drivemebarcelona.com\/es\/experiencias\/#breadcrumb","itemListElement":[{"@type":"ListItem","position":1,"name":"Home","item":"https:\/\/www.drivemebarcelona.com\/es\/"},{"@type":"ListItem","position":2,"name":"Experiencias"}]},{"@type":"WebSite","@id":"https:\/\/www.drivemebarcelona.com\/#website","url":"https:\/\/www.drivemebarcelona.com\/","name":"Drive Me Barcelona","description":"Conduce un Ferrari en Barcelona","publisher":{"@id":"https:\/\/www.drivemebarcelona.com\/#organization"},"potentialAction":[{"@type":"SearchAction","target":{"@type":"EntryPoint","urlTemplate":"https:\/\/www.drivemebarcelona.com\/?s={search_term_string}"},"query-input":{"@type":"PropertyValueSpecification","valueRequired":true,"valueName":"search_term_string"}}],"inLanguage":"es"},{"@type":"Organization","@id":"https:\/\/www.drivemebarcelona.com\/#organization","name":"Drive Me Barcelona S.L.","url":"https:\/\/www.drivemebarcelona.com\/","logo":{"@type":"ImageObject","inLanguage":"es","@id":"https:\/\/www.drivemebarcelona.com\/#\/schema\/logo\/image\/","url":"https:\/\/www.drivemebarcelona.com\/wp-content\/uploads\/2015\/01\/LOGO-maintenance\u00ae.png","contentUrl":"https:\/\/www.drivemebarcelona.com\/wp-content\/uploads\/2015\/01\/LOGO-maintenance\u00ae.png","width":600,"height":145,"caption":"Drive Me Barcelona S.L."},"image":{"@id":"https:\/\/www.drivemebarcelona.com\/#\/schema\/logo\/image\/"},"sameAs":["https:\/\/www.facebook.com\/drivemebarcelona","https:\/\/x.com\/DriveMeBarcelon","https:\/\/instagram.com\/drivemebarcelona\/","https:\/\/es.pinterest.com\/drivemebarca\/","https:\/\/www.youtube.com\/channel\/UCTBEtyrPd6HQ-QlERO84rxQ"]}]}},"_links":{"self":[{"href":"https:\/\/www.drivemebarcelona.com\/es\/wp-json\/wp\/v2\/pages\/12116"}],"collection":[{"href":"https:\/\/www.drivemebarcelona.com\/es\/wp-json\/wp\/v2\/pages"}],"about":[{"href":"https:\/\/www.drivemebarcelona.com\/es\/wp-json\/wp\/v2\/types\/page"}],"author":[{"embeddable":true,"href":"https:\/\/www.drivemebarcelona.com\/es\/wp-json\/wp\/v2\/users\/2"}],"replies":[{"embeddable":true,"href":"https:\/\/www.drivemebarcelona.com\/es\/wp-json\/wp\/v2\/comments?post=12116"}],"version-history":[{"count":3,"href":"https:\/\/www.drivemebarcelona.com\/es\/wp-json\/wp\/v2\/pages\/12116\/revisions"}],"predecessor-version":[{"id":23156,"href":"https:\/\/www.drivemebarcelona.com\/es\/wp-json\/wp\/v2\/pages\/12116\/revisions\/23156"}],"wp:attachment":[{"href":"https:\/\/www.drivemebarcelona.com\/es\/wp-json\/wp\/v2\/media?parent=12116"}],"curies":[{"name":"wp","href":"https:\/\/api.w.org\/{rel}","templated":true}]}}