{"id":12179,"date":"2019-09-25T12:23:53","date_gmt":"2019-09-25T10:23:53","guid":{"rendered":"http:\/\/japper02.webfactional.com\/about-us\/"},"modified":"2026-03-12T08:33:50","modified_gmt":"2026-03-12T07:33:50","slug":"quienes-somos","status":"publish","type":"page","link":"https:\/\/www.drivemebarcelona.com\/es\/quienes-somos\/","title":{"rendered":"Quienes somos"},"content":{"rendered":"<div class=\"wpb-content-wrapper\">[vc_row content_placement=\u00bbmiddle\u00bb fullwidth=\u00bbyes\u00bb el_class=\u00bb.header-intro\u00bb css=\u00bb.vc_custom_1754383017549{background-image: url(https:\/\/www.drivemebarcelona.com\/wp-content\/uploads\/2025\/08\/DRIVE-ME-BARCELONA-51-3-scaled.jpg?id=23736) !important;background-position: center !important;background-repeat: no-repeat !important;background-size: cover !important;}\u00bb][vc_column][vc_column_text]\n<h1 style=\"text-align: center; color: #ffffff;\">Qui\u00e9nes somos<\/h1>\n[\/vc_column_text][\/vc_column][\/vc_row][vc_row el_class=\u00bbcontainer-breadcrumbs\u00bb][vc_column][vc_raw_html el_id=\u00bbwpseo_breadcrumb\u00bb]JTVCd3BzZW9fYnJlYWRjcnVtYiU1RA==[\/vc_raw_html][\/vc_column][\/vc_row][vc_row content_placement=\u00bbmiddle\u00bb el_class=\u00bbsection-intro-cat mb-0-xs\u00bb][vc_column][vc_single_image image=\u00bb10961&#8243; img_size=\u00bbmedium\u00bb alignment=\u00bbcenter\u00bb el_class=\u00bbmax-logo\u00bb][\/vc_column][\/vc_row][vc_row el_class=\u00bb.section-intro-cat mb-40-r\u00bb][vc_column][vc_column_text css=\u00bb\u00bb el_class=\u00bbtitulares\u00bb]\n<p class=\"text-intro\" style=\"text-align: center; font-size: 19px;\"><strong>Drive Me Barcelona<\/strong> naci\u00f3 en 2014 de la pasi\u00f3n por los coches de cuatro ingenieros y su visi\u00f3n de ofrecer experiencias \u00fanicas en Barcelona con veh\u00edculos de lujo. Lo que comenz\u00f3 con un Ferrari California y rutas urbanas por la ciudad, hoy se ha convertido en una<strong> empresa l\u00edder en Espa\u00f1a<\/strong> en el alquiler y la organizaci\u00f3n de experiencias exclusivas con superdeportivos de lujo.<\/p>\n[\/vc_column_text][vc_column_text css=\u00bb\u00bb el_class=\u00bbtitulares\u00bb]\n<p class=\"text-intro\" style=\"text-align: center; font-size: 19px;\">Nuestra misi\u00f3n es ofrecer <strong>experiencias de conducci\u00f3n excepcionales y memorables<\/strong>, que van desde recorridos urbanos por las calles de Barcelona hasta rutas por carretera que atraviesan los paisajes m\u00e1s representativos de Catalunya. Tambi\u00e9n organizamos emocionantes trackdays en circuitos de carreras profesionales, as\u00ed como experiencias combinadas que integran la conducci\u00f3n de superdeportivos con vuelos en helic\u00f3ptero, paseos en catamar\u00e1n o actividades acu\u00e1ticas con motos de agua.<\/p>\n[\/vc_column_text][\/vc_column][\/vc_row][vc_row el_class=\u00bbmb-70-r\u00bb][vc_column][vc_separator color=\u00bbcustom\u00bb border_width=\u00bb4&#8243; accent_color=\u00bb#242525&#8243; el_class=\u00bbhr\u00bb][\/vc_column][\/vc_row][vc_row el_class=\u00bb.section-intro-cat mb-40-r\u00bb][vc_column][vc_column_text css=\u00bb\u00bb el_class=\u00bbtitulares\u00bb]\n<p class=\"text-intro\" style=\"text-align: center; font-size: 19px;\">Contamos con una de las <strong>flotas m\u00e1s destacadas del pa\u00eds<\/strong>, formada por los modelos m\u00e1s recientes y exclusivos de marcas de prestigio como Ferrari, McLaren, Porsche, Aston Martin, Lamborghini y BMW.<\/p>\n[\/vc_column_text][vc_column_text css=\u00bb\u00bb el_class=\u00bbtitulares\u00bb]\n<p class=\"text-intro\" style=\"text-align: center; font-size: 19px;\">Todos nuestros superdeportivos est\u00e1n <strong>disponibles para alquiler con total flexibilidad<\/strong>, desde per\u00edodos de dos horas hasta un mes completo, adapt\u00e1ndonos a las necesidades y preferencias de cada cliente. Adem\u00e1s, ofrecemos <strong>servicios exclusivos para empresas<\/strong>, organizando eventos corporativos completamente personalizados y dise\u00f1ados a medida, con el fin de cumplir con los objetivos espec\u00edficos de cada empresa y garantizar experiencias \u00fanicas que superen todas las expectativas.<\/p>\n[\/vc_column_text][\/vc_column][\/vc_row][vc_row el_class=\u00bbmb-70-r\u00bb][vc_column][vc_column_text]\n<h2 style=\"text-align: center;\">Conoce a nuestro equipo<\/h2>\n[\/vc_column_text][\/vc_column][\/vc_row][vc_row el_class=\u00bbrow-team\u00bb][vc_column width=\u00bb1\/4&#8243; offset=\u00bbvc_col-xs-6&#8243;][vc_single_image image=\u00bb23723&#8243; img_size=\u00bbfull\u00bb alignment=\u00bbcenter\u00bb css=\u00bb\u00bb][vc_column_text css=\u00bb\u00bb]\n<h3 style=\"text-align: center;\">David Jan\u00e9<\/h3>\n<p style=\"text-align: center; font-size: 15px;\">CEO<\/p>\n[\/vc_column_text][\/vc_column][vc_column width=\u00bb1\/4&#8243; offset=\u00bbvc_col-xs-6&#8243;][vc_single_image image=\u00bb23784&#8243; img_size=\u00bbfull\u00bb alignment=\u00bbcenter\u00bb css=\u00bb\u00bb][vc_column_text css=\u00bb\u00bb]\n<h3 style=\"text-align: center;\">Carles Bosch<\/h3>\n<p style=\"text-align: center; font-size: 15px;\">DIRECTOR DE FLOTA<\/p>\n[\/vc_column_text][\/vc_column][vc_column width=\u00bb1\/4&#8243; offset=\u00bbvc_col-xs-6&#8243;][vc_single_image image=\u00bb25185&#8243; img_size=\u00bbfull\u00bb alignment=\u00bbcenter\u00bb css=\u00bb\u00bb][vc_column_text css=\u00bb\u00bb]\n<h3 style=\"text-align: center;\">Guillermo D\u00edaz<\/h3>\n<p style=\"text-align: center; font-size: 15px;\">GERENTE DE PRODUCTO<\/p>\n[\/vc_column_text][\/vc_column][vc_column width=\u00bb1\/4&#8243; offset=\u00bbvc_col-xs-6&#8243;][vc_single_image image=\u00bb23696&#8243; img_size=\u00bbfull\u00bb alignment=\u00bbcenter\u00bb css=\u00bb\u00bb][vc_column_text css=\u00bb\u00bb]\n<h3 style=\"text-align: center;\">David Mart\u00ednez<\/h3>\n<p style=\"text-align: center; font-size: 15px;\">DIRECTOR DE VENTAS<\/p>\n[\/vc_column_text][\/vc_column][\/vc_row][vc_row el_class=\u00bbrow-team\u00bb][vc_column width=\u00bb1\/4&#8243; offset=\u00bbvc_col-xs-6&#8243;][vc_single_image image=\u00bb23709&#8243; img_size=\u00bbfull\u00bb alignment=\u00bbcenter\u00bb css=\u00bb\u00bb][vc_column_text css=\u00bb\u00bb]\n<h3 style=\"text-align: center;\">Gretel Grados<\/h3>\n<p style=\"text-align: center; font-size: 15px;\">ATENCI\u00d3N AL CLIENTE<\/p>\n[\/vc_column_text][\/vc_column][vc_column width=\u00bb1\/4&#8243; offset=\u00bbvc_col-xs-6&#8243;][vc_single_image image=\u00bb23767&#8243; img_size=\u00bbfull\u00bb alignment=\u00bbcenter\u00bb css=\u00bb\u00bb][vc_column_text css=\u00bb\u00bb]\n<h3 style=\"text-align: center;\">Ana Lugo<\/h3>\n<p style=\"text-align: center; font-size: 15px;\">ATENCI\u00d3N AL CLIENTE<\/p>\n[\/vc_column_text][\/vc_column][vc_column width=\u00bb1\/4&#8243; offset=\u00bbvc_col-xs-6&#8243;][vc_single_image image=\u00bb23713&#8243; img_size=\u00bbfull\u00bb alignment=\u00bbcenter\u00bb css=\u00bb\u00bb][vc_column_text css=\u00bb\u00bb]\n<h3 style=\"text-align: center;\">Ibrahima Diao<\/h3>\n<p style=\"text-align: center; font-size: 15px;\">ATENCI\u00d3N AL CLIENTE<\/p>\n[\/vc_column_text][\/vc_column][vc_column width=\u00bb1\/4&#8243; offset=\u00bbvc_col-xs-6&#8243;][vc_single_image image=\u00bb23763&#8243; img_size=\u00bbfull\u00bb alignment=\u00bbcenter\u00bb css=\u00bb\u00bb][vc_column_text css=\u00bb\u00bb]\n<h3 style=\"text-align: center;\">Matteo Gritti<\/h3>\n<p style=\"text-align: center; font-size: 15px;\">INSTRUCTOR<\/p>\n[\/vc_column_text][\/vc_column][\/vc_row][vc_row el_class=\u00bbrow-team\u00bb][vc_column width=\u00bb1\/4&#8243; offset=\u00bbvc_col-xs-6&#8243;][vc_single_image image=\u00bb23757&#8243; img_size=\u00bbfull\u00bb alignment=\u00bbcenter\u00bb css=\u00bb\u00bb][vc_column_text css=\u00bb\u00bb]\n<h3 style=\"text-align: center;\">Agust\u00edn Franco<\/h3>\n<p style=\"text-align: center; font-size: 15px;\">INSTRUCTOR<\/p>\n[\/vc_column_text][\/vc_column][vc_column width=\u00bb1\/4&#8243; offset=\u00bbvc_col-xs-6&#8243;][vc_single_image image=\u00bb23719&#8243; img_size=\u00bbfull\u00bb alignment=\u00bbcenter\u00bb css=\u00bb\u00bb][vc_column_text css=\u00bb\u00bb]\n<h3 style=\"text-align: center;\">Arnau Tomas<\/h3>\n<p style=\"text-align: center; font-size: 15px;\">INSTRUCTOR<\/p>\n[\/vc_column_text][\/vc_column][vc_column width=\u00bb1\/4&#8243; offset=\u00bbvc_col-xs-6&#8243;][vc_single_image image=\u00bb23788&#8243; img_size=\u00bbfull\u00bb alignment=\u00bbcenter\u00bb css=\u00bb\u00bb][vc_column_text css=\u00bb\u00bb]\n<h3 style=\"text-align: center;\">Adri\u00e0 P\u00e9rez<\/h3>\n<p style=\"text-align: center; font-size: 15px;\">INSTRUCTOR<\/p>\n[\/vc_column_text][\/vc_column][\/vc_row]\n<\/div>","protected":false},"excerpt":{"rendered":"<p>[vc_row content_placement=\u00bbmiddle\u00bb fullwidth=\u00bbyes\u00bb el_class=\u00bb.header-intro\u00bb css=\u00bb.vc_custom_1754383017549{background-image: url(https:\/\/www.drivemebarcelona.com\/wp-content\/uploads\/2025\/08\/DRIVE-ME-BARCELONA-51-3-scaled.jpg?id=23736) !important;background-position: center !important;background-repeat: no-repeat !important;background-size: cover !important;}\u00bb][vc_column][vc_column_text] Qui\u00e9nes somos [\/vc_column_text][\/vc_column][\/vc_row][vc_row el_class=\u00bbcontainer-breadcrumbs\u00bb][vc_column][vc_raw_html el_id=\u00bbwpseo_breadcrumb\u00bb]JTVCd3BzZW9fYnJlYWRjcnVtYiU1RA==[\/vc_raw_html][\/vc_column][\/vc_row][vc_row content_placement=\u00bbmiddle\u00bb el_class=\u00bbsection-intro-cat mb-0-xs\u00bb][vc_column][vc_single_image image=\u00bb10961&#8243; img_size=\u00bbmedium\u00bb alignment=\u00bbcenter\u00bb el_class=\u00bbmax-logo\u00bb][\/vc_column][\/vc_row][vc_row [&hellip;]<\/p>\n","protected":false},"author":2,"featured_media":0,"parent":0,"menu_order":0,"comment_status":"closed","ping_status":"closed","template":"","meta":{"_acf_changed":false,"footnotes":""},"acf":[],"yoast_head":"<!-- This site is optimized with the Yoast SEO plugin v24.2 - https:\/\/yoast.com\/wordpress\/plugins\/seo\/ -->\n<title>Quienes somos - Drive Me Barcelona<\/title>\n<meta name=\"robots\" content=\"noindex, follow\" \/>\n<meta property=\"og:locale\" content=\"es_ES\" \/>\n<meta property=\"og:type\" content=\"article\" \/>\n<meta property=\"og:title\" content=\"Quienes somos - Drive Me Barcelona\" \/>\n<meta property=\"og:description\" content=\"[vc_row content_placement=\u00bbmiddle\u00bb fullwidth=\u00bbyes\u00bb el_class=\u00bb.header-intro\u00bb css=\u00bb.vc_custom_1754383017549{background-image: url(https:\/\/www.drivemebarcelona.com\/wp-content\/uploads\/2025\/08\/DRIVE-ME-BARCELONA-51-3-scaled.jpg?id=23736) !important;background-position: center !important;background-repeat: no-repeat !important;background-size: cover !important;}\u00bb][vc_column][vc_column_text] Qui\u00e9nes somos [\/vc_column_text][\/vc_column][\/vc_row][vc_row el_class=\u00bbcontainer-breadcrumbs\u00bb][vc_column][vc_raw_html el_id=\u00bbwpseo_breadcrumb\u00bb]JTVCd3BzZW9fYnJlYWRjcnVtYiU1RA==[\/vc_raw_html][\/vc_column][\/vc_row][vc_row content_placement=\u00bbmiddle\u00bb el_class=\u00bbsection-intro-cat mb-0-xs\u00bb][vc_column][vc_single_image image=\u00bb10961&#8243; img_size=\u00bbmedium\u00bb alignment=\u00bbcenter\u00bb el_class=\u00bbmax-logo\u00bb][\/vc_column][\/vc_row][vc_row [&hellip;]\" \/>\n<meta property=\"og:url\" content=\"https:\/\/www.drivemebarcelona.com\/es\/quienes-somos\/\" \/>\n<meta property=\"og:site_name\" content=\"Drive Me Barcelona\" \/>\n<meta property=\"article:publisher\" content=\"https:\/\/www.facebook.com\/drivemebarcelona\" \/>\n<meta property=\"article:modified_time\" content=\"2026-03-12T07:33:50+00:00\" \/>\n<script type=\"application\/ld+json\" class=\"yoast-schema-graph\">{\"@context\":\"https:\/\/schema.org\",\"@graph\":[{\"@type\":\"WebPage\",\"@id\":\"https:\/\/www.drivemebarcelona.com\/es\/quienes-somos\/\",\"url\":\"https:\/\/www.drivemebarcelona.com\/es\/quienes-somos\/\",\"name\":\"Quienes somos - Drive Me Barcelona\",\"isPartOf\":{\"@id\":\"https:\/\/www.drivemebarcelona.com\/#website\"},\"datePublished\":\"2019-09-25T10:23:53+00:00\",\"dateModified\":\"2026-03-12T07:33:50+00:00\",\"breadcrumb\":{\"@id\":\"https:\/\/www.drivemebarcelona.com\/es\/quienes-somos\/#breadcrumb\"},\"inLanguage\":\"es\",\"potentialAction\":[{\"@type\":\"ReadAction\",\"target\":[\"https:\/\/www.drivemebarcelona.com\/es\/quienes-somos\/\"]}]},{\"@type\":\"BreadcrumbList\",\"@id\":\"https:\/\/www.drivemebarcelona.com\/es\/quienes-somos\/#breadcrumb\",\"itemListElement\":[{\"@type\":\"ListItem\",\"position\":1,\"name\":\"Home\",\"item\":\"https:\/\/www.drivemebarcelona.com\/es\/\"},{\"@type\":\"ListItem\",\"position\":2,\"name\":\"Quienes somos\"}]},{\"@type\":\"WebSite\",\"@id\":\"https:\/\/www.drivemebarcelona.com\/#website\",\"url\":\"https:\/\/www.drivemebarcelona.com\/\",\"name\":\"Drive Me Barcelona\",\"description\":\"Conduce un Ferrari en Barcelona\",\"publisher\":{\"@id\":\"https:\/\/www.drivemebarcelona.com\/#organization\"},\"potentialAction\":[{\"@type\":\"SearchAction\",\"target\":{\"@type\":\"EntryPoint\",\"urlTemplate\":\"https:\/\/www.drivemebarcelona.com\/?s={search_term_string}\"},\"query-input\":{\"@type\":\"PropertyValueSpecification\",\"valueRequired\":true,\"valueName\":\"search_term_string\"}}],\"inLanguage\":\"es\"},{\"@type\":\"Organization\",\"@id\":\"https:\/\/www.drivemebarcelona.com\/#organization\",\"name\":\"Drive Me Barcelona S.L.\",\"url\":\"https:\/\/www.drivemebarcelona.com\/\",\"logo\":{\"@type\":\"ImageObject\",\"inLanguage\":\"es\",\"@id\":\"https:\/\/www.drivemebarcelona.com\/#\/schema\/logo\/image\/\",\"url\":\"https:\/\/www.drivemebarcelona.com\/wp-content\/uploads\/2015\/01\/LOGO-maintenance\u00ae.png\",\"contentUrl\":\"https:\/\/www.drivemebarcelona.com\/wp-content\/uploads\/2015\/01\/LOGO-maintenance\u00ae.png\",\"width\":600,\"height\":145,\"caption\":\"Drive Me Barcelona S.L.\"},\"image\":{\"@id\":\"https:\/\/www.drivemebarcelona.com\/#\/schema\/logo\/image\/\"},\"sameAs\":[\"https:\/\/www.facebook.com\/drivemebarcelona\",\"https:\/\/x.com\/DriveMeBarcelon\",\"https:\/\/instagram.com\/drivemebarcelona\/\",\"https:\/\/es.pinterest.com\/drivemebarca\/\",\"https:\/\/www.youtube.com\/channel\/UCTBEtyrPd6HQ-QlERO84rxQ\"]}]}<\/script>\n<!-- \/ Yoast SEO plugin. -->","yoast_head_json":{"title":"Quienes somos - Drive Me Barcelona","robots":{"index":"noindex","follow":"follow"},"og_locale":"es_ES","og_type":"article","og_title":"Quienes somos - Drive Me Barcelona","og_description":"[vc_row content_placement=\u00bbmiddle\u00bb fullwidth=\u00bbyes\u00bb el_class=\u00bb.header-intro\u00bb css=\u00bb.vc_custom_1754383017549{background-image: url(https:\/\/www.drivemebarcelona.com\/wp-content\/uploads\/2025\/08\/DRIVE-ME-BARCELONA-51-3-scaled.jpg?id=23736) !important;background-position: center !important;background-repeat: no-repeat !important;background-size: cover !important;}\u00bb][vc_column][vc_column_text] Qui\u00e9nes somos [\/vc_column_text][\/vc_column][\/vc_row][vc_row el_class=\u00bbcontainer-breadcrumbs\u00bb][vc_column][vc_raw_html el_id=\u00bbwpseo_breadcrumb\u00bb]JTVCd3BzZW9fYnJlYWRjcnVtYiU1RA==[\/vc_raw_html][\/vc_column][\/vc_row][vc_row content_placement=\u00bbmiddle\u00bb el_class=\u00bbsection-intro-cat mb-0-xs\u00bb][vc_column][vc_single_image image=\u00bb10961&#8243; img_size=\u00bbmedium\u00bb alignment=\u00bbcenter\u00bb el_class=\u00bbmax-logo\u00bb][\/vc_column][\/vc_row][vc_row [&hellip;]","og_url":"https:\/\/www.drivemebarcelona.com\/es\/quienes-somos\/","og_site_name":"Drive Me Barcelona","article_publisher":"https:\/\/www.facebook.com\/drivemebarcelona","article_modified_time":"2026-03-12T07:33:50+00:00","schema":{"@context":"https:\/\/schema.org","@graph":[{"@type":"WebPage","@id":"https:\/\/www.drivemebarcelona.com\/es\/quienes-somos\/","url":"https:\/\/www.drivemebarcelona.com\/es\/quienes-somos\/","name":"Quienes somos - Drive Me Barcelona","isPartOf":{"@id":"https:\/\/www.drivemebarcelona.com\/#website"},"datePublished":"2019-09-25T10:23:53+00:00","dateModified":"2026-03-12T07:33:50+00:00","breadcrumb":{"@id":"https:\/\/www.drivemebarcelona.com\/es\/quienes-somos\/#breadcrumb"},"inLanguage":"es","potentialAction":[{"@type":"ReadAction","target":["https:\/\/www.drivemebarcelona.com\/es\/quienes-somos\/"]}]},{"@type":"BreadcrumbList","@id":"https:\/\/www.drivemebarcelona.com\/es\/quienes-somos\/#breadcrumb","itemListElement":[{"@type":"ListItem","position":1,"name":"Home","item":"https:\/\/www.drivemebarcelona.com\/es\/"},{"@type":"ListItem","position":2,"name":"Quienes somos"}]},{"@type":"WebSite","@id":"https:\/\/www.drivemebarcelona.com\/#website","url":"https:\/\/www.drivemebarcelona.com\/","name":"Drive Me Barcelona","description":"Conduce un Ferrari en Barcelona","publisher":{"@id":"https:\/\/www.drivemebarcelona.com\/#organization"},"potentialAction":[{"@type":"SearchAction","target":{"@type":"EntryPoint","urlTemplate":"https:\/\/www.drivemebarcelona.com\/?s={search_term_string}"},"query-input":{"@type":"PropertyValueSpecification","valueRequired":true,"valueName":"search_term_string"}}],"inLanguage":"es"},{"@type":"Organization","@id":"https:\/\/www.drivemebarcelona.com\/#organization","name":"Drive Me Barcelona S.L.","url":"https:\/\/www.drivemebarcelona.com\/","logo":{"@type":"ImageObject","inLanguage":"es","@id":"https:\/\/www.drivemebarcelona.com\/#\/schema\/logo\/image\/","url":"https:\/\/www.drivemebarcelona.com\/wp-content\/uploads\/2015\/01\/LOGO-maintenance\u00ae.png","contentUrl":"https:\/\/www.drivemebarcelona.com\/wp-content\/uploads\/2015\/01\/LOGO-maintenance\u00ae.png","width":600,"height":145,"caption":"Drive Me Barcelona S.L."},"image":{"@id":"https:\/\/www.drivemebarcelona.com\/#\/schema\/logo\/image\/"},"sameAs":["https:\/\/www.facebook.com\/drivemebarcelona","https:\/\/x.com\/DriveMeBarcelon","https:\/\/instagram.com\/drivemebarcelona\/","https:\/\/es.pinterest.com\/drivemebarca\/","https:\/\/www.youtube.com\/channel\/UCTBEtyrPd6HQ-QlERO84rxQ"]}]}},"_links":{"self":[{"href":"https:\/\/www.drivemebarcelona.com\/es\/wp-json\/wp\/v2\/pages\/12179"}],"collection":[{"href":"https:\/\/www.drivemebarcelona.com\/es\/wp-json\/wp\/v2\/pages"}],"about":[{"href":"https:\/\/www.drivemebarcelona.com\/es\/wp-json\/wp\/v2\/types\/page"}],"author":[{"embeddable":true,"href":"https:\/\/www.drivemebarcelona.com\/es\/wp-json\/wp\/v2\/users\/2"}],"replies":[{"embeddable":true,"href":"https:\/\/www.drivemebarcelona.com\/es\/wp-json\/wp\/v2\/comments?post=12179"}],"version-history":[{"count":5,"href":"https:\/\/www.drivemebarcelona.com\/es\/wp-json\/wp\/v2\/pages\/12179\/revisions"}],"predecessor-version":[{"id":25279,"href":"https:\/\/www.drivemebarcelona.com\/es\/wp-json\/wp\/v2\/pages\/12179\/revisions\/25279"}],"wp:attachment":[{"href":"https:\/\/www.drivemebarcelona.com\/es\/wp-json\/wp\/v2\/media?parent=12179"}],"curies":[{"name":"wp","href":"https:\/\/api.w.org\/{rel}","templated":true}]}}