{"id":12183,"date":"2019-10-15T16:04:23","date_gmt":"2019-10-15T14:04:23","guid":{"rendered":"http:\/\/japper02.webfactional.com\/legal-note\/"},"modified":"2024-09-17T13:07:19","modified_gmt":"2024-09-17T11:07:19","slug":"aviso-legal","status":"publish","type":"page","link":"https:\/\/www.drivemebarcelona.com\/es\/aviso-legal\/","title":{"rendered":"Aviso Legal"},"content":{"rendered":"<div class=\"wpb-content-wrapper\">[vc_row content_placement=\u00bbmiddle\u00bb fullwidth=\u00bbyes\u00bb el_class=\u00bb.header-legales\u00bb css=\u00bb.vc_custom_1697971758311{padding-top: 75px !important;background-image: url(\/wp-content\/uploads\/2019\/11\/header-legales-11.jpg?id=13013) !important;background-position: center !important;background-repeat: no-repeat !important;background-size: cover !important;}\u00bb][vc_column][vc_column_text]\n<h1 style=\"text-align: center; color: #ffffff;\">Aviso legal<\/h1>\n[\/vc_column_text][\/vc_column][\/vc_row][vc_row el_class=\u00bbcontainer-breadcrumbs\u00bb][vc_column][vc_raw_html el_id=\u00bbwpseo_breadcrumb\u00bb]JTVCd3BzZW9fYnJlYWRjcnVtYiU1RA==[\/vc_raw_html][\/vc_column][\/vc_row][vc_row content_placement=\u00bbmiddle\u00bb el_class=\u00bbsection-intro-cat mb-0-xs\u00bb][vc_column][vc_column_text css=\u00bb\u00bb]1. Introducci\u00f3n<br \/>\n2. Objeto<br \/>\n3. Directrices del Usuario<br \/>\n4. Pol\u00edtica de enlaces y exenciones de responsabilidad<br \/>\n5. Vigencia del presente texto<br \/>\n6. Propiedad intelectual e industrial<br \/>\n7. Legislaci\u00f3n aplicable y jurisdicci\u00f3n<\/p>\n<h4>1- Introducci\u00f3n<\/h4>\n<p>DRIVE ME BARCELONA SL es una empresa de alquiler de veh\u00edculos sin conductor, y como tal, s\u00f3lo comercializa y factura este producto en exclusiva respecto al uso de los autom\u00f3viles, seg\u00fan lo dispuesto en el cap\u00edtulo IV, secci\u00f3n 1\u00aa de la Ley de Ordenaci\u00f3n de los Transportes Terrestres, aprobado por el Real Decreto 1211\/1990, de 28 de septiembre. Todo lo que se puede encontrar en nuestras webs obedece a razones de Marketing para incentivar la comercializaci\u00f3n de alquileres de los veh\u00edculos.<\/p>\n<p>1.1. Gracias por elegir DRIVE ME BARCELONA.<br \/>\nMediante el uso y el acceso a este sitio web y a las direcciones URL derivadas de www.drivemebarcelona.com(en adelante los sitios web), usted otorga un contrato vinculante con nuestra sociedad, su contrato con nosotros incluye su aceptaci\u00f3n a estos \u201c<a href=\"http:\/\/www.drivemebarcelona.com\/es\/terminos-condiciones-uso\/\">T\u00e9rminos y Condiciones de Uso<\/a>\u201d y a nuestra \u201c<a href=\"http:\/\/www.drivemebarcelona.com\/es\/politica-de-privacidad\/\">Pol\u00edtica de Privacidad<\/a>\u201d. Si no estuviera de acuerdo con cualquiera de los t\u00e9rminos, por favor, le invitamos a que abandone los sitios web.<br \/>\n1.2. En virtud de la Ley 34\/2002, de 11 de julio, de Servicios de la Sociedad de la Informaci\u00f3n y de Comercio Electr\u00f3nico, le comunicamos que la web que est\u00e1 visitando ubicada bajo el dominio drivemebarcelona.com y sus sitios web son titularidad de DRIVE ME BARCELONA, S.L. (en adelante DRIVE ME BARCELONA), cuya raz\u00f3n social es DRIVE ME BARCELONA S.L, con sede en la Calle Escoles,19, Sant Jaume dels Domenys, 43713 Tarragona, con C.I.F. n\u00ba B-55649859. Inscrita en el Registro Mercantil en el tomo 2618, folio 153, hoja GI-44658, inscripci\u00f3n 1\u00aa, y correo electr\u00f3nico: info@drivemebarcelona.com<br \/>\n1.3. DRIVE ME BARCELONA le indica que es obligaci\u00f3n del usuario leer las presentes condiciones de uso de los sitios web, consider\u00e1ndose vigentes y por lo tanto aplicables, recomendando a los usuarios imprimir o guardar una copia de los presentes \u201cT\u00e9rminos y condiciones de uso\u201d para posteriormente tener conocimiento de las mismas, si bien las mismas estar\u00e1n en todo momento disponibles en la p\u00e1gina web (www.drivemebarcelona.com). Todas las condiciones pueden ser almacenadas y reproducidas por los usuarios\/clientes a trav\u00e9s de cualquier herramienta de los procesadores de texto convencionales en el mercado.<br \/>\n1.4. Para poder usar y navegar los sitios web de DRIVE ME BARCELONA, el Usuario debe (a) tener 18 o m\u00e1s a\u00f1os, o tener 14 y contar con el consentimiento paterno o de su tutor a estos t\u00e9rminos, (b) tener capacidad para otorgar un contrato vinculante con nosotros y que ninguna ley aplicable lo proh\u00edba, y (c) ser residente en Espa\u00f1a. El Usuario tambi\u00e9n garantiza que toda informaci\u00f3n que proporcione a DRIVE ME BARCELONA sea veraz, precisa y completa, y acepta que as\u00ed sea en todo momento.<\/p>\n<h4>2- Objeto<\/h4>\n<p>2.1. Es objeto de los presentes t\u00e9rminos de uso la navegaci\u00f3n, acceso y uso del portal y de su informaci\u00f3n (Browsing, es decir el ojear un espacio con el prop\u00f3sito de reconocer objetos en \u00e9l), est\u00e1 conducta f\u00e1ctica supone la aceptaci\u00f3n jur\u00eddica autom\u00e1tica y sin modificaci\u00f3n alguna, de los t\u00e9rminos, condiciones y advertencias recogidas en el presente texto. Las conductas descritas confieren la condici\u00f3n de usuario sin necesidad de firma convencional por parte del usuario, en cuanto a los t\u00e9rminos aqu\u00ed establecidos sin perjuicio de la aplicaci\u00f3n de las correspondientes normativas de obligado cumplimiento. Es obligaci\u00f3n de DRIVE ME BARCELONA advertir que si el Usuario estuviera en desacuerdo con los t\u00e9rminos presentes en este documento, el usuario deber\u00e1 abstenerse de acceder a los sitios web, por lo que DRIVE ME BARCELONA le invita inmediatamente a abandonar este sitio web si est\u00e1 conforme a citada advertencia.<br \/>\n2.2 El Usuario se declara como una persona f\u00edsica o jur\u00eddica, DRIVE ME BARCELONA declara, y el Usuario reconoce, que DRIVE ME BARCELONA proporciona gran diversidad de informaci\u00f3n, servicios y datos, asumiendo el usuario su responsabilidad en el uso correcto de los sitios web. Esta responsabilidad se extender\u00e1 a todos aquellos usos y pr\u00e1cticas que realice el usuario dentro de los sitios web, as\u00ed como el uso de de la informaci\u00f3n, servicios y datos ofrecidos por DRIVE ME BARCELONA.<\/p>\n<h4>3- Directrices del Usuario<\/h4>\n<p>Hemos establecido una serie de normas b\u00e1sicas para que el usuario pueda seguirlas cuando acceda a nuestros sitios web, as\u00ed como cuando contrate nuestros servicios. Por favor, siga estas normas:<\/p>\n<p><strong>3.1. Directrices de acceso a los sitios web<\/strong><\/p>\n<p>3.1.1. Para acceder a los sitios web, el Usuario debe contar con un acceso y conexi\u00f3n a la Red Internet, abonar las tarifas de acceso, tener el equipo\/dispositivo y los sistemas electr\u00f3nicos necesarios para realizar la conexi\u00f3n a la red, incluyendo un terminal que sea adecuado al efecto (ordenador, tel\u00e9fono, tablet, etc\u2026) y un modem u otro dispositivo de acceso an\u00e1logo o similar.<\/p>\n<p>3.1.2. El Usuario conoce que el correcto acceso y uso de determinados contenidos y servicios de los sitios web, puede implicar la descarga en sus dispositivos inform\u00e1ticos de determinados programas de ordenador u otros elementos l\u00f3gicos. El Usuario es el \u00fanico responsable por la instalaci\u00f3n de citados elementos, declinando DRIVE ME BARCELONA cualquier tipo de responsabilidad que de ello pudiera derivar.<\/p>\n<p><strong>3.2. Directrices de utilizaci\u00f3n de los sitios web por el usuario<\/strong><\/p>\n<p>3.2.1. El usuario se obliga a llevar a cabo una utilizaci\u00f3n de los sitios web, sus condiciones, servicios que se pudieran ofrecer, contenidos de conformidad con la Ley, la Moral, las buenas Costumbres y el orden p\u00fablico, no utiliz\u00e1ndolo contrariamente a los contenidos presentes en este texto, de forma lesiva para DRIVE ME BARCELONA o terceros, o que de cualquier forma pueda da\u00f1ar, inutilizar o deteriorar los sitios web o sus servicios, o impedir un normal disfrute de los sitios web por otros Usuarios.<\/p>\n<p>3.2.2. El usuario se abstendr\u00e1 de realizar acciones que da\u00f1en, interrumpan o generen errores en los sistemas de DRIVE ME BARCELONA, as\u00ed c\u00f3mo introducir programas, virus, macros, applets, controles ActiveX o cualquier otro dispositivo l\u00f3gico o secuencia de caracteres que causen o sean susceptibles de causar cualquier tipo de alteraci\u00f3n en los sistemas inform\u00e1ticos.<\/p>\n<p>3.2.3 DRIVE ME BARCELONA se reserva el derecho a denegar o retirar el acceso a los sitios web y\/o a los Servicios, en cualquier momento y sin necesidad de previo aviso a aquellos USUARIOS que incumplan los t\u00e9rminos y condiciones de uso.<\/p>\n<p><strong>3.3. Limitaci\u00f3n de responsabilidad de DRIVE ME BARCELONA por el uso de los sitios web<\/strong><\/p>\n<p>3.3.1. Los sitios web pueden albergar contenidos publicitarios o estar patrocinados. Los anunciantes y patrocinadores son los \u00fanicos responsables de asegurarse que el material remitido, para su inclusi\u00f3n en los sitios web, cumple con las leyes que en cada caso puedan ser de aplicaci\u00f3n. DRIVE ME BARCELONA no ser\u00e1 responsable de cualquier error, inexactitud o irregularidad que puedan contener los contenidos publicitarios o de los patrocinadores.<\/p>\n<p>3.3.2. DRIVE ME BARCELONA hace todos los esfuerzos necesarios para ofrecer la informaci\u00f3n contenida en los sitios web de forma veraz y sin errores tipogr\u00e1ficos. En el caso que en alg\u00fan momento se produjera alg\u00fan error de este tipo, ajeno en todo momento a la voluntad de DRIVE ME BARCELONA, se proceder\u00eda a la subsanaci\u00f3n de la errata a la mayor brevedad y se facilitar\u00e1 al Usuario la informaci\u00f3n y opciones establecidas en la legislaci\u00f3n vigente.<\/p>\n<p>3.3.3. DRIVE ME BARCELONA no ser\u00e1 responsable frente al Usuario, en cuanto:<br \/>\nLa eficacia en la conexi\u00f3n as\u00ed como la velocidad de acceso a los sitios web por el Usuario. Las interferencias, omisiones, interrupciones, virus inform\u00e1ticos, aver\u00edas telef\u00f3nicas o desconexiones en el funcionamiento operativo del sistema electr\u00f3nico por causas ajenas a DRIVE ME BARCELONA.<\/p>\n<p>La informaci\u00f3n introducida por usuarios y terceras personas, ajenas a DRIVE ME BARCELONA y con los que no se mantenga ning\u00fan tipo de acuerdo ni colaboraci\u00f3n contractual.<\/p>\n<h4>4- Pol\u00edtica de enlaces y exenciones de responsabilidad<\/h4>\n<p>4.1 DRIVE ME BARCELONA no se hace responsable del contenido de las p\u00e1ginas web a las que el Usuario pueda acceder a trav\u00e9s de los enlaces establecidos en la plataforma y declara que en ning\u00fan caso proceder\u00e1 a examinar o ejercitar ning\u00fan tipo de control sobre el contenido de otras p\u00e1ginas de la red. Asimismo, tampoco garantizar\u00e1 la disponibilidad t\u00e9cnica, exactitud, veracidad, validez o legalidad de p\u00e1ginas ajenas a su propiedad a las que se pueda acceder por medio de los enlaces.<\/p>\n<p>4.2 DRIVE ME BARCELONA declara haber adoptado todas las medidas necesarias para evitar cualquier da\u00f1o que, a los Usuarios de sus sitios webs, pudieran derivarse de la navegaci\u00f3n por sus sitios webs. En consecuencia, DRIVE ME BARCELONA no se hace responsable, en ning\u00fan caso, de los eventuales da\u00f1os que por la navegaci\u00f3n por Internet pudiera sufrir el Usuario.<\/p>\n<h4>5- Vigencia del presente texto<\/h4>\n<p>5.1. DRIVE ME BARCELONA se reserva el derecho a realizar las modificaciones que considere oportunas, sin aviso previo, en el contenido del sitio web. Tanto en lo referente a los contenidos de lo sitios, como en las condiciones de uso de la mismos. Dichas modificaciones podr\u00e1n realizarse, a trav\u00e9s del sitio web, por cualquier forma admisible en derecho y ser\u00e1n de obligado cumplimiento durante el tiempo en que exclusivamente se encuentren publicadas y a disposici\u00f3n en los sitios web y hasta que no sean modificadas por otras posteriores.<\/p>\n<p>5.2. DRIVE ME BARCELONA se reserva el derecho a actualizar el uso, t\u00e9rminos y condiciones aplicables a los sitios web. Siendo siempre de aplicaci\u00f3n, en beneficio del Usuario, los vigentes en el momento en que acceda al sitio web, as\u00ed como los vigentes a fecha de la posible solicitud de servicios, si fuera este el caso. La actualizaci\u00f3n se pre-avisar\u00e1 a trav\u00e9s del sitio web, que se abrir\u00e1 al acceder a la p\u00e1gina con una antelaci\u00f3n m\u00ednima de 15 d\u00edas.<\/p>\n<h4>6- Propiedad intelectual e industrial<\/h4>\n<p>6.1. Todos los textos, im\u00e1genes, contenidos, logos, marcas registradas o no, as\u00ed como los medios y formas de presentaci\u00f3n y montaje de los sitios web, son titularidad originaria o derivativamente de DRIVE ME BARCELONA. Consecuentemente son obras o contenidos protegidos como propiedad intelectual y\/o propiedad industrial por el ordenamiento jur\u00eddico espa\u00f1ol conforme al Real Decreto legislativo 1\/1996, de 12 de abril por el que se aprueba el Texto Refundido de la Ley de Propiedad intelectual y por la Ley 17\/2001, de 7 de diciembre, de Marcas, si\u00e9ndoles adem\u00e1s aplicables tanto la normativa espa\u00f1ola af\u00edn y comunitaria en los citados campos, como los tratados internacionales relativos a la materia y suscritos por Espa\u00f1a.<\/p>\n<p>6.2. Todos los derechos sobre los contenidos, est\u00e1n reservados quedando prohibida expresamente la reproducci\u00f3n, distribuci\u00f3n, comunicaci\u00f3n p\u00fablica, transformaci\u00f3n y\/o cualquier modalidad de uso, de la totalidad o parte de los contenidos de los sitios web sin el consentimiento expreso de DRIVE ME BARCELONA.<\/p>\n<h4>7- Legislaci\u00f3n aplicable y jurisdicci\u00f3n<\/h4>\n<p>7.1 DRIVE ME BARCELONA se reserva asimismo la facultad de presentar las acciones civiles o penales que considere oportunas por la utilizaci\u00f3n indebida de sus p\u00e1ginas web y contenidos, o por el incumplimiento de las presentes condiciones.<\/p>\n<p>7.2 Las partes acuerdan, de sus libres voluntades que la relaci\u00f3n entre el usuario y DRIVE ME BARCELONA SL se regir\u00e1 por la normativa espa\u00f1ola vigente y ser\u00e1n competentes para decidir sobre cualquier controversia que se pudiera suscitar entre el Usuario y DRIVE ME BARCELONA, los juzgados o tribunales de la localidad de Madrid.<\/p>\n<p>Barcelona, a 5 de mayo de 2024.[\/vc_column_text][\/vc_column][\/vc_row]\n<\/div>","protected":false},"excerpt":{"rendered":"<p>[vc_row content_placement=\u00bbmiddle\u00bb fullwidth=\u00bbyes\u00bb el_class=\u00bb.header-legales\u00bb css=\u00bb.vc_custom_1697971758311{padding-top: 75px !important;background-image: url(\/wp-content\/uploads\/2019\/11\/header-legales-11.jpg?id=13013) !important;background-position: center !important;background-repeat: no-repeat !important;background-size: cover !important;}\u00bb][vc_column][vc_column_text] Aviso legal [\/vc_column_text][\/vc_column][\/vc_row][vc_row el_class=\u00bbcontainer-breadcrumbs\u00bb][vc_column][vc_raw_html el_id=\u00bbwpseo_breadcrumb\u00bb]JTVCd3BzZW9fYnJlYWRjcnVtYiU1RA==[\/vc_raw_html][\/vc_column][\/vc_row][vc_row content_placement=\u00bbmiddle\u00bb el_class=\u00bbsection-intro-cat mb-0-xs\u00bb][vc_column][vc_column_text css=\u00bb\u00bb]1. Introducci\u00f3n [&hellip;]<\/p>\n","protected":false},"author":2,"featured_media":0,"parent":0,"menu_order":0,"comment_status":"closed","ping_status":"closed","template":"","meta":{"_acf_changed":false,"footnotes":""},"acf":[],"yoast_head":"<!-- This site is optimized with the Yoast SEO plugin v24.2 - https:\/\/yoast.com\/wordpress\/plugins\/seo\/ -->\n<title>Aviso Legal - Drive Me Barcelona<\/title>\n<meta name=\"robots\" content=\"noindex, follow\" \/>\n<meta property=\"og:locale\" content=\"es_ES\" \/>\n<meta property=\"og:type\" content=\"article\" \/>\n<meta property=\"og:title\" content=\"Aviso Legal - Drive Me Barcelona\" \/>\n<meta property=\"og:description\" content=\"[vc_row content_placement=\u00bbmiddle\u00bb fullwidth=\u00bbyes\u00bb el_class=\u00bb.header-legales\u00bb css=\u00bb.vc_custom_1697971758311{padding-top: 75px !important;background-image: url(\/wp-content\/uploads\/2019\/11\/header-legales-11.jpg?id=13013) !important;background-position: center !important;background-repeat: no-repeat !important;background-size: cover !important;}\u00bb][vc_column][vc_column_text] Aviso legal [\/vc_column_text][\/vc_column][\/vc_row][vc_row el_class=\u00bbcontainer-breadcrumbs\u00bb][vc_column][vc_raw_html el_id=\u00bbwpseo_breadcrumb\u00bb]JTVCd3BzZW9fYnJlYWRjcnVtYiU1RA==[\/vc_raw_html][\/vc_column][\/vc_row][vc_row content_placement=\u00bbmiddle\u00bb el_class=\u00bbsection-intro-cat mb-0-xs\u00bb][vc_column][vc_column_text css=\u00bb\u00bb]1. Introducci\u00f3n [&hellip;]\" \/>\n<meta property=\"og:url\" content=\"https:\/\/www.drivemebarcelona.com\/es\/aviso-legal\/\" \/>\n<meta property=\"og:site_name\" content=\"Drive Me Barcelona\" \/>\n<meta property=\"article:publisher\" content=\"https:\/\/www.facebook.com\/drivemebarcelona\" \/>\n<meta property=\"article:modified_time\" content=\"2024-09-17T11:07:19+00:00\" \/>\n<script type=\"application\/ld+json\" class=\"yoast-schema-graph\">{\"@context\":\"https:\/\/schema.org\",\"@graph\":[{\"@type\":\"WebPage\",\"@id\":\"https:\/\/www.drivemebarcelona.com\/es\/aviso-legal\/\",\"url\":\"https:\/\/www.drivemebarcelona.com\/es\/aviso-legal\/\",\"name\":\"Aviso Legal - Drive Me Barcelona\",\"isPartOf\":{\"@id\":\"https:\/\/www.drivemebarcelona.com\/#website\"},\"datePublished\":\"2019-10-15T14:04:23+00:00\",\"dateModified\":\"2024-09-17T11:07:19+00:00\",\"breadcrumb\":{\"@id\":\"https:\/\/www.drivemebarcelona.com\/es\/aviso-legal\/#breadcrumb\"},\"inLanguage\":\"es\",\"potentialAction\":[{\"@type\":\"ReadAction\",\"target\":[\"https:\/\/www.drivemebarcelona.com\/es\/aviso-legal\/\"]}]},{\"@type\":\"BreadcrumbList\",\"@id\":\"https:\/\/www.drivemebarcelona.com\/es\/aviso-legal\/#breadcrumb\",\"itemListElement\":[{\"@type\":\"ListItem\",\"position\":1,\"name\":\"Home\",\"item\":\"https:\/\/www.drivemebarcelona.com\/es\/\"},{\"@type\":\"ListItem\",\"position\":2,\"name\":\"Aviso Legal\"}]},{\"@type\":\"WebSite\",\"@id\":\"https:\/\/www.drivemebarcelona.com\/#website\",\"url\":\"https:\/\/www.drivemebarcelona.com\/\",\"name\":\"Drive Me Barcelona\",\"description\":\"Conduce un Ferrari en Barcelona\",\"publisher\":{\"@id\":\"https:\/\/www.drivemebarcelona.com\/#organization\"},\"potentialAction\":[{\"@type\":\"SearchAction\",\"target\":{\"@type\":\"EntryPoint\",\"urlTemplate\":\"https:\/\/www.drivemebarcelona.com\/?s={search_term_string}\"},\"query-input\":{\"@type\":\"PropertyValueSpecification\",\"valueRequired\":true,\"valueName\":\"search_term_string\"}}],\"inLanguage\":\"es\"},{\"@type\":\"Organization\",\"@id\":\"https:\/\/www.drivemebarcelona.com\/#organization\",\"name\":\"Drive Me Barcelona S.L.\",\"url\":\"https:\/\/www.drivemebarcelona.com\/\",\"logo\":{\"@type\":\"ImageObject\",\"inLanguage\":\"es\",\"@id\":\"https:\/\/www.drivemebarcelona.com\/#\/schema\/logo\/image\/\",\"url\":\"https:\/\/www.drivemebarcelona.com\/wp-content\/uploads\/2015\/01\/LOGO-maintenance\u00ae.png\",\"contentUrl\":\"https:\/\/www.drivemebarcelona.com\/wp-content\/uploads\/2015\/01\/LOGO-maintenance\u00ae.png\",\"width\":600,\"height\":145,\"caption\":\"Drive Me Barcelona S.L.\"},\"image\":{\"@id\":\"https:\/\/www.drivemebarcelona.com\/#\/schema\/logo\/image\/\"},\"sameAs\":[\"https:\/\/www.facebook.com\/drivemebarcelona\",\"https:\/\/x.com\/DriveMeBarcelon\",\"https:\/\/instagram.com\/drivemebarcelona\/\",\"https:\/\/es.pinterest.com\/drivemebarca\/\",\"https:\/\/www.youtube.com\/channel\/UCTBEtyrPd6HQ-QlERO84rxQ\"]}]}<\/script>\n<!-- \/ Yoast SEO plugin. -->","yoast_head_json":{"title":"Aviso Legal - Drive Me Barcelona","robots":{"index":"noindex","follow":"follow"},"og_locale":"es_ES","og_type":"article","og_title":"Aviso Legal - Drive Me Barcelona","og_description":"[vc_row content_placement=\u00bbmiddle\u00bb fullwidth=\u00bbyes\u00bb el_class=\u00bb.header-legales\u00bb css=\u00bb.vc_custom_1697971758311{padding-top: 75px !important;background-image: url(\/wp-content\/uploads\/2019\/11\/header-legales-11.jpg?id=13013) !important;background-position: center !important;background-repeat: no-repeat !important;background-size: cover !important;}\u00bb][vc_column][vc_column_text] Aviso legal [\/vc_column_text][\/vc_column][\/vc_row][vc_row el_class=\u00bbcontainer-breadcrumbs\u00bb][vc_column][vc_raw_html el_id=\u00bbwpseo_breadcrumb\u00bb]JTVCd3BzZW9fYnJlYWRjcnVtYiU1RA==[\/vc_raw_html][\/vc_column][\/vc_row][vc_row content_placement=\u00bbmiddle\u00bb el_class=\u00bbsection-intro-cat mb-0-xs\u00bb][vc_column][vc_column_text css=\u00bb\u00bb]1. Introducci\u00f3n [&hellip;]","og_url":"https:\/\/www.drivemebarcelona.com\/es\/aviso-legal\/","og_site_name":"Drive Me Barcelona","article_publisher":"https:\/\/www.facebook.com\/drivemebarcelona","article_modified_time":"2024-09-17T11:07:19+00:00","schema":{"@context":"https:\/\/schema.org","@graph":[{"@type":"WebPage","@id":"https:\/\/www.drivemebarcelona.com\/es\/aviso-legal\/","url":"https:\/\/www.drivemebarcelona.com\/es\/aviso-legal\/","name":"Aviso Legal - Drive Me Barcelona","isPartOf":{"@id":"https:\/\/www.drivemebarcelona.com\/#website"},"datePublished":"2019-10-15T14:04:23+00:00","dateModified":"2024-09-17T11:07:19+00:00","breadcrumb":{"@id":"https:\/\/www.drivemebarcelona.com\/es\/aviso-legal\/#breadcrumb"},"inLanguage":"es","potentialAction":[{"@type":"ReadAction","target":["https:\/\/www.drivemebarcelona.com\/es\/aviso-legal\/"]}]},{"@type":"BreadcrumbList","@id":"https:\/\/www.drivemebarcelona.com\/es\/aviso-legal\/#breadcrumb","itemListElement":[{"@type":"ListItem","position":1,"name":"Home","item":"https:\/\/www.drivemebarcelona.com\/es\/"},{"@type":"ListItem","position":2,"name":"Aviso Legal"}]},{"@type":"WebSite","@id":"https:\/\/www.drivemebarcelona.com\/#website","url":"https:\/\/www.drivemebarcelona.com\/","name":"Drive Me Barcelona","description":"Conduce un Ferrari en Barcelona","publisher":{"@id":"https:\/\/www.drivemebarcelona.com\/#organization"},"potentialAction":[{"@type":"SearchAction","target":{"@type":"EntryPoint","urlTemplate":"https:\/\/www.drivemebarcelona.com\/?s={search_term_string}"},"query-input":{"@type":"PropertyValueSpecification","valueRequired":true,"valueName":"search_term_string"}}],"inLanguage":"es"},{"@type":"Organization","@id":"https:\/\/www.drivemebarcelona.com\/#organization","name":"Drive Me Barcelona S.L.","url":"https:\/\/www.drivemebarcelona.com\/","logo":{"@type":"ImageObject","inLanguage":"es","@id":"https:\/\/www.drivemebarcelona.com\/#\/schema\/logo\/image\/","url":"https:\/\/www.drivemebarcelona.com\/wp-content\/uploads\/2015\/01\/LOGO-maintenance\u00ae.png","contentUrl":"https:\/\/www.drivemebarcelona.com\/wp-content\/uploads\/2015\/01\/LOGO-maintenance\u00ae.png","width":600,"height":145,"caption":"Drive Me Barcelona S.L."},"image":{"@id":"https:\/\/www.drivemebarcelona.com\/#\/schema\/logo\/image\/"},"sameAs":["https:\/\/www.facebook.com\/drivemebarcelona","https:\/\/x.com\/DriveMeBarcelon","https:\/\/instagram.com\/drivemebarcelona\/","https:\/\/es.pinterest.com\/drivemebarca\/","https:\/\/www.youtube.com\/channel\/UCTBEtyrPd6HQ-QlERO84rxQ"]}]}},"_links":{"self":[{"href":"https:\/\/www.drivemebarcelona.com\/es\/wp-json\/wp\/v2\/pages\/12183"}],"collection":[{"href":"https:\/\/www.drivemebarcelona.com\/es\/wp-json\/wp\/v2\/pages"}],"about":[{"href":"https:\/\/www.drivemebarcelona.com\/es\/wp-json\/wp\/v2\/types\/page"}],"author":[{"embeddable":true,"href":"https:\/\/www.drivemebarcelona.com\/es\/wp-json\/wp\/v2\/users\/2"}],"replies":[{"embeddable":true,"href":"https:\/\/www.drivemebarcelona.com\/es\/wp-json\/wp\/v2\/comments?post=12183"}],"version-history":[{"count":0,"href":"https:\/\/www.drivemebarcelona.com\/es\/wp-json\/wp\/v2\/pages\/12183\/revisions"}],"wp:attachment":[{"href":"https:\/\/www.drivemebarcelona.com\/es\/wp-json\/wp\/v2\/media?parent=12183"}],"curies":[{"name":"wp","href":"https:\/\/api.w.org\/{rel}","templated":true}]}}