{"id":12474,"date":"2019-10-25T15:17:33","date_gmt":"2019-10-25T13:17:33","guid":{"rendered":"http:\/\/japper02.webfactional.com\/events\/"},"modified":"2024-06-14T18:49:15","modified_gmt":"2024-06-14T16:49:15","slug":"eventos-old","status":"publish","type":"page","link":"https:\/\/www.drivemebarcelona.com\/es\/eventos-old\/","title":{"rendered":"Eventos-old"},"content":{"rendered":"<div class=\"wpb-content-wrapper\">[vc_row content_placement=\u00bbmiddle\u00bb fullwidth=\u00bbyes\u00bb el_class=\u00bb.header-intro\u00bb css=\u00bb.vc_custom_1574780309738{background-image: url(\/wp-content\/uploads\/2019\/11\/01-header-events-10.jpg?id=12652) !important;background-position: center !important;background-repeat: no-repeat !important;background-size: cover !important;}\u00bb][vc_column][vc_column_text]\n<h1 style=\"text-align: center; color: #ffffff;\">Eventos<\/h1>\n[\/vc_column_text][\/vc_column][\/vc_row][vc_row el_class=\u00bbcontainer-breadcrumbs\u00bb][vc_column][vc_raw_html el_id=\u00bbwpseo_breadcrumb\u00bb]JTVCd3BzZW9fYnJlYWRjcnVtYiU1RA==[\/vc_raw_html][\/vc_column][\/vc_row][vc_row el_class=\u00bb.section-intro-cat mb-40-r\u00bb][vc_column][vc_column_text el_class=\u00bbtitulares\u00bb]\n<h2 style=\"text-align: center;\">\u00bfBuscando el mejor evento para grupos?<\/h2>\n<p class=\"text-intro\" style=\"text-align: center;\">Nada supera un evento con Superdeportivos<\/p>\n[\/vc_column_text][vc_column_text el_class=\u00bbtitulares\u00bb]\n<p class=\"text-intro\" style=\"text-align: center;\">Nuestros eventos con Superdeportivos son la soluci\u00f3n perfecta para incentivos corporativos, eventos privados o celebraciones especiales, para grupos de 10 a 400 personas que deseen vivir una experiencia \u00fanica.<\/p>\n[\/vc_column_text][\/vc_column][\/vc_row][vc_row full_width=\u00bbstretch_row\u00bb equal_height=\u00bbyes\u00bb fullwidth=\u00bbyes\u00bb el_class=\u00bbslider-full mb-70-r\u00bb][vc_column][rev_slider_vc alias=\u00bbevents\u00bb][\/vc_column][\/vc_row][vc_row el_class=\u00bb.section-intro-cat mb-40-r\u00bb][vc_column][vc_column_text el_class=\u00bbtitulares\u00bb]\n<h2 style=\"text-align: center;\">\u00bfPor Qu\u00e9 Drive Me Barcelona?<\/h2>\n<p class=\"text-intro\" style=\"text-align: center;\">Cada evento est\u00e1 planificado, organizado y ejecutado por nuestro profesional equipo de coordinadores de eventos, asistentes de operaciones e instructores quienes son apasionados y expertos en Superdeportivos y en el dise\u00f1o de eventos.<\/p>\n[\/vc_column_text][\/vc_column][\/vc_row][vc_row full_width=\u00bbstretch_row\u00bb equal_height=\u00bbyes\u00bb][vc_column][vc_row_inner el_class=\u00bbmb-40-r\u00bb][vc_column_inner width=\u00bb1\/2&#8243; offset=\u00bbvc_col-xs-12&#8243;][vc_column_text]\n<h3>Experiencias Inolvidables<\/h3>\n<p>S\u00ed, los tours a pie no est\u00e1n mal&#8230; \u00bfPero alguna vez has conducido un Lamborghini en un circuito de carreras? Esa s\u00ed que es un experiencia \u00fanica y exclusiva que permanecer\u00e1 en el recuerdo de tu grupo por siempre.[\/vc_column_text][\/vc_column_inner][vc_column_inner width=\u00bb1\/2&#8243;][vc_column_text]\n<h3>Cero Estr\u00e9s<\/h3>\n<p>D\u00e9jalo todo en nuestras manos expertas. Tendr\u00e1s un dedicado equipo de profesionales a cargo de cada detalle; desde el itinerario hasta el catering. S\u00f3lo tendr\u00e1s que preocuparte por recibir cumplidos.[\/vc_column_text][\/vc_column_inner][\/vc_row_inner][vc_row_inner el_class=\u00bbmb-40-r\u00bb][vc_column_inner width=\u00bb1\/2&#8243;][vc_column_text]\n<h3>Emoci\u00f3n Para Todos<\/h3>\n<p>Ya sea conduciendo, de co-piloto junto a un piloto profesional en una vuelta r\u00e1pida u observando desde las gradas, nuestras experiencias atrapan y emocionan a cada uno de los participantes.[\/vc_column_text][\/vc_column_inner][vc_column_inner width=\u00bb1\/2&#8243;][vc_column_text]\n<h3>Participantes Motivados<\/h3>\n<p>La sonrisa de alguien al volante de un Superdeportivo de 670CV es muy dif\u00edcil de superar. Despierta el deseo de tu grupo por ir m\u00e1s r\u00e1pido y m\u00e1s lejos.[\/vc_column_text][\/vc_column_inner][\/vc_row_inner][vc_row_inner el_class=\u00bbmb-40-r\u00bb][vc_column_inner width=\u00bb1\/2&#8243;][vc_column_text]\n<h3>Flexibilidad<\/h3>\n<p>No tenemos un \u201cNo\u201d como respuesta. Las peticiones especiales son siempre bien recibidas. Estamos listos para adaptar cualquiera de nuestros programas con Superdeportivos a tus necesidades.[\/vc_column_text][\/vc_column_inner][vc_column_inner width=\u00bb1\/2&#8243;][vc_column_text]\n<h3>Seguridad Ante Todo<\/h3>\n<p>Nuestro trayectoria en el mundo del motor nos hace seguir los m\u00e1s estrictos procedimientos de seguridad en todo momento.[\/vc_column_text][\/vc_column_inner][\/vc_row_inner][\/vc_column][\/vc_row][vc_row full_width=\u00bbstretch_row\u00bb css=\u00bb.vc_custom_1572947708436{background-color: #f5f5f5 !important;}\u00bb el_class=\u00bbrow-events-road\u00bb][vc_column][vc_column_text el_class=\u00bbtitulares\u00bb]\n<h2 style=\"text-align: center;\">En Carretera o en Circuito<\/h2>\n<p class=\"text-intro\" style=\"text-align: center;\">Nuestros programas para eventos corporativos o para grupos han sido concebidos y probados para asegurar su excelente calidad y que siempre ofrezcan una experiencia de conducci\u00f3n excepcional. Tambi\u00e9n son completamente adaptables a las necesidades de tu grupo.<\/p>\n[\/vc_column_text][vc_row_inner equal_height=\u00bbyes\u00bb gap=\u00bb20&#8243;][vc_column_inner width=\u00bb1\/2&#8243;][vc_single_image image=\u00bb12219&#8243; img_size=\u00bbfull\u00bb][vc_column_text]\n<h3>Eventos con Superdeportivos en Barcelona<\/h3>\n<p>T\u00fa y tus invitados sentir\u00e9is la adrenalina de conducir un Superdeportivo mientras descubr\u00eds los lugares m\u00e1s emblem\u00e1ticos de la ciudad. La duraci\u00f3n de estos eventos es de 2 horas.[\/vc_column_text][\/vc_column_inner][vc_column_inner width=\u00bb1\/2&#8243;][vc_single_image image=\u00bb12223&#8243; img_size=\u00bbfull\u00bb][vc_column_text]\n<h3>Road Routes<\/h3>\n<p>En estas experiencias de conducci\u00f3n premium de 4 horas, t\u00fa y tu grupo tomar\u00e9is el control del volante y saldr\u00e9is de la ciudad para disfrutar de las mejores carreteras y paisajes de Catalu\u00f1a. Vistas espectaculares, emocionantes carreteras de monta\u00f1a y tranquilos vi\u00f1edos os esperan.[\/vc_column_text][\/vc_column_inner][\/vc_row_inner][vc_row_inner equal_height=\u00bbyes\u00bb gap=\u00bb20&#8243;][vc_column_inner width=\u00bb1\/2&#8243;][vc_single_image image=\u00bb12225&#8243; img_size=\u00bbfull\u00bb][vc_column_text]\n<h3>Especial MWC &#8211; D\u00edas de Test F1<\/h3>\n<p>Conduce tu Superdeportivo favorito hasta el Circuito de Barcelona &#8211; Catalunya y disfruta la m\u00e1s exclusiva acci\u00f3n de la F\u00f3rmula 1 desde cerca (Disponible s\u00f3lo desde el 19 de febrero hasta el 21 y desde el 26 de febrero hasta el 28).[\/vc_column_text][\/vc_column_inner][vc_column_inner width=\u00bb1\/2&#8243;][vc_single_image image=\u00bb12227&#8243; img_size=\u00bbfull\u00bb][vc_column_text]\n<h3>Experiencias de Circuito<\/h3>\n<p>Impresiona a clientes o amigos con una emocionante experiencia de conducci\u00f3n en un verdadero circuito. Nuestras experiencias de conducci\u00f3n en circuito son perfectas para grupos grandes y para combinarlas con otras actividades en un mismo lugar.[\/vc_column_text][\/vc_column_inner][\/vc_row_inner][vc_row_inner equal_height=\u00bbyes\u00bb gap=\u00bb20&#8243;][vc_column_inner width=\u00bb1\/2&#8243;][vc_single_image image=\u00bb12229&#8243; img_size=\u00bbfull\u00bb][vc_column_text]\n<h3>Eventos Personalizados<\/h3>\n<p>Tambi\u00e9n creamos experiencias customizadas a partir de tu n\u00famero de invitados, presupuesto y coches favoritos. Nuestros a\u00f1os de experiencia nos permiten crear una soluci\u00f3n a tu medida que cumpla todas tus necesidades.[\/vc_column_text][\/vc_column_inner][vc_column_inner width=\u00bb1\/2&#8243;][\/vc_column_inner][\/vc_row_inner][\/vc_column][\/vc_row][vc_row el_class=\u00bbrow-events-intro\u00bb][vc_column][vc_column_text el_class=\u00bbtitulares\u00bb]\n<h2 style=\"text-align: center;\">Eventos Todo Incluido<\/h2>\n<p class=\"text-intro\" style=\"text-align: center;\">Adem\u00e1s de la conducci\u00f3n, nos encargamos de cada detalle para que t\u00fa y todos los participantes tengan una experiencia impecable y emocionante de principio a fin que permanecer\u00e1 en vuestra memoria por siempre.<\/p>\n[\/vc_column_text][\/vc_column][\/vc_row][vc_row gap=\u00bb30&#8243; equal_height=\u00bbyes\u00bb el_class=\u00bbrow-events-items\u00bb][vc_column width=\u00bb1\/2&#8243;][vc_single_image image=\u00bb12239&#8243; img_size=\u00bbfull\u00bb alignment=\u00bbcenter\u00bb][vc_column_text]\n<h3 style=\"text-align: center;\">Hospitalidad<\/h3>\n<p style=\"text-align: center;\">Todos nuestros programas incluyen un espacio que podemos acondicionar para ofrecer presentaciones, relajarse antes de conducir o compartir una comida. Tambi\u00e9n trabajamos con las mejores empresas de catering de Barcelona para ofrecer inigualables experiencias gastron\u00f3micas.<\/p>\n[\/vc_column_text][\/vc_column][vc_column width=\u00bb1\/2&#8243;][vc_single_image image=\u00bb12235&#8243; img_size=\u00bbfull\u00bb alignment=\u00bbcenter\u00bb][vc_column_text]\n<h3 style=\"text-align: center;\">Branding<\/h3>\n<p style=\"text-align: center;\">Desde cascos personalizados hasta regalos corporativos, ofrecemos diversas opciones para integrar tu marca en todo el evento con fluidez y lograr un m\u00e1ximo reconocimiento.<\/p>\n[\/vc_column_text][\/vc_column][\/vc_row][vc_row gap=\u00bb30&#8243; equal_height=\u00bbyes\u00bb el_class=\u00bbrow-events-items\u00bb][vc_column width=\u00bb1\/2&#8243;][vc_single_image image=\u00bb12237&#8243; img_size=\u00bbfull\u00bb alignment=\u00bbcenter\u00bb][vc_column_text]\n<h3 style=\"text-align: center;\">Experiencias Complementarias<\/h3>\n<p style=\"text-align: center;\">Lleva tu evento a otro nivel con experiencias adicionales como simuladores de realidad virtual, transfers en helic\u00f3ptero o salidas en velero.<\/p>\n[\/vc_column_text][\/vc_column][vc_column width=\u00bb1\/2&#8243;][vc_single_image image=\u00bb12241&#8243; img_size=\u00bbfull\u00bb alignment=\u00bbcenter\u00bb][vc_column_text]\n<h3 style=\"text-align: center;\">Paquetes de V\u00eddeo y Fotos<\/h3>\n<p style=\"text-align: center;\">Nuestros fot\u00f3grafos y vide\u00f3grafos profesionales capturar\u00e1n los mejores momentos de tu evento para que perduren en el tiempo.<\/p>\n[\/vc_column_text][\/vc_column][\/vc_row][vc_row el_class=\u00bbrow-events-footer\u00bb][vc_column][vc_column_text el_class=\u00bbtitulares\u00bb]\n<p class=\"text-intro\" style=\"text-align: center;\">Tambi\u00e9n podemos coordinar esfuerzos con tu DMC o proveedor de servicios favorito para que tu visi\u00f3n cobre vida.<\/p>\n[\/vc_column_text][\/vc_column][\/vc_row][vc_row full_width=\u00bbstretch_row\u00bb css=\u00bb.vc_custom_1572947653840{background-color: #f5f5f5 !important;}\u00bb el_class=\u00bbrow-events-clients\u00bb][vc_column][vc_column_text el_class=\u00bbtitulares\u00bb]\n<h2 style=\"text-align: center;\">Algunos de Nuestros Clientes Felices<\/h2>\n[\/vc_column_text][vc_row_inner equal_height=\u00bbyes\u00bb gap=\u00bb20&#8243;][vc_column_inner][vc_carousel_father dot=\u00bbfalse\u00bb slide_visible=\u00bb5&#8243; tabs=\u00bb4&#8243; slide_visible_mbl=\u00bb3&#8243;][vc_carousel_son image_id=\u00bb12331&#8243;][\/vc_carousel_son][vc_carousel_son image_id=\u00bb12333&#8243;][\/vc_carousel_son][vc_carousel_son image_id=\u00bb12335&#8243;][\/vc_carousel_son][vc_carousel_son image_id=\u00bb12337&#8243;][\/vc_carousel_son][vc_carousel_son image_id=\u00bb12339&#8243;][\/vc_carousel_son][vc_carousel_son image_id=\u00bb12341&#8243;][\/vc_carousel_son][vc_carousel_son image_id=\u00bb12343&#8243;][\/vc_carousel_son][vc_carousel_son image_id=\u00bb12345&#8243;][\/vc_carousel_son][vc_carousel_son image_id=\u00bb12347&#8243;][\/vc_carousel_son][vc_carousel_son image_id=\u00bb12349&#8243;][\/vc_carousel_son][vc_carousel_son image_id=\u00bb12351&#8243;][\/vc_carousel_son][vc_carousel_son image_id=\u00bb12353&#8243;][\/vc_carousel_son][vc_carousel_son image_id=\u00bb12355&#8243;][\/vc_carousel_son][vc_carousel_son image_id=\u00bb12359&#8243;][\/vc_carousel_son][vc_carousel_son image_id=\u00bb12357&#8243;][\/vc_carousel_son][\/vc_carousel_father][\/vc_column_inner][\/vc_row_inner][vc_row_inner][vc_column_inner][vc_raw_html]JTVCdGVzdGltb25pYWxfdmlldyUyMGlkJTNEJTIyMTMlMjIlNUQ=[\/vc_raw_html][\/vc_column_inner][\/vc_row_inner][\/vc_column][\/vc_row][vc_row el_class=\u00bb.section-intro-cat mb-40-r\u00bb][vc_column][vc_column_text el_class=\u00bbtitulares\u00bb]\n<h2 style=\"text-align: center;\">\u00bfEst\u00e1s listo?<\/h2>\n<p class=\"text-intro\" style=\"text-align: center;\">Ll\u00e1manos al +34 661 528 153 o env\u00edanos un mensaje y te contactaremos en menos 24 horas<\/p>\n[\/vc_column_text][vc_row_inner][vc_column_inner width=\u00bb1\/4&#8243;][\/vc_column_inner][vc_column_inner width=\u00bb1\/2&#8243;]\n<div class=\"wpcf7 no-js\" id=\"wpcf7-f12477-o1\" lang=\"en-US\" dir=\"ltr\">\n<div class=\"screen-reader-response\"><p role=\"status\" aria-live=\"polite\" aria-atomic=\"true\"><\/p> <ul><\/ul><\/div>\n<form action=\"\/es\/wp-json\/wp\/v2\/pages\/12474#wpcf7-f12477-o1\" method=\"post\" class=\"wpcf7-form init\" aria-label=\"Contact form\" novalidate=\"novalidate\" data-status=\"init\">\n<div style=\"display: none;\">\n<input type=\"hidden\" name=\"_wpcf7\" value=\"12477\" \/>\n<input type=\"hidden\" name=\"_wpcf7_version\" value=\"5.9.8\" \/>\n<input type=\"hidden\" name=\"_wpcf7_locale\" value=\"en_US\" \/>\n<input type=\"hidden\" name=\"_wpcf7_unit_tag\" value=\"wpcf7-f12477-o1\" \/>\n<input type=\"hidden\" name=\"_wpcf7_container_post\" value=\"0\" \/>\n<input type=\"hidden\" name=\"_wpcf7_posted_data_hash\" value=\"\" \/>\n<input type=\"hidden\" name=\"_wpcf7_recaptcha_response\" value=\"\" \/>\n<\/div>\n<div class=\"row\">\n\t<div class=\"col-6\">\n\t\t<p><span class=\"wpcf7-form-control-wrap\" data-name=\"FNAME\"><input size=\"40\" maxlength=\"400\" class=\"wpcf7-form-control wpcf7-text wpcf7-validates-as-required\" aria-required=\"true\" aria-invalid=\"false\" placeholder=\"Nombre*\" value=\"\" type=\"text\" name=\"FNAME\" \/><\/span>\n\t\t<\/p>\n\t<\/div>\n\t<div class=\"col-6\">\n\t\t<p><span class=\"wpcf7-form-control-wrap\" data-name=\"FLASTNAME\"><input size=\"40\" maxlength=\"400\" class=\"wpcf7-form-control wpcf7-text wpcf7-validates-as-required\" aria-required=\"true\" aria-invalid=\"false\" placeholder=\"Apellido*\" value=\"\" type=\"text\" name=\"FLASTNAME\" \/><\/span>\n\t\t<\/p>\n\t<\/div>\n\t<div class=\"col-6\">\n\t\t<p><span class=\"wpcf7-form-control-wrap\" data-name=\"your-email\"><input size=\"40\" maxlength=\"400\" class=\"wpcf7-form-control wpcf7-email wpcf7-validates-as-required wpcf7-text wpcf7-validates-as-email\" aria-required=\"true\" aria-invalid=\"false\" placeholder=\"Email*\" value=\"\" type=\"email\" name=\"your-email\" \/><\/span>\n\t\t<\/p>\n\t<\/div>\n\t<div class=\"col-6\">\n\t\t<p><span class=\"wpcf7-form-control-wrap\" data-name=\"Phone\"><input size=\"40\" maxlength=\"400\" class=\"wpcf7-form-control wpcf7-tel wpcf7-validates-as-required wpcf7-text wpcf7-validates-as-tel\" aria-required=\"true\" aria-invalid=\"false\" placeholder=\"Tel\u00e9fono*\" value=\"\" type=\"tel\" name=\"Phone\" \/><\/span>\n\t\t<\/p>\n\t<\/div>\n\t<div class=\"col-6\">\n\t\t<p><span class=\"wpcf7-form-control-wrap\" data-name=\"company-730\"><input size=\"40\" maxlength=\"400\" class=\"wpcf7-form-control wpcf7-text wpcf7-validates-as-required\" aria-required=\"true\" aria-invalid=\"false\" placeholder=\"Empresa*\" value=\"\" type=\"text\" name=\"company-730\" \/><\/span>\n\t\t<\/p>\n\t<\/div>\n\t<div class=\"col-6\">\n\t\t<p><span class=\"wpcf7-form-control-wrap\" data-name=\"FGROUP\"><input size=\"40\" maxlength=\"400\" class=\"wpcf7-form-control wpcf7-text wpcf7-validates-as-required\" aria-required=\"true\" aria-invalid=\"false\" placeholder=\"Tama\u00f1o del grupo*\" value=\"\" type=\"text\" name=\"FGROUP\" \/><\/span>\n\t\t<\/p>\n\t<\/div>\n\t<div class=\"col-6\">\n\t\t<p>Fecha del evento: <span class=\"wpcf7-form-control-wrap\" data-name=\"eventdate-714\"><input class=\"wpcf7-form-control wpcf7-date wpcf7-validates-as-required wpcf7-validates-as-date\" aria-required=\"true\" aria-invalid=\"false\" value=\"\" type=\"date\" name=\"eventdate-714\" \/><\/span>\n\t\t<\/p>\n\t<\/div>\n\t<div class=\"col-12\">\n\t\t<p><span class=\"wpcf7-form-control-wrap\" data-name=\"your-message\"><textarea cols=\"40\" rows=\"4\" maxlength=\"400\" class=\"wpcf7-form-control wpcf7-textarea\" aria-invalid=\"false\" placeholder=\"Cu\u00e9ntanos m\u00e1s sobre tu evento...\" name=\"your-message\"><\/textarea><\/span>\n\t\t<\/p>\n\t<\/div>\n\t<div class=\"col-12\">\n\t\t<p><input type='hidden' id=\"zc_gad\" name=\"zc_gad\" value=\"\" \/><br \/>\n<span class=\"wpcf7-form-control-wrap\" data-name=\"acceptance-424\"><span class=\"wpcf7-form-control wpcf7-acceptance\"><span class=\"wpcf7-list-item\"><input type=\"checkbox\" name=\"acceptance-424\" value=\"1\" aria-invalid=\"false\" \/><\/span><\/span><\/span> He le\u00eddo y acepto la <a target=\"_blank\" href=\"\/es\/politica-de-privacidad\/\">Pol\u00edtica de privacidad<\/a> de Drive Me Barcelona.\n\t\t<\/p>\n\t<\/div>\n\t<div class=\"col-12\">\n\t\t<p><input class=\"wpcf7-form-control wpcf7-submit has-spinner\" type=\"submit\" value=\"Enviar\" \/>\n\t\t<\/p>\n\t<\/div>\n<\/div><div class=\"wpcf7-response-output\" aria-hidden=\"true\"><\/div>\n<\/form>\n<\/div>\n[\/vc_column_inner][vc_column_inner width=\u00bb1\/4&#8243;][\/vc_column_inner][\/vc_row_inner][\/vc_column][\/vc_row]\n<\/div>","protected":false},"excerpt":{"rendered":"<p>[vc_row content_placement=\u00bbmiddle\u00bb fullwidth=\u00bbyes\u00bb el_class=\u00bb.header-intro\u00bb css=\u00bb.vc_custom_1574780309738{background-image: url(\/wp-content\/uploads\/2019\/11\/01-header-events-10.jpg?id=12652) !important;background-position: center !important;background-repeat: no-repeat !important;background-size: cover !important;}\u00bb][vc_column][vc_column_text] Eventos [\/vc_column_text][\/vc_column][\/vc_row][vc_row el_class=\u00bbcontainer-breadcrumbs\u00bb][vc_column][vc_raw_html el_id=\u00bbwpseo_breadcrumb\u00bb]JTVCd3BzZW9fYnJlYWRjcnVtYiU1RA==[\/vc_raw_html][\/vc_column][\/vc_row][vc_row el_class=\u00bb.section-intro-cat mb-40-r\u00bb][vc_column][vc_column_text el_class=\u00bbtitulares\u00bb] \u00bfBuscando el mejor evento para [&hellip;]<\/p>\n","protected":false},"author":2,"featured_media":0,"parent":0,"menu_order":0,"comment_status":"closed","ping_status":"closed","template":"","meta":{"_acf_changed":false,"footnotes":""},"acf":[],"yoast_head":"<!-- This site is optimized with the Yoast SEO plugin v24.2 - https:\/\/yoast.com\/wordpress\/plugins\/seo\/ -->\n<title>Eventos-old - Drive Me Barcelona<\/title>\n<meta name=\"robots\" content=\"index, follow, max-snippet:-1, max-image-preview:large, max-video-preview:-1\" \/>\n<link rel=\"canonical\" href=\"https:\/\/www.drivemebarcelona.com\/es\/eventos-old\/\" \/>\n<meta property=\"og:locale\" content=\"es_ES\" \/>\n<meta property=\"og:type\" content=\"article\" \/>\n<meta property=\"og:title\" content=\"Eventos-old - Drive Me Barcelona\" \/>\n<meta property=\"og:description\" content=\"[vc_row content_placement=\u00bbmiddle\u00bb fullwidth=\u00bbyes\u00bb el_class=\u00bb.header-intro\u00bb css=\u00bb.vc_custom_1574780309738{background-image: url(\/wp-content\/uploads\/2019\/11\/01-header-events-10.jpg?id=12652) !important;background-position: center !important;background-repeat: no-repeat !important;background-size: cover !important;}\u00bb][vc_column][vc_column_text] Eventos [\/vc_column_text][\/vc_column][\/vc_row][vc_row el_class=\u00bbcontainer-breadcrumbs\u00bb][vc_column][vc_raw_html el_id=\u00bbwpseo_breadcrumb\u00bb]JTVCd3BzZW9fYnJlYWRjcnVtYiU1RA==[\/vc_raw_html][\/vc_column][\/vc_row][vc_row el_class=\u00bb.section-intro-cat mb-40-r\u00bb][vc_column][vc_column_text el_class=\u00bbtitulares\u00bb] \u00bfBuscando el mejor evento para [&hellip;]\" \/>\n<meta property=\"og:url\" content=\"https:\/\/www.drivemebarcelona.com\/es\/eventos-old\/\" \/>\n<meta property=\"og:site_name\" content=\"Drive Me Barcelona\" \/>\n<meta property=\"article:publisher\" content=\"https:\/\/www.facebook.com\/drivemebarcelona\" \/>\n<meta property=\"article:modified_time\" content=\"2024-06-14T16:49:15+00:00\" \/>\n<script type=\"application\/ld+json\" class=\"yoast-schema-graph\">{\"@context\":\"https:\/\/schema.org\",\"@graph\":[{\"@type\":\"WebPage\",\"@id\":\"https:\/\/www.drivemebarcelona.com\/es\/eventos-old\/\",\"url\":\"https:\/\/www.drivemebarcelona.com\/es\/eventos-old\/\",\"name\":\"Eventos-old - Drive Me Barcelona\",\"isPartOf\":{\"@id\":\"https:\/\/www.drivemebarcelona.com\/#website\"},\"datePublished\":\"2019-10-25T13:17:33+00:00\",\"dateModified\":\"2024-06-14T16:49:15+00:00\",\"breadcrumb\":{\"@id\":\"https:\/\/www.drivemebarcelona.com\/es\/eventos-old\/#breadcrumb\"},\"inLanguage\":\"es\",\"potentialAction\":[{\"@type\":\"ReadAction\",\"target\":[\"https:\/\/www.drivemebarcelona.com\/es\/eventos-old\/\"]}]},{\"@type\":\"BreadcrumbList\",\"@id\":\"https:\/\/www.drivemebarcelona.com\/es\/eventos-old\/#breadcrumb\",\"itemListElement\":[{\"@type\":\"ListItem\",\"position\":1,\"name\":\"Home\",\"item\":\"https:\/\/www.drivemebarcelona.com\/es\/\"},{\"@type\":\"ListItem\",\"position\":2,\"name\":\"Eventos-old\"}]},{\"@type\":\"WebSite\",\"@id\":\"https:\/\/www.drivemebarcelona.com\/#website\",\"url\":\"https:\/\/www.drivemebarcelona.com\/\",\"name\":\"Drive Me Barcelona\",\"description\":\"Conduce un Ferrari en Barcelona\",\"publisher\":{\"@id\":\"https:\/\/www.drivemebarcelona.com\/#organization\"},\"potentialAction\":[{\"@type\":\"SearchAction\",\"target\":{\"@type\":\"EntryPoint\",\"urlTemplate\":\"https:\/\/www.drivemebarcelona.com\/?s={search_term_string}\"},\"query-input\":{\"@type\":\"PropertyValueSpecification\",\"valueRequired\":true,\"valueName\":\"search_term_string\"}}],\"inLanguage\":\"es\"},{\"@type\":\"Organization\",\"@id\":\"https:\/\/www.drivemebarcelona.com\/#organization\",\"name\":\"Drive Me Barcelona S.L.\",\"url\":\"https:\/\/www.drivemebarcelona.com\/\",\"logo\":{\"@type\":\"ImageObject\",\"inLanguage\":\"es\",\"@id\":\"https:\/\/www.drivemebarcelona.com\/#\/schema\/logo\/image\/\",\"url\":\"https:\/\/www.drivemebarcelona.com\/wp-content\/uploads\/2015\/01\/LOGO-maintenance\u00ae.png\",\"contentUrl\":\"https:\/\/www.drivemebarcelona.com\/wp-content\/uploads\/2015\/01\/LOGO-maintenance\u00ae.png\",\"width\":600,\"height\":145,\"caption\":\"Drive Me Barcelona S.L.\"},\"image\":{\"@id\":\"https:\/\/www.drivemebarcelona.com\/#\/schema\/logo\/image\/\"},\"sameAs\":[\"https:\/\/www.facebook.com\/drivemebarcelona\",\"https:\/\/x.com\/DriveMeBarcelon\",\"https:\/\/instagram.com\/drivemebarcelona\/\",\"https:\/\/es.pinterest.com\/drivemebarca\/\",\"https:\/\/www.youtube.com\/channel\/UCTBEtyrPd6HQ-QlERO84rxQ\"]}]}<\/script>\n<!-- \/ Yoast SEO plugin. -->","yoast_head_json":{"title":"Eventos-old - Drive Me Barcelona","robots":{"index":"index","follow":"follow","max-snippet":"max-snippet:-1","max-image-preview":"max-image-preview:large","max-video-preview":"max-video-preview:-1"},"canonical":"https:\/\/www.drivemebarcelona.com\/es\/eventos-old\/","og_locale":"es_ES","og_type":"article","og_title":"Eventos-old - Drive Me Barcelona","og_description":"[vc_row content_placement=\u00bbmiddle\u00bb fullwidth=\u00bbyes\u00bb el_class=\u00bb.header-intro\u00bb css=\u00bb.vc_custom_1574780309738{background-image: url(\/wp-content\/uploads\/2019\/11\/01-header-events-10.jpg?id=12652) !important;background-position: center !important;background-repeat: no-repeat !important;background-size: cover !important;}\u00bb][vc_column][vc_column_text] Eventos [\/vc_column_text][\/vc_column][\/vc_row][vc_row el_class=\u00bbcontainer-breadcrumbs\u00bb][vc_column][vc_raw_html el_id=\u00bbwpseo_breadcrumb\u00bb]JTVCd3BzZW9fYnJlYWRjcnVtYiU1RA==[\/vc_raw_html][\/vc_column][\/vc_row][vc_row el_class=\u00bb.section-intro-cat mb-40-r\u00bb][vc_column][vc_column_text el_class=\u00bbtitulares\u00bb] \u00bfBuscando el mejor evento para [&hellip;]","og_url":"https:\/\/www.drivemebarcelona.com\/es\/eventos-old\/","og_site_name":"Drive Me Barcelona","article_publisher":"https:\/\/www.facebook.com\/drivemebarcelona","article_modified_time":"2024-06-14T16:49:15+00:00","schema":{"@context":"https:\/\/schema.org","@graph":[{"@type":"WebPage","@id":"https:\/\/www.drivemebarcelona.com\/es\/eventos-old\/","url":"https:\/\/www.drivemebarcelona.com\/es\/eventos-old\/","name":"Eventos-old - Drive Me Barcelona","isPartOf":{"@id":"https:\/\/www.drivemebarcelona.com\/#website"},"datePublished":"2019-10-25T13:17:33+00:00","dateModified":"2024-06-14T16:49:15+00:00","breadcrumb":{"@id":"https:\/\/www.drivemebarcelona.com\/es\/eventos-old\/#breadcrumb"},"inLanguage":"es","potentialAction":[{"@type":"ReadAction","target":["https:\/\/www.drivemebarcelona.com\/es\/eventos-old\/"]}]},{"@type":"BreadcrumbList","@id":"https:\/\/www.drivemebarcelona.com\/es\/eventos-old\/#breadcrumb","itemListElement":[{"@type":"ListItem","position":1,"name":"Home","item":"https:\/\/www.drivemebarcelona.com\/es\/"},{"@type":"ListItem","position":2,"name":"Eventos-old"}]},{"@type":"WebSite","@id":"https:\/\/www.drivemebarcelona.com\/#website","url":"https:\/\/www.drivemebarcelona.com\/","name":"Drive Me Barcelona","description":"Conduce un Ferrari en Barcelona","publisher":{"@id":"https:\/\/www.drivemebarcelona.com\/#organization"},"potentialAction":[{"@type":"SearchAction","target":{"@type":"EntryPoint","urlTemplate":"https:\/\/www.drivemebarcelona.com\/?s={search_term_string}"},"query-input":{"@type":"PropertyValueSpecification","valueRequired":true,"valueName":"search_term_string"}}],"inLanguage":"es"},{"@type":"Organization","@id":"https:\/\/www.drivemebarcelona.com\/#organization","name":"Drive Me Barcelona S.L.","url":"https:\/\/www.drivemebarcelona.com\/","logo":{"@type":"ImageObject","inLanguage":"es","@id":"https:\/\/www.drivemebarcelona.com\/#\/schema\/logo\/image\/","url":"https:\/\/www.drivemebarcelona.com\/wp-content\/uploads\/2015\/01\/LOGO-maintenance\u00ae.png","contentUrl":"https:\/\/www.drivemebarcelona.com\/wp-content\/uploads\/2015\/01\/LOGO-maintenance\u00ae.png","width":600,"height":145,"caption":"Drive Me Barcelona S.L."},"image":{"@id":"https:\/\/www.drivemebarcelona.com\/#\/schema\/logo\/image\/"},"sameAs":["https:\/\/www.facebook.com\/drivemebarcelona","https:\/\/x.com\/DriveMeBarcelon","https:\/\/instagram.com\/drivemebarcelona\/","https:\/\/es.pinterest.com\/drivemebarca\/","https:\/\/www.youtube.com\/channel\/UCTBEtyrPd6HQ-QlERO84rxQ"]}]}},"_links":{"self":[{"href":"https:\/\/www.drivemebarcelona.com\/es\/wp-json\/wp\/v2\/pages\/12474"}],"collection":[{"href":"https:\/\/www.drivemebarcelona.com\/es\/wp-json\/wp\/v2\/pages"}],"about":[{"href":"https:\/\/www.drivemebarcelona.com\/es\/wp-json\/wp\/v2\/types\/page"}],"author":[{"embeddable":true,"href":"https:\/\/www.drivemebarcelona.com\/es\/wp-json\/wp\/v2\/users\/2"}],"replies":[{"embeddable":true,"href":"https:\/\/www.drivemebarcelona.com\/es\/wp-json\/wp\/v2\/comments?post=12474"}],"version-history":[{"count":0,"href":"https:\/\/www.drivemebarcelona.com\/es\/wp-json\/wp\/v2\/pages\/12474\/revisions"}],"wp:attachment":[{"href":"https:\/\/www.drivemebarcelona.com\/es\/wp-json\/wp\/v2\/media?parent=12474"}],"curies":[{"name":"wp","href":"https:\/\/api.w.org\/{rel}","templated":true}]}}