{"id":13519,"date":"2020-04-13T17:58:45","date_gmt":"2020-04-13T15:58:45","guid":{"rendered":"http:\/\/www.drivemebarcelona.com\/?page_id=13519"},"modified":"2020-04-14T11:37:55","modified_gmt":"2020-04-14T09:37:55","slug":"informacion-covid-19","status":"publish","type":"page","link":"https:\/\/www.drivemebarcelona.com\/es\/informacion-covid-19\/","title":{"rendered":"Informaci\u00f3n Covid-19"},"content":{"rendered":"<div class=\"wpb-content-wrapper\">[vc_row content_placement=\u00bbmiddle\u00bb fullwidth=\u00bbyes\u00bb el_class=\u00bb.header-legales\u00bb css=\u00bb.vc_custom_1574927226654{background-image: url(\/wp-content\/uploads\/2019\/11\/header-legales-11.jpg?id=13013) !important;background-position: center !important;background-repeat: no-repeat !important;background-size: cover !important;}\u00bb][vc_column][vc_column_text]\n<h1 style=\"text-align: center; color: #ffffff;\">Informaci\u00f3n Covid-19<\/h1>\n[\/vc_column_text][\/vc_column][\/vc_row][vc_row el_class=\u00bbcontainer-breadcrumbs\u00bb][vc_column][vc_raw_html el_id=\u00bbwpseo_breadcrumb\u00bb]JTVCd3BzZW9fYnJlYWRjcnVtYiU1RA==[\/vc_raw_html][\/vc_column][\/vc_row][vc_row content_placement=\u00bbmiddle\u00bb el_class=\u00bbsection-intro-cat mb-0-xs\u00bb][vc_column][vc_column_text]\n<h2><span style=\"font-weight: 400;\">Informaci\u00f3n Covid-19<\/span><\/h2>\n<p>&nbsp;<\/p>\n<p><span style=\"font-weight: 400;\">La principal prioridad de Drive Me Barcelona es la seguridad y el bienestar de nuestros clientes y equipo. Dada la evoluci\u00f3n del Covid-19 y siguiendo las instrucciones del Gobierno de Espa\u00f1a, Drive Me Barcelona permanecer\u00e1 cerrado temporalmente hasta nuevo aviso.<\/span><\/p>\n<h4><\/h4>\n<p><span style=\"font-weight: 400;\">Para clientes con reservas existentes, si tu experiencia o alquiler debe ser reprogramado como resultado, nuestro equipo de Servicio al Cliente te contactar\u00e1 para cambiar la reserva a una fecha posterior sin cargo.<\/span><\/p>\n<h4><\/h4>\n<p><span style=\"font-weight: 400;\">Para nuevas reservas realizadas despu\u00e9s del 12 de marzo de 2020, hemos actualizado nuestras pol\u00edticas para permitir que la reserva sea reprogramada o cancelada sin cargo hasta 24 horas antes de la fecha de conducci\u00f3n. Si necesitas reprogramar o cancelar tu reserva, por favor contactar a nuestro equipo de Servicio al Cliente al menos 24 horas de tu fecha de conducci\u00f3n a <\/span><a href=\"mailto:info@drivemebarcelona.com\"><span style=\"font-weight: 400; color: red;\">info@drivemebarcelona.com<\/span><\/a><span style=\"font-weight: 400;\"> o +34 661 640 740.<\/span><\/p>\n<h4><\/h4>\n<p><span style=\"font-weight: 400;\">Si te apetece conducir un Superdeportivo pero prefieres no elegir la fecha a\u00fan, nuestras Tarjetas de Regalo te ofrecen completa flexibilidad para planear tu experiencia luego. O puedes optar por comprar una Experiencia como regalo, con fecha abierta. Para m\u00e1s informaci\u00f3n visita nuestra secci\u00f3n de <\/span><a href=\"https:\/\/www.drivemebarcelona.com\/es\/regalos\/\"><span style=\"font-weight: 400; color: red;\">Regalos<\/span><\/a><span style=\"font-weight: 400;\">.<\/span><\/p>\n<h4><\/h4>\n<p><span style=\"font-weight: 400;\">Cuidaos y cuidad de los vuestros. Gracias por el apoyo y esperamos veros al volante de vuestros Superdeportivos favoritos muy pronto.<\/span>[\/vc_column_text][\/vc_column][\/vc_row]\n<\/div>","protected":false},"excerpt":{"rendered":"<p>[vc_row content_placement=\u00bbmiddle\u00bb fullwidth=\u00bbyes\u00bb el_class=\u00bb.header-legales\u00bb css=\u00bb.vc_custom_1574927226654{background-image: url(\/wp-content\/uploads\/2019\/11\/header-legales-11.jpg?id=13013) !important;background-position: center !important;background-repeat: no-repeat !important;background-size: cover !important;}\u00bb][vc_column][vc_column_text] Informaci\u00f3n Covid-19 [\/vc_column_text][\/vc_column][\/vc_row][vc_row el_class=\u00bbcontainer-breadcrumbs\u00bb][vc_column][vc_raw_html el_id=\u00bbwpseo_breadcrumb\u00bb]JTVCd3BzZW9fYnJlYWRjcnVtYiU1RA==[\/vc_raw_html][\/vc_column][\/vc_row][vc_row content_placement=\u00bbmiddle\u00bb el_class=\u00bbsection-intro-cat mb-0-xs\u00bb][vc_column][vc_column_text] Informaci\u00f3n Covid-19 &nbsp; La [&hellip;]<\/p>\n","protected":false},"author":2,"featured_media":0,"parent":0,"menu_order":0,"comment_status":"closed","ping_status":"closed","template":"","meta":{"_acf_changed":false,"footnotes":""},"acf":[],"yoast_head":"<!-- This site is optimized with the Yoast SEO plugin v24.2 - https:\/\/yoast.com\/wordpress\/plugins\/seo\/ -->\n<title>Informaci\u00f3n Covid-19 - Drive Me Barcelona<\/title>\n<meta name=\"robots\" content=\"noindex, follow\" \/>\n<meta property=\"og:locale\" content=\"es_ES\" \/>\n<meta property=\"og:type\" content=\"article\" \/>\n<meta property=\"og:title\" content=\"Informaci\u00f3n Covid-19 - Drive Me Barcelona\" \/>\n<meta property=\"og:description\" content=\"[vc_row content_placement=\u00bbmiddle\u00bb fullwidth=\u00bbyes\u00bb el_class=\u00bb.header-legales\u00bb css=\u00bb.vc_custom_1574927226654{background-image: url(\/wp-content\/uploads\/2019\/11\/header-legales-11.jpg?id=13013) !important;background-position: center !important;background-repeat: no-repeat !important;background-size: cover !important;}\u00bb][vc_column][vc_column_text] Informaci\u00f3n Covid-19 [\/vc_column_text][\/vc_column][\/vc_row][vc_row el_class=\u00bbcontainer-breadcrumbs\u00bb][vc_column][vc_raw_html el_id=\u00bbwpseo_breadcrumb\u00bb]JTVCd3BzZW9fYnJlYWRjcnVtYiU1RA==[\/vc_raw_html][\/vc_column][\/vc_row][vc_row content_placement=\u00bbmiddle\u00bb el_class=\u00bbsection-intro-cat mb-0-xs\u00bb][vc_column][vc_column_text] Informaci\u00f3n Covid-19 &nbsp; La [&hellip;]\" \/>\n<meta property=\"og:url\" content=\"https:\/\/www.drivemebarcelona.com\/es\/informacion-covid-19\/\" \/>\n<meta property=\"og:site_name\" content=\"Drive Me Barcelona\" \/>\n<meta property=\"article:publisher\" content=\"https:\/\/www.facebook.com\/drivemebarcelona\" \/>\n<meta property=\"article:modified_time\" content=\"2020-04-14T09:37:55+00:00\" \/>\n<script type=\"application\/ld+json\" class=\"yoast-schema-graph\">{\"@context\":\"https:\/\/schema.org\",\"@graph\":[{\"@type\":\"WebPage\",\"@id\":\"https:\/\/www.drivemebarcelona.com\/es\/informacion-covid-19\/\",\"url\":\"https:\/\/www.drivemebarcelona.com\/es\/informacion-covid-19\/\",\"name\":\"Informaci\u00f3n Covid-19 - Drive Me Barcelona\",\"isPartOf\":{\"@id\":\"https:\/\/www.drivemebarcelona.com\/#website\"},\"datePublished\":\"2020-04-13T15:58:45+00:00\",\"dateModified\":\"2020-04-14T09:37:55+00:00\",\"breadcrumb\":{\"@id\":\"https:\/\/www.drivemebarcelona.com\/es\/informacion-covid-19\/#breadcrumb\"},\"inLanguage\":\"es\",\"potentialAction\":[{\"@type\":\"ReadAction\",\"target\":[\"https:\/\/www.drivemebarcelona.com\/es\/informacion-covid-19\/\"]}]},{\"@type\":\"BreadcrumbList\",\"@id\":\"https:\/\/www.drivemebarcelona.com\/es\/informacion-covid-19\/#breadcrumb\",\"itemListElement\":[{\"@type\":\"ListItem\",\"position\":1,\"name\":\"Home\",\"item\":\"https:\/\/www.drivemebarcelona.com\/es\/\"},{\"@type\":\"ListItem\",\"position\":2,\"name\":\"Informaci\u00f3n Covid-19\"}]},{\"@type\":\"WebSite\",\"@id\":\"https:\/\/www.drivemebarcelona.com\/#website\",\"url\":\"https:\/\/www.drivemebarcelona.com\/\",\"name\":\"Drive Me Barcelona\",\"description\":\"Conduce un Ferrari en Barcelona\",\"publisher\":{\"@id\":\"https:\/\/www.drivemebarcelona.com\/#organization\"},\"potentialAction\":[{\"@type\":\"SearchAction\",\"target\":{\"@type\":\"EntryPoint\",\"urlTemplate\":\"https:\/\/www.drivemebarcelona.com\/?s={search_term_string}\"},\"query-input\":{\"@type\":\"PropertyValueSpecification\",\"valueRequired\":true,\"valueName\":\"search_term_string\"}}],\"inLanguage\":\"es\"},{\"@type\":\"Organization\",\"@id\":\"https:\/\/www.drivemebarcelona.com\/#organization\",\"name\":\"Drive Me Barcelona S.L.\",\"url\":\"https:\/\/www.drivemebarcelona.com\/\",\"logo\":{\"@type\":\"ImageObject\",\"inLanguage\":\"es\",\"@id\":\"https:\/\/www.drivemebarcelona.com\/#\/schema\/logo\/image\/\",\"url\":\"https:\/\/www.drivemebarcelona.com\/wp-content\/uploads\/2015\/01\/LOGO-maintenance\u00ae.png\",\"contentUrl\":\"https:\/\/www.drivemebarcelona.com\/wp-content\/uploads\/2015\/01\/LOGO-maintenance\u00ae.png\",\"width\":600,\"height\":145,\"caption\":\"Drive Me Barcelona S.L.\"},\"image\":{\"@id\":\"https:\/\/www.drivemebarcelona.com\/#\/schema\/logo\/image\/\"},\"sameAs\":[\"https:\/\/www.facebook.com\/drivemebarcelona\",\"https:\/\/x.com\/DriveMeBarcelon\",\"https:\/\/instagram.com\/drivemebarcelona\/\",\"https:\/\/es.pinterest.com\/drivemebarca\/\",\"https:\/\/www.youtube.com\/channel\/UCTBEtyrPd6HQ-QlERO84rxQ\"]}]}<\/script>\n<!-- \/ Yoast SEO plugin. -->","yoast_head_json":{"title":"Informaci\u00f3n Covid-19 - Drive Me Barcelona","robots":{"index":"noindex","follow":"follow"},"og_locale":"es_ES","og_type":"article","og_title":"Informaci\u00f3n Covid-19 - Drive Me Barcelona","og_description":"[vc_row content_placement=\u00bbmiddle\u00bb fullwidth=\u00bbyes\u00bb el_class=\u00bb.header-legales\u00bb css=\u00bb.vc_custom_1574927226654{background-image: url(\/wp-content\/uploads\/2019\/11\/header-legales-11.jpg?id=13013) !important;background-position: center !important;background-repeat: no-repeat !important;background-size: cover !important;}\u00bb][vc_column][vc_column_text] Informaci\u00f3n Covid-19 [\/vc_column_text][\/vc_column][\/vc_row][vc_row el_class=\u00bbcontainer-breadcrumbs\u00bb][vc_column][vc_raw_html el_id=\u00bbwpseo_breadcrumb\u00bb]JTVCd3BzZW9fYnJlYWRjcnVtYiU1RA==[\/vc_raw_html][\/vc_column][\/vc_row][vc_row content_placement=\u00bbmiddle\u00bb el_class=\u00bbsection-intro-cat mb-0-xs\u00bb][vc_column][vc_column_text] Informaci\u00f3n Covid-19 &nbsp; La [&hellip;]","og_url":"https:\/\/www.drivemebarcelona.com\/es\/informacion-covid-19\/","og_site_name":"Drive Me Barcelona","article_publisher":"https:\/\/www.facebook.com\/drivemebarcelona","article_modified_time":"2020-04-14T09:37:55+00:00","schema":{"@context":"https:\/\/schema.org","@graph":[{"@type":"WebPage","@id":"https:\/\/www.drivemebarcelona.com\/es\/informacion-covid-19\/","url":"https:\/\/www.drivemebarcelona.com\/es\/informacion-covid-19\/","name":"Informaci\u00f3n Covid-19 - Drive Me Barcelona","isPartOf":{"@id":"https:\/\/www.drivemebarcelona.com\/#website"},"datePublished":"2020-04-13T15:58:45+00:00","dateModified":"2020-04-14T09:37:55+00:00","breadcrumb":{"@id":"https:\/\/www.drivemebarcelona.com\/es\/informacion-covid-19\/#breadcrumb"},"inLanguage":"es","potentialAction":[{"@type":"ReadAction","target":["https:\/\/www.drivemebarcelona.com\/es\/informacion-covid-19\/"]}]},{"@type":"BreadcrumbList","@id":"https:\/\/www.drivemebarcelona.com\/es\/informacion-covid-19\/#breadcrumb","itemListElement":[{"@type":"ListItem","position":1,"name":"Home","item":"https:\/\/www.drivemebarcelona.com\/es\/"},{"@type":"ListItem","position":2,"name":"Informaci\u00f3n Covid-19"}]},{"@type":"WebSite","@id":"https:\/\/www.drivemebarcelona.com\/#website","url":"https:\/\/www.drivemebarcelona.com\/","name":"Drive Me Barcelona","description":"Conduce un Ferrari en Barcelona","publisher":{"@id":"https:\/\/www.drivemebarcelona.com\/#organization"},"potentialAction":[{"@type":"SearchAction","target":{"@type":"EntryPoint","urlTemplate":"https:\/\/www.drivemebarcelona.com\/?s={search_term_string}"},"query-input":{"@type":"PropertyValueSpecification","valueRequired":true,"valueName":"search_term_string"}}],"inLanguage":"es"},{"@type":"Organization","@id":"https:\/\/www.drivemebarcelona.com\/#organization","name":"Drive Me Barcelona S.L.","url":"https:\/\/www.drivemebarcelona.com\/","logo":{"@type":"ImageObject","inLanguage":"es","@id":"https:\/\/www.drivemebarcelona.com\/#\/schema\/logo\/image\/","url":"https:\/\/www.drivemebarcelona.com\/wp-content\/uploads\/2015\/01\/LOGO-maintenance\u00ae.png","contentUrl":"https:\/\/www.drivemebarcelona.com\/wp-content\/uploads\/2015\/01\/LOGO-maintenance\u00ae.png","width":600,"height":145,"caption":"Drive Me Barcelona S.L."},"image":{"@id":"https:\/\/www.drivemebarcelona.com\/#\/schema\/logo\/image\/"},"sameAs":["https:\/\/www.facebook.com\/drivemebarcelona","https:\/\/x.com\/DriveMeBarcelon","https:\/\/instagram.com\/drivemebarcelona\/","https:\/\/es.pinterest.com\/drivemebarca\/","https:\/\/www.youtube.com\/channel\/UCTBEtyrPd6HQ-QlERO84rxQ"]}]}},"_links":{"self":[{"href":"https:\/\/www.drivemebarcelona.com\/es\/wp-json\/wp\/v2\/pages\/13519"}],"collection":[{"href":"https:\/\/www.drivemebarcelona.com\/es\/wp-json\/wp\/v2\/pages"}],"about":[{"href":"https:\/\/www.drivemebarcelona.com\/es\/wp-json\/wp\/v2\/types\/page"}],"author":[{"embeddable":true,"href":"https:\/\/www.drivemebarcelona.com\/es\/wp-json\/wp\/v2\/users\/2"}],"replies":[{"embeddable":true,"href":"https:\/\/www.drivemebarcelona.com\/es\/wp-json\/wp\/v2\/comments?post=13519"}],"version-history":[{"count":0,"href":"https:\/\/www.drivemebarcelona.com\/es\/wp-json\/wp\/v2\/pages\/13519\/revisions"}],"wp:attachment":[{"href":"https:\/\/www.drivemebarcelona.com\/es\/wp-json\/wp\/v2\/media?parent=13519"}],"curies":[{"name":"wp","href":"https:\/\/api.w.org\/{rel}","templated":true}]}}