{"id":13543,"date":"2015-03-13T20:41:04","date_gmt":"2015-03-13T19:41:04","guid":{"rendered":"http:\/\/www.drivemebarcelona.com\/privacity\/"},"modified":"2025-11-24T13:15:48","modified_gmt":"2025-11-24T12:15:48","slug":"privacity-2","status":"publish","type":"page","link":"https:\/\/www.drivemebarcelona.com\/es\/privacity-2\/","title":{"rendered":"Privacity"},"content":{"rendered":"<h2><b>PRIVACY POLICY<\/b><\/h2>\n<ul>\n<li>General<\/li>\n<\/ul>\n<ul>\n<li>Data forms<\/li>\n<\/ul>\n<ul>\n<li>Social Media<\/li>\n<\/ul>\n<ul>\n<li>Transferencia internacional de datos<\/li>\n<\/ul>\n<ol>\n<li>\n<h3>General<\/h3>\n<\/li>\n<\/ol>\n<p>1.1. La presente pol\u00edtica de privacidad est\u00e1 redactada conforme lo dispuesto en la Ley Org\u00e1nica 15\/1999, de 13 de Diciembre, de Protecci\u00f3n de Datos de Car\u00e1cter Personal. DRIVE ME BARCELONA S.L. (en adelante DRIVE ME BARCELONA) informa al Usuario que los sitios web qa-driveme.qamoon.es y derivados(en adelante sitios web) de la existencia de un fichero automatizado de datos personales donde se recopila, utiliza, comparte y protege la informaci\u00f3n que pudiera obtener DRIVE ME BARCELONA.<\/p>\n<p>DRIVE ME BARCELONA S.L., declara tener un fichero inscrito en la AEPD cuya finalidad es realizar la gesti\u00f3n y el mantenimiento de la relaci\u00f3n con el Usuario de los sitios web, as\u00ed como las labores de informaci\u00f3n, estad\u00edstica, y comercializaci\u00f3n del servicio y de las actividades relacionadas con los mismos.<\/p>\n<p>1.2. El mero acceso a los sitios web, as\u00ed como de todo o parte de sus contenidos y servicios, implica la aceptaci\u00f3n sin reservas de la presente pol\u00edtica de privacidad, tambi\u00e9n aplicable previamente a la posible contrataci\u00f3n de los servicios que DRIVE ME BARCELONA ponga a disposici\u00f3n de los clientes. Esta pol\u00edtica de privacidad es de aceptaci\u00f3n y cumplimiento obligatorio, previamente al acceso y a la posible contrataci\u00f3n en los sitios web.<\/p>\n<p>1.3. Usted acepta que la navegaci\u00f3n por el sitio web es un acto de libre manifestaci\u00f3n de voluntad para la recogida y tratamiento de datos en los ficheros de DRIVE ME BARCELONA. DRIVE ME BARCELONA podr\u00e1 libremente realizar cambios en la pol\u00edtica de privacidad de los sitios webs, se indicar\u00e1n dichos cambios en la presente declaraci\u00f3n sobre privacidad as\u00ed como en cualquier otro lugar que consideremos apropiado para que usted sea consciente de la informaci\u00f3n recopilada, c\u00f3mo la tratamos y en qu\u00e9 circunstancias, en su caso, la comunicamos.<\/p>\n<p>1.4. Los sitios web titularidad de DRIVE ME BARCELONA no puede ser utilizado por aquellas personas con incapacidad legal o menores de edad no emancipados; salvo previa autorizaci\u00f3n de los padres o tutores y representantes legales autorizando el registro y comunicaci\u00f3n de datos personales.<\/p>\n<p>2. Navegaci\u00f3n web. Los sitios web de DRIVE ME BARCELONA usan cookies. Puedes consultar todos los detalles en la secci\u00f3n <a href=\"http:\/\/www.drivemebarcelona.com\/cookies\/\">COOKIES<\/a>.<\/p>\n<p>3. Recogida de datos en la posible contrataci\u00f3n de servicios de DRIVE ME BARCELONA<\/p>\n<p>3.1. En el momento de la aceptaci\u00f3n de las condiciones de contrataci\u00f3n de los servicios de DRIVE ME BARCELONA, \u00e9sta precisar\u00e1 la recogida de unos datos b\u00e1sicos e imprescindibles para la prestaci\u00f3n de los servicios. Los mencionados datos son nombre y apellidos reales, CIF, pa\u00eds de residencia, un correo electr\u00f3nico v\u00e1lido, tel\u00e9fono, as\u00ed como otra informaci\u00f3n que sea relevante a efecto contractuales sobre su persona y representaci\u00f3n. En cada momento, el usuario ser\u00e1 informado del car\u00e1cter necesario de la recogida de tales datos para la correcta gesti\u00f3n de la prestaci\u00f3n de servicios.<\/p>\n<p>3.2. Asimismo, para la prestaci\u00f3n de los servicios, DRIVE ME BARCELONA podr\u00e1 solicitar al usuario una serie de datos complementarios a trav\u00e9s de asistencia en persona o telef\u00f3nicamente, para lo que ser\u00e1 informado, en su momento, de la recogida y tratamiento de los mismos.<\/p>\n<p>3.3. Siempre que DRIVE ME BARCELONA solicite el n\u00famero de una cuenta corriente bancaria del cliente que desee contratar, lo har\u00e1 de forma cifrada y cumpliendo el m\u00e1s estricto deber de confidencialidad.<\/p>\n<p>3.4. Para una mejor prestaci\u00f3n de servicios, usted autoriza a que DRIVE ME BARCELONA tenga el derecho de verificar, investigar y\/o comprobar los datos proporcionados. Usted acepta que DRIVE ME BARCELONA podr\u00e1 revelar sus datos personales, cumpliendo con lo exigido en un procedimiento u orden judicial o en un proceso legal. Adem\u00e1s, usted acepta que si DRIVE ME BARCELONA vende parte o toda la empresa o se fusiona con otra, pueda revelar su informaci\u00f3n a los nuevos socios comerciales.<\/p>\n<ol start=\"4\">\n<li>Limitaci\u00f3n de responsabilidad<\/li>\n<\/ol>\n<p>4.1. DRIVE ME BARCELONA es responsable \u00fanicamente de la informaci\u00f3n que solicita y recaba de los usuarios que deseen contratar, no teniendo responsabilidad en ning\u00fan momento de toda otra informaci\u00f3n personal que, de manera eventual, pudiera cederse, transmitirse o facilitarse por los propios usuarios de los sitios web mediante cualquier otro mecanismo.<\/p>\n<ol start=\"5\">\n<li>Informaci\u00f3n sobre Derechos ARCO y garant\u00eda de calidad de datos<\/li>\n<\/ol>\n<p>5.1. DRIVE ME BARCELONA proporciona diversas opciones para que usted pueda ejercitar sus derechos de acceso, rectificaci\u00f3n, cancelaci\u00f3n y oposici\u00f3n sobre sus datos. Puede dirigirse por escrito identificando con la referencia \u201cARCO Protecci\u00f3n de Datos\u201d a la siguiente direcci\u00f3n: Passeig del Born, 12 PRINCIPAL, 08003 Barcelona, Espa\u00f1a o, si lo prefiere, a trav\u00e9s de la siguiente direcci\u00f3n de correo electr\u00f3nico: <a href=\"mailto:info@drivemebarcelona.com\">info@drivemebarcelona.com<\/a><\/p>\n<p>5.2. Usted garantiza que los datos proporcionados son verdaderos, exactos, completos y actualizados, siendo responsable de cualquier da\u00f1o o perjuicio, directo o indirecto, que pudiera ocasionarse como consecuencia del incumplimiento de tal obligaci\u00f3n tanto a DRIVE ME BARCELONA como a terceros.<\/p>\n<ol start=\"6\">\n<li>Consentimiento para el cumplimiento de la LSSI-CE<\/li>\n<\/ol>\n<p>6.1 En cumplimiento de la Ley 34\/2002, de 11 de julio, de Servicios de la Sociedad de la Informaci\u00f3n y Comercio Electr\u00f3nico, DRIVE ME BARCELONA solicitar\u00e1 y el usuario podr\u00e1 prestar su consentimiento para que, si as\u00ed lo desea, DRIVE ME BARCELONA pueda hacer uso de sus datos con el fin de enviarle informaci\u00f3n y publicidad tanto sobre el sitio web como las diferentes ofertas, promociones especiales y terceros prestadores del servicio.<\/p>\n<p>6.2 DRIVE ME BARCELONA, con el objetivo de garantizar la seguridad y confidencialidad de sus datos personales, ha adoptado los niveles de seguridad requeridos por la normativa en protecci\u00f3n de datos personales y ha instalado los medios t\u00e9cnicos, a su alcance, para evitar la p\u00e9rdida, mal uso, alteraci\u00f3n, acceso no autorizado y robo de los datos personales facilitados a DRIVE ME BARCELONA.<\/p>\n<h3>Pol\u00edtica de Privacidad Formularios web<\/h3>\n<p>De conformidad con lo establecido en la normativa vigente en Protecci\u00f3n de Datos de Car\u00e1cter Personal, le informamos que sus datos ser\u00e1n incorporados al sistema de tratamiento titularidad de DRIVE ME BARCELONA SL con CIF B55649859 y domicilio social sito en PASSEIG DEL BORN, 12 08003, BARCELONA, con la finalidad de atender sus consultas y remitirle informaci\u00f3n relacionada que pueda ser de su inter\u00e9s. En cumplimiento con la normativa vigente, DRIVE ME BARCELONA SL informa que los datos ser\u00e1n conservados durante el plazo estrictamente necesario para cumplir con los preceptos mencionados con anterioridad.<\/p>\n<p>Mientras no nos comunique lo contrario, entenderemos que sus datos no han sido modificados, que usted se compromete a notificarnos cualquier variaci\u00f3n y que tenemos su consentimiento para utilizarlos \u00a0para las finalidades mencionadas.<\/p>\n<p>DRIVE ME BARCELONA SL informa que proceder\u00e1 a tratar los datos de manera l\u00edcita, leal, transparente, adecuada, pertinente, limitada, exacta y actualizada. Es por ello que DRIVE ME BARCELONA SL se compromete a adoptar todas las medidas razonables para que estos se supriman o rectifiquen sin dilaci\u00f3n cuando sean inexactos.<\/p>\n<p>De acuerdo con los derechos que le confiere el la normativa vigente en protecci\u00f3n de datos podr\u00e1 ejercer los derechos de acceso, rectificaci\u00f3n, limitaci\u00f3n de tratamiento, supresi\u00f3n, portabilidad y oposici\u00f3n al tratamiento de sus datos de car\u00e1cter personal as\u00ed como del consentimiento prestado para el tratamiento de los mismos, dirigiendo su petici\u00f3n a la direcci\u00f3n postal indicada m\u00e1s arriba o al correo electr\u00f3nico <a href=\"mailto:info@drivemebarcelona.com\">info@drivemebarcelona.com<\/a>.<\/p>\n<p>A su vez, le informamos que puede contactar con el Delegado de Protecci\u00f3n de Datos de DRIVE ME BARCELONA SL, dirigi\u00e9ndose por escrito a la direcci\u00f3n de correo dpo.cliente@conversia.es o al tel\u00e9fono 902877192.<\/p>\n<p>Podr\u00e1 dirigirse a la Autoridad de Control competente para presentar la reclamaci\u00f3n que considere oportuna.<\/p>\n<p>Con env\u00edo del formulario de recogida de datos usted acepta la pol\u00edtica de privacidad de DRIVE ME BARCELONA SL.<\/p>\n<h3>Pol\u00edtica de Privacidad Redes Sociales<\/h3>\n<p>En cumplimiento de la Ley Org\u00e1nica 15\/1999, de 13 de diciembre, de Protecci\u00f3n de Datos de Car\u00e1cter Personal (LOPD) y la Ley 34\/2002, de 11 de julio, de Servicios de la Sociedad de la Informaci\u00f3n y de Comercio Electr\u00f3nico (LSSI-CE), DRIVE ME BARCELONA informa a los usuarios, que ha procedido a crear una p\u00e1gina en las Redes Sociales Twitter, Facebook, Youtube, Instagram, G+ con la finalidad principal de publicitar sus productos y servicios. Datos de DRIVE ME BARCELONA:<\/p>\n<p>DRIVE ME BARCELONA<br \/>\nCIF: B55649859<br \/>\nPasseig del Born, 12, Principal, 08003 Barcelona Espa\u00f1a<br \/>\n<a href=\"mailto:info@drivemebarcelona.com\">info@drivemebarcelona.com<\/a><br \/>\nqa-driveme.qamoon.es<\/p>\n<p>El usuario dispone de un perfil en la misma Red Social y ha decidido unirse a la p\u00e1gina creada por DRIVE ME BARCELONA, mostrando as\u00ed inter\u00e9s en la informaci\u00f3n que se publicite en la Red. Al unirse a nuestra p\u00e1gina, nos facilita su consentimiento para el tratamiento de aquellos datos personales publicados en su perfil. El usuario puede acceder en todo momento a las pol\u00edticas de privacidad de la propia Red Social, as\u00ed como configurar su perfil para garantizar su privacidad. DRIVE ME BARCELONA tiene acceso y trata aquella informaci\u00f3n p\u00fablica del usuario, en especial, su nombre de contacto.<\/p>\n<p>Estos datos, s\u00f3lo son utilizados dentro de la propia Red Social. No son incorporados a ning\u00fan fichero.En relaci\u00f3n a los derechos de acceso, rectificaci\u00f3n, cancelaci\u00f3n y oposici\u00f3n, de los que usted dispone y que pueden ser ejercitados ante DRIVE ME BARCELONA, de acuerdo con la LOPD, debe tener en cuenta los siguientes matices:<\/p>\n<p>Acceso: Vendr\u00e1 definido por la funcionalidad de la Red Social y la capacidad de acceso a la informaci\u00f3n de los perfiles de los usuarios.<\/p>\n<p>Rectificaci\u00f3n: S\u00f3lo podr\u00e1 satisfacerse en relaci\u00f3n a aquella informaci\u00f3n que se encuentre bajo el control de DRIVE ME BARCELONA, por ejemplo, eliminar comentarios publicados en la propia p\u00e1gina. Normalmente, este derecho deber\u00e1 ejercerlo ante la Red Social.<\/p>\n<p>Cancelaci\u00f3n y\/o Oposici\u00f3n: Como en el caso anterior, s\u00f3lo podr\u00e1 satisfacerse en relaci\u00f3n a aquella informaci\u00f3n que se encuentre bajo el control de DRIVE ME BARCELONA, por ejemplo, dejar de estar unido al perfil.<\/p>\n<p>DRIVE ME BARCELONA realizar\u00e1 las siguientes actuaciones:<\/p>\n<p style=\"padding-left: 30px;\">&#8211; Acceso a la informaci\u00f3n p\u00fablica del perfil.<\/p>\n<p style=\"padding-left: 30px;\">&#8211; Publicaci\u00f3n en el perfil del usuario de toda aquella informaci\u00f3n ya publicada en la p\u00e1gina de DRIVE ME BARCELONA.<\/p>\n<p style=\"padding-left: 30px;\">&#8211; Enviar mensajes personales e individuales a trav\u00e9s de los canales de la Red Social.<\/p>\n<p style=\"padding-left: 30px;\">&#8211; Actualizaciones del estado de la p\u00e1gina que se publicar\u00e1n en el perfil del usuario.<\/p>\n<p>El usuario siempre puede controlar sus conexiones, eliminar los contenidos que dejen de interesarle y restringir con qui\u00e9n comparte sus conexiones, para ello deber\u00e1 acceder a su configuraci\u00f3n de privacidad.<\/p>\n<ol start=\"2\">\n<li>Publicaciones<\/li>\n<\/ol>\n<p>El usuario, una vez unido a la p\u00e1gina de DRIVE ME BARCELONA, podr\u00e1 publicar en \u00e9sta \u00faltima comentarios, enlaces, im\u00e1genes o fotograf\u00edas o cualquier otro tipo de contenido multimedia soportado por la Red Social. El usuario, en todos los casos, debe ser el titular de los mismos, gozar de los derechos de autor y de propiedad intelectual o contar con el consentimiento de los terceros afectados.<\/p>\n<p>Se proh\u00edbe expresamente cualquier publicaci\u00f3n en la p\u00e1gina, ya sean textos, gr\u00e1ficos, fotograf\u00edas, v\u00eddeos, etc. que atenten o sean susceptibles de atentar contra la moral, la \u00e9tica, el buen gusto o el decoro, ni que infrinjan, violen o conculquen los derechos de propiedad intelectual o industrial, el derecho a la imagen o la Ley. En estos casos, DRIVE ME BARCELONA se reserva el derecho a retirar de inmediato el contenido, pudiendo solicitar el bloqueo permanente del usuario.<\/p>\n<p>DRIVE ME BARCELONA no se har\u00e1 responsable de los contenidos que libremente ha publicado un usuario. El usuario debe tener presente que sus publicaciones ser\u00e1n conocidas por los otros usuarios, por lo que \u00e9l mismo es el principal responsable de su privacidad. Las im\u00e1genes que puedan publicarse en la p\u00e1gina no ser\u00e1n almacenadas en ning\u00fan fichero por parte de DRIVE ME BARCELONA pero s\u00ed que permanecer\u00e1n en la Red Social.<\/p>\n<ol start=\"3\">\n<li>Concursos y promociones<\/li>\n<\/ol>\n<p>DRIVE ME BARCELONA se reserva el derecho a realizar concursos y promociones, en los que podr\u00e1 participar el usuario unido a su p\u00e1gina. Las bases de cada uno de ellos, cuando se utilice para ello la plataforma de la Red Social, ser\u00e1n publicadas en la misma. Cumpliendo siempre con la LSSI-CE y con cualquier otra norma que le sea de aplicaci\u00f3n. La Red Social no patrocina, avala ni administra, de modo alguno, ninguna de nuestras promociones, ni est\u00e1 asociada a ninguna de ellas.<\/p>\n<ol start=\"4\">\n<li>Publicidad<\/li>\n<\/ol>\n<p>DRIVE ME BARCELONA utilizar\u00e1 la Red Social para publicitar sus productos y servicios, en todo caso, si decide tratar sus datos de contacto para realizar acciones directas de prospecci\u00f3n comercial, ser\u00e1 siempre, cumpliendo con las exigencias legales de la LOPD y de la LSSI-CE. No se considerar\u00e1 publicidad el hecho de recomendar a otros usuarios la p\u00e1gina de DRIVE ME BARCELONA para que tambi\u00e9n ellos puedan disfrutar de las promociones o estar informados de su actividad. A continuaci\u00f3n detallamos el enlace a la pol\u00edtica de privacidad de las Redes Sociales:<\/p>\n<p>Facebook: <a href=\"https:\/\/www.facebook.com\/help\/323540651073243\/\">https:\/\/www.facebook.com\/help\/323540651073243\/<\/a><\/p>\n<p>Twitter: <a href=\"https:\/\/twitter.com\/privacy\">https:\/\/twitter.com\/privacy<\/a><\/p>\n<p>Youtube: <a href=\"_wp_link_placeholder\" data-wplink-edit=\"true\">https:\/\/www.youtube.com\/intl\/ALL_es\/howyoutubeworks\/privacy\/<\/a><\/p>\n<p>Instagram:\u00a0<a href=\"https:\/\/www.facebook.com\/help\/instagram\/155833707900388\">https:\/\/www.facebook.com\/help\/instagram\/155833707900388<\/a><\/p>\n<p>G+:\u00a0<a href=\"https:\/\/www.google.com\/intl\/es_ALL\/+\/policy\/\">https:\/\/www.google.com\/intl\/es_ALL\/+\/policy\/<\/a><\/p>\n<h2>Cesi\u00f3n y\/o transferencia internacional de datos personales<\/h2>\n<p>The purpose of the assignment or, where appropriate, is the transfer of your data to an a centralized global data whose aim is the control, management and execute of contracted services for our customers and, where appropriate, addressing administrative procedures that might result from such relationship (Vgr. traffic violations), and improve the delivery of services offered to our customers. In the latter case, your data may be transferred to states with no comparable level of protection to the LOPD, although exclusively for the execution of the contract with you as well as, where appropriate, management and control responsibilities arising from the contractual relationship.<\/p>\n<p>Likewise, your data may be transferred to other companies in the transport and tourism now or in the future collaborate in activities conducted by DRIVE ME BARCELONA, SL to develop promotional activities. In any case, we inform you that you may exercise your rights of access, rectification, opposition and cancellation of their personal data, by writing to the email <a href=\"mailto:info@drivemebarcelona.com\">info@drivemebarcelona.com<\/a> DRIVE ME BARCELONA, SL complying with the requirements of the data protection regulations, particularly the Organic Law 15\/1999 of December 13, Protection of Personal Data, also informs you that you can stay in treatment with your data once the contractual relationship if there had been a breach of these Terms and Conditions of Rental able to resolve and manage the present and subsequent provision of services is completed.<\/p>\n<p>In your case, if for some reason you have a certain debt, due and payable debt DRIVE ME BARCELONA, SL payment of which had previously been required without having been satisfied, you can move that information to a file of data&#8211;base information about creditworthiness and credit, as required by current regulations. Likewise, we inform you that your personal data as well as a copy of your lease may be transferred, with the sole purpose of completing the requirements of the competent authorities to potential sanctions bring traffic infringements cause during the rental period. Finally, we inform you that, in relation to the processing of data, which may enable the exercise of their rights of access, rectification, opposition and cancellation of your personal data, by written communication addressed to <a href=\"mailto:info@drivemebarcelona.com\">info@drivemebarcelona.com<\/a>.<\/p>\n","protected":false},"excerpt":{"rendered":"<p>PRIVACY POLICY General Data forms Social Media Transferencia internacional de datos General 1.1. La presente pol\u00edtica de privacidad est\u00e1 redactada conforme lo dispuesto en la [&hellip;]<\/p>\n","protected":false},"author":2,"featured_media":0,"parent":0,"menu_order":0,"comment_status":"closed","ping_status":"closed","template":"","meta":{"_acf_changed":false,"footnotes":""},"acf":[],"yoast_head":"<!-- This site is optimized with the Yoast SEO plugin v24.2 - https:\/\/yoast.com\/wordpress\/plugins\/seo\/ -->\n<title>Privacity - Drive Me Barcelona<\/title>\n<meta name=\"robots\" content=\"index, follow, max-snippet:-1, max-image-preview:large, max-video-preview:-1\" \/>\n<link rel=\"canonical\" href=\"https:\/\/www.drivemebarcelona.com\/es\/privacity-2\/\" \/>\n<meta property=\"og:locale\" content=\"es_ES\" \/>\n<meta property=\"og:type\" content=\"article\" \/>\n<meta property=\"og:title\" content=\"Privacity - Drive Me Barcelona\" \/>\n<meta property=\"og:description\" content=\"PRIVACY POLICY General Data forms Social Media Transferencia internacional de datos General 1.1. La presente pol\u00edtica de privacidad est\u00e1 redactada conforme lo dispuesto en la [&hellip;]\" \/>\n<meta property=\"og:url\" content=\"https:\/\/www.drivemebarcelona.com\/es\/privacity-2\/\" \/>\n<meta property=\"og:site_name\" content=\"Drive Me Barcelona\" \/>\n<meta property=\"article:publisher\" content=\"https:\/\/www.facebook.com\/drivemebarcelona\" \/>\n<meta property=\"article:modified_time\" content=\"2025-11-24T12:15:48+00:00\" \/>\n<script type=\"application\/ld+json\" class=\"yoast-schema-graph\">{\"@context\":\"https:\/\/schema.org\",\"@graph\":[{\"@type\":\"WebPage\",\"@id\":\"https:\/\/www.drivemebarcelona.com\/es\/privacity-2\/\",\"url\":\"https:\/\/www.drivemebarcelona.com\/es\/privacity-2\/\",\"name\":\"Privacity - Drive Me Barcelona\",\"isPartOf\":{\"@id\":\"https:\/\/www.drivemebarcelona.com\/#website\"},\"datePublished\":\"2015-03-13T19:41:04+00:00\",\"dateModified\":\"2025-11-24T12:15:48+00:00\",\"breadcrumb\":{\"@id\":\"https:\/\/www.drivemebarcelona.com\/es\/privacity-2\/#breadcrumb\"},\"inLanguage\":\"es\",\"potentialAction\":[{\"@type\":\"ReadAction\",\"target\":[\"https:\/\/www.drivemebarcelona.com\/es\/privacity-2\/\"]}]},{\"@type\":\"BreadcrumbList\",\"@id\":\"https:\/\/www.drivemebarcelona.com\/es\/privacity-2\/#breadcrumb\",\"itemListElement\":[{\"@type\":\"ListItem\",\"position\":1,\"name\":\"Home\",\"item\":\"https:\/\/www.drivemebarcelona.com\/es\/\"},{\"@type\":\"ListItem\",\"position\":2,\"name\":\"Privacity\"}]},{\"@type\":\"WebSite\",\"@id\":\"https:\/\/www.drivemebarcelona.com\/#website\",\"url\":\"https:\/\/www.drivemebarcelona.com\/\",\"name\":\"Drive Me Barcelona\",\"description\":\"Conduce un Ferrari en Barcelona\",\"publisher\":{\"@id\":\"https:\/\/www.drivemebarcelona.com\/#organization\"},\"potentialAction\":[{\"@type\":\"SearchAction\",\"target\":{\"@type\":\"EntryPoint\",\"urlTemplate\":\"https:\/\/www.drivemebarcelona.com\/?s={search_term_string}\"},\"query-input\":{\"@type\":\"PropertyValueSpecification\",\"valueRequired\":true,\"valueName\":\"search_term_string\"}}],\"inLanguage\":\"es\"},{\"@type\":\"Organization\",\"@id\":\"https:\/\/www.drivemebarcelona.com\/#organization\",\"name\":\"Drive Me Barcelona S.L.\",\"url\":\"https:\/\/www.drivemebarcelona.com\/\",\"logo\":{\"@type\":\"ImageObject\",\"inLanguage\":\"es\",\"@id\":\"https:\/\/www.drivemebarcelona.com\/#\/schema\/logo\/image\/\",\"url\":\"https:\/\/www.drivemebarcelona.com\/wp-content\/uploads\/2015\/01\/LOGO-maintenance\u00ae.png\",\"contentUrl\":\"https:\/\/www.drivemebarcelona.com\/wp-content\/uploads\/2015\/01\/LOGO-maintenance\u00ae.png\",\"width\":600,\"height\":145,\"caption\":\"Drive Me Barcelona S.L.\"},\"image\":{\"@id\":\"https:\/\/www.drivemebarcelona.com\/#\/schema\/logo\/image\/\"},\"sameAs\":[\"https:\/\/www.facebook.com\/drivemebarcelona\",\"https:\/\/x.com\/DriveMeBarcelon\",\"https:\/\/instagram.com\/drivemebarcelona\/\",\"https:\/\/es.pinterest.com\/drivemebarca\/\",\"https:\/\/www.youtube.com\/channel\/UCTBEtyrPd6HQ-QlERO84rxQ\"]}]}<\/script>\n<!-- \/ Yoast SEO plugin. -->","yoast_head_json":{"title":"Privacity - Drive Me Barcelona","robots":{"index":"index","follow":"follow","max-snippet":"max-snippet:-1","max-image-preview":"max-image-preview:large","max-video-preview":"max-video-preview:-1"},"canonical":"https:\/\/www.drivemebarcelona.com\/es\/privacity-2\/","og_locale":"es_ES","og_type":"article","og_title":"Privacity - Drive Me Barcelona","og_description":"PRIVACY POLICY General Data forms Social Media Transferencia internacional de datos General 1.1. La presente pol\u00edtica de privacidad est\u00e1 redactada conforme lo dispuesto en la [&hellip;]","og_url":"https:\/\/www.drivemebarcelona.com\/es\/privacity-2\/","og_site_name":"Drive Me Barcelona","article_publisher":"https:\/\/www.facebook.com\/drivemebarcelona","article_modified_time":"2025-11-24T12:15:48+00:00","schema":{"@context":"https:\/\/schema.org","@graph":[{"@type":"WebPage","@id":"https:\/\/www.drivemebarcelona.com\/es\/privacity-2\/","url":"https:\/\/www.drivemebarcelona.com\/es\/privacity-2\/","name":"Privacity - Drive Me Barcelona","isPartOf":{"@id":"https:\/\/www.drivemebarcelona.com\/#website"},"datePublished":"2015-03-13T19:41:04+00:00","dateModified":"2025-11-24T12:15:48+00:00","breadcrumb":{"@id":"https:\/\/www.drivemebarcelona.com\/es\/privacity-2\/#breadcrumb"},"inLanguage":"es","potentialAction":[{"@type":"ReadAction","target":["https:\/\/www.drivemebarcelona.com\/es\/privacity-2\/"]}]},{"@type":"BreadcrumbList","@id":"https:\/\/www.drivemebarcelona.com\/es\/privacity-2\/#breadcrumb","itemListElement":[{"@type":"ListItem","position":1,"name":"Home","item":"https:\/\/www.drivemebarcelona.com\/es\/"},{"@type":"ListItem","position":2,"name":"Privacity"}]},{"@type":"WebSite","@id":"https:\/\/www.drivemebarcelona.com\/#website","url":"https:\/\/www.drivemebarcelona.com\/","name":"Drive Me Barcelona","description":"Conduce un Ferrari en Barcelona","publisher":{"@id":"https:\/\/www.drivemebarcelona.com\/#organization"},"potentialAction":[{"@type":"SearchAction","target":{"@type":"EntryPoint","urlTemplate":"https:\/\/www.drivemebarcelona.com\/?s={search_term_string}"},"query-input":{"@type":"PropertyValueSpecification","valueRequired":true,"valueName":"search_term_string"}}],"inLanguage":"es"},{"@type":"Organization","@id":"https:\/\/www.drivemebarcelona.com\/#organization","name":"Drive Me Barcelona S.L.","url":"https:\/\/www.drivemebarcelona.com\/","logo":{"@type":"ImageObject","inLanguage":"es","@id":"https:\/\/www.drivemebarcelona.com\/#\/schema\/logo\/image\/","url":"https:\/\/www.drivemebarcelona.com\/wp-content\/uploads\/2015\/01\/LOGO-maintenance\u00ae.png","contentUrl":"https:\/\/www.drivemebarcelona.com\/wp-content\/uploads\/2015\/01\/LOGO-maintenance\u00ae.png","width":600,"height":145,"caption":"Drive Me Barcelona S.L."},"image":{"@id":"https:\/\/www.drivemebarcelona.com\/#\/schema\/logo\/image\/"},"sameAs":["https:\/\/www.facebook.com\/drivemebarcelona","https:\/\/x.com\/DriveMeBarcelon","https:\/\/instagram.com\/drivemebarcelona\/","https:\/\/es.pinterest.com\/drivemebarca\/","https:\/\/www.youtube.com\/channel\/UCTBEtyrPd6HQ-QlERO84rxQ"]}]}},"_links":{"self":[{"href":"https:\/\/www.drivemebarcelona.com\/es\/wp-json\/wp\/v2\/pages\/13543"}],"collection":[{"href":"https:\/\/www.drivemebarcelona.com\/es\/wp-json\/wp\/v2\/pages"}],"about":[{"href":"https:\/\/www.drivemebarcelona.com\/es\/wp-json\/wp\/v2\/types\/page"}],"author":[{"embeddable":true,"href":"https:\/\/www.drivemebarcelona.com\/es\/wp-json\/wp\/v2\/users\/2"}],"replies":[{"embeddable":true,"href":"https:\/\/www.drivemebarcelona.com\/es\/wp-json\/wp\/v2\/comments?post=13543"}],"version-history":[{"count":2,"href":"https:\/\/www.drivemebarcelona.com\/es\/wp-json\/wp\/v2\/pages\/13543\/revisions"}],"predecessor-version":[{"id":24037,"href":"https:\/\/www.drivemebarcelona.com\/es\/wp-json\/wp\/v2\/pages\/13543\/revisions\/24037"}],"wp:attachment":[{"href":"https:\/\/www.drivemebarcelona.com\/es\/wp-json\/wp\/v2\/media?parent=13543"}],"curies":[{"name":"wp","href":"https:\/\/api.w.org\/{rel}","templated":true}]}}