{"id":15251,"date":"2023-10-09T17:22:34","date_gmt":"2023-10-09T15:22:34","guid":{"rendered":"https:\/\/www.drivemebarcelona.com\/?page_id=15251"},"modified":"2024-08-23T08:29:08","modified_gmt":"2024-08-23T06:29:08","slug":"alquilar-porsche-718-cayman-gt4-barcelona","status":"publish","type":"page","link":"https:\/\/www.drivemebarcelona.com\/es\/alquilar-porsche-718-cayman-gt4-barcelona\/","title":{"rendered":"Porsche 718 Cayman GT4"},"content":{"rendered":"<div class=\"wpb-content-wrapper\">[vc_row full_width=\u00bbstretch_row_content_no_spaces\u00bb content_placement=\u00bbmiddle\u00bb el_class=\u00bb.header-product\u00bb css=\u00bb.vc_custom_1696863841342{background-image: url(https:\/\/www.drivemebarcelona.com\/wp-content\/uploads\/2023\/10\/Porsche-718-Cayman-GT4.jpg?id=15254) !important;background-position: center !important;background-repeat: no-repeat !important;background-size: cover !important;}\u00bb top_margin=\u00bb0&#8243;][vc_column][\/vc_column][\/vc_row][vc_row el_class=\u00bbcontainer-breadcrumbs\u00bb][vc_column][vc_raw_html el_id=\u00bbwpseo_breadcrumb\u00bb]JTVCd3BzZW9fYnJlYWRjcnVtYiU1RA==[\/vc_raw_html][\/vc_column][\/vc_row][vc_row el_class=\u00bb.m-intro mb-70-r\u00bb][vc_column css=\u00bb.vc_custom_1695721284395{margin-top: 5px !important;}\u00bb][vc_row_inner][vc_column_inner][vc_column_text css=\u00bb.vc_custom_1721632945194{margin-top: 6px !important;}\u00bb el_class=\u00bbmb-70&#8243;]\n<h1 style=\"text-align: center;\">Porsche 718 Cayman GT4<\/h1>\n[\/vc_column_text][vc_column_text css=\u00bb.vc_custom_1702316273042{margin-top: 10px !important;margin-bottom: 20px !important;margin-left: -15px !important;}\u00bb el_class=\u00bbtitulares mb-20&#8243;]\n<p class=\"text-from\" style=\"text-align: center; font-weight: bold;\">2 h desde 275 \u20ac<\/p>\n[\/vc_column_text][vc_column_text el_class=\u00bbcontainer-block\u00bb]\n<p style=\"text-align: center;\"><span style=\"font-weight: 400;\">Vive una experiencia \u00fanica a bordo de un <strong>Porsche 718 Cayman GT4<\/strong> en Barcelona. Alquila un\u00a0 Porsche 718 Cayman GT4 y explora cada rinc\u00f3n de la ciudad, o si lo prefieres,\u00a0 avent\u00farate por la geograf\u00eda catalana. En nuestra flota de coches de lujo en Barcelona, te espera la <strong>experiencia incomparable<\/strong> de conducir el Porsche 718 Cayman GT4; asegura tu reserva y no dejes escapar esta oportunidad.<\/span><\/p>\n[\/vc_column_text][vc_btn title=\u00bbAlquilar ahora\u00bb style=\u00bbcustom\u00bb custom_background=\u00bb#e4231e\u00bb custom_text=\u00bb#ffffff\u00bb shape=\u00bbsquare\u00bb size=\u00bbxs\u00bb align=\u00bbcenter\u00bb el_class=\u00bbbtn-170&#8243; link=\u00bburl:%23reservation|title:%23reservation||\u00bb][\/vc_column_inner][\/vc_row_inner][\/vc_column][\/vc_row][vc_row full_width=\u00bbstretch_row\u00bb css=\u00bb.vc_custom_1696496711589{margin-bottom: 20px !important;background-color: #f5f5f5 !important;background-position: center !important;background-repeat: no-repeat !important;background-size: cover !important;}\u00bb el_class=\u00bb.section-bg .section-info\u00bb][vc_column][vc_row_inner css=\u00bb.vc_custom_1695721222959{padding-top: 20px !important;}\u00bb][vc_column_inner el_class=\u00bb.section-info-col\u00bb width=\u00bb1\/3&#8243; offset=\u00bbvc_col-xs-4&#8243;][vc_column_text el_class=\u00bb.check-bullet\u00bb]\n<h2 class=\"section-info-title\"><strong>Aceleraci\u00f3n<\/strong><\/h2>\n<p class=\"section-info-data\">4 seg<\/p>\n<p class=\"section-info-subdata\">0-100 km\/h<\/p>\n[\/vc_column_text][\/vc_column_inner][vc_column_inner el_class=\u00bb.section-info-col\u00bb width=\u00bb1\/3&#8243; offset=\u00bbvc_col-xs-4&#8243;][vc_column_text css=\u00bb\u00bb el_class=\u00bb.check-bullet\u00bb]\n<h2 class=\"section-info-title\"><strong>Potencia<\/strong><\/h2>\n<p class=\"section-info-data\">420 CV<\/p>\n<p class=\"section-info-subdata\">Seis Cilindros Atmosf\u00e9rico<\/p>\n[\/vc_column_text][\/vc_column_inner][vc_column_inner el_class=\u00bb.section-info-col\u00bb width=\u00bb1\/3&#8243; offset=\u00bbvc_col-xs-4&#8243;][vc_column_text css=\u00bb\u00bb el_class=\u00bb.check-bullet\u00bb]\n<h2 class=\"section-info-title\"><strong>Asientos<\/strong><\/h2>\n<p class=\"section-info-data\">2<\/p>\n<p class=\"section-info-subdata\">Full Buckets<\/p>\n[\/vc_column_text][\/vc_column_inner][\/vc_row_inner][\/vc_column][\/vc_row][vc_row full_width=\u00bbstretch_row\u00bb equal_height=\u00bbyes\u00bb css=\u00bb.vc_custom_1696517822414{margin-top: 20px !important;}\u00bb][vc_column][vc_row_inner content_placement=\u00bbmiddle\u00bb][vc_column_inner width=\u00bb1\/2&#8243;][vc_single_image image=\u00bb15256&#8243; img_size=\u00bb550&#215;450&#8243;][\/vc_column_inner][vc_column_inner width=\u00bb1\/2&#8243; css=\u00bb.vc_custom_1696518857429{margin-top: -20px !important;}\u00bb][vc_column_text css=\u00bb\u00bb]\n<h2><strong>Pura potencia<\/strong><\/h2>\n<p><span style=\"font-weight: 400;\">Equipado con un motor atmosf\u00e9rico de seis cilindros opuestos de 4.0 litros, el Porsche 718 Cayman GT4 desata una <strong>asombrosa potencia de 420 cv<\/strong> y alcanza una velocidad punta ligeramente superior a los 304 km\/h. Esta impresionante potencia se traduce en una aceleraci\u00f3n de 0 a 100 km\/h en apenas 4 segundos, lo que lo convierte en un veh\u00edculo ideal tanto para la pista como para los amantes de la velocidad. Adem\u00e1s, su transmisi\u00f3n PDK autom\u00e1tica de <strong>siete velocidades con doble embrague<\/strong> combina la comodidad de una transmisi\u00f3n autom\u00e1tica con la capacidad \u00e1gil de un cambio de marchas manual.<\/span>[\/vc_column_text][\/vc_column_inner][\/vc_row_inner][vc_row_inner content_placement=\u00bbmiddle\u00bb][vc_column_inner width=\u00bb1\/2&#8243;][vc_single_image image=\u00bb15300&#8243; img_size=\u00bb550&#215;450&#8243; el_class=\u00bbhide_md_lg\u00bb][vc_column_text css=\u00bb.vc_custom_1721666407100{margin-top: -10px !important;}\u00bb]\n<h2><strong>Preciso y \u00e1gil<\/strong><\/h2>\n<p><span style=\"font-weight: 400;\">Su excepcional manejo y agilidad te dejar\u00e1 perplejo. Dotado con una suspensi\u00f3n adaptativa que ofrece dos niveles de dureza, una <strong>direcci\u00f3n altamente precisa<\/strong> y una magn\u00edfica relaci\u00f3n peso\/potencia de 3,56 kg\/CV, proporciona una estabilidad extraordinaria en las curvas y permite una transici\u00f3n fluida de peso al cambiar de direcci\u00f3n.<\/span>[\/vc_column_text][\/vc_column_inner][vc_column_inner width=\u00bb1\/2&#8243; offset=\u00bbvc_hidden-xs\u00bb][vc_single_image image=\u00bb15300&#8243; img_size=\u00bb550&#215;450&#8243;][\/vc_column_inner][\/vc_row_inner][vc_row_inner content_placement=\u00bbmiddle\u00bb][vc_column_inner width=\u00bb1\/2&#8243;][vc_single_image image=\u00bb15260&#8243; img_size=\u00bb550&#215;450&#8243;][\/vc_column_inner][vc_column_inner width=\u00bb1\/2&#8243; css=\u00bb.vc_custom_1696518960264{margin-top: -30px !important;}\u00bb][vc_column_text css=\u00bb\u00bb]\n<h2><strong>Melod\u00eda angelical<\/strong><\/h2>\n<p><span style=\"font-weight: 400;\">El motor b\u00f3xer de alto rendimiento ofrece un <strong>sonido profundo y potente<\/strong>, proporcionando una ambiente envolvente a medida que subes las revoluciones y experimentas todo su potencial. Su sistema de escape deportivo te permite ajustar el sonido del escape, pudiendo optar por un sonido m\u00e1s suave y discreto para la conducci\u00f3n diaria o un sonido m\u00e1s ruidoso y deportivo para una<strong> experiencia m\u00e1s salvaje<\/strong>.<\/span>[\/vc_column_text][\/vc_column_inner][\/vc_row_inner][vc_row_inner content_placement=\u00bbmiddle\u00bb][vc_column_inner width=\u00bb1\/2&#8243;][vc_single_image image=\u00bb15264&#8243; img_size=\u00bb550&#215;450&#8243; el_class=\u00bbhide_md_lg\u00bb][vc_column_text css=\u00bb\u00bb]\n<h2><strong>Un interior repleto de detalles<\/strong><\/h2>\n<p><span style=\"font-weight: 400;\">Con un interior de elegante acabado negro recubierto de Alc\u00e1ntara y acentuando con distintivos toques en amarillo, como los cinturones de seguridad o los tiradores de apertura de la puertas, el Porsche 718 Cayman GT4 <strong>irradia deportividad<\/strong> desde el primer momento que te sientas en su cabina. Adem\u00e1s, los asientos tipo<strong> bucket Sport Plus<\/strong>, con su estructura en fibra de carbono, ofrecen una comodidad excepcional y una sujeci\u00f3n \u00f3ptima en las curvas m\u00e1s pronunciadas.<\/span>[\/vc_column_text][\/vc_column_inner][vc_column_inner width=\u00bb1\/2&#8243; offset=\u00bbvc_hidden-xs\u00bb][vc_single_image image=\u00bb15264&#8243; img_size=\u00bb550&#215;450&#8243;][\/vc_column_inner][\/vc_row_inner][\/vc_column][\/vc_row][vc_row full_width=\u00bbstretch_row\u00bb el_class=\u00bbrow-reservation mb-40&#8243;][vc_column css=\u00bb.vc_custom_1694588350287{padding-top: 35px !important;}\u00bb][vc_row_inner content_placement=\u00bbmiddle\u00bb el_id=\u00bbreservation\u00bb][vc_column_inner][vc_column_text css=\u00bb.vc_custom_1724336348766{margin-top: -10px !important;}\u00bb]\n<h2 style=\"text-align: center;\"><strong>Alquilar Porsche 718 Cayman GT4<\/strong><\/h2>\n<p style=\"text-align: center;\"><em>Este modelo no se encuentra actualmente disponible.<\/em><\/p>\n<div id=\"texto\" style=\"text-align: center;\"><span style=\"color: #ff0000;\"><a style=\"color: #ff0000;\" href=\"\/es\/flota\">Ver flota de coches<\/a>\u00a0<\/span>|<span style=\"color: #ff0000;\"> <a style=\"color: #ff0000;\" href=\"https:\/\/www.drivemebarcelona.com\/es\/experiencias\/\">Ver experiencias de conducci\u00f3n<\/a><\/span><\/div>\n[\/vc_column_text][\/vc_column_inner][\/vc_row_inner][\/vc_column][\/vc_row][vc_row full_width=\u00bbstretch_row\u00bb disable_element=\u00bbyes\u00bb el_class=\u00bbrow-reservation mb-40&#8243;][vc_column css=\u00bb.vc_custom_1694588350287{padding-top: 35px !important;}\u00bb][vc_row_inner content_placement=\u00bbmiddle\u00bb el_id=\u00bbreservation\u00bb][vc_column_inner width=\u00bb1\/2&#8243;][vc_column_text]\n<div class=\"iframe-block\">\n<style>.iframe-block{width:300px;margin:0 auto;text-align:center}#rzd-modal .rzd-modal__close{padding:0 0 0 14px!important;border-radius:0 0 0 3px!important;height:30px!important;width:20px!important}<\/style>\n<p><script defer=\"\" type=\"text\/javascript\" src=\"https:\/\/drivemebarcelona.rezdy.com\/pluginJs\"><\/script><iframe loading=\"lazy\" class=\"rezdy\" src=\"https:\/\/drivemebarcelona.rezdy.com\/calendarWidget\/499556?iframe=true&amp;lang=es\" width=\"260px\" height=\"320px\" frameborder=\"0\" seamless=\"\"><\/iframe><\/p>\n<\/div>\n[\/vc_column_text][\/vc_column_inner][vc_column_inner width=\u00bb1\/2&#8243;][vc_column_text css=\u00bb.vc_custom_1721633106691{margin-top: -10px !important;}\u00bb]\n<h2><strong>Alquilar Porsche 718 Cayman GT4<\/strong><\/h2>\n<p><span style=\"font-weight: 400;\">Para reservar, selecciona tu fecha de alquiler para el <\/span><span style=\"font-weight: 400;\"><b>Porsche 718 Cayman GT4 <\/b>en el calendario.<\/span><\/p>\n<div id=\"texto\">* Para alquilar tu Porsche 718 Cayman GT4 por horas o d\u00edas, debes tener al menos 25 a\u00f1os de edad y realizar un dep\u00f3sito 5.000 \u20ac el d\u00eda del alquiler.<\/div>\n<div id=\"texto1\"><span style=\"color: #e4231e;\"><a style=\"color: #e4231e;\" href=\"#21\">Conduce un Porsche 718 Cayman GT4 desde 21 a\u00f1os y sin fianza<\/a><\/span><\/div>\n[\/vc_column_text][\/vc_column_inner][\/vc_row_inner][\/vc_column][\/vc_row][vc_row full_width=\u00bbstretch_row\u00bb equal_height=\u00bbyes\u00bb fullwidth=\u00bbyes\u00bb el_class=\u00bbslider-full mb-70-r\u00bb][vc_column css=\u00bb.vc_custom_1696495163931{margin-top: 50px !important;margin-bottom: 0px !important;}\u00bb el_class=\u00bb.text-center-md\u00bb][vc_masonry_media_grid element_width=\u00bb3&#8243; gap=\u00bb10&#8243; item=\u00bbmediaGrid_Default\u00bb initial_loading_animation=\u00bbfadeIn\u00bb grid_id=\u00bbvc_gid:1724336287624-5ec6290a-bce3-2&#8243; include=\u00bb15276,15268,15274,15270,15280,15272,15278,15266&#8243;][vc_btn title=\u00bbAlquilar ahora\u00bb style=\u00bbcustom\u00bb custom_background=\u00bb#e4231e\u00bb custom_text=\u00bb#ffffff\u00bb shape=\u00bbsquare\u00bb size=\u00bbxs\u00bb align=\u00bbcenter\u00bb css=\u00bb.vc_custom_1695391178572{margin-top: 30px !important;}\u00bb el_class=\u00bbbtn-170&#8243; link=\u00bburl:%23reservation|title:%23reservation||\u00bb][\/vc_column][\/vc_row][vc_row full_width=\u00bbstretch_row\u00bb css=\u00bb.vc_custom_1694588127651{margin-top: 22px !important;margin-bottom: 0px !important;background-color: #f5f5f5 !important;}\u00bb el_class=\u00bbpt-30&#8243;][vc_column css=\u00bb.vc_custom_1696520816978{padding-top: 22px !important;}\u00bb el_id=\u00bb21&#8243;][vc_column_text css=\u00bb\u00bb]\n<h2 style=\"text-align: center;\"><b>Conduce un superdeportivo en Barcelona<\/b><\/h2>\n[\/vc_column_text][vc_column_text css=\u00bb\u00bb]\n<p style=\"text-align: center;\">Elige uno de nuestros City Tours y descubre Barcelona al volante de un superdeportivo con un gu\u00eda experto a tu lado<\/p>\n[\/vc_column_text][vc_column_text css=\u00bb.vc_custom_1721652741984{margin-top: -20px !important;}\u00bb]\n<div id=\"texto4\" class=\"text-intro\" style=\"text-align: center;\"><span style=\"font-weight: 200; color: #000000;\">Conduce un superdeportivo desde 21 a\u00f1os y sin fianza.<\/span><\/div>\n[\/vc_column_text][\/vc_column][\/vc_row][vc_row full_width=\u00bbstretch_row\u00bb gap=\u00bb25&#8243; equal_height=\u00bbyes\u00bb el_class=\u00bb.section-experiences mb-70 pb-70-r\u00bb css=\u00bb.vc_custom_1696509765801{background-color: #f5f5f5 !important;}\u00bb][vc_column width=\u00bb1\/4&#8243; el_class=\u00bbexperience-column experiencias-block-link\u00bb css=\u00bb.vc_custom_1706177667648{background-image: url(https:\/\/www.drivemebarcelona.com\/wp-content\/uploads\/2024\/01\/Miniatura-Test-Drive-10-mins-version-dark-v2.jpg?id=17105) !important;background-position: center !important;background-repeat: no-repeat !important;background-size: cover !important;}\u00bb][vc_column_text css=\u00bb\u00bb]\n<h3 class=\"experience-title\">Test Drive<\/h3>\n<p class=\"experience-time\">10 minutos<\/p>\n<p class=\"experience-price\">desde 48 \u20ac<\/p>\n[\/vc_column_text][vc_raw_html css=\u00bb\u00bb]JTNDYSUyMGhyZWYlM0QlMjIlMkZlcyUyRnRlc3QtZHJpdmUtYmFyY2Vsb25hLXNwJTJGJTIyJTNFJTNDJTJGYSUzRQ==[\/vc_raw_html][\/vc_column][vc_column width=\u00bb1\/4&#8243; css=\u00bb.vc_custom_1695889399923{background-image: url(\/wp-content\/uploads\/2019\/08\/Barceloneta-experience.jpg?id=10346) !important;background-position: center !important;background-repeat: no-repeat !important;background-size: cover !important;}\u00bb el_class=\u00bbexperience-column experiencias-block-link\u00bb][vc_column_text css=\u00bb\u00bb]\n<h3 class=\"experience-title\">Barceloneta y la Playa<\/h3>\n<p class=\"experience-time\">20 minutos<\/p>\n<p class=\"experience-price\">desde 98 \u20ac<\/p>\n[\/vc_column_text][vc_raw_html css=\u00bb\u00bb]JTNDYSUyMGhyZWYlM0QlMjIlMkZlcyUyRmJhcmNlbG9uZXRhLWxhLXBsYXlhJTJGJTIyJTNFJTNDJTJGYSUzRQ==[\/vc_raw_html][\/vc_column][vc_column width=\u00bb1\/4&#8243; css=\u00bb.vc_custom_1695889408715{background-image: url(\/wp-content\/uploads\/2019\/08\/Montjuic-experience.jpg?id=10348) !important;background-position: center !important;background-repeat: no-repeat !important;background-size: cover !important;}\u00bb el_class=\u00bbexperience-column experiencias-block-link\u00bb][vc_column_text css=\u00bb\u00bb]\n<h3 class=\"experience-title\">Montjuic y Circuito Urbano de F1<\/h3>\n<p class=\"experience-time\">40 minutos<\/p>\n<p class=\"experience-price\">desde 188 \u20ac<\/p>\n[\/vc_column_text][vc_raw_html css=\u00bb\u00bb]JTNDYSUyMGhyZWYlM0QlMjIlMkZlcyUyRm1vbnRqdWljLWNpcmN1aXRvLXVyYmFuby1mMSUyRiUyMiUzRSUzQyUyRmElM0U=[\/vc_raw_html][\/vc_column][vc_column width=\u00bb1\/4&#8243; css=\u00bb.vc_custom_1695889416933{background-image: url(\/wp-content\/uploads\/2019\/08\/Tibidabo-experience.jpg?id=10350) !important;background-position: center !important;background-repeat: no-repeat !important;background-size: cover !important;}\u00bb el_class=\u00bbexperience-column experiencias-block-link\u00bb][vc_column_text css=\u00bb\u00bb]\n<h3 class=\"experience-title\">Tibidabo y el Skyline<\/h3>\n<p class=\"experience-time\">90 minutos<\/p>\n<p class=\"experience-price\">desde 368 \u20ac<\/p>\n[\/vc_column_text][vc_raw_html css=\u00bb\u00bb]JTNDYSUyMGhyZWYlM0QlMjIlMkZlcyUyRnRpYmlkYWJvLXktc2t5bGluZSUyRiUyMiUzRSUzQyUyRmElM0U=[\/vc_raw_html][\/vc_column][\/vc_row][vc_row][vc_column][\/vc_column][\/vc_row]\n<\/div>","protected":false},"excerpt":{"rendered":"<p>[vc_row full_width=\u00bbstretch_row_content_no_spaces\u00bb content_placement=\u00bbmiddle\u00bb el_class=\u00bb.header-product\u00bb css=\u00bb.vc_custom_1696863841342{background-image: url(https:\/\/www.drivemebarcelona.com\/wp-content\/uploads\/2023\/10\/Porsche-718-Cayman-GT4.jpg?id=15254) !important;background-position: center !important;background-repeat: no-repeat !important;background-size: cover !important;}\u00bb top_margin=\u00bb0&#8243;][vc_column][\/vc_column][\/vc_row][vc_row el_class=\u00bbcontainer-breadcrumbs\u00bb][vc_column][vc_raw_html el_id=\u00bbwpseo_breadcrumb\u00bb]JTVCd3BzZW9fYnJlYWRjcnVtYiU1RA==[\/vc_raw_html][\/vc_column][\/vc_row][vc_row el_class=\u00bb.m-intro mb-70-r\u00bb][vc_column css=\u00bb.vc_custom_1695721284395{margin-top: 5px !important;}\u00bb][vc_row_inner][vc_column_inner][vc_column_text css=\u00bb.vc_custom_1721632945194{margin-top: 6px !important;}\u00bb el_class=\u00bbmb-70&#8243;] [&hellip;]<\/p>\n","protected":false},"author":2,"featured_media":0,"parent":0,"menu_order":0,"comment_status":"closed","ping_status":"closed","template":"","meta":{"_acf_changed":false,"footnotes":""},"acf":[],"yoast_head":"<!-- This site is optimized with the Yoast SEO plugin v24.2 - https:\/\/yoast.com\/wordpress\/plugins\/seo\/ -->\n<title>Alquilar Porsche 718 Cayman GT4 - Drive Me Barcelona<\/title>\n<meta name=\"description\" content=\"Alquila un Porsche 718 Cayman GT4 en Barcelona y descubre la adrenalina pura con un deportivo elegante y de alto rendimiento.\" \/>\n<meta name=\"robots\" content=\"index, follow, max-snippet:-1, max-image-preview:large, max-video-preview:-1\" \/>\n<link rel=\"canonical\" href=\"https:\/\/www.drivemebarcelona.com\/es\/alquilar-porsche-718-cayman-gt4-barcelona\/\" \/>\n<meta property=\"og:locale\" content=\"es_ES\" \/>\n<meta property=\"og:type\" content=\"article\" \/>\n<meta property=\"og:title\" content=\"Alquilar Porsche 718 Cayman GT4 - Drive Me Barcelona\" \/>\n<meta property=\"og:description\" content=\"Alquila un Porsche 718 Cayman GT4 en Barcelona y descubre la adrenalina pura con un deportivo elegante y de alto rendimiento.\" \/>\n<meta property=\"og:url\" content=\"https:\/\/www.drivemebarcelona.com\/es\/alquilar-porsche-718-cayman-gt4-barcelona\/\" \/>\n<meta property=\"og:site_name\" content=\"Drive Me Barcelona\" \/>\n<meta property=\"article:publisher\" content=\"https:\/\/www.facebook.com\/drivemebarcelona\" \/>\n<meta property=\"article:modified_time\" content=\"2024-08-23T06:29:08+00:00\" \/>\n<script type=\"application\/ld+json\" class=\"yoast-schema-graph\">{\"@context\":\"https:\/\/schema.org\",\"@graph\":[{\"@type\":\"WebPage\",\"@id\":\"https:\/\/www.drivemebarcelona.com\/es\/alquilar-porsche-718-cayman-gt4-barcelona\/\",\"url\":\"https:\/\/www.drivemebarcelona.com\/es\/alquilar-porsche-718-cayman-gt4-barcelona\/\",\"name\":\"Alquilar Porsche 718 Cayman GT4 - Drive Me Barcelona\",\"isPartOf\":{\"@id\":\"https:\/\/www.drivemebarcelona.com\/#website\"},\"datePublished\":\"2023-10-09T15:22:34+00:00\",\"dateModified\":\"2024-08-23T06:29:08+00:00\",\"description\":\"Alquila un Porsche 718 Cayman GT4 en Barcelona y descubre la adrenalina pura con un deportivo elegante y de alto rendimiento.\",\"breadcrumb\":{\"@id\":\"https:\/\/www.drivemebarcelona.com\/es\/alquilar-porsche-718-cayman-gt4-barcelona\/#breadcrumb\"},\"inLanguage\":\"es\",\"potentialAction\":[{\"@type\":\"ReadAction\",\"target\":[\"https:\/\/www.drivemebarcelona.com\/es\/alquilar-porsche-718-cayman-gt4-barcelona\/\"]}]},{\"@type\":\"BreadcrumbList\",\"@id\":\"https:\/\/www.drivemebarcelona.com\/es\/alquilar-porsche-718-cayman-gt4-barcelona\/#breadcrumb\",\"itemListElement\":[{\"@type\":\"ListItem\",\"position\":1,\"name\":\"Home\",\"item\":\"https:\/\/www.drivemebarcelona.com\/es\/\"},{\"@type\":\"ListItem\",\"position\":2,\"name\":\"Porsche 718 Cayman GT4\"}]},{\"@type\":\"WebSite\",\"@id\":\"https:\/\/www.drivemebarcelona.com\/#website\",\"url\":\"https:\/\/www.drivemebarcelona.com\/\",\"name\":\"Drive Me Barcelona\",\"description\":\"Conduce un Ferrari en Barcelona\",\"publisher\":{\"@id\":\"https:\/\/www.drivemebarcelona.com\/#organization\"},\"potentialAction\":[{\"@type\":\"SearchAction\",\"target\":{\"@type\":\"EntryPoint\",\"urlTemplate\":\"https:\/\/www.drivemebarcelona.com\/?s={search_term_string}\"},\"query-input\":{\"@type\":\"PropertyValueSpecification\",\"valueRequired\":true,\"valueName\":\"search_term_string\"}}],\"inLanguage\":\"es\"},{\"@type\":\"Organization\",\"@id\":\"https:\/\/www.drivemebarcelona.com\/#organization\",\"name\":\"Drive Me Barcelona S.L.\",\"url\":\"https:\/\/www.drivemebarcelona.com\/\",\"logo\":{\"@type\":\"ImageObject\",\"inLanguage\":\"es\",\"@id\":\"https:\/\/www.drivemebarcelona.com\/#\/schema\/logo\/image\/\",\"url\":\"https:\/\/www.drivemebarcelona.com\/wp-content\/uploads\/2015\/01\/LOGO-maintenance\u00ae.png\",\"contentUrl\":\"https:\/\/www.drivemebarcelona.com\/wp-content\/uploads\/2015\/01\/LOGO-maintenance\u00ae.png\",\"width\":600,\"height\":145,\"caption\":\"Drive Me Barcelona S.L.\"},\"image\":{\"@id\":\"https:\/\/www.drivemebarcelona.com\/#\/schema\/logo\/image\/\"},\"sameAs\":[\"https:\/\/www.facebook.com\/drivemebarcelona\",\"https:\/\/x.com\/DriveMeBarcelon\",\"https:\/\/instagram.com\/drivemebarcelona\/\",\"https:\/\/es.pinterest.com\/drivemebarca\/\",\"https:\/\/www.youtube.com\/channel\/UCTBEtyrPd6HQ-QlERO84rxQ\"]}]}<\/script>\n<!-- \/ Yoast SEO plugin. -->","yoast_head_json":{"title":"Alquilar Porsche 718 Cayman GT4 - Drive Me Barcelona","description":"Alquila un Porsche 718 Cayman GT4 en Barcelona y descubre la adrenalina pura con un deportivo elegante y de alto rendimiento.","robots":{"index":"index","follow":"follow","max-snippet":"max-snippet:-1","max-image-preview":"max-image-preview:large","max-video-preview":"max-video-preview:-1"},"canonical":"https:\/\/www.drivemebarcelona.com\/es\/alquilar-porsche-718-cayman-gt4-barcelona\/","og_locale":"es_ES","og_type":"article","og_title":"Alquilar Porsche 718 Cayman GT4 - Drive Me Barcelona","og_description":"Alquila un Porsche 718 Cayman GT4 en Barcelona y descubre la adrenalina pura con un deportivo elegante y de alto rendimiento.","og_url":"https:\/\/www.drivemebarcelona.com\/es\/alquilar-porsche-718-cayman-gt4-barcelona\/","og_site_name":"Drive Me Barcelona","article_publisher":"https:\/\/www.facebook.com\/drivemebarcelona","article_modified_time":"2024-08-23T06:29:08+00:00","schema":{"@context":"https:\/\/schema.org","@graph":[{"@type":"WebPage","@id":"https:\/\/www.drivemebarcelona.com\/es\/alquilar-porsche-718-cayman-gt4-barcelona\/","url":"https:\/\/www.drivemebarcelona.com\/es\/alquilar-porsche-718-cayman-gt4-barcelona\/","name":"Alquilar Porsche 718 Cayman GT4 - Drive Me Barcelona","isPartOf":{"@id":"https:\/\/www.drivemebarcelona.com\/#website"},"datePublished":"2023-10-09T15:22:34+00:00","dateModified":"2024-08-23T06:29:08+00:00","description":"Alquila un Porsche 718 Cayman GT4 en Barcelona y descubre la adrenalina pura con un deportivo elegante y de alto rendimiento.","breadcrumb":{"@id":"https:\/\/www.drivemebarcelona.com\/es\/alquilar-porsche-718-cayman-gt4-barcelona\/#breadcrumb"},"inLanguage":"es","potentialAction":[{"@type":"ReadAction","target":["https:\/\/www.drivemebarcelona.com\/es\/alquilar-porsche-718-cayman-gt4-barcelona\/"]}]},{"@type":"BreadcrumbList","@id":"https:\/\/www.drivemebarcelona.com\/es\/alquilar-porsche-718-cayman-gt4-barcelona\/#breadcrumb","itemListElement":[{"@type":"ListItem","position":1,"name":"Home","item":"https:\/\/www.drivemebarcelona.com\/es\/"},{"@type":"ListItem","position":2,"name":"Porsche 718 Cayman GT4"}]},{"@type":"WebSite","@id":"https:\/\/www.drivemebarcelona.com\/#website","url":"https:\/\/www.drivemebarcelona.com\/","name":"Drive Me Barcelona","description":"Conduce un Ferrari en Barcelona","publisher":{"@id":"https:\/\/www.drivemebarcelona.com\/#organization"},"potentialAction":[{"@type":"SearchAction","target":{"@type":"EntryPoint","urlTemplate":"https:\/\/www.drivemebarcelona.com\/?s={search_term_string}"},"query-input":{"@type":"PropertyValueSpecification","valueRequired":true,"valueName":"search_term_string"}}],"inLanguage":"es"},{"@type":"Organization","@id":"https:\/\/www.drivemebarcelona.com\/#organization","name":"Drive Me Barcelona S.L.","url":"https:\/\/www.drivemebarcelona.com\/","logo":{"@type":"ImageObject","inLanguage":"es","@id":"https:\/\/www.drivemebarcelona.com\/#\/schema\/logo\/image\/","url":"https:\/\/www.drivemebarcelona.com\/wp-content\/uploads\/2015\/01\/LOGO-maintenance\u00ae.png","contentUrl":"https:\/\/www.drivemebarcelona.com\/wp-content\/uploads\/2015\/01\/LOGO-maintenance\u00ae.png","width":600,"height":145,"caption":"Drive Me Barcelona S.L."},"image":{"@id":"https:\/\/www.drivemebarcelona.com\/#\/schema\/logo\/image\/"},"sameAs":["https:\/\/www.facebook.com\/drivemebarcelona","https:\/\/x.com\/DriveMeBarcelon","https:\/\/instagram.com\/drivemebarcelona\/","https:\/\/es.pinterest.com\/drivemebarca\/","https:\/\/www.youtube.com\/channel\/UCTBEtyrPd6HQ-QlERO84rxQ"]}]}},"_links":{"self":[{"href":"https:\/\/www.drivemebarcelona.com\/es\/wp-json\/wp\/v2\/pages\/15251"}],"collection":[{"href":"https:\/\/www.drivemebarcelona.com\/es\/wp-json\/wp\/v2\/pages"}],"about":[{"href":"https:\/\/www.drivemebarcelona.com\/es\/wp-json\/wp\/v2\/types\/page"}],"author":[{"embeddable":true,"href":"https:\/\/www.drivemebarcelona.com\/es\/wp-json\/wp\/v2\/users\/2"}],"replies":[{"embeddable":true,"href":"https:\/\/www.drivemebarcelona.com\/es\/wp-json\/wp\/v2\/comments?post=15251"}],"version-history":[{"count":0,"href":"https:\/\/www.drivemebarcelona.com\/es\/wp-json\/wp\/v2\/pages\/15251\/revisions"}],"wp:attachment":[{"href":"https:\/\/www.drivemebarcelona.com\/es\/wp-json\/wp\/v2\/media?parent=15251"}],"curies":[{"name":"wp","href":"https:\/\/api.w.org\/{rel}","templated":true}]}}