{"id":17774,"date":"2024-04-08T12:40:42","date_gmt":"2024-04-08T10:40:42","guid":{"rendered":"https:\/\/www.drivemebarcelona.com\/?page_id=17774"},"modified":"2026-02-10T16:47:01","modified_gmt":"2026-02-10T15:47:01","slug":"alquiler-porsche-barcelona","status":"publish","type":"page","link":"https:\/\/www.drivemebarcelona.com\/es\/alquiler-porsche-barcelona\/","title":{"rendered":"Alquiler Porsche en Barcelona"},"content":{"rendered":"<div class=\"wpb-content-wrapper\">[vc_row full_width=\u00bbstretch_row_content_no_spaces\u00bb content_placement=\u00bbmiddle\u00bb el_class=\u00bb.header-product\u00bb css=\u00bb.vc_custom_1721816466051{padding-bottom: 150px !important;background-image: url(https:\/\/www.drivemebarcelona.com\/wp-content\/uploads\/2024\/07\/banner-porsche.png?id=19436) !important;background-position: center !important;background-repeat: no-repeat !important;background-size: cover !important;}\u00bb top_margin=\u00bb0&#8243;][vc_column][\/vc_column][\/vc_row][vc_row el_class=\u00bbcontainer-breadcrumbs\u00bb][vc_column][vc_raw_html el_id=\u00bbwpseo_breadcrumb\u00bb]JTVCd3BzZW9fYnJlYWRjcnVtYiU1RA==[\/vc_raw_html][\/vc_column][\/vc_row][vc_row el_class=\u00bb.m-intro mb-70-r\u00bb][vc_column css=\u00bb.vc_custom_1695721284395{margin-top: 5px !important;}\u00bb][vc_row_inner][vc_column_inner][vc_column_text css=\u00bb.vc_custom_1724137161307{margin-top: 6px !important;}\u00bb el_class=\u00bbmb-70&#8243;]\n<h1 style=\"text-align: center;\"><strong>Alquilar Porsche en Barcelona<\/strong><\/h1>\n[\/vc_column_text][vc_column_text css=\u00bb\u00bb el_class=\u00bbcontainer-block\u00bb]\n<p style=\"text-align: center;\">Toma el control de un <strong>Porsche<\/strong> y sum\u00e9rgete en una esencia inigualable de <strong>velocidad<\/strong> y <strong>elegancia<\/strong>.<\/p>\n<p style=\"text-align: center;\">Conducir un <strong>Porsche<\/strong> va m\u00e1s all\u00e1 de simplemente recorrer un camino, es una experiencia que despierta<strong> emociones \u00fanicas.<\/strong> Desde el <strong>distintivo rugido<\/strong> de su motor hasta la extraordinaria sensaci\u00f3n de <strong>control en cada curva<\/strong>, cada momento al volante de un Porsche es una <strong>experiencia incomparable<\/strong>.<\/p>\n[\/vc_column_text][vc_btn title=\u00bbNUESTRA FLOTA\u00bb style=\u00bbcustom\u00bb custom_background=\u00bb#e4231e\u00bb custom_text=\u00bb#ffffff\u00bb shape=\u00bbsquare\u00bb size=\u00bbxs\u00bb align=\u00bbcenter\u00bb css=\u00bb\u00bb el_class=\u00bbbtn-170&#8243; link=\u00bburl:%23flota|title:%23flota\u00bb][\/vc_column_inner][\/vc_row_inner][\/vc_column][\/vc_row][vc_row full_width=\u00bbstretch_row\u00bb content_placement=\u00bbmiddle\u00bb fullwidth=\u00bbyes\u00bb css=\u00bb.vc_custom_1721986978708{margin-bottom: 20px !important;background-color: #f5f5f5 !important;background-position: center !important;background-repeat: no-repeat !important;background-size: cover !important;}\u00bb el_class=\u00bbsection-off\u00bb][vc_column][vc_column_text css=\u00bb.vc_custom_1724149485076{padding-top: 35px !important;}\u00bb]\n<h2 style=\"text-align: center;\"><strong><em>\u00a1Experimentar la excelencia tecnol\u00f3gica en un coche!<\/em><\/strong><\/h2>\n[\/vc_column_text][\/vc_column][\/vc_row][vc_row full_width=\u00bbstretch_row\u00bb equal_height=\u00bbyes\u00bb css=\u00bb.vc_custom_1721998135438{margin-top: 20px !important;}\u00bb][vc_column][vc_row_inner content_placement=\u00bbmiddle\u00bb][vc_column_inner width=\u00bb1\/2&#8243;][vc_single_image image=\u00bb20114&#8243; img_size=\u00bb550&#215;450&#8243; css=\u00bb\u00bb el_class=\u00bbhide_md_lg\u00bb][vc_column_text css=\u00bb.vc_custom_1760341248636{margin-top: 0px !important;}\u00bb]\n<h3>Una leyenda forjada en la competici\u00f3n<\/h3>\n<p>Porsche ha consolidado una reputaci\u00f3n legendaria en el mundo de las competiciones automovil\u00edsticas, siendo <strong>la \u00fanica marca que puede presumir de haber ganado todas las competiciones m\u00e1s prestigiosas del planeta<\/strong>, como las 24 Horas de Le Mans, la F\u00f3rmula 1, los Campeonatos Mundiales de Rally y el Dakar.<\/p>\n<p>La historia de Porsche es una cr\u00f3nica que se extiende por <strong>m\u00e1s de siete d\u00e9cadas<\/strong>, marcada por la ingenier\u00eda y la pasi\u00f3n por los autom\u00f3viles. Fundada inicialmente por Ferdinand Porsche como una consultor\u00eda dedicada al dise\u00f1o y desarrollo de autom\u00f3viles para otras marcas, fue su hijo, Ferry, el verdadero arquitecto de la prestigiosa e ic\u00f3nica marca que conocemos hoy en d\u00eda. \u00c9l fue el visionario detr\u00e1s del legendario Porsche 911.<\/p>\n<p><strong>Conducir un Porsche es embarcarse en una emocionante aventura, donde la potencia, el dise\u00f1o y la precisi\u00f3n se combinan en una perfecta armon\u00eda.<\/strong>[\/vc_column_text][\/vc_column_inner][vc_column_inner width=\u00bb1\/2&#8243; offset=\u00bbvc_hidden-xs\u00bb][vc_single_image image=\u00bb20114&#8243; img_size=\u00bb550&#215;450&#8243; css=\u00bb\u00bb][\/vc_column_inner][\/vc_row_inner][vc_column_text css=\u00bb\u00bb]\n<p style=\"text-align: center;\">Prep\u00e1rate para experimentar la <strong>exclusividad \u00fanica<\/strong> de un Porsche: una fusi\u00f3n magistral de <strong>lujo<\/strong>, <strong>velocidad<\/strong> y <strong>tecnolog\u00eda innovadora<\/strong>.<\/p>\n[\/vc_column_text][vc_empty_space][vc_row_inner content_placement=\u00bbmiddle\u00bb][vc_column_inner width=\u00bb1\/2&#8243;][vc_single_image image=\u00bb19439&#8243; img_size=\u00bb550x450px\u00bb css=\u00bb\u00bb][\/vc_column_inner][vc_column_inner width=\u00bb1\/2&#8243;][vc_column_text css=\u00bb\u00bb]\n<h3>Alquila un Porsche en solo tres pasos<\/h3>\n<p>Reservar un Porsche es<strong> f\u00e1cil y completamente en l\u00ednea<\/strong>. Solo sigue estos tres sencillos pasos:<\/p>\n<p><strong>1.-<\/strong> <strong>Elige la opci\u00f3n que mejor se adapte a tus preferencias<\/strong>: ya sea una de nuestras experiencias, que ofrece diversas rutas predefinidas tanto en Barcelona como en sus alrededores, acompa\u00f1ado por uno de nuestros instructores que te guiar\u00e1 a lo largo del recorrido. Como alternativa, puedes optar por alquilar el coche por el tiempo que desees, ya sea por unas horas o el tiempo que necesites.<\/p>\n<p><strong>2.- Selecciona la fecha<\/strong> en la que deseas disfrutar la experiencia.<\/p>\n<p><strong>3.-<\/strong> <strong>Escoge entre los extras adicionales<\/strong> disponibles, con descripciones detalladas para que puedas personalizar tu elecci\u00f3n.<\/p>\n<p>\u00a1<strong>Y listo<\/strong>! Todo estar\u00e1 preparado para que conduzcas el Porsche de tus sue\u00f1os.[\/vc_column_text][\/vc_column_inner][\/vc_row_inner][vc_empty_space][\/vc_column][\/vc_row][vc_row el_id=\u00bbflota\u00bb][vc_column][vc_column_text css=\u00bb\u00bb]\n<h2 style=\"text-align: center;\"><strong>Nuestra flota de Porsche para alquilar<\/strong><\/h2>\n[\/vc_column_text][\/vc_column][\/vc_row][vc_row][vc_column width=\u00bb1\/4&#8243;][vc_single_image image=\u00bb19158&#8243; img_size=\u00bbfull\u00bb alignment=\u00bbcenter\u00bb css=\u00bb\u00bb][vc_column_text css=\u00bb\u00bb]\n<h4 style=\"text-align: center;\">Porsche 911 GT3 992<\/h4>\n<p style=\"text-align: center;\">2hrs desde <strong><del>552\u20ac<\/del> <span style=\"color: #ff0000;\">276\u20ac<\/span><\/strong><\/p>\n[\/vc_column_text][vc_btn title=\u00bbRESERVAR AHORA\u00bb style=\u00bbcustom\u00bb custom_background=\u00bb#e4231e\u00bb custom_text=\u00bb#ffffff\u00bb shape=\u00bbsquare\u00bb align=\u00bbcenter\u00bb css=\u00bb\u00bb link=\u00bburl:https%3A%2F%2Fwww.drivemebarcelona.com%2Fes%2Falquilar-porsche-911-gt3-barcelona%2F|title:Alquilar%20Porsche%20GT3|target:_blank\u00bb el_class=\u00bbbtn-170&#8243;][vc_empty_space height=\u00bb64px\u00bb][\/vc_column][vc_column width=\u00bb1\/4&#8243;][vc_single_image image=\u00bb25057&#8243; img_size=\u00bbfull\u00bb alignment=\u00bbcenter\u00bb css=\u00bb\u00bb][vc_column_text css=\u00bb\u00bb]\n<h4 style=\"text-align: center;\">Porsche 718 Spyder RS<\/h4>\n<p style=\"text-align: center;\">2hrs desde<strong> 491\u20ac\u00a0<\/strong><\/p>\n[\/vc_column_text][vc_btn title=\u00bbRESERVAR AHORA\u00bb style=\u00bbcustom\u00bb custom_background=\u00bb#e4231e\u00bb custom_text=\u00bb#ffffff\u00bb shape=\u00bbsquare\u00bb align=\u00bbcenter\u00bb css=\u00bb\u00bb link=\u00bburl:https%3A%2F%2Fwww.drivemebarcelona.com%2Fes%2Falquilar-porsche-718-spyder-rs%2F|title:Alquilar%20Porsche%20718%20Spyder%20RS|target:_blank\u00bb el_class=\u00bbbtn-170&#8243;][vc_empty_space height=\u00bb64px\u00bb][\/vc_column][vc_column width=\u00bb1\/4&#8243;][vc_single_image image=\u00bb23850&#8243; img_size=\u00bbfull\u00bb alignment=\u00bbcenter\u00bb css=\u00bb\u00bb][vc_column_text css=\u00bb\u00bb]\n<h4 style=\"text-align: center;\">Porsche 911 Targa 4 GTS<\/h4>\n<p style=\"text-align: center;\">2hrs desde<strong> 467\u20ac\u00a0<\/strong><\/p>\n[\/vc_column_text][vc_btn title=\u00bbRESERVAR AHORA\u00bb style=\u00bbcustom\u00bb custom_background=\u00bb#e4231e\u00bb custom_text=\u00bb#ffffff\u00bb shape=\u00bbsquare\u00bb align=\u00bbcenter\u00bb css=\u00bb\u00bb link=\u00bburl:https%3A%2F%2Fwww.drivemebarcelona.com%2Fes%2Falquilar-porsche-911-targa-4-gts-barcelona%2F|title:Alquilar%20Porsche%20911%20Targa%204%20GTS|target:_blank\u00bb el_class=\u00bbbtn-170&#8243;][vc_empty_space height=\u00bb64px\u00bb][\/vc_column][vc_column width=\u00bb1\/4&#8243;][vc_single_image image=\u00bb19162&#8243; img_size=\u00bbfull\u00bb alignment=\u00bbcenter\u00bb css=\u00bb\u00bb][vc_column_text css=\u00bb\u00bb]\n<h4 style=\"text-align: center;\">Porsche 911 GT3 RS<\/h4>\n<p style=\"text-align: center;\">2hrs desde<strong> 386\u20ac\u00a0<\/strong><\/p>\n[\/vc_column_text][vc_btn title=\u00bbRESERVAR AHORA\u00bb style=\u00bbcustom\u00bb custom_background=\u00bb#e4231e\u00bb custom_text=\u00bb#ffffff\u00bb shape=\u00bbsquare\u00bb align=\u00bbcenter\u00bb css=\u00bb\u00bb link=\u00bburl:https%3A%2F%2Fwww.drivemebarcelona.com%2Fes%2Falquilar-porsche-911-gt3-rs-barcelona%2F|title:Alquilar%20Porsche%20911%20GT3%20RS|target:_blank\u00bb el_class=\u00bbbtn-170&#8243;][vc_empty_space height=\u00bb64px\u00bb][\/vc_column][\/vc_row][vc_row full_width=\u00bbstretch_row\u00bb css=\u00bb.vc_custom_1722240782714{margin-top: 22px !important;margin-bottom: 0px !important;background-color: #f5f5f5 !important;}\u00bb el_class=\u00bbpt-30&#8243; el_id=\u00bbexperiencias\u00bb][vc_column css=\u00bb.vc_custom_1696520816978{padding-top: 22px !important;}\u00bb el_id=\u00bb21&#8243;][vc_column_text css=\u00bb\u00bb]\n<h2 style=\"text-align: center;\"><b>Conduce un superdeportivo en Barcelona<\/b><\/h2>\n[\/vc_column_text][vc_column_text css=\u00bb\u00bb]\n<p style=\"text-align: center;\">Elige uno de nuestros City Tours y descubre Barcelona al volante de un superdeportivo con un gu\u00eda experto a tu lado<\/p>\n[\/vc_column_text][vc_column_text css=\u00bb.vc_custom_1753714647648{margin-top: -20px !important;}\u00bb]\n<div id=\"texto4\" class=\"text-intro\" style=\"text-align: center;\"><span style=\"font-weight: 200; color: #000000;\">Conduce un superdeportivo desde 26 a\u00f1os y sin fianza.<\/span><\/div>\n[\/vc_column_text][\/vc_column][\/vc_row][vc_row full_width=\u00bbstretch_row\u00bb gap=\u00bb25&#8243; equal_height=\u00bbyes\u00bb el_class=\u00bb.section-experiences mb-70 pb-70-r\u00bb css=\u00bb.vc_custom_1722240774307{background-color: #f5f5f5 !important;}\u00bb][vc_column width=\u00bb1\/4&#8243; el_class=\u00bbexperience-column experiencias-block-link\u00bb css=\u00bb.vc_custom_1706185700410{background-image: url(https:\/\/www.drivemebarcelona.com\/wp-content\/uploads\/2024\/01\/Miniatura-Test-Drive-10-mins-version-dark-v2.jpg?id=17106) !important;background-position: center !important;background-repeat: no-repeat !important;background-size: cover !important;}\u00bb][vc_column_text]\n<h3 class=\"experience-title\">Test Drive<\/h3>\n<p class=\"experience-time\">10 minutos<\/p>\n<p class=\"experience-price\">desde 48 \u20ac<\/p>\n[\/vc_column_text][vc_raw_html]JTNDYSUyMGhyZWYlM0QlMjIlMkZlcyUyRnRlc3QtZHJpdmUtYmFyY2Vsb25hLXNwJTJGJTIyJTNFJTNDJTJGYSUzRQ==[\/vc_raw_html][\/vc_column][vc_column width=\u00bb1\/4&#8243; css=\u00bb.vc_custom_1695889399923{background-image: url(\/wp-content\/uploads\/2019\/08\/Barceloneta-experience.jpg?id=10346) !important;background-position: center !important;background-repeat: no-repeat !important;background-size: cover !important;}\u00bb el_class=\u00bbexperience-column experiencias-block-link\u00bb][vc_column_text css=\u00bb\u00bb]\n<h3 class=\"experience-title\">Barceloneta y la Playa<\/h3>\n<p class=\"experience-time\">20 minutos<\/p>\n<p class=\"experience-price\">desde 98 \u20ac<\/p>\n[\/vc_column_text][vc_raw_html]JTNDYSUyMGhyZWYlM0QlMjIlMkZlcyUyRmJhcmNlbG9uZXRhLWxhLXBsYXlhJTJGJTIyJTNFJTNDJTJGYSUzRQ==[\/vc_raw_html][\/vc_column][vc_column width=\u00bb1\/4&#8243; css=\u00bb.vc_custom_1695889408715{background-image: url(\/wp-content\/uploads\/2019\/08\/Montjuic-experience.jpg?id=10348) !important;background-position: center !important;background-repeat: no-repeat !important;background-size: cover !important;}\u00bb el_class=\u00bbexperience-column experiencias-block-link\u00bb][vc_column_text css=\u00bb\u00bb]\n<h3 class=\"experience-titlev2\">Montjuic y Circuito Urbano de F1<\/h3>\n<p class=\"experience-time\">40 minutos<\/p>\n<p class=\"experience-price\">desde 188 \u20ac<\/p>\n[\/vc_column_text][vc_raw_html]JTNDYSUyMGhyZWYlM0QlMjIlMkZlcyUyRm1vbnRqdWljLWNpcmN1aXRvLXVyYmFuby1mMSUyRiUyMiUzRSUzQyUyRmElM0U=[\/vc_raw_html][\/vc_column][vc_column width=\u00bb1\/4&#8243; css=\u00bb.vc_custom_1695889416933{background-image: url(\/wp-content\/uploads\/2019\/08\/Tibidabo-experience.jpg?id=10350) !important;background-position: center !important;background-repeat: no-repeat !important;background-size: cover !important;}\u00bb el_class=\u00bbexperience-column experiencias-block-link\u00bb][vc_column_text]\n<h3 class=\"experience-title\">Tibidabo y el Skyline<\/h3>\n<p class=\"experience-time\">90 minutos<\/p>\n<p class=\"experience-price\">desde 368 \u20ac<\/p>\n[\/vc_column_text][vc_raw_html]JTNDYSUyMGhyZWYlM0QlMjIlMkZlcyUyRnRpYmlkYWJvLXktc2t5bGluZSUyRiUyMiUzRSUzQyUyRmElM0U=[\/vc_raw_html][\/vc_column][\/vc_row]\n<\/div>","protected":false},"excerpt":{"rendered":"<p>[vc_row full_width=\u00bbstretch_row_content_no_spaces\u00bb content_placement=\u00bbmiddle\u00bb el_class=\u00bb.header-product\u00bb css=\u00bb.vc_custom_1721816466051{padding-bottom: 150px !important;background-image: url(https:\/\/www.drivemebarcelona.com\/wp-content\/uploads\/2024\/07\/banner-porsche.png?id=19436) !important;background-position: center !important;background-repeat: no-repeat !important;background-size: cover !important;}\u00bb top_margin=\u00bb0&#8243;][vc_column][\/vc_column][\/vc_row][vc_row el_class=\u00bbcontainer-breadcrumbs\u00bb][vc_column][vc_raw_html el_id=\u00bbwpseo_breadcrumb\u00bb]JTVCd3BzZW9fYnJlYWRjcnVtYiU1RA==[\/vc_raw_html][\/vc_column][\/vc_row][vc_row el_class=\u00bb.m-intro mb-70-r\u00bb][vc_column css=\u00bb.vc_custom_1695721284395{margin-top: 5px !important;}\u00bb][vc_row_inner][vc_column_inner][vc_column_text css=\u00bb.vc_custom_1724137161307{margin-top: 6px [&hellip;]<\/p>\n","protected":false},"author":2,"featured_media":0,"parent":0,"menu_order":0,"comment_status":"closed","ping_status":"closed","template":"","meta":{"_acf_changed":false,"footnotes":""},"acf":[],"yoast_head":"<!-- This site is optimized with the Yoast SEO plugin v24.2 - https:\/\/yoast.com\/wordpress\/plugins\/seo\/ -->\n<title>Alquila un Porsche en Barcelona - Drive Me Barcelona<\/title>\n<meta name=\"description\" content=\"Experimenta la excelencia tecnol\u00f3gica al conducir un Porsche, donde lujo, velocidad y tecnolog\u00eda se unen en perfecta armon\u00eda.\" \/>\n<meta name=\"robots\" content=\"index, follow, max-snippet:-1, max-image-preview:large, max-video-preview:-1\" \/>\n<link rel=\"canonical\" href=\"https:\/\/www.drivemebarcelona.com\/es\/alquiler-porsche-barcelona\/\" \/>\n<meta property=\"og:locale\" content=\"es_ES\" \/>\n<meta property=\"og:type\" content=\"article\" \/>\n<meta property=\"og:title\" content=\"Alquila un Porsche en Barcelona - Drive Me Barcelona\" \/>\n<meta property=\"og:description\" content=\"Experimenta la excelencia tecnol\u00f3gica al conducir un Porsche, donde lujo, velocidad y tecnolog\u00eda se unen en perfecta armon\u00eda.\" \/>\n<meta property=\"og:url\" content=\"https:\/\/www.drivemebarcelona.com\/es\/alquiler-porsche-barcelona\/\" \/>\n<meta property=\"og:site_name\" content=\"Drive Me Barcelona\" \/>\n<meta property=\"article:publisher\" content=\"https:\/\/www.facebook.com\/drivemebarcelona\" \/>\n<meta property=\"article:modified_time\" content=\"2026-02-10T15:47:01+00:00\" \/>\n<script type=\"application\/ld+json\" class=\"yoast-schema-graph\">{\"@context\":\"https:\/\/schema.org\",\"@graph\":[{\"@type\":\"WebPage\",\"@id\":\"https:\/\/www.drivemebarcelona.com\/es\/alquiler-porsche-barcelona\/\",\"url\":\"https:\/\/www.drivemebarcelona.com\/es\/alquiler-porsche-barcelona\/\",\"name\":\"Alquila un Porsche en Barcelona - Drive Me Barcelona\",\"isPartOf\":{\"@id\":\"https:\/\/www.drivemebarcelona.com\/#website\"},\"datePublished\":\"2024-04-08T10:40:42+00:00\",\"dateModified\":\"2026-02-10T15:47:01+00:00\",\"description\":\"Experimenta la excelencia tecnol\u00f3gica al conducir un Porsche, donde lujo, velocidad y tecnolog\u00eda se unen en perfecta armon\u00eda.\",\"breadcrumb\":{\"@id\":\"https:\/\/www.drivemebarcelona.com\/es\/alquiler-porsche-barcelona\/#breadcrumb\"},\"inLanguage\":\"es\",\"potentialAction\":[{\"@type\":\"ReadAction\",\"target\":[\"https:\/\/www.drivemebarcelona.com\/es\/alquiler-porsche-barcelona\/\"]}]},{\"@type\":\"BreadcrumbList\",\"@id\":\"https:\/\/www.drivemebarcelona.com\/es\/alquiler-porsche-barcelona\/#breadcrumb\",\"itemListElement\":[{\"@type\":\"ListItem\",\"position\":1,\"name\":\"Home\",\"item\":\"https:\/\/www.drivemebarcelona.com\/es\/\"},{\"@type\":\"ListItem\",\"position\":2,\"name\":\"Alquiler Porsche en Barcelona\"}]},{\"@type\":\"WebSite\",\"@id\":\"https:\/\/www.drivemebarcelona.com\/#website\",\"url\":\"https:\/\/www.drivemebarcelona.com\/\",\"name\":\"Drive Me Barcelona\",\"description\":\"Conduce un Ferrari en Barcelona\",\"publisher\":{\"@id\":\"https:\/\/www.drivemebarcelona.com\/#organization\"},\"potentialAction\":[{\"@type\":\"SearchAction\",\"target\":{\"@type\":\"EntryPoint\",\"urlTemplate\":\"https:\/\/www.drivemebarcelona.com\/?s={search_term_string}\"},\"query-input\":{\"@type\":\"PropertyValueSpecification\",\"valueRequired\":true,\"valueName\":\"search_term_string\"}}],\"inLanguage\":\"es\"},{\"@type\":\"Organization\",\"@id\":\"https:\/\/www.drivemebarcelona.com\/#organization\",\"name\":\"Drive Me Barcelona S.L.\",\"url\":\"https:\/\/www.drivemebarcelona.com\/\",\"logo\":{\"@type\":\"ImageObject\",\"inLanguage\":\"es\",\"@id\":\"https:\/\/www.drivemebarcelona.com\/#\/schema\/logo\/image\/\",\"url\":\"https:\/\/www.drivemebarcelona.com\/wp-content\/uploads\/2015\/01\/LOGO-maintenance\u00ae.png\",\"contentUrl\":\"https:\/\/www.drivemebarcelona.com\/wp-content\/uploads\/2015\/01\/LOGO-maintenance\u00ae.png\",\"width\":600,\"height\":145,\"caption\":\"Drive Me Barcelona S.L.\"},\"image\":{\"@id\":\"https:\/\/www.drivemebarcelona.com\/#\/schema\/logo\/image\/\"},\"sameAs\":[\"https:\/\/www.facebook.com\/drivemebarcelona\",\"https:\/\/x.com\/DriveMeBarcelon\",\"https:\/\/instagram.com\/drivemebarcelona\/\",\"https:\/\/es.pinterest.com\/drivemebarca\/\",\"https:\/\/www.youtube.com\/channel\/UCTBEtyrPd6HQ-QlERO84rxQ\"]}]}<\/script>\n<!-- \/ Yoast SEO plugin. -->","yoast_head_json":{"title":"Alquila un Porsche en Barcelona - Drive Me Barcelona","description":"Experimenta la excelencia tecnol\u00f3gica al conducir un Porsche, donde lujo, velocidad y tecnolog\u00eda se unen en perfecta armon\u00eda.","robots":{"index":"index","follow":"follow","max-snippet":"max-snippet:-1","max-image-preview":"max-image-preview:large","max-video-preview":"max-video-preview:-1"},"canonical":"https:\/\/www.drivemebarcelona.com\/es\/alquiler-porsche-barcelona\/","og_locale":"es_ES","og_type":"article","og_title":"Alquila un Porsche en Barcelona - Drive Me Barcelona","og_description":"Experimenta la excelencia tecnol\u00f3gica al conducir un Porsche, donde lujo, velocidad y tecnolog\u00eda se unen en perfecta armon\u00eda.","og_url":"https:\/\/www.drivemebarcelona.com\/es\/alquiler-porsche-barcelona\/","og_site_name":"Drive Me Barcelona","article_publisher":"https:\/\/www.facebook.com\/drivemebarcelona","article_modified_time":"2026-02-10T15:47:01+00:00","schema":{"@context":"https:\/\/schema.org","@graph":[{"@type":"WebPage","@id":"https:\/\/www.drivemebarcelona.com\/es\/alquiler-porsche-barcelona\/","url":"https:\/\/www.drivemebarcelona.com\/es\/alquiler-porsche-barcelona\/","name":"Alquila un Porsche en Barcelona - Drive Me Barcelona","isPartOf":{"@id":"https:\/\/www.drivemebarcelona.com\/#website"},"datePublished":"2024-04-08T10:40:42+00:00","dateModified":"2026-02-10T15:47:01+00:00","description":"Experimenta la excelencia tecnol\u00f3gica al conducir un Porsche, donde lujo, velocidad y tecnolog\u00eda se unen en perfecta armon\u00eda.","breadcrumb":{"@id":"https:\/\/www.drivemebarcelona.com\/es\/alquiler-porsche-barcelona\/#breadcrumb"},"inLanguage":"es","potentialAction":[{"@type":"ReadAction","target":["https:\/\/www.drivemebarcelona.com\/es\/alquiler-porsche-barcelona\/"]}]},{"@type":"BreadcrumbList","@id":"https:\/\/www.drivemebarcelona.com\/es\/alquiler-porsche-barcelona\/#breadcrumb","itemListElement":[{"@type":"ListItem","position":1,"name":"Home","item":"https:\/\/www.drivemebarcelona.com\/es\/"},{"@type":"ListItem","position":2,"name":"Alquiler Porsche en Barcelona"}]},{"@type":"WebSite","@id":"https:\/\/www.drivemebarcelona.com\/#website","url":"https:\/\/www.drivemebarcelona.com\/","name":"Drive Me Barcelona","description":"Conduce un Ferrari en Barcelona","publisher":{"@id":"https:\/\/www.drivemebarcelona.com\/#organization"},"potentialAction":[{"@type":"SearchAction","target":{"@type":"EntryPoint","urlTemplate":"https:\/\/www.drivemebarcelona.com\/?s={search_term_string}"},"query-input":{"@type":"PropertyValueSpecification","valueRequired":true,"valueName":"search_term_string"}}],"inLanguage":"es"},{"@type":"Organization","@id":"https:\/\/www.drivemebarcelona.com\/#organization","name":"Drive Me Barcelona S.L.","url":"https:\/\/www.drivemebarcelona.com\/","logo":{"@type":"ImageObject","inLanguage":"es","@id":"https:\/\/www.drivemebarcelona.com\/#\/schema\/logo\/image\/","url":"https:\/\/www.drivemebarcelona.com\/wp-content\/uploads\/2015\/01\/LOGO-maintenance\u00ae.png","contentUrl":"https:\/\/www.drivemebarcelona.com\/wp-content\/uploads\/2015\/01\/LOGO-maintenance\u00ae.png","width":600,"height":145,"caption":"Drive Me Barcelona S.L."},"image":{"@id":"https:\/\/www.drivemebarcelona.com\/#\/schema\/logo\/image\/"},"sameAs":["https:\/\/www.facebook.com\/drivemebarcelona","https:\/\/x.com\/DriveMeBarcelon","https:\/\/instagram.com\/drivemebarcelona\/","https:\/\/es.pinterest.com\/drivemebarca\/","https:\/\/www.youtube.com\/channel\/UCTBEtyrPd6HQ-QlERO84rxQ"]}]}},"_links":{"self":[{"href":"https:\/\/www.drivemebarcelona.com\/es\/wp-json\/wp\/v2\/pages\/17774"}],"collection":[{"href":"https:\/\/www.drivemebarcelona.com\/es\/wp-json\/wp\/v2\/pages"}],"about":[{"href":"https:\/\/www.drivemebarcelona.com\/es\/wp-json\/wp\/v2\/types\/page"}],"author":[{"embeddable":true,"href":"https:\/\/www.drivemebarcelona.com\/es\/wp-json\/wp\/v2\/users\/2"}],"replies":[{"embeddable":true,"href":"https:\/\/www.drivemebarcelona.com\/es\/wp-json\/wp\/v2\/comments?post=17774"}],"version-history":[{"count":3,"href":"https:\/\/www.drivemebarcelona.com\/es\/wp-json\/wp\/v2\/pages\/17774\/revisions"}],"predecessor-version":[{"id":25137,"href":"https:\/\/www.drivemebarcelona.com\/es\/wp-json\/wp\/v2\/pages\/17774\/revisions\/25137"}],"wp:attachment":[{"href":"https:\/\/www.drivemebarcelona.com\/es\/wp-json\/wp\/v2\/media?parent=17774"}],"curies":[{"name":"wp","href":"https:\/\/api.w.org\/{rel}","templated":true}]}}