{"id":19338,"date":"2024-07-23T16:24:29","date_gmt":"2024-07-23T14:24:29","guid":{"rendered":"https:\/\/www.drivemebarcelona.com\/?page_id=19338"},"modified":"2025-07-28T16:55:58","modified_gmt":"2025-07-28T14:55:58","slug":"alquiler-ferrari-barcelona","status":"publish","type":"page","link":"https:\/\/www.drivemebarcelona.com\/es\/alquiler-ferrari-barcelona\/","title":{"rendered":"Alquiler Ferrari en Barcelona"},"content":{"rendered":"<div class=\"wpb-content-wrapper\">[vc_row full_width=\u00bbstretch_row_content_no_spaces\u00bb content_placement=\u00bbmiddle\u00bb el_class=\u00bb.header-product\u00bb css=\u00bb.vc_custom_1721743827885{background-image: url(https:\/\/www.drivemebarcelona.com\/wp-content\/uploads\/2024\/07\/Frame-83.png?id=19384) !important;background-position: center !important;background-repeat: no-repeat !important;background-size: cover !important;}\u00bb top_margin=\u00bb0&#8243;][vc_column][\/vc_column][\/vc_row][vc_row el_class=\u00bbcontainer-breadcrumbs\u00bb][vc_column][vc_raw_html el_id=\u00bbwpseo_breadcrumb\u00bb]JTVCd3BzZW9fYnJlYWRjcnVtYiU1RA==[\/vc_raw_html][\/vc_column][\/vc_row][vc_row el_class=\u00bb.m-intro mb-70-r\u00bb][vc_column css=\u00bb.vc_custom_1695721284395{margin-top: 5px !important;}\u00bb][vc_row_inner][vc_column_inner][vc_column_text css=\u00bb.vc_custom_1722241229478{margin-top: 6px !important;}\u00bb el_class=\u00bbmb-70&#8243;]\n<h1 style=\"text-align: center;\"><strong>Alquilar Ferrari en Barcelona<\/strong><\/h1>\n[\/vc_column_text][vc_column_text css=\u00bb\u00bb el_class=\u00bbcontainer-block\u00bb]\n<p style=\"text-align: center;\">\u00bfTe has preguntado alguna vez c\u00f3mo ser\u00eda experimentar la extraordinaria combinaci\u00f3n de velocidad y lujo que solo la esencia del<strong> Cavallino Rampante<\/strong> puede ofrecer? Ahora, tienes la oportunidad \u00fanica de hacer realidad ese sue\u00f1o de conducir un <strong>Ferrari<\/strong>, una marca que ha dejado una huella imborrable en la historia del automovilismo. Ferrari va m\u00e1s all\u00e1 de ser una marca m\u00e1s en el mundo del automovilismo; es una <strong>aut\u00e9ntica leyenda<\/strong>. Su historia es una epopeya repleta de \u00e9xitos y campeonatos, constituyendo una prueba irrefutable de su excelencia en ingenier\u00eda y rendimiento.<\/p>\n[\/vc_column_text][vc_btn title=\u00bbNUESTRA FLOTA\u00bb style=\u00bbcustom\u00bb custom_background=\u00bb#e4231e\u00bb custom_text=\u00bb#ffffff\u00bb shape=\u00bbsquare\u00bb size=\u00bbxs\u00bb align=\u00bbcenter\u00bb css=\u00bb\u00bb el_class=\u00bbbtn-170&#8243; link=\u00bburl:%23flota|title:%23flota\u00bb][\/vc_column_inner][\/vc_row_inner][\/vc_column][\/vc_row][vc_row full_width=\u00bbstretch_row\u00bb content_placement=\u00bbmiddle\u00bb fullwidth=\u00bbyes\u00bb css=\u00bb.vc_custom_1721986978708{margin-bottom: 20px !important;background-color: #f5f5f5 !important;background-position: center !important;background-repeat: no-repeat !important;background-size: cover !important;}\u00bb el_class=\u00bbsection-off\u00bb][vc_column][vc_column_text css=\u00bb.vc_custom_1722239289157{padding-top: 35px !important;}\u00bb]\n<h2 style=\"text-align: center;\"><strong><em>\u00a1Prep\u00e1rate para tomar el control de una leyenda sobre ruedas!<\/em><\/strong><\/h2>\n[\/vc_column_text][\/vc_column][\/vc_row][vc_row full_width=\u00bbstretch_row\u00bb equal_height=\u00bbyes\u00bb css=\u00bb.vc_custom_1721986714637{margin-top: 20px !important;}\u00bb][vc_column][vc_row_inner content_placement=\u00bbmiddle\u00bb][vc_column_inner width=\u00bb1\/2&#8243;][vc_single_image image=\u00bb16849&#8243; img_size=\u00bb550&#215;450&#8243; css=\u00bb\u00bb el_class=\u00bbhide_md_lg\u00bb][vc_column_text css=\u00bb.vc_custom_1721810280254{margin-top: 0px !important;}\u00bb]\n<h3>Conduce un Ferrari en la ciudad<\/h3>\n<p>Tomar el control de un<strong> Ferrari<\/strong> es una sensaci\u00f3n incomparable. Cada instante se convierte en una experiencia \u00fanica donde la <strong>potencia<\/strong> y la <strong>sofisticaci\u00f3n<\/strong> se entrelazan con maestr\u00eda. Siente la emoci\u00f3n de la aceleraci\u00f3n mientras el rugido del motor se fusiona con la vibrante atm\u00f3sfera cosmopolita de <strong>Barcelona<\/strong>. Conducir un Ferrari va m\u00e1s all\u00e1 de dar un simple paseo; <strong>es una declaraci\u00f3n de estilo y distinci\u00f3n<\/strong>.<\/p>\n<p>Explora nuestros <a href=\"https:\/\/www.drivemebarcelona.com\/es\/city-tours\/\">City Tours<\/a>, una opci\u00f3n excepcional para descubrir los lugares m\u00e1s bonitos de Barcelona. Ofrecemos cuatro opciones diferentes, cada una meticulosamente dise\u00f1ada para cautivarte. El <a href=\"https:\/\/www.drivemebarcelona.com\/es\/test-drive-barcelona-sp\/\">Test Drive<\/a>, con una duraci\u00f3n aproximada de 10 minutos, es la elecci\u00f3n perfecta para una <strong>primera toma de contacto<\/strong> en el mundo de los superdeportivos. Luego, la<a href=\"https:\/\/www.drivemebarcelona.com\/es\/barceloneta-la-playa\/\"> ruta de la Barceloneta<\/a> con unos 20 minutos de duraci\u00f3n, te sumerge de lleno en la <strong>costa barcelonesa<\/strong>. La<a href=\"https:\/\/www.drivemebarcelona.com\/es\/montjuic-circuito-urbano-f1\/\"> ruta de Montju\u00efc<\/a>, de unos 40 minutos, recorre el antiguo circuito urbano de F\u00f3rmula 1 de Montjuic, ofreci\u00e9ndote la experiencia de sentirte como un aut\u00e9ntico piloto de carreras. Por \u00faltimo, la <a href=\"https:\/\/www.drivemebarcelona.com\/es\/tibidabo-y-skyline\/\">ruta del Tibidabo<\/a>, con una duraci\u00f3n aproximada de 90 minutos, te invita a apreciar la <strong>grandeza y la belleza de Barcelona<\/strong>.[\/vc_column_text][\/vc_column_inner][vc_column_inner width=\u00bb1\/2&#8243; offset=\u00bbvc_hidden-xs\u00bb][vc_single_image image=\u00bb16849&#8243; img_size=\u00bb550&#215;450&#8243; css=\u00bb\u00bb][\/vc_column_inner][\/vc_row_inner][vc_column_text css=\u00bb\u00bb]\n<p style=\"text-align: center;\">No lo dudes y sum\u00e9rgete en el placer de dominar las calles con la esencia \u00fanica del Cavallino Rampante. <strong>\u00bfEst\u00e1s listo para convertir este momento en un recuerdo verdaderamente inolvidable?<\/strong><\/p>\n[\/vc_column_text][vc_empty_space][vc_row_inner content_placement=\u00bbmiddle\u00bb][vc_column_inner width=\u00bb1\/2&#8243;][vc_single_image image=\u00bb19360&#8243; img_size=\u00bb550x450px\u00bb alignment=\u00bbcenter\u00bb css=\u00bb\u00bb][\/vc_column_inner][vc_column_inner width=\u00bb1\/2&#8243;][vc_column_text css=\u00bb\u00bb]\n<h3>Conduce un Ferrari en un circuito<\/h3>\n<p>\u00bfTe gustar\u00eda sentirte por un d\u00eda como<strong> Michael Schumacher<\/strong> o <strong>Fernando Alonso<\/strong> y conducir un Ferrari en un aut\u00e9ntico<strong> circuito de carreras<\/strong>?<\/p>\n<p>Descubre nuestros <a href=\"https:\/\/www.drivemebarcelona.com\/es\/track-days\/\">Track Days<\/a>, donde podr\u00e1s acelerar a<strong> toda velocidad<\/strong> en una pista profesional y explorar tus propios l\u00edmites. Contar\u00e1s con la gu\u00eda de un<strong> instructor profesional<\/strong> a tu lado, proporcion\u00e1ndote ense\u00f1anza y apoyo para que puedas superarte vuelta tras vuelta.[\/vc_column_text][\/vc_column_inner][\/vc_row_inner][vc_empty_space][\/vc_column][\/vc_row][vc_row el_id=\u00bbflota\u00bb][vc_column][vc_column_text css=\u00bb\u00bb]\n<h3 style=\"text-align: center;\"><strong>Nuestra flota Ferrari para alquilar<\/strong><\/h3>\n<h3 style=\"text-align: center;\"><\/h3>\n[\/vc_column_text][\/vc_column][\/vc_row][vc_row][vc_column width=\u00bb1\/4&#8243;][vc_single_image image=\u00bb21343&#8243; img_size=\u00bbfull\u00bb alignment=\u00bbcenter\u00bb css=\u00bb\u00bb][vc_column_text css=\u00bb\u00bb]\n<h4 style=\"text-align: center;\">Ferrari 296 GTB<\/h4>\n<p style=\"text-align: center;\">2 h desde <strong>790\u20ac<\/strong><\/p>\n[\/vc_column_text][vc_btn title=\u00bbRESERVAR AHORA\u00bb style=\u00bbcustom\u00bb custom_background=\u00bb#e4231e\u00bb custom_text=\u00bb#ffffff\u00bb shape=\u00bbsquare\u00bb align=\u00bbcenter\u00bb css=\u00bb\u00bb link=\u00bburl:https%3A%2F%2Fwww.drivemebarcelona.com%2Fes%2Falquilar-ferrari-296-gtb-barcelona%2F|title:Alquilar%20Ferrari%20296%20GTB|target:_blank\u00bb el_class=\u00bbbtn-170&#8243;][vc_empty_space height=\u00bb64px\u00bb][\/vc_column][vc_column width=\u00bb1\/4&#8243;][vc_single_image image=\u00bb20059&#8243; img_size=\u00bbfull\u00bb alignment=\u00bbcenter\u00bb css=\u00bb\u00bb][vc_column_text css=\u00bb\u00bb]\n<h4 style=\"text-align: center;\">Ferrari Roma Spider<\/h4>\n<p style=\"text-align: center;\">2 h desde <strong>768\u20ac<\/strong><\/p>\n[\/vc_column_text][vc_btn title=\u00bbRESERVAR AHORA\u00bb style=\u00bbcustom\u00bb custom_background=\u00bb#e4231e\u00bb custom_text=\u00bb#ffffff\u00bb shape=\u00bbsquare\u00bb align=\u00bbcenter\u00bb css=\u00bb\u00bb link=\u00bburl:https%3A%2F%2Fwww.drivemebarcelona.com%2Fes%2Falquilar-ferrari-roma-spider-barcelona%2F|title:Alquilar%20Ferrari%20Roma%20Spider|target:_blank\u00bb el_class=\u00bbbtn-170&#8243;][vc_empty_space height=\u00bb64px\u00bb][\/vc_column][vc_column width=\u00bb1\/4&#8243;][vc_single_image image=\u00bb19156&#8243; img_size=\u00bbfull\u00bb alignment=\u00bbcenter\u00bb css=\u00bb\u00bb][vc_column_text css=\u00bb\u00bb]\n<h4 style=\"text-align: center;\">Ferrari Portofino M<\/h4>\n<p style=\"text-align: center;\">2 h desde <strong>592\u20ac<\/strong><\/p>\n[\/vc_column_text][vc_btn title=\u00bbRESERVAR AHORA\u00bb style=\u00bbcustom\u00bb custom_background=\u00bb#e4231e\u00bb custom_text=\u00bb#ffffff\u00bb shape=\u00bbsquare\u00bb align=\u00bbcenter\u00bb css=\u00bb\u00bb link=\u00bburl:https%3A%2F%2Fwww.drivemebarcelona.com%2Fes%2Falquilar-ferrari-portofino-m-barcelona%2F|title:Alquilar%20Ferrari%20Portofino%20M|target:_blank\u00bb el_class=\u00bbbtn-170&#8243;][vc_empty_space height=\u00bb64px\u00bb][\/vc_column][vc_column width=\u00bb1\/4&#8243;][vc_single_image image=\u00bb19387&#8243; img_size=\u00bbfull\u00bb alignment=\u00bbcenter\u00bb css=\u00bb\u00bb][vc_column_text css=\u00bb\u00bb]\n<h4 style=\"text-align: center;\">Ferrari California T<\/h4>\n<p style=\"text-align: center;\">2 h desde<strong> 366\u20ac<\/strong><\/p>\n[\/vc_column_text][vc_btn title=\u00bbRESERVAR AHORA\u00bb style=\u00bbcustom\u00bb custom_background=\u00bb#e4231e\u00bb custom_text=\u00bb#ffffff\u00bb shape=\u00bbsquare\u00bb align=\u00bbcenter\u00bb css=\u00bb\u00bb link=\u00bburl:https%3A%2F%2Fwww.drivemebarcelona.com%2Fes%2Falquilar-ferrari-california-t-barcelona%2F|title:Alquilar%20Ferrari%20California%20T|target:_blank\u00bb el_class=\u00bbbtn-170&#8243;][vc_empty_space height=\u00bb64px\u00bb][\/vc_column][\/vc_row][vc_row full_width=\u00bbstretch_row\u00bb css=\u00bb.vc_custom_1722240782714{margin-top: 22px !important;margin-bottom: 0px !important;background-color: #f5f5f5 !important;}\u00bb el_class=\u00bbpt-30&#8243; el_id=\u00bbexperiencias\u00bb][vc_column css=\u00bb.vc_custom_1696520816978{padding-top: 22px !important;}\u00bb el_id=\u00bb21&#8243;][vc_column_text css=\u00bb\u00bb]\n<h2 style=\"text-align: center;\"><b>Conduce un superdeportivo en Barcelona<\/b><\/h2>\n[\/vc_column_text][vc_column_text css=\u00bb\u00bb]\n<p style=\"text-align: center;\">Elige uno de nuestros City Tours y descubre Barcelona al volante de un superdeportivo con un gu\u00eda experto a tu lado<\/p>\n[\/vc_column_text][vc_column_text css=\u00bb.vc_custom_1753714562470{margin-top: -20px !important;}\u00bb]\n<div id=\"texto4\" class=\"text-intro\" style=\"text-align: center;\"><span style=\"font-weight: 200; color: #000000;\">Conduce un superdeportivo desde 26 a\u00f1os y sin fianza.<\/span><\/div>\n[\/vc_column_text][\/vc_column][\/vc_row][vc_row full_width=\u00bbstretch_row\u00bb gap=\u00bb25&#8243; equal_height=\u00bbyes\u00bb el_class=\u00bb.section-experiences mb-70 pb-70-r\u00bb css=\u00bb.vc_custom_1722240774307{background-color: #f5f5f5 !important;}\u00bb][vc_column width=\u00bb1\/4&#8243; el_class=\u00bbexperience-column experiencias-block-link\u00bb css=\u00bb.vc_custom_1706185700410{background-image: url(https:\/\/www.drivemebarcelona.com\/wp-content\/uploads\/2024\/01\/Miniatura-Test-Drive-10-mins-version-dark-v2.jpg?id=17106) !important;background-position: center !important;background-repeat: no-repeat !important;background-size: cover !important;}\u00bb][vc_column_text]\n<h3 class=\"experience-title\">Test Drive<\/h3>\n<p class=\"experience-time\">10 minutos<\/p>\n<p class=\"experience-price\">desde 48 \u20ac<\/p>\n[\/vc_column_text][vc_raw_html]JTNDYSUyMGhyZWYlM0QlMjIlMkZlcyUyRnRlc3QtZHJpdmUtYmFyY2Vsb25hLXNwJTJGJTIyJTNFJTNDJTJGYSUzRQ==[\/vc_raw_html][\/vc_column][vc_column width=\u00bb1\/4&#8243; css=\u00bb.vc_custom_1695889399923{background-image: url(\/wp-content\/uploads\/2019\/08\/Barceloneta-experience.jpg?id=10346) !important;background-position: center !important;background-repeat: no-repeat !important;background-size: cover !important;}\u00bb el_class=\u00bbexperience-column experiencias-block-link\u00bb][vc_column_text css=\u00bb\u00bb]\n<h3 class=\"experience-title\">Barceloneta y la Playa<\/h3>\n<p class=\"experience-time\">20 minutos<\/p>\n<p class=\"experience-price\">desde 98 \u20ac<\/p>\n[\/vc_column_text][vc_raw_html]JTNDYSUyMGhyZWYlM0QlMjIlMkZlcyUyRmJhcmNlbG9uZXRhLWxhLXBsYXlhJTJGJTIyJTNFJTNDJTJGYSUzRQ==[\/vc_raw_html][\/vc_column][vc_column width=\u00bb1\/4&#8243; css=\u00bb.vc_custom_1695889408715{background-image: url(\/wp-content\/uploads\/2019\/08\/Montjuic-experience.jpg?id=10348) !important;background-position: center !important;background-repeat: no-repeat !important;background-size: cover !important;}\u00bb el_class=\u00bbexperience-column experiencias-block-link\u00bb][vc_column_text css=\u00bb\u00bb]\n<h3 class=\"experience-titlev2\">Montjuic y Circuito Urbano de F1<\/h3>\n<p class=\"experience-time\">40 minutos<\/p>\n<p class=\"experience-price\">desde 188 \u20ac<\/p>\n[\/vc_column_text][vc_raw_html]JTNDYSUyMGhyZWYlM0QlMjIlMkZlcyUyRm1vbnRqdWljLWNpcmN1aXRvLXVyYmFuby1mMSUyRiUyMiUzRSUzQyUyRmElM0U=[\/vc_raw_html][\/vc_column][vc_column width=\u00bb1\/4&#8243; css=\u00bb.vc_custom_1695889416933{background-image: url(\/wp-content\/uploads\/2019\/08\/Tibidabo-experience.jpg?id=10350) !important;background-position: center !important;background-repeat: no-repeat !important;background-size: cover !important;}\u00bb el_class=\u00bbexperience-column experiencias-block-link\u00bb][vc_column_text]\n<h3 class=\"experience-title\">Tibidabo y el Skyline<\/h3>\n<p class=\"experience-time\">90 minutos<\/p>\n<p class=\"experience-price\">desde 368 \u20ac<\/p>\n[\/vc_column_text][vc_raw_html]JTNDYSUyMGhyZWYlM0QlMjIlMkZlcyUyRnRpYmlkYWJvLXktc2t5bGluZSUyRiUyMiUzRSUzQyUyRmElM0U=[\/vc_raw_html][\/vc_column][\/vc_row]\n<\/div>","protected":false},"excerpt":{"rendered":"<p>[vc_row full_width=\u00bbstretch_row_content_no_spaces\u00bb content_placement=\u00bbmiddle\u00bb el_class=\u00bb.header-product\u00bb css=\u00bb.vc_custom_1721743827885{background-image: url(https:\/\/www.drivemebarcelona.com\/wp-content\/uploads\/2024\/07\/Frame-83.png?id=19384) !important;background-position: center !important;background-repeat: no-repeat !important;background-size: cover !important;}\u00bb top_margin=\u00bb0&#8243;][vc_column][\/vc_column][\/vc_row][vc_row el_class=\u00bbcontainer-breadcrumbs\u00bb][vc_column][vc_raw_html el_id=\u00bbwpseo_breadcrumb\u00bb]JTVCd3BzZW9fYnJlYWRjcnVtYiU1RA==[\/vc_raw_html][\/vc_column][\/vc_row][vc_row el_class=\u00bb.m-intro mb-70-r\u00bb][vc_column css=\u00bb.vc_custom_1695721284395{margin-top: 5px !important;}\u00bb][vc_row_inner][vc_column_inner][vc_column_text css=\u00bb.vc_custom_1722241229478{margin-top: 6px !important;}\u00bb el_class=\u00bbmb-70&#8243;] [&hellip;]<\/p>\n","protected":false},"author":2,"featured_media":0,"parent":0,"menu_order":0,"comment_status":"closed","ping_status":"closed","template":"","meta":{"_acf_changed":false,"footnotes":""},"acf":[],"yoast_head":"<!-- This site is optimized with the Yoast SEO plugin v24.2 - https:\/\/yoast.com\/wordpress\/plugins\/seo\/ -->\n<title>Alquila un Ferrari en Barcelona - Drive Me Barcelona<\/title>\n<meta name=\"description\" content=\"Alquila un Ferrari y vive la emoci\u00f3n de conducir un coche de lujo. Descubre la velocidad y el prestigio de un \u00edcono del automovilismo.\" \/>\n<meta name=\"robots\" content=\"index, follow, max-snippet:-1, max-image-preview:large, max-video-preview:-1\" \/>\n<link rel=\"canonical\" href=\"https:\/\/www.drivemebarcelona.com\/es\/alquiler-ferrari-barcelona\/\" \/>\n<meta property=\"og:locale\" content=\"es_ES\" \/>\n<meta property=\"og:type\" content=\"article\" \/>\n<meta property=\"og:title\" content=\"Alquila un Ferrari en Barcelona - Drive Me Barcelona\" \/>\n<meta property=\"og:description\" content=\"Alquila un Ferrari y vive la emoci\u00f3n de conducir un coche de lujo. Descubre la velocidad y el prestigio de un \u00edcono del automovilismo.\" \/>\n<meta property=\"og:url\" content=\"https:\/\/www.drivemebarcelona.com\/es\/alquiler-ferrari-barcelona\/\" \/>\n<meta property=\"og:site_name\" content=\"Drive Me Barcelona\" \/>\n<meta property=\"article:publisher\" content=\"https:\/\/www.facebook.com\/drivemebarcelona\" \/>\n<meta property=\"article:modified_time\" content=\"2025-07-28T14:55:58+00:00\" \/>\n<script type=\"application\/ld+json\" class=\"yoast-schema-graph\">{\"@context\":\"https:\/\/schema.org\",\"@graph\":[{\"@type\":\"WebPage\",\"@id\":\"https:\/\/www.drivemebarcelona.com\/es\/alquiler-ferrari-barcelona\/\",\"url\":\"https:\/\/www.drivemebarcelona.com\/es\/alquiler-ferrari-barcelona\/\",\"name\":\"Alquila un Ferrari en Barcelona - Drive Me Barcelona\",\"isPartOf\":{\"@id\":\"https:\/\/www.drivemebarcelona.com\/#website\"},\"datePublished\":\"2024-07-23T14:24:29+00:00\",\"dateModified\":\"2025-07-28T14:55:58+00:00\",\"description\":\"Alquila un Ferrari y vive la emoci\u00f3n de conducir un coche de lujo. Descubre la velocidad y el prestigio de un \u00edcono del automovilismo.\",\"breadcrumb\":{\"@id\":\"https:\/\/www.drivemebarcelona.com\/es\/alquiler-ferrari-barcelona\/#breadcrumb\"},\"inLanguage\":\"es\",\"potentialAction\":[{\"@type\":\"ReadAction\",\"target\":[\"https:\/\/www.drivemebarcelona.com\/es\/alquiler-ferrari-barcelona\/\"]}]},{\"@type\":\"BreadcrumbList\",\"@id\":\"https:\/\/www.drivemebarcelona.com\/es\/alquiler-ferrari-barcelona\/#breadcrumb\",\"itemListElement\":[{\"@type\":\"ListItem\",\"position\":1,\"name\":\"Home\",\"item\":\"https:\/\/www.drivemebarcelona.com\/es\/\"},{\"@type\":\"ListItem\",\"position\":2,\"name\":\"Alquiler Ferrari en Barcelona\"}]},{\"@type\":\"WebSite\",\"@id\":\"https:\/\/www.drivemebarcelona.com\/#website\",\"url\":\"https:\/\/www.drivemebarcelona.com\/\",\"name\":\"Drive Me Barcelona\",\"description\":\"Conduce un Ferrari en Barcelona\",\"publisher\":{\"@id\":\"https:\/\/www.drivemebarcelona.com\/#organization\"},\"potentialAction\":[{\"@type\":\"SearchAction\",\"target\":{\"@type\":\"EntryPoint\",\"urlTemplate\":\"https:\/\/www.drivemebarcelona.com\/?s={search_term_string}\"},\"query-input\":{\"@type\":\"PropertyValueSpecification\",\"valueRequired\":true,\"valueName\":\"search_term_string\"}}],\"inLanguage\":\"es\"},{\"@type\":\"Organization\",\"@id\":\"https:\/\/www.drivemebarcelona.com\/#organization\",\"name\":\"Drive Me Barcelona S.L.\",\"url\":\"https:\/\/www.drivemebarcelona.com\/\",\"logo\":{\"@type\":\"ImageObject\",\"inLanguage\":\"es\",\"@id\":\"https:\/\/www.drivemebarcelona.com\/#\/schema\/logo\/image\/\",\"url\":\"https:\/\/www.drivemebarcelona.com\/wp-content\/uploads\/2015\/01\/LOGO-maintenance\u00ae.png\",\"contentUrl\":\"https:\/\/www.drivemebarcelona.com\/wp-content\/uploads\/2015\/01\/LOGO-maintenance\u00ae.png\",\"width\":600,\"height\":145,\"caption\":\"Drive Me Barcelona S.L.\"},\"image\":{\"@id\":\"https:\/\/www.drivemebarcelona.com\/#\/schema\/logo\/image\/\"},\"sameAs\":[\"https:\/\/www.facebook.com\/drivemebarcelona\",\"https:\/\/x.com\/DriveMeBarcelon\",\"https:\/\/instagram.com\/drivemebarcelona\/\",\"https:\/\/es.pinterest.com\/drivemebarca\/\",\"https:\/\/www.youtube.com\/channel\/UCTBEtyrPd6HQ-QlERO84rxQ\"]}]}<\/script>\n<!-- \/ Yoast SEO plugin. -->","yoast_head_json":{"title":"Alquila un Ferrari en Barcelona - Drive Me Barcelona","description":"Alquila un Ferrari y vive la emoci\u00f3n de conducir un coche de lujo. Descubre la velocidad y el prestigio de un \u00edcono del automovilismo.","robots":{"index":"index","follow":"follow","max-snippet":"max-snippet:-1","max-image-preview":"max-image-preview:large","max-video-preview":"max-video-preview:-1"},"canonical":"https:\/\/www.drivemebarcelona.com\/es\/alquiler-ferrari-barcelona\/","og_locale":"es_ES","og_type":"article","og_title":"Alquila un Ferrari en Barcelona - Drive Me Barcelona","og_description":"Alquila un Ferrari y vive la emoci\u00f3n de conducir un coche de lujo. Descubre la velocidad y el prestigio de un \u00edcono del automovilismo.","og_url":"https:\/\/www.drivemebarcelona.com\/es\/alquiler-ferrari-barcelona\/","og_site_name":"Drive Me Barcelona","article_publisher":"https:\/\/www.facebook.com\/drivemebarcelona","article_modified_time":"2025-07-28T14:55:58+00:00","schema":{"@context":"https:\/\/schema.org","@graph":[{"@type":"WebPage","@id":"https:\/\/www.drivemebarcelona.com\/es\/alquiler-ferrari-barcelona\/","url":"https:\/\/www.drivemebarcelona.com\/es\/alquiler-ferrari-barcelona\/","name":"Alquila un Ferrari en Barcelona - Drive Me Barcelona","isPartOf":{"@id":"https:\/\/www.drivemebarcelona.com\/#website"},"datePublished":"2024-07-23T14:24:29+00:00","dateModified":"2025-07-28T14:55:58+00:00","description":"Alquila un Ferrari y vive la emoci\u00f3n de conducir un coche de lujo. Descubre la velocidad y el prestigio de un \u00edcono del automovilismo.","breadcrumb":{"@id":"https:\/\/www.drivemebarcelona.com\/es\/alquiler-ferrari-barcelona\/#breadcrumb"},"inLanguage":"es","potentialAction":[{"@type":"ReadAction","target":["https:\/\/www.drivemebarcelona.com\/es\/alquiler-ferrari-barcelona\/"]}]},{"@type":"BreadcrumbList","@id":"https:\/\/www.drivemebarcelona.com\/es\/alquiler-ferrari-barcelona\/#breadcrumb","itemListElement":[{"@type":"ListItem","position":1,"name":"Home","item":"https:\/\/www.drivemebarcelona.com\/es\/"},{"@type":"ListItem","position":2,"name":"Alquiler Ferrari en Barcelona"}]},{"@type":"WebSite","@id":"https:\/\/www.drivemebarcelona.com\/#website","url":"https:\/\/www.drivemebarcelona.com\/","name":"Drive Me Barcelona","description":"Conduce un Ferrari en Barcelona","publisher":{"@id":"https:\/\/www.drivemebarcelona.com\/#organization"},"potentialAction":[{"@type":"SearchAction","target":{"@type":"EntryPoint","urlTemplate":"https:\/\/www.drivemebarcelona.com\/?s={search_term_string}"},"query-input":{"@type":"PropertyValueSpecification","valueRequired":true,"valueName":"search_term_string"}}],"inLanguage":"es"},{"@type":"Organization","@id":"https:\/\/www.drivemebarcelona.com\/#organization","name":"Drive Me Barcelona S.L.","url":"https:\/\/www.drivemebarcelona.com\/","logo":{"@type":"ImageObject","inLanguage":"es","@id":"https:\/\/www.drivemebarcelona.com\/#\/schema\/logo\/image\/","url":"https:\/\/www.drivemebarcelona.com\/wp-content\/uploads\/2015\/01\/LOGO-maintenance\u00ae.png","contentUrl":"https:\/\/www.drivemebarcelona.com\/wp-content\/uploads\/2015\/01\/LOGO-maintenance\u00ae.png","width":600,"height":145,"caption":"Drive Me Barcelona S.L."},"image":{"@id":"https:\/\/www.drivemebarcelona.com\/#\/schema\/logo\/image\/"},"sameAs":["https:\/\/www.facebook.com\/drivemebarcelona","https:\/\/x.com\/DriveMeBarcelon","https:\/\/instagram.com\/drivemebarcelona\/","https:\/\/es.pinterest.com\/drivemebarca\/","https:\/\/www.youtube.com\/channel\/UCTBEtyrPd6HQ-QlERO84rxQ"]}]}},"_links":{"self":[{"href":"https:\/\/www.drivemebarcelona.com\/es\/wp-json\/wp\/v2\/pages\/19338"}],"collection":[{"href":"https:\/\/www.drivemebarcelona.com\/es\/wp-json\/wp\/v2\/pages"}],"about":[{"href":"https:\/\/www.drivemebarcelona.com\/es\/wp-json\/wp\/v2\/types\/page"}],"author":[{"embeddable":true,"href":"https:\/\/www.drivemebarcelona.com\/es\/wp-json\/wp\/v2\/users\/2"}],"replies":[{"embeddable":true,"href":"https:\/\/www.drivemebarcelona.com\/es\/wp-json\/wp\/v2\/comments?post=19338"}],"version-history":[{"count":1,"href":"https:\/\/www.drivemebarcelona.com\/es\/wp-json\/wp\/v2\/pages\/19338\/revisions"}],"predecessor-version":[{"id":23651,"href":"https:\/\/www.drivemebarcelona.com\/es\/wp-json\/wp\/v2\/pages\/19338\/revisions\/23651"}],"wp:attachment":[{"href":"https:\/\/www.drivemebarcelona.com\/es\/wp-json\/wp\/v2\/media?parent=19338"}],"curies":[{"name":"wp","href":"https:\/\/api.w.org\/{rel}","templated":true}]}}