{"id":19798,"date":"2024-07-26T14:09:25","date_gmt":"2024-07-26T12:09:25","guid":{"rendered":"https:\/\/www.drivemebarcelona.com\/?page_id=19798"},"modified":"2025-07-28T16:56:37","modified_gmt":"2025-07-28T14:56:37","slug":"alquiler-lamborghini-barcelona","status":"publish","type":"page","link":"https:\/\/www.drivemebarcelona.com\/es\/alquiler-lamborghini-barcelona\/","title":{"rendered":"Alquiler Lamborghini en Barcelona"},"content":{"rendered":"<div class=\"wpb-content-wrapper\">[vc_row full_width=\u00bbstretch_row_content_no_spaces\u00bb content_placement=\u00bbmiddle\u00bb el_class=\u00bb.header-product\u00bb css=\u00bb.vc_custom_1721813219725{background-image: url(https:\/\/www.drivemebarcelona.com\/wp-content\/uploads\/2024\/07\/banner-lambo.png?id=19427) !important;background-position: center !important;background-repeat: no-repeat !important;background-size: cover !important;}\u00bb top_margin=\u00bb0&#8243;][vc_column][\/vc_column][\/vc_row][vc_row el_class=\u00bbcontainer-breadcrumbs\u00bb][vc_column][vc_raw_html el_id=\u00bbwpseo_breadcrumb\u00bb]JTVCd3BzZW9fYnJlYWRjcnVtYiU1RA==[\/vc_raw_html][\/vc_column][\/vc_row][vc_row el_class=\u00bb.m-intro mb-70-r\u00bb][vc_column css=\u00bb.vc_custom_1695721284395{margin-top: 5px !important;}\u00bb][vc_row_inner][vc_column_inner][vc_column_text css=\u00bb.vc_custom_1721913232087{margin-top: 6px !important;}\u00bb el_class=\u00bbmb-70&#8243;]\n<h1 style=\"text-align: center;\"><strong>Alquilar Lamborghini en Barcelona<\/strong><\/h1>\n[\/vc_column_text][vc_column_text css=\u00bb\u00bb el_class=\u00bbcontainer-block\u00bb]\n<p style=\"text-align: center;\">\u00bfTe gustar\u00eda experimentar la emocionante sensaci\u00f3n de conducir un Lamborghini por las calles de Barcelona, el coche que naci\u00f3 de la legendaria rivalidad entre Ferruccio Lamborghini, el visionario fundador de la marca, y Enzo Ferrari, el ilustre fundador de Ferrari?<\/p>\n[\/vc_column_text][vc_btn title=\u00bbNUESTRA FLOTA\u00bb style=\u00bbcustom\u00bb custom_background=\u00bb#e4231e\u00bb custom_text=\u00bb#ffffff\u00bb shape=\u00bbsquare\u00bb size=\u00bbxs\u00bb align=\u00bbcenter\u00bb css=\u00bb\u00bb el_class=\u00bbbtn-170&#8243; link=\u00bburl:%23flota|title:%23flota\u00bb][\/vc_column_inner][\/vc_row_inner][\/vc_column][\/vc_row][vc_row full_width=\u00bbstretch_row\u00bb content_placement=\u00bbmiddle\u00bb fullwidth=\u00bbyes\u00bb css=\u00bb.vc_custom_1721986978708{margin-bottom: 20px !important;background-color: #f5f5f5 !important;background-position: center !important;background-repeat: no-repeat !important;background-size: cover !important;}\u00bb el_class=\u00bbsection-off\u00bb][vc_column][vc_column_text css=\u00bb.vc_custom_1724050032415{padding-top: 35px !important;}\u00bb]\n<h2 style=\"text-align: center;\"><strong><em>\u00a1Siente el inconfundible rugido de un Lamborghini bajo el cielo de Barcelona!<\/em><\/strong><\/h2>\n[\/vc_column_text][\/vc_column][\/vc_row][vc_row full_width=\u00bbstretch_row\u00bb equal_height=\u00bbyes\u00bb css=\u00bb.vc_custom_1721989099798{margin-top: 20px !important;}\u00bb][vc_column][vc_row_inner content_placement=\u00bbmiddle\u00bb][vc_column_inner width=\u00bb1\/2&#8243;][vc_single_image image=\u00bb19750&#8243; img_size=\u00bb550&#215;450&#8243; css=\u00bb\u00bb el_class=\u00bbhide_md_lg\u00bb][vc_column_text css=\u00bb.vc_custom_1733387500698{margin-top: 0px !important;}\u00bb]\n<h3>Un solo objetivo: superar a Ferrari<\/h3>\n<p style=\"text-align: left;\"><span style=\"font-weight: 400;\">La leyenda cuenta que la historia de Lamborghini tiene sus ra\u00edces en una discusi\u00f3n a principios de los a\u00f1os 60 entre <strong>Ferruccio Lamborghini y Enzo Ferrari<\/strong>. Ferrucio, exitoso <strong>empresario de tractores<\/strong> y apasionado coleccionista de autom\u00f3viles de lujo, constantemente quemaba el embrague de su <strong>Ferrari 250 GT<\/strong>, lo que lo llevaba a realizar frecuentes visitas a Ferrari para reemplazarlo.\u00a0<\/span><\/p>\n<p style=\"text-align: left;\"><span style=\"font-weight: 400;\">Despu\u00e9s de varias visitas, Ferrucio decidi\u00f3 cambiarlo \u00e9l mismo con su mec\u00e1nico de tractores. Al desmontar el motor, descubrieron que el embrague era<strong> id\u00e9ntico al utilizado en sus tractores<\/strong>. Indignado, Ferruccio confront\u00f3 a Enzo Ferrari, reproch\u00e1ndole que construyera sus deportivos con las piezas de sus tractores. Ferrari, ofendido, respondi\u00f3 que un fabricante de tractores no pod\u00eda entender sus deportivos y que el problema era que no sab\u00eda conducir un Ferrari. Esto molest\u00f3 a\u00fan m\u00e1s a Ferruccio, quien le asegur\u00f3 a Enzo que<strong> construir\u00eda sus propios deportivos<\/strong> para demostrarle c\u00f3mo se hac\u00edan correctamente, desafiando as\u00ed la hegemon\u00eda de Ferrari.\u00a0<\/span><\/p>\n[\/vc_column_text][\/vc_column_inner][vc_column_inner width=\u00bb1\/2&#8243; offset=\u00bbvc_hidden-xs\u00bb][vc_single_image image=\u00bb19750&#8243; img_size=\u00bb550&#215;450&#8243; css=\u00bb\u00bb][\/vc_column_inner][\/vc_row_inner][vc_column_text css=\u00bb\u00bb]\n<p style=\"text-align: center;\">\u00bfLogr\u00f3 Ferruccio Lamborghini cumplir su objetivo y superar a los deportivos de Enzo Ferrari? <strong>\u00a1La respuesta te espera al volante de un Lamborghini! \u00a1Desc\u00fabrelo por ti mismo en las calles de Barcelona!<\/strong><\/p>\n[\/vc_column_text][vc_empty_space][vc_row_inner content_placement=\u00bbmiddle\u00bb][vc_column_inner width=\u00bb1\/2&#8243;][vc_single_image image=\u00bb19752&#8243; img_size=\u00bb550x450px\u00bb alignment=\u00bbcenter\u00bb css=\u00bb\u00bb][\/vc_column_inner][vc_column_inner width=\u00bb1\/2&#8243;][vc_column_text css=\u00bb\u00bb]\n<h3>\u00a1S\u00e1cale el m\u00e1ximo rendimiento!<\/h3>\n<p>Ya sea que desees <strong>alquilar un Lamborghini<\/strong> por unas horas o un per\u00edodo de tiempo m\u00e1s largo, o prefieres <strong>explorar nuestras experiencias<\/strong> para descubrir la cultura y los paisajes id\u00edlicos de Catalunya, contamos con la opci\u00f3n ideal para ti.<\/p>\n<p><span style=\"font-weight: 400;\">Descubre los rincones m\u00e1s encantadores de Barcelona con nuestros <a href=\"https:\/\/www.drivemebarcelona.com\/es\/city-tours\/\">City Tours<\/a>, o, si prefieres escapar de la ciudad, nuestras <a href=\"https:\/\/www.drivemebarcelona.com\/es\/road-routes\/\">Road Routes<\/a> te llevar\u00e1n a trav\u00e9s de los maravillosos paisajes de Catalunya.<br \/>\n<\/span><\/p>\n<p>Para quienes buscan vivir emociones fuertes, nuestros <a href=\"https:\/\/www.drivemebarcelona.com\/es\/track-days\/\">Track Days<\/a> te permitir\u00e1n exprimir al m\u00e1ximo el potencial del Lamborghini. Conduce en el mismo circuito que tus \u00eddolos y sup\u00e9rate vuelta tras vuelta. Te garantizamos una experiencia \u00fanica que quedar\u00e1 grabada en tu memoria.[\/vc_column_text][\/vc_column_inner][\/vc_row_inner][vc_empty_space][\/vc_column][\/vc_row][vc_row el_id=\u00bbflota\u00bb][vc_column][vc_column_text css=\u00bb\u00bb]\n<h3 style=\"text-align: center;\"><strong>Nuestra flota Lamborghini para alquilar<\/strong><\/h3>\n<h3 style=\"text-align: center;\"><\/h3>\n[\/vc_column_text][\/vc_column][\/vc_row][vc_row][vc_column width=\u00bb1\/2&#8243;][vc_single_image image=\u00bb20896&#8243; img_size=\u00bbfull\u00bb alignment=\u00bbcenter\u00bb css=\u00bb\u00bb][vc_column_text css=\u00bb\u00bb]\n<h3 style=\"text-align: center;\">Lamborghini Hurac\u00e1n Tecnica<\/h3>\n<p style=\"text-align: center;\">2 h desde <strong>760\u20ac<\/strong><\/p>\n[\/vc_column_text][vc_btn title=\u00bbRESERVAR AHORA\u00bb style=\u00bbcustom\u00bb custom_background=\u00bb#e4231e\u00bb custom_text=\u00bb#ffffff\u00bb shape=\u00bbsquare\u00bb align=\u00bbcenter\u00bb css=\u00bb\u00bb link=\u00bburl:https%3A%2F%2Fwww.drivemebarcelona.com%2Fes%2Falquilar-lamborghini-huracan-tecnica-barcelona%2F|title:Reservar%20Lamborghini%20Hurac%C3%A1n%20Tecnica%20en%20Barcelona\u00bb el_class=\u00bbbtn-170&#8243;][\/vc_column][vc_column width=\u00bb1\/2&#8243;][vc_single_image image=\u00bb19154&#8243; img_size=\u00bbfull\u00bb alignment=\u00bbcenter\u00bb css=\u00bb\u00bb][vc_column_text css=\u00bb\u00bb]\n<h3 style=\"text-align: center;\">Lamborghini Hurac\u00e1n Evo Spyder<\/h3>\n<p style=\"text-align: center;\">2 h desde <strong>750\u20ac<\/strong><\/p>\n[\/vc_column_text][vc_btn title=\u00bbRESERVAR AHORA\u00bb style=\u00bbcustom\u00bb custom_background=\u00bb#e4231e\u00bb custom_text=\u00bb#ffffff\u00bb shape=\u00bbsquare\u00bb align=\u00bbcenter\u00bb css=\u00bb\u00bb link=\u00bburl:https%3A%2F%2Fwww.drivemebarcelona.com%2Fes%2Falquilar-lamborghini-huracan-evo-spyder-barcelona%2F|title:Reservar%20Lamborghini%20Huracan%20EVO%20Spyder%20en%20Barcelona\u00bb el_class=\u00bbbtn-170&#8243;][\/vc_column][\/vc_row][vc_row full_width=\u00bbstretch_row\u00bb css=\u00bb.vc_custom_1694588127651{margin-top: 22px !important;margin-bottom: 0px !important;background-color: #f5f5f5 !important;}\u00bb el_class=\u00bbpt-30&#8243;][vc_column css=\u00bb.vc_custom_1696520816978{padding-top: 22px !important;}\u00bb el_id=\u00bb21&#8243;][vc_column_text css=\u00bb\u00bb]\n<h2 style=\"text-align: center;\"><b>Conduce un superdeportivo en Barcelona<\/b><\/h2>\n[\/vc_column_text][vc_column_text css=\u00bb\u00bb]\n<p style=\"text-align: center;\">Elige uno de nuestros City Tours y descubre Barcelona al volante de un superdeportivo con un gu\u00eda experto a tu lado<\/p>\n[\/vc_column_text][vc_column_text css=\u00bb.vc_custom_1753714601074{margin-top: -20px !important;}\u00bb]\n<div id=\"texto4\" class=\"text-intro\" style=\"text-align: center;\"><span style=\"font-weight: 200; color: #000000;\">Conduce un superdeportivo desde 26 a\u00f1os y sin fianza.<\/span><\/div>\n[\/vc_column_text][\/vc_column][\/vc_row][vc_row full_width=\u00bbstretch_row\u00bb gap=\u00bb25&#8243; equal_height=\u00bbyes\u00bb el_class=\u00bb.section-experiences mb-70 pb-70-r\u00bb css=\u00bb.vc_custom_1696509765801{background-color: #f5f5f5 !important;}\u00bb][vc_column width=\u00bb1\/4&#8243; el_class=\u00bbexperience-column experiencias-block-link\u00bb css=\u00bb.vc_custom_1706186735680{background-image: url(https:\/\/www.drivemebarcelona.com\/wp-content\/uploads\/2024\/01\/Miniatura-Test-Drive-10-mins-version-dark-v2.jpg?id=17106) !important;background-position: center !important;background-repeat: no-repeat !important;background-size: cover !important;}\u00bb][vc_column_text]\n<h3 class=\"experience-title\">Test Drive<\/h3>\n<p class=\"experience-time\">10 minutos<\/p>\n<p class=\"experience-price\">desde 48 \u20ac<\/p>\n[\/vc_column_text][vc_raw_html]JTNDYSUyMGhyZWYlM0QlMjIlMkZlcyUyRnRlc3QtZHJpdmUtYmFyY2Vsb25hLXNwJTJGJTIyJTNFJTNDJTJGYSUzRQ==[\/vc_raw_html][\/vc_column][vc_column width=\u00bb1\/4&#8243; css=\u00bb.vc_custom_1695889399923{background-image: url(\/wp-content\/uploads\/2019\/08\/Barceloneta-experience.jpg?id=10346) !important;background-position: center !important;background-repeat: no-repeat !important;background-size: cover !important;}\u00bb el_class=\u00bbexperience-column experiencias-block-link\u00bb][vc_column_text]\n<h3 class=\"experience-title\">Barceloneta y la playa<\/h3>\n<p class=\"experience-time\">20 minutos<\/p>\n<p class=\"experience-price\">desde 98 \u20ac<\/p>\n[\/vc_column_text][vc_raw_html]JTNDYSUyMGhyZWYlM0QlMjIlMkZlcyUyRmJhcmNlbG9uZXRhLWxhLXBsYXlhJTJGJTIyJTNFJTNDJTJGYSUzRQ==[\/vc_raw_html][\/vc_column][vc_column width=\u00bb1\/4&#8243; css=\u00bb.vc_custom_1695889408715{background-image: url(\/wp-content\/uploads\/2019\/08\/Montjuic-experience.jpg?id=10348) !important;background-position: center !important;background-repeat: no-repeat !important;background-size: cover !important;}\u00bb el_class=\u00bbexperience-column experiencias-block-link\u00bb][vc_column_text]\n<h3 class=\"experience-titlev2\">Montjuic y Circuito urbano de F1<\/h3>\n<p class=\"experience-time\">40 minutos<\/p>\n<p class=\"experience-price\">desde 188 \u20ac<\/p>\n[\/vc_column_text][vc_raw_html]JTNDYSUyMGhyZWYlM0QlMjIlMkZlcyUyRm1vbnRqdWljLWNpcmN1aXRvLXVyYmFuby1mMSUyRiUyMiUzRSUzQyUyRmElM0U=[\/vc_raw_html][\/vc_column][vc_column width=\u00bb1\/4&#8243; css=\u00bb.vc_custom_1695889416933{background-image: url(\/wp-content\/uploads\/2019\/08\/Tibidabo-experience.jpg?id=10350) !important;background-position: center !important;background-repeat: no-repeat !important;background-size: cover !important;}\u00bb el_class=\u00bbexperience-column experiencias-block-link\u00bb][vc_column_text]\n<h3 class=\"experience-title\">Tibidabo y el Skyline<\/h3>\n<p class=\"experience-time\">90 minutos<\/p>\n<p class=\"experience-price\">desde 368 \u20ac<\/p>\n[\/vc_column_text][vc_raw_html]JTNDYSUyMGhyZWYlM0QlMjIlMkZlcyUyRnRpYmlkYWJvLXktc2t5bGluZSUyRiUyMiUzRSUzQyUyRmElM0U=[\/vc_raw_html][\/vc_column][\/vc_row]\n<\/div>","protected":false},"excerpt":{"rendered":"<p>[vc_row full_width=\u00bbstretch_row_content_no_spaces\u00bb content_placement=\u00bbmiddle\u00bb el_class=\u00bb.header-product\u00bb css=\u00bb.vc_custom_1721813219725{background-image: url(https:\/\/www.drivemebarcelona.com\/wp-content\/uploads\/2024\/07\/banner-lambo.png?id=19427) !important;background-position: center !important;background-repeat: no-repeat !important;background-size: cover !important;}\u00bb top_margin=\u00bb0&#8243;][vc_column][\/vc_column][\/vc_row][vc_row el_class=\u00bbcontainer-breadcrumbs\u00bb][vc_column][vc_raw_html el_id=\u00bbwpseo_breadcrumb\u00bb]JTVCd3BzZW9fYnJlYWRjcnVtYiU1RA==[\/vc_raw_html][\/vc_column][\/vc_row][vc_row el_class=\u00bb.m-intro mb-70-r\u00bb][vc_column css=\u00bb.vc_custom_1695721284395{margin-top: 5px !important;}\u00bb][vc_row_inner][vc_column_inner][vc_column_text css=\u00bb.vc_custom_1721913232087{margin-top: 6px !important;}\u00bb el_class=\u00bbmb-70&#8243;] [&hellip;]<\/p>\n","protected":false},"author":2,"featured_media":0,"parent":0,"menu_order":0,"comment_status":"closed","ping_status":"closed","template":"","meta":{"_acf_changed":false,"footnotes":""},"acf":[],"yoast_head":"<!-- This site is optimized with the Yoast SEO plugin v24.2 - https:\/\/yoast.com\/wordpress\/plugins\/seo\/ -->\n<title>Alquila un Lamborghini en Barcelona - Drive Me Barcelona<\/title>\n<meta name=\"description\" content=\"Alquila un Lamborghini y vive una experiencia \u00fanica. Siente la potencia y la exclusividad de conducir un \u00edcono del lujo.\" \/>\n<meta name=\"robots\" content=\"index, follow, max-snippet:-1, max-image-preview:large, max-video-preview:-1\" \/>\n<link rel=\"canonical\" href=\"https:\/\/www.drivemebarcelona.com\/es\/alquiler-lamborghini-barcelona\/\" \/>\n<meta property=\"og:locale\" content=\"es_ES\" \/>\n<meta property=\"og:type\" content=\"article\" \/>\n<meta property=\"og:title\" content=\"Alquila un Lamborghini en Barcelona - Drive Me Barcelona\" \/>\n<meta property=\"og:description\" content=\"Alquila un Lamborghini y vive una experiencia \u00fanica. Siente la potencia y la exclusividad de conducir un \u00edcono del lujo.\" \/>\n<meta property=\"og:url\" content=\"https:\/\/www.drivemebarcelona.com\/es\/alquiler-lamborghini-barcelona\/\" \/>\n<meta property=\"og:site_name\" content=\"Drive Me Barcelona\" \/>\n<meta property=\"article:publisher\" content=\"https:\/\/www.facebook.com\/drivemebarcelona\" \/>\n<meta property=\"article:modified_time\" content=\"2025-07-28T14:56:37+00:00\" \/>\n<script type=\"application\/ld+json\" class=\"yoast-schema-graph\">{\"@context\":\"https:\/\/schema.org\",\"@graph\":[{\"@type\":\"WebPage\",\"@id\":\"https:\/\/www.drivemebarcelona.com\/es\/alquiler-lamborghini-barcelona\/\",\"url\":\"https:\/\/www.drivemebarcelona.com\/es\/alquiler-lamborghini-barcelona\/\",\"name\":\"Alquila un Lamborghini en Barcelona - Drive Me Barcelona\",\"isPartOf\":{\"@id\":\"https:\/\/www.drivemebarcelona.com\/#website\"},\"datePublished\":\"2024-07-26T12:09:25+00:00\",\"dateModified\":\"2025-07-28T14:56:37+00:00\",\"description\":\"Alquila un Lamborghini y vive una experiencia \u00fanica. Siente la potencia y la exclusividad de conducir un \u00edcono del lujo.\",\"breadcrumb\":{\"@id\":\"https:\/\/www.drivemebarcelona.com\/es\/alquiler-lamborghini-barcelona\/#breadcrumb\"},\"inLanguage\":\"es\",\"potentialAction\":[{\"@type\":\"ReadAction\",\"target\":[\"https:\/\/www.drivemebarcelona.com\/es\/alquiler-lamborghini-barcelona\/\"]}]},{\"@type\":\"BreadcrumbList\",\"@id\":\"https:\/\/www.drivemebarcelona.com\/es\/alquiler-lamborghini-barcelona\/#breadcrumb\",\"itemListElement\":[{\"@type\":\"ListItem\",\"position\":1,\"name\":\"Home\",\"item\":\"https:\/\/www.drivemebarcelona.com\/es\/\"},{\"@type\":\"ListItem\",\"position\":2,\"name\":\"Alquiler Lamborghini en Barcelona\"}]},{\"@type\":\"WebSite\",\"@id\":\"https:\/\/www.drivemebarcelona.com\/#website\",\"url\":\"https:\/\/www.drivemebarcelona.com\/\",\"name\":\"Drive Me Barcelona\",\"description\":\"Conduce un Ferrari en Barcelona\",\"publisher\":{\"@id\":\"https:\/\/www.drivemebarcelona.com\/#organization\"},\"potentialAction\":[{\"@type\":\"SearchAction\",\"target\":{\"@type\":\"EntryPoint\",\"urlTemplate\":\"https:\/\/www.drivemebarcelona.com\/?s={search_term_string}\"},\"query-input\":{\"@type\":\"PropertyValueSpecification\",\"valueRequired\":true,\"valueName\":\"search_term_string\"}}],\"inLanguage\":\"es\"},{\"@type\":\"Organization\",\"@id\":\"https:\/\/www.drivemebarcelona.com\/#organization\",\"name\":\"Drive Me Barcelona S.L.\",\"url\":\"https:\/\/www.drivemebarcelona.com\/\",\"logo\":{\"@type\":\"ImageObject\",\"inLanguage\":\"es\",\"@id\":\"https:\/\/www.drivemebarcelona.com\/#\/schema\/logo\/image\/\",\"url\":\"https:\/\/www.drivemebarcelona.com\/wp-content\/uploads\/2015\/01\/LOGO-maintenance\u00ae.png\",\"contentUrl\":\"https:\/\/www.drivemebarcelona.com\/wp-content\/uploads\/2015\/01\/LOGO-maintenance\u00ae.png\",\"width\":600,\"height\":145,\"caption\":\"Drive Me Barcelona S.L.\"},\"image\":{\"@id\":\"https:\/\/www.drivemebarcelona.com\/#\/schema\/logo\/image\/\"},\"sameAs\":[\"https:\/\/www.facebook.com\/drivemebarcelona\",\"https:\/\/x.com\/DriveMeBarcelon\",\"https:\/\/instagram.com\/drivemebarcelona\/\",\"https:\/\/es.pinterest.com\/drivemebarca\/\",\"https:\/\/www.youtube.com\/channel\/UCTBEtyrPd6HQ-QlERO84rxQ\"]}]}<\/script>\n<!-- \/ Yoast SEO plugin. -->","yoast_head_json":{"title":"Alquila un Lamborghini en Barcelona - Drive Me Barcelona","description":"Alquila un Lamborghini y vive una experiencia \u00fanica. Siente la potencia y la exclusividad de conducir un \u00edcono del lujo.","robots":{"index":"index","follow":"follow","max-snippet":"max-snippet:-1","max-image-preview":"max-image-preview:large","max-video-preview":"max-video-preview:-1"},"canonical":"https:\/\/www.drivemebarcelona.com\/es\/alquiler-lamborghini-barcelona\/","og_locale":"es_ES","og_type":"article","og_title":"Alquila un Lamborghini en Barcelona - Drive Me Barcelona","og_description":"Alquila un Lamborghini y vive una experiencia \u00fanica. Siente la potencia y la exclusividad de conducir un \u00edcono del lujo.","og_url":"https:\/\/www.drivemebarcelona.com\/es\/alquiler-lamborghini-barcelona\/","og_site_name":"Drive Me Barcelona","article_publisher":"https:\/\/www.facebook.com\/drivemebarcelona","article_modified_time":"2025-07-28T14:56:37+00:00","schema":{"@context":"https:\/\/schema.org","@graph":[{"@type":"WebPage","@id":"https:\/\/www.drivemebarcelona.com\/es\/alquiler-lamborghini-barcelona\/","url":"https:\/\/www.drivemebarcelona.com\/es\/alquiler-lamborghini-barcelona\/","name":"Alquila un Lamborghini en Barcelona - Drive Me Barcelona","isPartOf":{"@id":"https:\/\/www.drivemebarcelona.com\/#website"},"datePublished":"2024-07-26T12:09:25+00:00","dateModified":"2025-07-28T14:56:37+00:00","description":"Alquila un Lamborghini y vive una experiencia \u00fanica. Siente la potencia y la exclusividad de conducir un \u00edcono del lujo.","breadcrumb":{"@id":"https:\/\/www.drivemebarcelona.com\/es\/alquiler-lamborghini-barcelona\/#breadcrumb"},"inLanguage":"es","potentialAction":[{"@type":"ReadAction","target":["https:\/\/www.drivemebarcelona.com\/es\/alquiler-lamborghini-barcelona\/"]}]},{"@type":"BreadcrumbList","@id":"https:\/\/www.drivemebarcelona.com\/es\/alquiler-lamborghini-barcelona\/#breadcrumb","itemListElement":[{"@type":"ListItem","position":1,"name":"Home","item":"https:\/\/www.drivemebarcelona.com\/es\/"},{"@type":"ListItem","position":2,"name":"Alquiler Lamborghini en Barcelona"}]},{"@type":"WebSite","@id":"https:\/\/www.drivemebarcelona.com\/#website","url":"https:\/\/www.drivemebarcelona.com\/","name":"Drive Me Barcelona","description":"Conduce un Ferrari en Barcelona","publisher":{"@id":"https:\/\/www.drivemebarcelona.com\/#organization"},"potentialAction":[{"@type":"SearchAction","target":{"@type":"EntryPoint","urlTemplate":"https:\/\/www.drivemebarcelona.com\/?s={search_term_string}"},"query-input":{"@type":"PropertyValueSpecification","valueRequired":true,"valueName":"search_term_string"}}],"inLanguage":"es"},{"@type":"Organization","@id":"https:\/\/www.drivemebarcelona.com\/#organization","name":"Drive Me Barcelona S.L.","url":"https:\/\/www.drivemebarcelona.com\/","logo":{"@type":"ImageObject","inLanguage":"es","@id":"https:\/\/www.drivemebarcelona.com\/#\/schema\/logo\/image\/","url":"https:\/\/www.drivemebarcelona.com\/wp-content\/uploads\/2015\/01\/LOGO-maintenance\u00ae.png","contentUrl":"https:\/\/www.drivemebarcelona.com\/wp-content\/uploads\/2015\/01\/LOGO-maintenance\u00ae.png","width":600,"height":145,"caption":"Drive Me Barcelona S.L."},"image":{"@id":"https:\/\/www.drivemebarcelona.com\/#\/schema\/logo\/image\/"},"sameAs":["https:\/\/www.facebook.com\/drivemebarcelona","https:\/\/x.com\/DriveMeBarcelon","https:\/\/instagram.com\/drivemebarcelona\/","https:\/\/es.pinterest.com\/drivemebarca\/","https:\/\/www.youtube.com\/channel\/UCTBEtyrPd6HQ-QlERO84rxQ"]}]}},"_links":{"self":[{"href":"https:\/\/www.drivemebarcelona.com\/es\/wp-json\/wp\/v2\/pages\/19798"}],"collection":[{"href":"https:\/\/www.drivemebarcelona.com\/es\/wp-json\/wp\/v2\/pages"}],"about":[{"href":"https:\/\/www.drivemebarcelona.com\/es\/wp-json\/wp\/v2\/types\/page"}],"author":[{"embeddable":true,"href":"https:\/\/www.drivemebarcelona.com\/es\/wp-json\/wp\/v2\/users\/2"}],"replies":[{"embeddable":true,"href":"https:\/\/www.drivemebarcelona.com\/es\/wp-json\/wp\/v2\/comments?post=19798"}],"version-history":[{"count":1,"href":"https:\/\/www.drivemebarcelona.com\/es\/wp-json\/wp\/v2\/pages\/19798\/revisions"}],"predecessor-version":[{"id":23654,"href":"https:\/\/www.drivemebarcelona.com\/es\/wp-json\/wp\/v2\/pages\/19798\/revisions\/23654"}],"wp:attachment":[{"href":"https:\/\/www.drivemebarcelona.com\/es\/wp-json\/wp\/v2\/media?parent=19798"}],"curies":[{"name":"wp","href":"https:\/\/api.w.org\/{rel}","templated":true}]}}