{"id":24603,"date":"2026-01-14T15:20:30","date_gmt":"2026-01-14T14:20:30","guid":{"rendered":"https:\/\/www.drivemebarcelona.com\/?page_id=24603"},"modified":"2026-01-26T12:23:25","modified_gmt":"2026-01-26T11:23:25","slug":"alquilar-ferrari-296-gts-barcelona","status":"publish","type":"page","link":"https:\/\/www.drivemebarcelona.com\/es\/alquilar-ferrari-296-gts-barcelona\/","title":{"rendered":"Alquilar Ferrari 296 GTS"},"content":{"rendered":"<div class=\"wpb-content-wrapper\">[vc_row full_width=\u00bbstretch_row_content_no_spaces\u00bb content_placement=\u00bbmiddle\u00bb el_class=\u00bb.header-product\u00bb css=\u00bb.vc_custom_1769424702559{background-image: url(https:\/\/www.drivemebarcelona.com\/wp-content\/uploads\/2026\/01\/Frame-203.png?id=24783) !important;background-position: center !important;background-repeat: no-repeat !important;background-size: cover !important;}\u00bb top_margin=\u00bb0&#8243;][vc_column][\/vc_column][\/vc_row][vc_row el_class=\u00bbcontainer-breadcrumbs\u00bb][vc_column][vc_raw_html el_id=\u00bbwpseo_breadcrumb\u00bb]JTVCd3BzZW9fYnJlYWRjcnVtYiU1RA==[\/vc_raw_html][\/vc_column][\/vc_row][vc_row el_class=\u00bb.m-intro mb-70-r\u00bb][vc_column css=\u00bb.vc_custom_1695721284395{margin-top: 5px !important;}\u00bb][vc_row_inner][vc_column_inner][vc_column_text css=\u00bb.vc_custom_1768399785360{margin-top: 6px !important;}\u00bb el_class=\u00bbmb-70&#8243;]\n<h1 style=\"text-align: center;\">Ferrari 296 GTS<\/h1>\n[\/vc_column_text][vc_column_text css=\u00bb.vc_custom_1768399801135{margin-top: 10px !important;margin-bottom: 20px !important;margin-left: -15px !important;}\u00bb el_class=\u00bbtitulares mb-20&#8243;]\n<p class=\"text-from\" style=\"text-align: center; font-weight: bold;\">2 h desde 942\u20ac<\/p>\n[\/vc_column_text][vc_column_text css=\u00bb\u00bb el_class=\u00bbcontainer-block\u00bb]\n<p style=\"text-align: center;\"><span style=\"font-weight: 400;\">Si est\u00e1s pensando en alquilar un coche de lujo en Barcelona y disfrutar de la emoci\u00f3n de conducir un Ferrari a cielo abierto, ponerte al volante de un Ferrari 296 GTS ser\u00e1 una experiencia inolvidable. Su potencia h\u00edbrida, su sonido envolvente y su elegante dise\u00f1o convierten cada kil\u00f3metro en una vivencia \u00fanica que recordar\u00e1s para siempre.<\/span><\/p>\n[\/vc_column_text][vc_btn title=\u00bbReservar ahora\u00bb style=\u00bbcustom\u00bb custom_background=\u00bb#e4231e\u00bb custom_text=\u00bb#ffffff\u00bb shape=\u00bbsquare\u00bb size=\u00bbxs\u00bb align=\u00bbcenter\u00bb css=\u00bb\u00bb el_class=\u00bbbtn-170&#8243; link=\u00bburl:%23reservation|title:%23reservation||\u00bb][\/vc_column_inner][\/vc_row_inner][\/vc_column][\/vc_row][vc_row full_width=\u00bbstretch_row\u00bb css=\u00bb.vc_custom_1696496711589{margin-bottom: 20px !important;background-color: #f5f5f5 !important;background-position: center !important;background-repeat: no-repeat !important;background-size: cover !important;}\u00bb el_class=\u00bb.section-bg .section-info\u00bb][vc_column][vc_row_inner css=\u00bb.vc_custom_1695721222959{padding-top: 20px !important;}\u00bb][vc_column_inner el_class=\u00bb.section-info-col\u00bb width=\u00bb1\/3&#8243; offset=\u00bbvc_col-xs-4&#8243;][vc_column_text el_class=\u00bb.check-bullet\u00bb]\n<h2 class=\"section-info-title\"><strong>Aceleraci\u00f3n<\/strong><\/h2>\n<p class=\"section-info-data\">2,9 seg<\/p>\n<p class=\"section-info-subdata\">0-100 km\/h<\/p>\n[\/vc_column_text][\/vc_column_inner][vc_column_inner el_class=\u00bb.section-info-col\u00bb width=\u00bb1\/3&#8243; offset=\u00bbvc_col-xs-4&#8243;][vc_column_text el_class=\u00bb.check-bullet\u00bb]\n<h2 class=\"section-info-title\"><strong>Potencia<\/strong><\/h2>\n<p class=\"section-info-data\">830 CV<\/p>\n<p class=\"section-info-subdata\">V6 Biturbo<\/p>\n[\/vc_column_text][\/vc_column_inner][vc_column_inner el_class=\u00bb.section-info-col\u00bb width=\u00bb1\/3&#8243; offset=\u00bbvc_col-xs-4&#8243;][vc_column_text css=\u00bb\u00bb el_class=\u00bb.check-bullet\u00bb]\n<h2 class=\"section-info-title\"><strong>Asientos<\/strong><\/h2>\n<p class=\"section-info-data\">2<\/p>\n<p class=\"section-info-subdata\">Semi-buckets<\/p>\n[\/vc_column_text][\/vc_column_inner][\/vc_row_inner][\/vc_column][\/vc_row][vc_row full_width=\u00bbstretch_row\u00bb equal_height=\u00bbyes\u00bb css=\u00bb.vc_custom_1696517822414{margin-top: 20px !important;}\u00bb][vc_column][vc_row_inner content_placement=\u00bbmiddle\u00bb][vc_column_inner width=\u00bb1\/2&#8243;][vc_single_image image=\u00bb24572&#8243; img_size=\u00bb550&#215;450&#8243; css=\u00bb\u00bb][\/vc_column_inner][vc_column_inner width=\u00bb1\/2&#8243; css=\u00bb.vc_custom_1696518857429{margin-top: -20px !important;}\u00bb][vc_column_text css=\u00bb\u00bb]\n<h2><strong>Un dise\u00f1o exterior distintivo<\/strong><\/h2>\n<p><span style=\"font-weight: 400;\">El Ferrari 296 GTS presenta un dise\u00f1o limpio, fluido y elegante, con curvas suaves y proporciones compactas que refuerzan su car\u00e1cter deportivo. Su techo r\u00edgido retr\u00e1ctil mantiene la pureza de las l\u00edneas tanto abierto como cerrado, combinando est\u00e9tica, aerodin\u00e1mica y presencia esc\u00e9nica con una identidad inconfundible.<\/span>[\/vc_column_text][\/vc_column_inner][\/vc_row_inner][vc_row_inner content_placement=\u00bbmiddle\u00bb][vc_column_inner width=\u00bb1\/2&#8243;][vc_single_image image=\u00bb24568&#8243; img_size=\u00bb550&#215;450&#8243; css=\u00bb\u00bb el_class=\u00bbhide_md_lg\u00bb][vc_column_text css=\u00bb.vc_custom_1768399927925{margin-top: -10px !important;}\u00bb]\n<h2><strong>Prestaciones de ensue\u00f1o<\/strong><\/h2>\n<p><span style=\"font-weight: 400;\">Impulsado por un sistema h\u00edbrido enchufable que combina un motor V6 biturbo de 3.0 litros con un motor el\u00e9ctrico, el 296 GTS entrega una potencia conjunta de 830 CV. Este rendimiento extraordinario le permite acelerar de 0 a 100 km\/h en solo 2,9 segundos y alcanzar una velocidad m\u00e1xima de 330 km\/h, ofreciendo una experiencia de alto nivel en cualquier situaci\u00f3n.<\/span>[\/vc_column_text][\/vc_column_inner][vc_column_inner width=\u00bb1\/2&#8243; offset=\u00bbvc_hidden-xs\u00bb][vc_single_image image=\u00bb24568&#8243; img_size=\u00bb550&#215;450&#8243; css=\u00bb\u00bb][\/vc_column_inner][\/vc_row_inner][vc_row_inner content_placement=\u00bbmiddle\u00bb][vc_column_inner width=\u00bb1\/2&#8243;][vc_single_image image=\u00bb24578&#8243; img_size=\u00bb550&#215;450&#8243; css=\u00bb\u00bb][\/vc_column_inner][vc_column_inner width=\u00bb1\/2&#8243; css=\u00bb.vc_custom_1696518960264{margin-top: -30px !important;}\u00bb][vc_column_text css=\u00bb.vc_custom_1768399977808{margin-top: -10px !important;}\u00bb]\n<h2><strong>Conducci\u00f3n precisa y emocionante<\/strong><\/h2>\n<p><span style=\"font-weight: 400;\">Con tracci\u00f3n trasera y una puesta a punto avanzada del chasis, el Ferrari 296 GTS ofrece una conducci\u00f3n \u00e1gil, precisa y extremadamente reactiva. La integraci\u00f3n entre motor t\u00e9rmico y el\u00e9ctrico garantiza una entrega de potencia inmediata, una aceleraci\u00f3n contundente y una estabilidad sobresaliente incluso en conducci\u00f3n deportiva.<\/span>[\/vc_column_text][\/vc_column_inner][\/vc_row_inner][vc_row_inner content_placement=\u00bbmiddle\u00bb][vc_column_inner width=\u00bb1\/2&#8243;][vc_single_image image=\u00bb24580&#8243; img_size=\u00bb550&#215;450&#8243; css=\u00bb\u00bb el_class=\u00bbhide_md_lg\u00bb][vc_column_text css=\u00bb\u00bb]\n<h2><strong>Interior envolvente<span style=\"font-weight: 400;\"><br \/>\n<\/span><\/strong><\/h2>\n<p><span style=\"font-weight: 400;\">El habit\u00e1culo del 296 GTS est\u00e1 orientado al conductor y combina deportividad con sofisticaci\u00f3n. Materiales premium, asientos deportivos y una disposici\u00f3n intuitiva de los mandos crean un entorno tecnol\u00f3gico y confortable que potencia la conexi\u00f3n entre el piloto y el veh\u00edculo en cada trayecto.<\/span>[\/vc_column_text][\/vc_column_inner][vc_column_inner width=\u00bb1\/2&#8243; offset=\u00bbvc_hidden-xs\u00bb][vc_single_image image=\u00bb24580&#8243; img_size=\u00bb550&#215;450&#8243; css=\u00bb\u00bb][\/vc_column_inner][\/vc_row_inner][\/vc_column][\/vc_row][vc_row full_width=\u00bbstretch_row\u00bb el_class=\u00bbrow-reservation mb-40&#8243;][vc_column css=\u00bb.vc_custom_1694588350287{padding-top: 35px !important;}\u00bb][vc_row_inner content_placement=\u00bbmiddle\u00bb el_id=\u00bbreservation\u00bb][vc_column_inner width=\u00bb1\/2&#8243;][vc_column_text css=\u00bb\u00bb]\n<div class=\"iframe-block\">\n<style>.iframe-block{width:300px;margin:0 auto;text-align:center}#rzd-modal .rzd-modal__close{padding:0 0 0 14px!important;border-radius:0 0 0 3px!important;height:30px!important;width:20px!important}<\/style>\n<p><script defer=\"\" type=\"text\/javascript\" src=\"https:\/\/drivemebarcelona.rezdy.com\/pluginJs\"><\/script><iframe loading=\"lazy\" class=\"rezdy\" src=\"https:\/\/drivemebarcelona.rezdy.com\/calendarWidget\/737523?iframe=true&amp;lang=es\" width=\"260px\" height=\"320px\" frameborder=\"0\" seamless=\"\"><\/iframe><\/p>\n<\/div>\n[\/vc_column_text][\/vc_column_inner][vc_column_inner width=\u00bb1\/2&#8243;][vc_column_text css=\u00bb.vc_custom_1768832059705{margin-top: -10px !important;}\u00bb]\n<h2><strong>Alquilar Ferrari 296 GTS<\/strong><\/h2>\n<p>Para reservar, selecciona tu fecha de alquiler para el <strong>Ferrari 296 GTS<\/strong>\u00a0en el calendario.<\/p>\n<div id=\"texto\">* Para alquilar tu Ferrari 296 GTS por horas o d\u00edas, debes tener al menos 26 a\u00f1os de edad y realizar un dep\u00f3sito de 7.000 \u20ac el d\u00eda del alquiler.<\/div>\n<div id=\"texto\">* En algunas promociones, el total de kil\u00f3metros incluidos puede variar. Consulta nuestros T\u00e9rminos y Condiciones para m\u00e1s informaci\u00f3n.<\/div>\n<div id=\"texto1\"><span style=\"color: #e4231e;\"><a style=\"color: #e4231e;\" href=\"#21\">Conduce un Ferrari 296 GTS desde 26 a\u00f1os y sin fianza<\/a><\/span><\/div>\n[\/vc_column_text][\/vc_column_inner][\/vc_row_inner][\/vc_column][\/vc_row][vc_row full_width=\u00bbstretch_row\u00bb equal_height=\u00bbyes\u00bb fullwidth=\u00bbyes\u00bb el_class=\u00bbslider-full mb-70-r\u00bb][vc_column css=\u00bb.vc_custom_1696495163931{margin-top: 50px !important;margin-bottom: 0px !important;}\u00bb el_class=\u00bb.text-center-md\u00bb][vc_masonry_media_grid element_width=\u00bb3&#8243; gap=\u00bb10&#8243; item=\u00bbmediaGrid_Default\u00bb css=\u00bb\u00bb initial_loading_animation=\u00bbfadeIn\u00bb grid_id=\u00bbvc_gid:1769424666869-66b64b7c-7c90-0&#8243; include=\u00bb24590,24586,24588,24584,24570,24582,24568,24572&#8243;][vc_btn title=\u00bbReservar ahora\u00bb style=\u00bbcustom\u00bb custom_background=\u00bb#e4231e\u00bb custom_text=\u00bb#ffffff\u00bb shape=\u00bbsquare\u00bb size=\u00bbxs\u00bb align=\u00bbcenter\u00bb css=\u00bb.vc_custom_1732624457186{margin-top: 30px !important;}\u00bb el_class=\u00bbbtn-170&#8243; link=\u00bburl:%23reservation|title:%23reservation||\u00bb][\/vc_column][\/vc_row][vc_row full_width=\u00bbstretch_row\u00bb css=\u00bb.vc_custom_1694588127651{margin-top: 22px !important;margin-bottom: 0px !important;background-color: #f5f5f5 !important;}\u00bb el_class=\u00bbpt-30&#8243;][vc_column css=\u00bb.vc_custom_1696520816978{padding-top: 22px !important;}\u00bb el_id=\u00bb21&#8243;][vc_column_text css=\u00bb\u00bb]\n<h2 style=\"text-align: center;\">Conduce un Superdeportivo en Barcelona<\/h2>\n[\/vc_column_text][vc_column_text css=\u00bb\u00bb]\n<p style=\"text-align: center;\">Elige uno de nuestros City Tours y descubre Barcelona al volante de un superdeportivo con un gu\u00eda experto a tu lado<\/p>\n[\/vc_column_text][vc_column_text css=\u00bb.vc_custom_1753713889301{margin-top: -20px !important;}\u00bb]\n<div id=\"texto4\" class=\"text-intro\" style=\"text-align: center;\"><span style=\"font-weight: 200; color: #000000;\">Conduce un superdeportivo desde 26 a\u00f1os y sin fianza.<\/span><\/div>\n[\/vc_column_text][\/vc_column][\/vc_row][vc_row full_width=\u00bbstretch_row\u00bb gap=\u00bb25&#8243; equal_height=\u00bbyes\u00bb el_class=\u00bb.section-experiences mb-70 pb-70-r\u00bb css=\u00bb.vc_custom_1696509765801{background-color: #f5f5f5 !important;}\u00bb][vc_column width=\u00bb1\/4&#8243; css=\u00bb.vc_custom_1706177412485{background-image: url(https:\/\/www.drivemebarcelona.com\/wp-content\/uploads\/2024\/01\/Miniatura-Test-Drive-10-mins-version-dark-v2.jpg?id=17106) !important;background-position: center !important;background-repeat: no-repeat !important;background-size: cover !important;}\u00bb el_class=\u00bbexperience-column experiencias-block-link\u00bb][vc_column_text]\n<h3 class=\"experience-title\">Test Drive<\/h3>\n<p class=\"experience-time\">10 minutos<\/p>\n<p class=\"experience-price\">desde 48 \u20ac<\/p>\n[\/vc_column_text][vc_raw_html]JTNDYSUyMGhyZWYlM0QlMjIlMkZlcyUyRnRlc3QtZHJpdmUtYmFyY2Vsb25hLXNwJTJGJTIyJTNFJTNDJTJGYSUzRQ==[\/vc_raw_html][\/vc_column][vc_column width=\u00bb1\/4&#8243; css=\u00bb.vc_custom_1695889399923{background-image: url(\/wp-content\/uploads\/2019\/08\/Barceloneta-experience.jpg?id=10346) !important;background-position: center !important;background-repeat: no-repeat !important;background-size: cover !important;}\u00bb el_class=\u00bbexperience-column experiencias-block-link\u00bb][vc_column_text]\n<h3 class=\"experience-title\">Barceloneta y la playa<\/h3>\n<p class=\"experience-time\">20 minutos<\/p>\n<p class=\"experience-price\">desde 98 \u20ac<\/p>\n[\/vc_column_text][vc_raw_html]JTNDYSUyMGhyZWYlM0QlMjIlMkZlcyUyRmJhcmNlbG9uZXRhLWxhLXBsYXlhJTJGJTIyJTNFJTNDJTJGYSUzRQ==[\/vc_raw_html][\/vc_column][vc_column width=\u00bb1\/4&#8243; css=\u00bb.vc_custom_1695889408715{background-image: url(\/wp-content\/uploads\/2019\/08\/Montjuic-experience.jpg?id=10348) !important;background-position: center !important;background-repeat: no-repeat !important;background-size: cover !important;}\u00bb el_class=\u00bbexperience-column experiencias-block-link\u00bb][vc_column_text]\n<h3 class=\"experience-titlev2\">Montjuic y Circuito urbano de F1<\/h3>\n<p class=\"experience-time\">40 minutos<\/p>\n<p class=\"experience-price\">desde 188 \u20ac<\/p>\n[\/vc_column_text][vc_raw_html]JTNDYSUyMGhyZWYlM0QlMjIlMkZlcyUyRm1vbnRqdWljLWNpcmN1aXRvLXVyYmFuby1mMSUyRiUyMiUzRSUzQyUyRmElM0U=[\/vc_raw_html][\/vc_column][vc_column width=\u00bb1\/4&#8243; css=\u00bb.vc_custom_1695889416933{background-image: url(\/wp-content\/uploads\/2019\/08\/Tibidabo-experience.jpg?id=10350) !important;background-position: center !important;background-repeat: no-repeat !important;background-size: cover !important;}\u00bb el_class=\u00bbexperience-column experiencias-block-link\u00bb][vc_column_text]\n<h3 class=\"experience-title\">Tibidabo y el Skyline<\/h3>\n<p class=\"experience-time\">90 minutos<\/p>\n<p class=\"experience-price\">desde 368 \u20ac<\/p>\n[\/vc_column_text][vc_raw_html]JTNDYSUyMGhyZWYlM0QlMjIlMkZlcyUyRnRpYmlkYWJvLXktc2t5bGluZSUyRiUyMiUzRSUzQyUyRmElM0U=[\/vc_raw_html][\/vc_column][\/vc_row][vc_row][vc_column][\/vc_column][\/vc_row]\n<\/div>","protected":false},"excerpt":{"rendered":"<p>[vc_row full_width=\u00bbstretch_row_content_no_spaces\u00bb content_placement=\u00bbmiddle\u00bb el_class=\u00bb.header-product\u00bb css=\u00bb.vc_custom_1769424702559{background-image: url(https:\/\/www.drivemebarcelona.com\/wp-content\/uploads\/2026\/01\/Frame-203.png?id=24783) !important;background-position: center !important;background-repeat: no-repeat !important;background-size: cover !important;}\u00bb top_margin=\u00bb0&#8243;][vc_column][\/vc_column][\/vc_row][vc_row el_class=\u00bbcontainer-breadcrumbs\u00bb][vc_column][vc_raw_html el_id=\u00bbwpseo_breadcrumb\u00bb]JTVCd3BzZW9fYnJlYWRjcnVtYiU1RA==[\/vc_raw_html][\/vc_column][\/vc_row][vc_row el_class=\u00bb.m-intro mb-70-r\u00bb][vc_column css=\u00bb.vc_custom_1695721284395{margin-top: 5px !important;}\u00bb][vc_row_inner][vc_column_inner][vc_column_text css=\u00bb.vc_custom_1768399785360{margin-top: 6px !important;}\u00bb el_class=\u00bbmb-70&#8243;] [&hellip;]<\/p>\n","protected":false},"author":25,"featured_media":24783,"parent":0,"menu_order":0,"comment_status":"closed","ping_status":"closed","template":"","meta":{"_acf_changed":false,"footnotes":""},"acf":[],"yoast_head":"<!-- This site is optimized with the Yoast SEO plugin v24.2 - https:\/\/yoast.com\/wordpress\/plugins\/seo\/ -->\n<title>Alquilar Ferrari 296 GTS - Drive Me Barcelona<\/title>\n<meta name=\"description\" content=\"Alquiler Ferrari 296 GTS en Barcelona desde 942\u20ac, por 2 horas hasta un mes, con experiencias de conducci\u00f3n personalizadas.\" \/>\n<meta name=\"robots\" content=\"index, follow, max-snippet:-1, max-image-preview:large, max-video-preview:-1\" \/>\n<link rel=\"canonical\" href=\"https:\/\/www.drivemebarcelona.com\/es\/alquilar-ferrari-296-gts-barcelona\/\" \/>\n<meta property=\"og:locale\" content=\"es_ES\" \/>\n<meta property=\"og:type\" content=\"article\" \/>\n<meta property=\"og:title\" content=\"Alquilar Ferrari 296 GTS - Drive Me Barcelona\" \/>\n<meta property=\"og:description\" content=\"Alquiler Ferrari 296 GTS en Barcelona desde 942\u20ac, por 2 horas hasta un mes, con experiencias de conducci\u00f3n personalizadas.\" \/>\n<meta property=\"og:url\" content=\"https:\/\/www.drivemebarcelona.com\/es\/alquilar-ferrari-296-gts-barcelona\/\" \/>\n<meta property=\"og:site_name\" content=\"Drive Me Barcelona\" \/>\n<meta property=\"article:publisher\" content=\"https:\/\/www.facebook.com\/drivemebarcelona\" \/>\n<meta property=\"article:modified_time\" content=\"2026-01-26T11:23:25+00:00\" \/>\n<meta property=\"og:image\" content=\"https:\/\/www.drivemebarcelona.com\/wp-content\/uploads\/2026\/01\/Frame-203-1024x512.png\" \/>\n\t<meta property=\"og:image:width\" content=\"1024\" \/>\n\t<meta property=\"og:image:height\" content=\"512\" \/>\n\t<meta property=\"og:image:type\" content=\"image\/png\" \/>\n<script type=\"application\/ld+json\" class=\"yoast-schema-graph\">{\"@context\":\"https:\/\/schema.org\",\"@graph\":[{\"@type\":\"WebPage\",\"@id\":\"https:\/\/www.drivemebarcelona.com\/es\/alquilar-ferrari-296-gts-barcelona\/\",\"url\":\"https:\/\/www.drivemebarcelona.com\/es\/alquilar-ferrari-296-gts-barcelona\/\",\"name\":\"Alquilar Ferrari 296 GTS - Drive Me Barcelona\",\"isPartOf\":{\"@id\":\"https:\/\/www.drivemebarcelona.com\/#website\"},\"primaryImageOfPage\":{\"@id\":\"https:\/\/www.drivemebarcelona.com\/es\/alquilar-ferrari-296-gts-barcelona\/#primaryimage\"},\"image\":{\"@id\":\"https:\/\/www.drivemebarcelona.com\/es\/alquilar-ferrari-296-gts-barcelona\/#primaryimage\"},\"thumbnailUrl\":\"https:\/\/www.drivemebarcelona.com\/wp-content\/uploads\/2026\/01\/Frame-203.png\",\"datePublished\":\"2026-01-14T14:20:30+00:00\",\"dateModified\":\"2026-01-26T11:23:25+00:00\",\"description\":\"Alquiler Ferrari 296 GTS en Barcelona desde 942\u20ac, por 2 horas hasta un mes, con experiencias de conducci\u00f3n personalizadas.\",\"breadcrumb\":{\"@id\":\"https:\/\/www.drivemebarcelona.com\/es\/alquilar-ferrari-296-gts-barcelona\/#breadcrumb\"},\"inLanguage\":\"es\",\"potentialAction\":[{\"@type\":\"ReadAction\",\"target\":[\"https:\/\/www.drivemebarcelona.com\/es\/alquilar-ferrari-296-gts-barcelona\/\"]}]},{\"@type\":\"ImageObject\",\"inLanguage\":\"es\",\"@id\":\"https:\/\/www.drivemebarcelona.com\/es\/alquilar-ferrari-296-gts-barcelona\/#primaryimage\",\"url\":\"https:\/\/www.drivemebarcelona.com\/wp-content\/uploads\/2026\/01\/Frame-203.png\",\"contentUrl\":\"https:\/\/www.drivemebarcelona.com\/wp-content\/uploads\/2026\/01\/Frame-203.png\",\"width\":5200,\"height\":2600,\"caption\":\"Ferrari-296-GTS\"},{\"@type\":\"BreadcrumbList\",\"@id\":\"https:\/\/www.drivemebarcelona.com\/es\/alquilar-ferrari-296-gts-barcelona\/#breadcrumb\",\"itemListElement\":[{\"@type\":\"ListItem\",\"position\":1,\"name\":\"Home\",\"item\":\"https:\/\/www.drivemebarcelona.com\/es\/\"},{\"@type\":\"ListItem\",\"position\":2,\"name\":\"Alquilar Ferrari 296 GTS\"}]},{\"@type\":\"WebSite\",\"@id\":\"https:\/\/www.drivemebarcelona.com\/#website\",\"url\":\"https:\/\/www.drivemebarcelona.com\/\",\"name\":\"Drive Me Barcelona\",\"description\":\"Conduce un Ferrari en Barcelona\",\"publisher\":{\"@id\":\"https:\/\/www.drivemebarcelona.com\/#organization\"},\"potentialAction\":[{\"@type\":\"SearchAction\",\"target\":{\"@type\":\"EntryPoint\",\"urlTemplate\":\"https:\/\/www.drivemebarcelona.com\/?s={search_term_string}\"},\"query-input\":{\"@type\":\"PropertyValueSpecification\",\"valueRequired\":true,\"valueName\":\"search_term_string\"}}],\"inLanguage\":\"es\"},{\"@type\":\"Organization\",\"@id\":\"https:\/\/www.drivemebarcelona.com\/#organization\",\"name\":\"Drive Me Barcelona S.L.\",\"url\":\"https:\/\/www.drivemebarcelona.com\/\",\"logo\":{\"@type\":\"ImageObject\",\"inLanguage\":\"es\",\"@id\":\"https:\/\/www.drivemebarcelona.com\/#\/schema\/logo\/image\/\",\"url\":\"https:\/\/www.drivemebarcelona.com\/wp-content\/uploads\/2015\/01\/LOGO-maintenance\u00ae.png\",\"contentUrl\":\"https:\/\/www.drivemebarcelona.com\/wp-content\/uploads\/2015\/01\/LOGO-maintenance\u00ae.png\",\"width\":600,\"height\":145,\"caption\":\"Drive Me Barcelona S.L.\"},\"image\":{\"@id\":\"https:\/\/www.drivemebarcelona.com\/#\/schema\/logo\/image\/\"},\"sameAs\":[\"https:\/\/www.facebook.com\/drivemebarcelona\",\"https:\/\/x.com\/DriveMeBarcelon\",\"https:\/\/instagram.com\/drivemebarcelona\/\",\"https:\/\/es.pinterest.com\/drivemebarca\/\",\"https:\/\/www.youtube.com\/channel\/UCTBEtyrPd6HQ-QlERO84rxQ\"]}]}<\/script>\n<!-- \/ Yoast SEO plugin. -->","yoast_head_json":{"title":"Alquilar Ferrari 296 GTS - Drive Me Barcelona","description":"Alquiler Ferrari 296 GTS en Barcelona desde 942\u20ac, por 2 horas hasta un mes, con experiencias de conducci\u00f3n personalizadas.","robots":{"index":"index","follow":"follow","max-snippet":"max-snippet:-1","max-image-preview":"max-image-preview:large","max-video-preview":"max-video-preview:-1"},"canonical":"https:\/\/www.drivemebarcelona.com\/es\/alquilar-ferrari-296-gts-barcelona\/","og_locale":"es_ES","og_type":"article","og_title":"Alquilar Ferrari 296 GTS - Drive Me Barcelona","og_description":"Alquiler Ferrari 296 GTS en Barcelona desde 942\u20ac, por 2 horas hasta un mes, con experiencias de conducci\u00f3n personalizadas.","og_url":"https:\/\/www.drivemebarcelona.com\/es\/alquilar-ferrari-296-gts-barcelona\/","og_site_name":"Drive Me Barcelona","article_publisher":"https:\/\/www.facebook.com\/drivemebarcelona","article_modified_time":"2026-01-26T11:23:25+00:00","og_image":[{"width":1024,"height":512,"url":"https:\/\/www.drivemebarcelona.com\/wp-content\/uploads\/2026\/01\/Frame-203-1024x512.png","type":"image\/png"}],"schema":{"@context":"https:\/\/schema.org","@graph":[{"@type":"WebPage","@id":"https:\/\/www.drivemebarcelona.com\/es\/alquilar-ferrari-296-gts-barcelona\/","url":"https:\/\/www.drivemebarcelona.com\/es\/alquilar-ferrari-296-gts-barcelona\/","name":"Alquilar Ferrari 296 GTS - Drive Me Barcelona","isPartOf":{"@id":"https:\/\/www.drivemebarcelona.com\/#website"},"primaryImageOfPage":{"@id":"https:\/\/www.drivemebarcelona.com\/es\/alquilar-ferrari-296-gts-barcelona\/#primaryimage"},"image":{"@id":"https:\/\/www.drivemebarcelona.com\/es\/alquilar-ferrari-296-gts-barcelona\/#primaryimage"},"thumbnailUrl":"https:\/\/www.drivemebarcelona.com\/wp-content\/uploads\/2026\/01\/Frame-203.png","datePublished":"2026-01-14T14:20:30+00:00","dateModified":"2026-01-26T11:23:25+00:00","description":"Alquiler Ferrari 296 GTS en Barcelona desde 942\u20ac, por 2 horas hasta un mes, con experiencias de conducci\u00f3n personalizadas.","breadcrumb":{"@id":"https:\/\/www.drivemebarcelona.com\/es\/alquilar-ferrari-296-gts-barcelona\/#breadcrumb"},"inLanguage":"es","potentialAction":[{"@type":"ReadAction","target":["https:\/\/www.drivemebarcelona.com\/es\/alquilar-ferrari-296-gts-barcelona\/"]}]},{"@type":"ImageObject","inLanguage":"es","@id":"https:\/\/www.drivemebarcelona.com\/es\/alquilar-ferrari-296-gts-barcelona\/#primaryimage","url":"https:\/\/www.drivemebarcelona.com\/wp-content\/uploads\/2026\/01\/Frame-203.png","contentUrl":"https:\/\/www.drivemebarcelona.com\/wp-content\/uploads\/2026\/01\/Frame-203.png","width":5200,"height":2600,"caption":"Ferrari-296-GTS"},{"@type":"BreadcrumbList","@id":"https:\/\/www.drivemebarcelona.com\/es\/alquilar-ferrari-296-gts-barcelona\/#breadcrumb","itemListElement":[{"@type":"ListItem","position":1,"name":"Home","item":"https:\/\/www.drivemebarcelona.com\/es\/"},{"@type":"ListItem","position":2,"name":"Alquilar Ferrari 296 GTS"}]},{"@type":"WebSite","@id":"https:\/\/www.drivemebarcelona.com\/#website","url":"https:\/\/www.drivemebarcelona.com\/","name":"Drive Me Barcelona","description":"Conduce un Ferrari en Barcelona","publisher":{"@id":"https:\/\/www.drivemebarcelona.com\/#organization"},"potentialAction":[{"@type":"SearchAction","target":{"@type":"EntryPoint","urlTemplate":"https:\/\/www.drivemebarcelona.com\/?s={search_term_string}"},"query-input":{"@type":"PropertyValueSpecification","valueRequired":true,"valueName":"search_term_string"}}],"inLanguage":"es"},{"@type":"Organization","@id":"https:\/\/www.drivemebarcelona.com\/#organization","name":"Drive Me Barcelona S.L.","url":"https:\/\/www.drivemebarcelona.com\/","logo":{"@type":"ImageObject","inLanguage":"es","@id":"https:\/\/www.drivemebarcelona.com\/#\/schema\/logo\/image\/","url":"https:\/\/www.drivemebarcelona.com\/wp-content\/uploads\/2015\/01\/LOGO-maintenance\u00ae.png","contentUrl":"https:\/\/www.drivemebarcelona.com\/wp-content\/uploads\/2015\/01\/LOGO-maintenance\u00ae.png","width":600,"height":145,"caption":"Drive Me Barcelona S.L."},"image":{"@id":"https:\/\/www.drivemebarcelona.com\/#\/schema\/logo\/image\/"},"sameAs":["https:\/\/www.facebook.com\/drivemebarcelona","https:\/\/x.com\/DriveMeBarcelon","https:\/\/instagram.com\/drivemebarcelona\/","https:\/\/es.pinterest.com\/drivemebarca\/","https:\/\/www.youtube.com\/channel\/UCTBEtyrPd6HQ-QlERO84rxQ"]}]}},"_links":{"self":[{"href":"https:\/\/www.drivemebarcelona.com\/es\/wp-json\/wp\/v2\/pages\/24603"}],"collection":[{"href":"https:\/\/www.drivemebarcelona.com\/es\/wp-json\/wp\/v2\/pages"}],"about":[{"href":"https:\/\/www.drivemebarcelona.com\/es\/wp-json\/wp\/v2\/types\/page"}],"author":[{"embeddable":true,"href":"https:\/\/www.drivemebarcelona.com\/es\/wp-json\/wp\/v2\/users\/25"}],"replies":[{"embeddable":true,"href":"https:\/\/www.drivemebarcelona.com\/es\/wp-json\/wp\/v2\/comments?post=24603"}],"version-history":[{"count":3,"href":"https:\/\/www.drivemebarcelona.com\/es\/wp-json\/wp\/v2\/pages\/24603\/revisions"}],"predecessor-version":[{"id":24785,"href":"https:\/\/www.drivemebarcelona.com\/es\/wp-json\/wp\/v2\/pages\/24603\/revisions\/24785"}],"wp:featuredmedia":[{"embeddable":true,"href":"https:\/\/www.drivemebarcelona.com\/es\/wp-json\/wp\/v2\/media\/24783"}],"wp:attachment":[{"href":"https:\/\/www.drivemebarcelona.com\/es\/wp-json\/wp\/v2\/media?parent=24603"}],"curies":[{"name":"wp","href":"https:\/\/api.w.org\/{rel}","templated":true}]}}